{"id":18105,"date":"2014-10-06T13:42:37","date_gmt":"2014-10-06T13:42:37","guid":{"rendered":"https:\/\/docmarket-dz.com\/cart\/"},"modified":"2022-12-14T16:57:36","modified_gmt":"2022-12-14T15:57:36","slug":"cart-3","status":"publish","type":"page","link":"https:\/\/docmarket-dz.com\/index.php\/cart-3\/","title":{"rendered":"Panier"},"content":{"rendered":"<p>[vc_row][vc_column][\/vc_column][\/vc_row]<\/p>\n","protected":false},"excerpt":{"rendered":"<p>[vc_row][vc_column][\/vc_column][\/vc_row]<\/p>\n","protected":false},"author":1,"featured_media":0,"parent":0,"menu_order":0,"comment_status":"closed","ping_status":"open","template":"","meta":{"content-type":"","om_disable_all_campaigns":false,"_uf_show_specific_survey":0,"_uf_disable_surveys":false,"footnotes":""},"class_list":["post-18105","page","type-page","status-publish","hentry"],"aioseo_notices":[],"_hostinger_reach_plugin_has_subscription_block":false,"_hostinger_reach_plugin_is_elementor":false,"jetpack-related-posts":[{"id":6,"url":"https:\/\/docmarket-dz.com\/index.php\/cart\/","url_meta":{"origin":18105,"position":0},"title":"Panier","author":"falek.h","date":"23\/09\/2022","format":false,"excerpt":"","rel":"","context":"Article similaire","block_context":{"text":"Article similaire","link":""},"img":{"alt_text":"","src":"","width":0,"height":0},"classes":[]},{"id":52,"url":"https:\/\/docmarket-dz.com\/index.php\/cart-2\/","url_meta":{"origin":18105,"position":1},"title":"Panier","author":"falek.h","date":"06\/10\/2014","format":false,"excerpt":"[vc_row][vc_column][\/vc_column][\/vc_row]","rel":"","context":"Article similaire","block_context":{"text":"Article similaire","link":""},"img":{"alt_text":"","src":"","width":0,"height":0},"classes":[]},{"id":19485,"url":"https:\/\/docmarket-dz.com\/index.php\/terms-and-conditions-4\/","url_meta":{"origin":18105,"position":2},"title":"Termes et conditions","author":"falek.h","date":"31\/08\/2020","format":false,"excerpt":"Politique de confidentialit\u00e9 de Doc Market La pr\u00e9sente Politique de confidentialit\u00e9 d\u00e9crit la fa\u00e7on dont vos informations personnelles sont recueillies, utilis\u00e9es et partag\u00e9es lorsque vous vous rendez sur docmarket-dz.com (le \u00ab\u00a0Site\u00a0\u00bb) ou que vous y effectuez un achat. INFORMATIONS PERSONNELLES RECUEILLIES Lorsque vous vous rendez sur le Site, nous recueillons\u2026","rel":"","context":"Article similaire","block_context":{"text":"Article similaire","link":""},"img":{"alt_text":"","src":"","width":0,"height":0},"classes":[]}],"jetpack_sharing_enabled":true,"_links":{"self":[{"href":"https:\/\/docmarket-dz.com\/index.php\/wp-json\/wp\/v2\/pages\/18105","targetHints":{"allow":["GET"]}}],"collection":[{"href":"https:\/\/docmarket-dz.com\/index.php\/wp-json\/wp\/v2\/pages"}],"about":[{"href":"https:\/\/docmarket-dz.com\/index.php\/wp-json\/wp\/v2\/types\/page"}],"author":[{"embeddable":true,"href":"https:\/\/docmarket-dz.com\/index.php\/wp-json\/wp\/v2\/users\/1"}],"replies":[{"embeddable":true,"href":"https:\/\/docmarket-dz.com\/index.php\/wp-json\/wp\/v2\/comments?post=18105"}],"version-history":[{"count":0,"href":"https:\/\/docmarket-dz.com\/index.php\/wp-json\/wp\/v2\/pages\/18105\/revisions"}],"wp:attachment":[{"href":"https:\/\/docmarket-dz.com\/index.php\/wp-json\/wp\/v2\/media?parent=18105"}],"curies":[{"name":"wp","href":"https:\/\/api.w.org\/{rel}","templated":true}]}}