{"id":18136,"date":"2020-08-31T11:13:20","date_gmt":"2020-08-31T04:13:20","guid":{"rendered":"https:\/\/docmarket-dz.com\/?page_id=17037"},"modified":"2023-08-23T10:29:55","modified_gmt":"2023-08-23T09:29:55","slug":"delivery","status":"publish","type":"page","link":"https:\/\/docmarket-dz.com\/index.php\/delivery\/","title":{"rendered":"Politique de livraison"},"content":{"rendered":"<p>[vc_row content_placement=&#8221;middle&#8221;][vc_column width=&#8221;1\/2&#8243;][vc_column_text]<\/p>\n<h3><span class=\"corrected-phrase corrected-phrase_synonyms-mode ng-star-inserted\" data-end=\"2\" data-originaltext=\"Doc\" data-start=\"0\" data-text=\"\"><span class=\"corrected-phrase__displayed-text corrected-phrase__displayed-text_no-correction corrected-phrase__displayed-text_synonyms-mode ng-star-inserted\">Doc<\/span><\/span> <span class=\"corrected-phrase corrected-phrase_synonyms-mode ng-star-inserted\" data-end=\"9\" data-originaltext=\"Market\" data-start=\"4\" data-text=\"\"><span class=\"corrected-phrase__displayed-text corrected-phrase__displayed-text_no-correction corrected-phrase__displayed-text_synonyms-mode ng-star-inserted\">Market<\/span><\/span> <span class=\"corrected-phrase corrected-phrase_synonyms-mode ng-star-inserted\" data-end=\"21\" data-originaltext=\"sous-traite\" data-start=\"11\" data-text=\"\"><span class=\"corrected-phrase__displayed-text corrected-phrase__displayed-text_no-correction corrected-phrase__displayed-text_synonyms-mode ng-star-inserted\">sous<\/span><span class=\"corrected-phrase__displayed-text corrected-phrase__displayed-text_no-correction ng-star-inserted\">&#8211;<\/span><span class=\"corrected-phrase__displayed-text corrected-phrase__displayed-text_no-correction corrected-phrase__displayed-text_synonyms-mode ng-star-inserted\">traite<\/span><\/span> <span class=\"corrected-phrase corrected-phrase_synonyms-mode ng-star-inserted\" data-end=\"24\" data-originaltext=\"la\" data-start=\"23\" data-text=\"\"><span class=\"corrected-phrase__displayed-text corrected-phrase__displayed-text_no-correction corrected-phrase__displayed-text_synonyms-mode ng-star-inserted\">la<\/span><\/span> <span class=\"corrected-phrase corrected-phrase_synonyms-mode ng-star-inserted\" data-end=\"34\" data-originaltext=\"livraison\" data-start=\"26\" data-text=\"\"><span class=\"corrected-phrase__displayed-text corrected-phrase__displayed-text_no-correction corrected-phrase__displayed-text_synonyms-mode ng-star-inserted\">livraison<\/span><\/span> <span class=\"corrected-phrase corrected-phrase_synonyms-mode ng-star-inserted\" data-end=\"37\" data-originaltext=\"de\" data-start=\"36\" data-text=\"\"><span class=\"corrected-phrase__displayed-text corrected-phrase__displayed-text_no-correction corrected-phrase__displayed-text_synonyms-mode ng-star-inserted\">de<\/span><\/span> <span class=\"corrected-phrase corrected-phrase_synonyms-mode ng-star-inserted\" data-end=\"41\" data-originaltext=\"ses\" data-start=\"39\" data-text=\"\"><span class=\"corrected-phrase__displayed-text corrected-phrase__displayed-text_no-correction corrected-phrase__displayed-text_synonyms-mode ng-star-inserted\">ses<\/span><\/span> <span class=\"corrected-phrase corrected-phrase_synonyms-mode ng-star-inserted\" data-end=\"46\" data-originaltext=\"clis\" data-start=\"43\" data-text=\"\"><span class=\"corrected-phrase__displayed-text corrected-phrase__displayed-text_no-correction corrected-phrase__displayed-text_synonyms-mode ng-star-inserted\">colis<\/span><\/span> <span class=\"corrected-phrase corrected-phrase_synonyms-mode ng-star-inserted\" data-end=\"48\" data-originaltext=\"a\" data-start=\"48\" data-text=\"\"><span class=\"corrected-phrase__displayed-text corrected-phrase__displayed-text_no-correction corrected-phrase__displayed-text_synonyms-mode ng-star-inserted\">a<\/span><\/span> <span class=\"corrected-phrase corrected-phrase_synonyms-mode ng-star-inserted\" data-end=\"52\" data-originaltext=\"des\" data-start=\"50\" data-text=\"\"><span class=\"corrected-phrase__displayed-text corrected-phrase__displayed-text_no-correction corrected-phrase__displayed-text_synonyms-mode ng-star-inserted\">des<\/span><\/span> <span class=\"corrected-phrase ng-star-inserted\" data-end=\"61\" data-originaltext=\"societes\" data-start=\"54\" data-text=\"soci\u00e9t\u00e9s\"><span class=\"corrected-phrase__displayed-text corrected-phrase__displayed-text_bubbled\" data-group=\"AutoCorrected\" data-suggestions=\"1\" data-type=\"Spelling\">soci\u00e9t\u00e9s<\/span><\/span> <span class=\"corrected-phrase ng-star-inserted\" data-end=\"74\" data-originaltext=\"specialis\u00e9es\" data-start=\"63\" data-text=\"sp\u00e9cialis\u00e9es\"><span class=\"corrected-phrase__displayed-text corrected-phrase__displayed-text_bubbled\" data-group=\"AutoCorrected\" data-suggestions=\"1\" data-type=\"Spelling\">sp\u00e9cialis\u00e9es<\/span><\/span> <span class=\"corrected-phrase corrected-phrase_synonyms-mode ng-star-inserted\" data-end=\"81\" data-originaltext=\"telles\" data-start=\"76\" data-text=\"\"><span class=\"corrected-phrase__displayed-text corrected-phrase__displayed-text_no-correction corrected-phrase__displayed-text_synonyms-mode ng-star-inserted\">telles<\/span><\/span> <span class=\"corrected-phrase corrected-phrase_synonyms-mode ng-star-inserted\" data-end=\"85\" data-originaltext=\"que\" data-start=\"83\" data-text=\"\"><span class=\"corrected-phrase__displayed-text corrected-phrase__displayed-text_no-correction corrected-phrase__displayed-text_synonyms-mode ng-star-inserted\">que<\/span><\/span>\u00a0<span class=\"corrected-phrase ng-star-inserted\" data-end=\"103\" data-originaltext=\"Coyotte\" data-start=\"97\" data-text=\"Coyote\"><span class=\"corrected-phrase__displayed-text corrected-phrase__displayed-text_bubbled\" data-group=\"AutoCorrected\" data-suggestions=\"1\" data-type=\"Spelling\">Coyote, N<\/span><\/span><span class=\"corrected-phrase corrected-phrase_synonyms-mode ng-star-inserted\" data-end=\"111\" data-originaltext=\"Nord\" data-start=\"108\" data-text=\"\"><span class=\"corrected-phrase__displayed-text corrected-phrase__displayed-text_no-correction corrected-phrase__displayed-text_synonyms-mode ng-star-inserted\">ord<\/span><\/span> <span class=\"corrected-phrase corrected-phrase_synonyms-mode ng-star-inserted\" data-end=\"114\" data-originaltext=\"et\" data-start=\"113\" data-text=\"\"><span class=\"corrected-phrase__displayed-text corrected-phrase__displayed-text_no-correction corrected-phrase__displayed-text_synonyms-mode ng-star-inserted\">et<\/span><\/span> <span class=\"corrected-phrase corrected-phrase_synonyms-mode ng-star-inserted\" data-end=\"120\" data-originaltext=\"Ouest\" data-start=\"116\" data-text=\"\"><span class=\"corrected-phrase__displayed-text corrected-phrase__displayed-text_no-correction corrected-phrase__displayed-text_synonyms-mode ng-star-inserted\">Ouest, &#8230;<\/span><\/span><\/h3>\n<p>[\/vc_column_text][\/vc_column][vc_column width=&#8221;1\/2&#8243;][vc_single_image image=&#8221;22700&#8243; img_size=&#8221;large&#8221;][\/vc_column][\/vc_row]<\/p>\n","protected":false},"excerpt":{"rendered":"<p>[vc_row content_placement=&#8221;middle&#8221;][vc_column width=&#8221;1\/2&#8243;][vc_column_text] Doc Market sous&#8211;traite la livraison de ses colis a des soci\u00e9t\u00e9s sp\u00e9cialis\u00e9es telles que\u00a0Coyote, Nord et Ouest, &#8230; [\/vc_column_text][\/vc_column][vc_column width=&#8221;1\/2&#8243;][vc_single_image image=&#8221;22700&#8243; img_size=&#8221;large&#8221;][\/vc_column][\/vc_row]<\/p>\n","protected":false},"author":1,"featured_media":0,"parent":0,"menu_order":0,"comment_status":"closed","ping_status":"closed","template":"","meta":{"content-type":"","om_disable_all_campaigns":false,"_uf_show_specific_survey":0,"_uf_disable_surveys":false,"footnotes":""},"class_list":["post-18136","page","type-page","status-publish","hentry"],"aioseo_notices":[],"_hostinger_reach_plugin_has_subscription_block":false,"_hostinger_reach_plugin_is_elementor":false,"jetpack-related-posts":[{"id":18125,"url":"https:\/\/docmarket-dz.com\/index.php\/about-us-2\/","url_meta":{"origin":18136,"position":0},"title":"A propos de nous","author":"falek.h","date":"20\/06\/2015","format":false,"excerpt":"[vc_row content_placement=\"middle\" gap=\"0\" css=\".vc_custom_1601460591815{margin-top: -20px !important;margin-bottom: 50px !important;background: #f0f2f5 url(https:\/\/docmarket-dz.com\/wp-content\/uploads\/2020\/08\/gray-rounds-1.png?id=16781) !important;background-position: 0 0 !important;background-repeat: no-repeat !important;}\" el_class=\"bg-right banner-radius\"][vc_column width=\"1\/2\" css=\".vc_custom_1599461313455{padding-top: 30px !important;padding-bottom: 30px !important;padding-left: 5% !important;}\"][vc_column_text css=\".vc_custom_1667553699795{margin-bottom: 0px !important;}\"] Doc Market est une entreprise de vente en ligne\u00a0sp\u00e9cialis\u00e9e dans les dispositifs m\u00e9dicaux et consommables pour\u00a0les m\u00e9decins, les dentistes et les\u2026","rel":"","context":"Article similaire","block_context":{"text":"Article similaire","link":""},"img":{"alt_text":"","src":"https:\/\/i0.wp.com\/docmarket-dz.com\/wp-content\/uploads\/2020\/09\/truck-1.png?resize=350%2C200&ssl=1","width":350,"height":200},"classes":[]},{"id":15598,"url":"https:\/\/docmarket-dz.com\/","url_meta":{"origin":18136,"position":1},"title":"DocMarket","author":"falek.h","date":"08\/01\/2020","format":false,"excerpt":"[vc_row full_width=\"stretch_row_content_no_spaces\" full_height=\"yes\" columns_placement=\"top\" css=\".vc_custom_1664015042953{margin-top: -21px !important;}\"][vc_column][\/vc_column][\/vc_row][vc_row][vc_column offset=\"vc_hidden-md vc_hidden-sm vc_hidden-xs\"][\/vc_column][\/vc_row][vc_row full_width=\"stretch_row\" content_placement=\"middle\" css_animation=\"fadeIn\" css=\".vc_custom_1668889988653{margin-bottom: 30px !important;}\"][vc_column][vc_empty_space height=\"15px\"][\/vc_column][\/vc_row][vc_row][vc_column offset=\"vc_hidden-md vc_hidden-sm vc_hidden-xs\"][vc_empty_space height=\"20px\"][\/vc_column][\/vc_row][vc_row css_animation=\"fadeIn\" css=\".vc_custom_1599194585668{margin-bottom: 40px !important;}\"][vc_column width=\"1\/3\"][vc_empty_space height=\"10px\"][\/vc_column][vc_column width=\"1\/3\"][vc_empty_space height=\"10px\"][\/vc_column][vc_column width=\"1\/3\"][vc_empty_space height=\"10px\"][\/vc_column][\/vc_row][vc_row css_animation=\"fadeIn\" css=\".vc_custom_1599194594293{margin-bottom: 50px !important;}\"][vc_column][\/vc_column][\/vc_row][vc_row css_animation=\"fadeIn\" css=\".vc_custom_1599194554925{margin-bottom: 50px !important;}\"][vc_column][\/vc_column][\/vc_row][vc_row css_animation=\"fadeIn\" css=\".vc_custom_1599194585668{margin-bottom: 40px !important;}\"][vc_column][vc_empty_space height=\"10px\"][\/vc_column][\/vc_row][vc_row content_placement=\"middle\" css_animation=\"fadeIn\" css=\".vc_custom_1599194562252{margin-right: 0px !important;margin-bottom: 50px\u2026","rel":"","context":"Article similaire","block_context":{"text":"Article similaire","link":""},"img":{"alt_text":"","src":"https:\/\/i0.wp.com\/docmarket-dz.com\/wp-content\/uploads\/2022\/10\/3d-mockup.jpg?fit=1200%2C900&ssl=1&resize=350%2C200","width":350,"height":200,"srcset":"https:\/\/i0.wp.com\/docmarket-dz.com\/wp-content\/uploads\/2022\/10\/3d-mockup.jpg?fit=1200%2C900&ssl=1&resize=350%2C200 1x, https:\/\/i0.wp.com\/docmarket-dz.com\/wp-content\/uploads\/2022\/10\/3d-mockup.jpg?fit=1200%2C900&ssl=1&resize=525%2C300 1.5x, https:\/\/i0.wp.com\/docmarket-dz.com\/wp-content\/uploads\/2022\/10\/3d-mockup.jpg?fit=1200%2C900&ssl=1&resize=700%2C400 2x, https:\/\/i0.wp.com\/docmarket-dz.com\/wp-content\/uploads\/2022\/10\/3d-mockup.jpg?fit=1200%2C900&ssl=1&resize=1050%2C600 3x"},"classes":[]},{"id":19467,"url":"https:\/\/docmarket-dz.com\/index.php\/contact-us-4\/","url_meta":{"origin":18136,"position":2},"title":"Contactez-nous","author":"falek.h","date":"03\/02\/2015","format":false,"excerpt":"[vc_row css=\".vc_custom_1597046980214{margin-bottom: 50px !important;}\"][vc_column offset=\"vc_col-lg-4 vc_col-md-4\"][vc_custom_heading text=\"Comment pouvons-nous vous aider?\" use_theme_fonts=\"yes\" el_class=\"h1-big\"][vc_column_text css=\".vc_custom_1667547341713{margin-bottom: 25px !important;}\"]Nous sommes \u00e0 votre disposition 7 jours sur 7 ![\/vc_column_text][vc_row_inner][vc_column_inner offset=\"vc_hidden-md vc_hidden-sm vc_hidden-xs\"][vc_empty_space height=\"15px\"][\/vc_column_inner][\/vc_row_inner][vc_separator color=\"custom\" align=\"align_left\" el_width=\"90\" accent_color=\"#e7eaf1\"][vc_row_inner][vc_column_inner offset=\"vc_hidden-md vc_hidden-sm vc_hidden-xs\"][vc_empty_space height=\"15px\"][\/vc_column_inner][\/vc_row_inner][vc_column_text css=\".vc_custom_1667546934733{margin-top: 25px !important;margin-bottom: 30px !important;}\"] 0772 34 13 12 Dimanche- Jeudi: 9:00-17:00 contact@docmarket-dz.com[\/vc_column_text][vc_row_inner][vc_column_inner offset=\"vc_hidden-md\u2026","rel":"","context":"Article similaire","block_context":{"text":"Article similaire","link":""},"img":{"alt_text":"","src":"","width":0,"height":0},"classes":[]},{"id":19485,"url":"https:\/\/docmarket-dz.com\/index.php\/terms-and-conditions-4\/","url_meta":{"origin":18136,"position":3},"title":"Termes et conditions","author":"falek.h","date":"31\/08\/2020","format":false,"excerpt":"Politique de confidentialit\u00e9 de Doc Market La pr\u00e9sente Politique de confidentialit\u00e9 d\u00e9crit la fa\u00e7on dont vos informations personnelles sont recueillies, utilis\u00e9es et partag\u00e9es lorsque vous vous rendez sur docmarket-dz.com (le \u00ab\u00a0Site\u00a0\u00bb) ou que vous y effectuez un achat. INFORMATIONS PERSONNELLES RECUEILLIES Lorsque vous vous rendez sur le Site, nous recueillons\u2026","rel":"","context":"Article similaire","block_context":{"text":"Article similaire","link":""},"img":{"alt_text":"","src":"","width":0,"height":0},"classes":[]},{"id":18157,"url":"https:\/\/docmarket-dz.com\/index.php\/home-10-2\/","url_meta":{"origin":18136,"position":4},"title":"Home 10","author":"falek.h","date":"09\/12\/2020","format":false,"excerpt":"[vc_row full_width=\"stretch_row_content_no_spaces\"][vc_column][vc_separator color=\"custom\" accent_color=\"#e7eaf1\"][\/vc_column][\/vc_row][vc_row full_width=\"stretch_row\" content_placement=\"middle\" gap=\"0\" css=\".vc_custom_1607314702520{margin-top: 30px !important;margin-bottom: 50px !important;}\"][vc_column width=\"1\/2\" css=\".vc_custom_1607311552086{padding-top: 40px !important;padding-bottom: 40px !important;padding-left: 70px !important;}\" el_class=\"mobile-reset-padding ts-aligncenter-mobile\"][vc_column_text css=\".vc_custom_1607484539131{margin-bottom: 0px !important;}\"] The best quality masks at the best price Up to 5 users simultaneously Has HEALTH certificate Shop now[\/vc_column_text][\/vc_column][vc_column width=\"1\/2\" el_class=\"align-bottom\"][vc_single_image image=\"17459\" img_size=\"full\" css=\".vc_custom_1607484485592{margin-bottom: 0px !important;}\"\u2026","rel":"","context":"Article similaire","block_context":{"text":"Article similaire","link":""},"img":{"alt_text":"icon","src":"https:\/\/i0.wp.com\/docmarket-dz.com\/wp-content\/uploads\/2020\/01\/ul-icon2-1.png?resize=350%2C200&ssl=1","width":350,"height":200},"classes":[]},{"id":18142,"url":"https:\/\/docmarket-dz.com\/index.php\/home-9-2\/","url_meta":{"origin":18136,"position":5},"title":"Home 9","author":"falek.h","date":"09\/12\/2020","format":false,"excerpt":"[vc_row full_width=\"stretch_row\" content_placement=\"middle\" gap=\"0\" css=\".vc_custom_1607483903600{margin-top: -20px !important;margin-bottom: 50px !important;background: #cccbc9 url(https:\/\/docmarket-dz.com\/wp-content\/uploads\/2020\/12\/Rectangle-88-1.png?id=17455) !important;background-position: center !important;background-repeat: no-repeat !important;background-size: cover !important;}\"][vc_column width=\"1\/2\" el_class=\"align-bottom\"][vc_single_image image=\"17450\" img_size=\"full\" css=\".vc_custom_1607483002845{margin-bottom: 0px !important;}\" el_class=\"ts-aligncenter-mobile\"][\/vc_column][vc_column width=\"1\/2\" css=\".vc_custom_1607311552086{padding-top: 40px !important;padding-bottom: 40px !important;padding-left: 70px !important;}\" el_class=\"mobile-reset-padding ts-aligncenter-mobile\"][vc_column_text css=\".vc_custom_1607484018755{margin-bottom: 0px !important;}\"] The best quality masks at the best price Up to 5\u2026","rel":"","context":"Article similaire","block_context":{"text":"Article similaire","link":""},"img":{"alt_text":"","src":"https:\/\/i0.wp.com\/docmarket-dz.com\/wp-content\/uploads\/2020\/12\/bacteria-2.png?resize=350%2C200&ssl=1","width":350,"height":200},"classes":[]}],"jetpack_sharing_enabled":true,"_links":{"self":[{"href":"https:\/\/docmarket-dz.com\/index.php\/wp-json\/wp\/v2\/pages\/18136","targetHints":{"allow":["GET"]}}],"collection":[{"href":"https:\/\/docmarket-dz.com\/index.php\/wp-json\/wp\/v2\/pages"}],"about":[{"href":"https:\/\/docmarket-dz.com\/index.php\/wp-json\/wp\/v2\/types\/page"}],"author":[{"embeddable":true,"href":"https:\/\/docmarket-dz.com\/index.php\/wp-json\/wp\/v2\/users\/1"}],"replies":[{"embeddable":true,"href":"https:\/\/docmarket-dz.com\/index.php\/wp-json\/wp\/v2\/comments?post=18136"}],"version-history":[{"count":0,"href":"https:\/\/docmarket-dz.com\/index.php\/wp-json\/wp\/v2\/pages\/18136\/revisions"}],"wp:attachment":[{"href":"https:\/\/docmarket-dz.com\/index.php\/wp-json\/wp\/v2\/media?parent=18136"}],"curies":[{"name":"wp","href":"https:\/\/api.w.org\/{rel}","templated":true}]}}