{"id":23977,"date":"2020-09-01T15:45:51","date_gmt":"2020-09-01T08:45:51","guid":{"rendered":"https:\/\/docmarket-dz.com\/?page_id=17100"},"modified":"2020-09-01T15:45:51","modified_gmt":"2020-09-01T08:45:51","slug":"mega-menu-collection-6","status":"publish","type":"page","link":"https:\/\/docmarket-dz.com\/index.php\/mega-menu-collection-6\/","title":{"rendered":"Mega menu &#8211; Collection"},"content":{"rendered":"<p>[vc_row][vc_column width=&#8221;1\/4&#8243;]\t\t<div class=\"ts-list-of-product-categories-wrapper ts-shortcode\">\n\t\t\t<div class=\"list-categories\">\n\t\t\t\t\t\t\t\t<ul>\n\t\t\t\t\t\t\t\t\t\t\n\t\t\t\t\t\t\t\t\t\t<li><a href=\"https:\/\/docmarket-dz.com\/index.php\/product-category\/medical\/cardiologei\/\">Cardiologie<\/a><\/li>\n\t\t\t\t\t\t\t\t\t\t<li><a href=\"https:\/\/docmarket-dz.com\/index.php\/product-category\/dentaire\/\">Dentaire<\/a><\/li>\n\t\t\t\t\t\t\t\t\t\t<li><a href=\"https:\/\/docmarket-dz.com\/index.php\/product-category\/medical\/equipement\/\">Equipement<\/a><\/li>\n\t\t\t\t\t\t\t\t\t\t<li><a href=\"https:\/\/docmarket-dz.com\/index.php\/product-category\/medical\/gynecologie\/\">Gyn\u00e9cologie<\/a><\/li>\n\t\t\t\t\t\t\t\t\t\t<li><a href=\"https:\/\/docmarket-dz.com\/index.php\/product-category\/hygiene\/\">Hygi\u00e8ne<\/a><\/li>\n\t\t\t\t\t\t\t\t\t\t<li><a href=\"https:\/\/docmarket-dz.com\/index.php\/product-category\/laboratoire\/\">Laboratoire<\/a><\/li>\n\t\t\t\t\t\t\t\t\t\t<li><a href=\"https:\/\/docmarket-dz.com\/index.php\/product-category\/literie\/\">Literie<\/a><\/li>\n\t\t\t\t\t\t\t\t\t\t<li><a href=\"https:\/\/docmarket-dz.com\/index.php\/product-category\/medical\/\">Medical<\/a><\/li>\n\t\t\t\t\t\t\t\t\t\t<li><a href=\"https:\/\/docmarket-dz.com\/index.php\/product-category\/medical\/acupuncture\/\">M\u00e9soth\u00e9rapie - Acupuncture - Hidjama<\/a><\/li>\n\t\t\t\t\t\t\t\t\t<\/ul>\n\t\t\t<\/div>\n\t\t<\/div>\n\t\t<div class=\"ts-button-wrapper btn-inline button-text has-border\"><div class=\"ts-shortcode-custom-style hidden\">.ts-button-wrapper a.ts-button-1{background:#ffffff;border-color:#ff9923;border-width:1px ;color:#ff9923;}.ts-button-wrapper a.ts-button-1:hover{background:#ff9923;border-color:#ff9923;color:#ffffff;}<\/div><a href=\"https:\/\/docmarket-dz.com\/product-categories\/\" target=\"_self\" class=\"ts-button ts-button-1 medium\"><span>Show all<\/span><\/a><\/div>[\/vc_column][vc_column width=&#8221;3\/4&#8243;]<div class=\"woocommerce columns-4\">\t\t\t<div class=\"ts-product-wrapper ts-shortcode ts-product heading-center featured item-grid \" >\n\t\t\t\n\t\t\t\t\t\t\t\t\n\t\t\t\t<div class=\"content-wrapper \">\n\t\t\t\t\t<div class=\"products\"><section class=\"product type-product post-30772 status-publish first onbackorder product_cat-gynecologie product_cat-medical has-post-thumbnail featured taxable shipping-taxable purchasable product-type-simple\" data-product_id=\"30772\">\n\t<div class=\"product-wrapper\">\n\t\t\t\n\t\t<div class=\"thumbnail-wrapper\">\n\t\t\t<a href=\"https:\/\/docmarket-dz.com\/index.php\/product\/gants-chirurgicaux-steriles-h-7-en-latex-surgi-gloves\/\">\n\n\t\t\t\t<figure class=\"no-back-image\"><img data-recalc-dims=\"1\" loading=\"lazy\" decoding=\"async\" src=\"https:\/\/i0.wp.com\/docmarket-dz.com\/wp-content\/themes\/mymedi\/images\/prod_loading.gif?resize=300%2C300&#038;ssl=1\" data-src=\"https:\/\/i0.wp.com\/docmarket-dz.com\/wp-content\/uploads\/2024\/07\/Sans-titre-6.png?resize=92%2C92&#038;ssl=1\" class=\"attachment-shop_catalog wp-post-image ts-lazy-load\" alt=\"\" width=\"300\" height=\"300\" \/><\/figure>\n\t\t\t<\/a>\n\t\t\t\t\t<div class=\"product-label\">\n\t<div><span class=\"new\">New<\/span><\/div><div><span class=\"featured\">Hot<\/span><\/div>\t<\/div>\n\t<div class=\"product-group-button two-button\" ><div class=\"button-in quickshop\"><a class=\"quickshop\" href=\"#\" data-product_id=\"30772\"><span class=\"ts-tooltip button-tooltip\">Quick view<\/span><\/a><\/div><div class=\"loop-add-to-cart\"><a href=\"\/index.php\/wp-json\/wp\/v2\/pages\/23977?add-to-cart=30772\" data-quantity=\"1\" class=\"button product_type_simple add_to_cart_button ajax_add_to_cart\" data-product_id=\"30772\" data-product_sku=\"\" aria-label=\"Ajouter au panier\u00a0: &ldquo;GANTS CHIRURGICAUX STERILES H 7 en LATEX - SURGI GLOVES&rdquo;\" rel=\"nofollow\" data-success_message=\"\u00ab\u00a0GANTS CHIRURGICAUX STERILES H 7 en LATEX - SURGI GLOVES\u00a0\u00bb a \u00e9t\u00e9 ajout\u00e9 \u00e0 votre panier\" role=\"button\"><span class=\"ts-tooltip button-tooltip\">Ajouter au panier<\/span><\/a><\/div><\/div>\t\t\t\n\t\t<\/div>\n\t\t<div class=\"meta-wrapper\">\n\t\t\t<h3 class=\"heading-title product-name\"><a href=\"https:\/\/docmarket-dz.com\/index.php\/product\/gants-chirurgicaux-steriles-h-7-en-latex-surgi-gloves\/\">GANTS CHIRURGICAUX STERILES H 7 en LATEX - SURGI GLOVES<\/a><\/h3>\n\t<span class=\"price\">\t\t<span class=\"tiered-pricing-dynamic-price-wrapper\"\n\t\t\t  data-display-context=\"shop-loop\"\n\t\t\t  data-price-type=\"no-rules\"\n\t\t\t  data-product-id=\"30772\"\n\t\t\t  data-parent-id=\"30772\">\n\t\t\t<span class=\"woocommerce-Price-amount amount\"><bdi>90,00&nbsp;<span class=\"woocommerce-Price-currencySymbol\">DZD <\/span><\/bdi><\/span> <small class=\"woocommerce-price-suffix\">Prix HT :<span class=\"tiered-pricing-dynamic-price__excluding_tax\"><span class=\"woocommerce-Price-amount amount\"><bdi>75,63&nbsp;<span class=\"woocommerce-Price-currencySymbol\">DZD <\/span><\/bdi><\/span><\/span><\/small><\/span><br>\t\t<small data-consider-sale-price=\"yes\"\n\t\t\t   data-product-id=\"30772\"\n\t\t\t   data-parent-id=\"30772\"\n\t\t\t   class=\"tiered-pricing-you-save tiered-pricing-you-save--hidden\"\n\t\t\t   style=\"color: #f73030\"><em><strong>Vous avez \u00e9conomis\u00e8 <span class=\"tiered-pricing-you-save__total\"><\/span><\/strong><\/em>\t\t<\/small>\n\t\t<\/span>\n<div class=\"star-rating no-rating\"><span style=\"width:0%\"><\/span><\/div><div class=\"count-rating\">(0 commentaire)<\/div>\t\t<\/div>\n\t\t\n\t\t<div class=\"meta-wrapper meta-wrapper-2\">\n\t\t\t<div class=\"product-group-button-meta\"><div class=\"loop-add-to-cart\"><a href=\"\/index.php\/wp-json\/wp\/v2\/pages\/23977?add-to-cart=30772\" data-quantity=\"1\" class=\"button product_type_simple add_to_cart_button ajax_add_to_cart\" data-product_id=\"30772\" data-product_sku=\"\" aria-label=\"Ajouter au panier\u00a0: &ldquo;GANTS CHIRURGICAUX STERILES H 7 en LATEX - SURGI GLOVES&rdquo;\" rel=\"nofollow\" data-success_message=\"\u00ab\u00a0GANTS CHIRURGICAUX STERILES H 7 en LATEX - SURGI GLOVES\u00a0\u00bb a \u00e9t\u00e9 ajout\u00e9 \u00e0 votre panier\" role=\"button\"><span class=\"ts-tooltip button-tooltip\">Ajouter au panier<\/span><\/a><\/div><\/div>\t\t<\/div>\n\t<\/div>\n<\/section><section class=\"product type-product post-30768 status-publish onbackorder product_cat-medical has-post-thumbnail featured taxable shipping-taxable purchasable product-type-simple\" data-product_id=\"30768\">\n\t<div class=\"product-wrapper\">\n\t\t\t\n\t\t<div class=\"thumbnail-wrapper\">\n\t\t\t<a href=\"https:\/\/docmarket-dz.com\/index.php\/product\/gant-nitril-floreo-bleu-s\/\">\n\n\t\t\t\t<figure class=\"no-back-image\"><img data-recalc-dims=\"1\" loading=\"lazy\" decoding=\"async\" src=\"https:\/\/i0.wp.com\/docmarket-dz.com\/wp-content\/themes\/mymedi\/images\/prod_loading.gif?resize=300%2C300&#038;ssl=1\" data-src=\"https:\/\/i0.wp.com\/docmarket-dz.com\/wp-content\/uploads\/2024\/06\/Sans-titre-1.png?resize=225%2C225&#038;ssl=1\" class=\"attachment-shop_catalog wp-post-image ts-lazy-load\" alt=\"\" width=\"300\" height=\"300\" \/><\/figure>\n\t\t\t<\/a>\n\t\t\t\t\t<div class=\"product-label\">\n\t<div><span class=\"new\">New<\/span><\/div><div><span class=\"featured\">Hot<\/span><\/div>\t<\/div>\n\t<div class=\"product-group-button two-button\" ><div class=\"button-in quickshop\"><a class=\"quickshop\" href=\"#\" data-product_id=\"30768\"><span class=\"ts-tooltip button-tooltip\">Quick view<\/span><\/a><\/div><div class=\"loop-add-to-cart\"><a href=\"\/index.php\/wp-json\/wp\/v2\/pages\/23977?add-to-cart=30768\" data-quantity=\"1\" class=\"button product_type_simple add_to_cart_button ajax_add_to_cart\" data-product_id=\"30768\" data-product_sku=\"\" aria-label=\"Ajouter au panier\u00a0: &ldquo;Gant NITRIL FLOREO BLEU S&rdquo;\" rel=\"nofollow\" data-success_message=\"\u00ab\u00a0Gant NITRIL FLOREO BLEU S\u00a0\u00bb a \u00e9t\u00e9 ajout\u00e9 \u00e0 votre panier\" role=\"button\"><span class=\"ts-tooltip button-tooltip\">Ajouter au panier<\/span><\/a><\/div><\/div>\t\t\t\n\t\t<\/div>\n\t\t<div class=\"meta-wrapper\">\n\t\t\t<h3 class=\"heading-title product-name\"><a href=\"https:\/\/docmarket-dz.com\/index.php\/product\/gant-nitril-floreo-bleu-s\/\">Gant NITRIL FLOREO BLEU S<\/a><\/h3>\n\t<span class=\"price\">\t\t<span class=\"tiered-pricing-dynamic-price-wrapper\"\n\t\t\t  data-display-context=\"shop-loop\"\n\t\t\t  data-price-type=\"no-rules\"\n\t\t\t  data-product-id=\"30768\"\n\t\t\t  data-parent-id=\"30768\">\n\t\t\t<span class=\"woocommerce-Price-amount amount\"><bdi>1.380,00&nbsp;<span class=\"woocommerce-Price-currencySymbol\">DZD <\/span><\/bdi><\/span> <small class=\"woocommerce-price-suffix\">Prix HT :<span class=\"tiered-pricing-dynamic-price__excluding_tax\"><span class=\"woocommerce-Price-amount amount\"><bdi>1.159,66&nbsp;<span class=\"woocommerce-Price-currencySymbol\">DZD <\/span><\/bdi><\/span><\/span><\/small><\/span><br>\t\t<small data-consider-sale-price=\"yes\"\n\t\t\t   data-product-id=\"30768\"\n\t\t\t   data-parent-id=\"30768\"\n\t\t\t   class=\"tiered-pricing-you-save tiered-pricing-you-save--hidden\"\n\t\t\t   style=\"color: #f73030\"><em><strong>Vous avez \u00e9conomis\u00e8 <span class=\"tiered-pricing-you-save__total\"><\/span><\/strong><\/em>\t\t<\/small>\n\t\t<\/span>\n<div class=\"star-rating no-rating\"><span style=\"width:0%\"><\/span><\/div><div class=\"count-rating\">(0 commentaire)<\/div>\t\t<\/div>\n\t\t\n\t\t<div class=\"meta-wrapper meta-wrapper-2\">\n\t\t\t<div class=\"product-group-button-meta\"><div class=\"loop-add-to-cart\"><a href=\"\/index.php\/wp-json\/wp\/v2\/pages\/23977?add-to-cart=30768\" data-quantity=\"1\" class=\"button product_type_simple add_to_cart_button ajax_add_to_cart\" data-product_id=\"30768\" data-product_sku=\"\" aria-label=\"Ajouter au panier\u00a0: &ldquo;Gant NITRIL FLOREO BLEU S&rdquo;\" rel=\"nofollow\" data-success_message=\"\u00ab\u00a0Gant NITRIL FLOREO BLEU S\u00a0\u00bb a \u00e9t\u00e9 ajout\u00e9 \u00e0 votre panier\" role=\"button\"><span class=\"ts-tooltip button-tooltip\">Ajouter au panier<\/span><\/a><\/div><\/div>\t\t<\/div>\n\t<\/div>\n<\/section><section class=\"product type-product post-30719 status-publish instock product_cat-medical has-post-thumbnail featured taxable shipping-taxable purchasable product-type-variable has-default-attributes\" data-product_id=\"30719\">\n\t<div class=\"product-wrapper\">\n\t\t\t\n\t\t<div class=\"thumbnail-wrapper\">\n\t\t\t<a href=\"https:\/\/docmarket-dz.com\/index.php\/product\/stethoscope-couleur-a-double-pavillons\/\">\n\n\t\t\t\t<figure class=\"no-back-image\"><img data-recalc-dims=\"1\" loading=\"lazy\" decoding=\"async\" src=\"https:\/\/i0.wp.com\/docmarket-dz.com\/wp-content\/themes\/mymedi\/images\/prod_loading.gif?resize=300%2C300&#038;ssl=1\" data-src=\"https:\/\/i0.wp.com\/docmarket-dz.com\/wp-content\/uploads\/2023\/01\/doube-pavillon-color-1-e1673280103161.jpg?resize=300%2C300&#038;ssl=1\" class=\"attachment-shop_catalog wp-post-image ts-lazy-load\" alt=\"\" width=\"300\" height=\"300\" \/><\/figure>\n\t\t\t<\/a>\n\t\t\t\t\t<div class=\"product-label\">\n\t<div><span class=\"featured\">Hot<\/span><\/div>\t<\/div>\n\t<div class=\"product-group-button two-button\" ><div class=\"button-in quickshop\"><a class=\"quickshop\" href=\"#\" data-product_id=\"30719\"><span class=\"ts-tooltip button-tooltip\">Quick view<\/span><\/a><\/div><div class=\"loop-add-to-cart\"><a href=\"https:\/\/docmarket-dz.com\/index.php\/product\/stethoscope-couleur-a-double-pavillons\/\" data-quantity=\"1\" class=\"button product_type_variable add_to_cart_button\" data-product_id=\"30719\" data-product_sku=\"\" aria-label=\"S\u00e9lectionner les options pour &ldquo;Stethoscope couleur a double pavillons&rdquo;\" rel=\"nofollow\"><span class=\"ts-tooltip button-tooltip\">Choix des options<\/span><\/a><\/div><\/div>\t\t\t\n\t\t<\/div>\n\t\t<div class=\"meta-wrapper\">\n\t\t\t<h3 class=\"heading-title product-name\"><a href=\"https:\/\/docmarket-dz.com\/index.php\/product\/stethoscope-couleur-a-double-pavillons\/\">Stethoscope couleur a double pavillons<\/a><\/h3>\n\t<span class=\"price\">\t\t<span class=\"tiered-pricing-dynamic-price-wrapper tiered-pricing-dynamic-price-wrapper--variable\"\n\t\t\t  data-display-context=\"shop-loop\"\n\t\t\t  data-price-type=\"dynamic\"\n\t\t\t  data-product-id=\"30719\"\n\t\t\t  data-parent-id=\"30719\">\n\t\t\t<span class=\"woocommerce-Price-amount amount\"><bdi>1.200,00&nbsp;<span class=\"woocommerce-Price-currencySymbol\">DZD <\/span><\/bdi><\/span><\/span><br>\t\t<small data-consider-sale-price=\"yes\"\n\t\t\t   data-product-id=\"30719\"\n\t\t\t   data-parent-id=\"30719\"\n\t\t\t   class=\"tiered-pricing-you-save tiered-pricing-you-save--hidden\"\n\t\t\t   style=\"color: #f73030\"><em><strong>Vous avez \u00e9conomis\u00e8 <span class=\"tiered-pricing-you-save__total\"><\/span><\/strong><\/em>\t\t<\/small>\n\t\t<\/span>\n<div class=\"star-rating no-rating\"><span style=\"width:0%\"><\/span><\/div><div class=\"count-rating\">(0 commentaire)<\/div>\t\t<\/div>\n\t\t\n\t\t<div class=\"meta-wrapper meta-wrapper-2\">\n\t\t\t<div class=\"product-group-button-meta\"><div class=\"loop-add-to-cart\"><a href=\"https:\/\/docmarket-dz.com\/index.php\/product\/stethoscope-couleur-a-double-pavillons\/\" data-quantity=\"1\" class=\"button product_type_variable add_to_cart_button\" data-product_id=\"30719\" data-product_sku=\"\" aria-label=\"S\u00e9lectionner les options pour &ldquo;Stethoscope couleur a double pavillons&rdquo;\" rel=\"nofollow\"><span class=\"ts-tooltip button-tooltip\">Choix des options<\/span><\/a><\/div><\/div>\t\t<\/div>\n\t<\/div>\n<\/section><section class=\"product type-product post-30519 status-publish last onbackorder product_cat-hygiene product_cat-medical product_tag-theme-sky product_tag-upstore product_tag-woocommerce product_tag-wordpress has-post-thumbnail featured purchasable product-type-simple\" data-product_id=\"30519\">\n\t<div class=\"product-wrapper\">\n\t\t\t\n\t\t<div class=\"thumbnail-wrapper\">\n\t\t\t<a href=\"https:\/\/docmarket-dz.com\/index.php\/product\/bavette-masques-de-protection-jetables-a-3-couches-boite-de-100-unites-giap\/\">\n\n\t\t\t\t<figure class=\"no-back-image\"><img data-recalc-dims=\"1\" loading=\"lazy\" decoding=\"async\" src=\"https:\/\/i0.wp.com\/docmarket-dz.com\/wp-content\/themes\/mymedi\/images\/prod_loading.gif?resize=300%2C300&#038;ssl=1\" data-src=\"https:\/\/i0.wp.com\/docmarket-dz.com\/wp-content\/uploads\/2020\/08\/face-masks.jpg?resize=300%2C300&#038;ssl=1\" class=\"attachment-shop_catalog wp-post-image ts-lazy-load\" alt=\"\" width=\"300\" height=\"300\" \/><\/figure>\n\t\t\t<\/a>\n\t\t\t\t\t<div class=\"product-label\">\n\t<div><span class=\"featured\">Hot<\/span><\/div>\t<\/div>\n\t<div class=\"product-group-button two-button\" ><div class=\"button-in quickshop\"><a class=\"quickshop\" href=\"#\" data-product_id=\"30519\"><span class=\"ts-tooltip button-tooltip\">Quick view<\/span><\/a><\/div><div class=\"loop-add-to-cart\"><a href=\"\/index.php\/wp-json\/wp\/v2\/pages\/23977?add-to-cart=30519\" data-quantity=\"1\" class=\"button product_type_simple add_to_cart_button ajax_add_to_cart\" data-product_id=\"30519\" data-product_sku=\"LP-007-1-1\" aria-label=\"Ajouter au panier\u00a0: &ldquo;Bavette - Masques de protection jetables \u00e0 3 couches - Boite de 100 unit\u00e9s GIAP&rdquo;\" rel=\"nofollow\" data-success_message=\"\u00ab\u00a0Bavette - Masques de protection jetables \u00e0 3 couches - Boite de 100 unit\u00e9s GIAP\u00a0\u00bb a \u00e9t\u00e9 ajout\u00e9 \u00e0 votre panier\" role=\"button\"><span class=\"ts-tooltip button-tooltip\">Ajouter au panier<\/span><\/a><\/div><\/div>\t\t\t\n\t\t<\/div>\n\t\t<div class=\"meta-wrapper\">\n\t\t\t<h3 class=\"heading-title product-name\"><a href=\"https:\/\/docmarket-dz.com\/index.php\/product\/bavette-masques-de-protection-jetables-a-3-couches-boite-de-100-unites-giap\/\">Bavette - Masques de protection jetables \u00e0 3 couches - Boite de 100 unit\u00e9s GIAP<\/a><\/h3>\n\t<span class=\"price\">\t\t<span class=\"tiered-pricing-dynamic-price-wrapper\"\n\t\t\t  data-display-context=\"shop-loop\"\n\t\t\t  data-price-type=\"no-rules\"\n\t\t\t  data-product-id=\"30519\"\n\t\t\t  data-parent-id=\"30519\">\n\t\t\t<span class=\"woocommerce-Price-amount amount\"><bdi>100,00&nbsp;<span class=\"woocommerce-Price-currencySymbol\">DZD <\/span><\/bdi><\/span><\/span><br>\t\t<small data-consider-sale-price=\"yes\"\n\t\t\t   data-product-id=\"30519\"\n\t\t\t   data-parent-id=\"30519\"\n\t\t\t   class=\"tiered-pricing-you-save tiered-pricing-you-save--hidden\"\n\t\t\t   style=\"color: #f73030\"><em><strong>Vous avez \u00e9conomis\u00e8 <span class=\"tiered-pricing-you-save__total\"><\/span><\/strong><\/em>\t\t<\/small>\n\t\t<\/span>\n<div class=\"star-rating no-rating\"><span style=\"width:0%\"><\/span><\/div><div class=\"count-rating\">(0 commentaire)<\/div>\t\t<\/div>\n\t\t\n\t\t<div class=\"meta-wrapper meta-wrapper-2\">\n\t\t\t<div class=\"product-group-button-meta\"><div class=\"loop-add-to-cart\"><a href=\"\/index.php\/wp-json\/wp\/v2\/pages\/23977?add-to-cart=30519\" data-quantity=\"1\" class=\"button product_type_simple add_to_cart_button ajax_add_to_cart\" data-product_id=\"30519\" data-product_sku=\"LP-007-1-1\" aria-label=\"Ajouter au panier\u00a0: &ldquo;Bavette - Masques de protection jetables \u00e0 3 couches - Boite de 100 unit\u00e9s GIAP&rdquo;\" rel=\"nofollow\" data-success_message=\"\u00ab\u00a0Bavette - Masques de protection jetables \u00e0 3 couches - Boite de 100 unit\u00e9s GIAP\u00a0\u00bb a \u00e9t\u00e9 ajout\u00e9 \u00e0 votre panier\" role=\"button\"><span class=\"ts-tooltip button-tooltip\">Ajouter au panier<\/span><\/a><\/div><\/div>\t\t<\/div>\n\t<\/div>\n<\/section><\/div>\t\t\t\t<\/div>\n\t\t\t\t\n\t\t\t\t\t\t\t\t\n\t\t\t<\/div>\n\t\t\t<\/div>[\/vc_column][\/vc_row]<\/p>\n","protected":false},"excerpt":{"rendered":"<p>[vc_row][vc_column width=&#8221;1\/4&#8243;][\/vc_column][vc_column width=&#8221;3\/4&#8243;][\/vc_column][\/vc_row]<\/p>\n","protected":false},"author":1,"featured_media":0,"parent":0,"menu_order":0,"comment_status":"closed","ping_status":"closed","template":"","meta":{"content-type":"","om_disable_all_campaigns":false,"_uf_show_specific_survey":0,"_uf_disable_surveys":false,"footnotes":""},"class_list":["post-23977","page","type-page","status-publish","hentry"],"aioseo_notices":[],"_hostinger_reach_plugin_has_subscription_block":false,"_hostinger_reach_plugin_is_elementor":false,"jetpack-related-posts":[{"id":19489,"url":"https:\/\/docmarket-dz.com\/index.php\/mega-menu-collection-4\/","url_meta":{"origin":23977,"position":0},"title":"Mega menu &#8211; Collection","author":"falek.h","date":"01\/09\/2020","format":false,"excerpt":"[vc_row][vc_column width=\"1\/4\"][\/vc_column][vc_column width=\"3\/4\"][\/vc_column][\/vc_row]","rel":"","context":"Article similaire","block_context":{"text":"Article similaire","link":""},"img":{"alt_text":"","src":"","width":0,"height":0},"classes":[]},{"id":17100,"url":"https:\/\/docmarket-dz.com\/index.php\/mega-menu-collection\/","url_meta":{"origin":23977,"position":1},"title":"Mega menu &#8211; Collection","author":"falek.h","date":"01\/09\/2020","format":false,"excerpt":"[vc_row][vc_column width=\"1\/4\"][\/vc_column][vc_column width=\"3\/4\"][\/vc_column][\/vc_row]","rel":"","context":"Article similaire","block_context":{"text":"Article similaire","link":""},"img":{"alt_text":"","src":"","width":0,"height":0},"classes":[]},{"id":18140,"url":"https:\/\/docmarket-dz.com\/index.php\/mega-menu-collection-2\/","url_meta":{"origin":23977,"position":2},"title":"Mega menu &#8211; Collection","author":"falek.h","date":"01\/09\/2020","format":false,"excerpt":"[vc_row][vc_column width=\"1\/4\"][\/vc_column][vc_column width=\"3\/4\"][\/vc_column][\/vc_row]","rel":"","context":"Article similaire","block_context":{"text":"Article similaire","link":""},"img":{"alt_text":"","src":"","width":0,"height":0},"classes":[]},{"id":18819,"url":"https:\/\/docmarket-dz.com\/index.php\/mega-menu-collection-3\/","url_meta":{"origin":23977,"position":3},"title":"Mega menu &#8211; Collection","author":"falek.h","date":"01\/09\/2020","format":false,"excerpt":"[vc_row][vc_column width=\"1\/4\"][\/vc_column][vc_column width=\"3\/4\"][\/vc_column][\/vc_row]","rel":"","context":"Article similaire","block_context":{"text":"Article similaire","link":""},"img":{"alt_text":"","src":"","width":0,"height":0},"classes":[]},{"id":23379,"url":"https:\/\/docmarket-dz.com\/index.php\/mega-menu-collection-5\/","url_meta":{"origin":23977,"position":4},"title":"Mega menu &#8211; Collection","author":"falek.h","date":"01\/09\/2020","format":false,"excerpt":"[vc_row][vc_column width=\"1\/4\"][\/vc_column][vc_column width=\"3\/4\"][\/vc_column][\/vc_row]","rel":"","context":"Article similaire","block_context":{"text":"Article similaire","link":""},"img":{"alt_text":"","src":"","width":0,"height":0},"classes":[]},{"id":19488,"url":"https:\/\/docmarket-dz.com\/index.php\/mega-menu-home-medical-supplies-4\/","url_meta":{"origin":23977,"position":5},"title":"Mega menu &#8211; Home Medical Supplies","author":"falek.h","date":"01\/09\/2020","format":false,"excerpt":"[vc_row][vc_column width=\"1\/4\"][\/vc_column][vc_column width=\"5\/12\" offset=\"vc_col-lg-6 vc_col-md-6\"][vc_empty_space height=\"30px\"][\/vc_column][vc_column width=\"1\/3\" offset=\"vc_col-lg-3 vc_col-md-3\"][\/vc_column][\/vc_row]","rel":"","context":"Article similaire","block_context":{"text":"Article similaire","link":""},"img":{"alt_text":"","src":"","width":0,"height":0},"classes":[]}],"jetpack_sharing_enabled":true,"_links":{"self":[{"href":"https:\/\/docmarket-dz.com\/index.php\/wp-json\/wp\/v2\/pages\/23977","targetHints":{"allow":["GET"]}}],"collection":[{"href":"https:\/\/docmarket-dz.com\/index.php\/wp-json\/wp\/v2\/pages"}],"about":[{"href":"https:\/\/docmarket-dz.com\/index.php\/wp-json\/wp\/v2\/types\/page"}],"author":[{"embeddable":true,"href":"https:\/\/docmarket-dz.com\/index.php\/wp-json\/wp\/v2\/users\/1"}],"replies":[{"embeddable":true,"href":"https:\/\/docmarket-dz.com\/index.php\/wp-json\/wp\/v2\/comments?post=23977"}],"version-history":[{"count":0,"href":"https:\/\/docmarket-dz.com\/index.php\/wp-json\/wp\/v2\/pages\/23977\/revisions"}],"wp:attachment":[{"href":"https:\/\/docmarket-dz.com\/index.php\/wp-json\/wp\/v2\/media?parent=23977"}],"curies":[{"name":"wp","href":"https:\/\/api.w.org\/{rel}","templated":true}]}}