{"id":22854,"date":"2022-12-02T08:59:58","date_gmt":"2022-12-02T07:59:58","guid":{"rendered":"https:\/\/docmarket-dz.com\/?post_type=product&#038;p=22854"},"modified":"2023-08-09T14:19:35","modified_gmt":"2023-08-09T13:19:35","slug":"coutrau-a-platre","status":"publish","type":"product","link":"https:\/\/docmarket-dz.com\/index.php\/product\/coutrau-a-platre\/","title":{"rendered":"Coutrau a platre"},"content":{"rendered":"","protected":false},"excerpt":{"rendered":"","protected":false},"featured_media":22855,"comment_status":"open","ping_status":"closed","template":"","meta":{"content-type":"","om_disable_all_campaigns":false,"_uf_show_specific_survey":0,"_uf_disable_surveys":false,"jetpack_publicize_message":"","jetpack_publicize_feature_enabled":true,"jetpack_social_post_already_shared":false,"jetpack_social_options":{"image_generator_settings":{"template":"highway","default_image_id":0,"font":"","enabled":false},"version":2}},"product_brand":[],"product_cat":[100],"product_tag":[],"class_list":{"0":"post-22854","1":"product","2":"type-product","3":"status-publish","4":"has-post-thumbnail","6":"product_cat-dentaire","7":"ts_product_brand-wittex","9":"first","10":"onbackorder","11":"sale","12":"taxable","13":"shipping-taxable","14":"purchasable","15":"product-type-simple"},"supplier_id":null,"supplier_sku":"","barcode":null,"atum_controlled":true,"out_stock_date":null,"out_stock_threshold":null,"inheritable":false,"inbound_stock":0,"stock_on_hold":0,"sold_today":0,"sales_last_days":0,"reserved_stock":0,"customer_returns":0,"warehouse_damage":0,"lost_in_post":0,"other_logs":0,"out_stock_days":0,"lost_sales":0,"has_location":false,"update_date":"2026-04-10T00:05:15","atum_locations":[],"atum_stock_status":"onbackorder","restock_status":false,"low_stock_amount":"","sales_update_date":"2026-04-10T00:05:15","calc_backorders":null,"aioseo_notices":[],"jetpack_publicize_connections":[],"jetpack-related-posts":[{"id":25452,"url":"https:\/\/docmarket-dz.com\/index.php\/product\/table-a-platre-avce-cuvette\/","url_meta":{"origin":22854,"position":0},"title":"TABLE A PLATRE AVCE CUVETTE","author":"falek.h","date":"12\/03\/2023","format":false,"excerpt":"","rel":"","context":"Article similaire","block_context":{"text":"Article similaire","link":""},"img":{"alt_text":"","src":"","width":0,"height":0},"classes":[]},{"id":26815,"url":"https:\/\/docmarket-dz.com\/index.php\/product\/platre-rose-cart-25-kg\/","url_meta":{"origin":22854,"position":1},"title":"PLATRE ROSE CART 25 KG","author":"falek.h","date":"01\/01\/1970","format":false,"excerpt":"","rel":"","context":"Article similaire","block_context":{"text":"Article similaire","link":""},"img":{"alt_text":"","src":"https:\/\/i0.wp.com\/docmarket-dz.com\/wp-content\/uploads\/2023\/03\/PLATRE-ROSE-CART-25-KG.jpg?fit=600%2C600&ssl=1&resize=350%2C200","width":350,"height":200,"srcset":"https:\/\/i0.wp.com\/docmarket-dz.com\/wp-content\/uploads\/2023\/03\/PLATRE-ROSE-CART-25-KG.jpg?fit=600%2C600&ssl=1&resize=350%2C200 1x, https:\/\/i0.wp.com\/docmarket-dz.com\/wp-content\/uploads\/2023\/03\/PLATRE-ROSE-CART-25-KG.jpg?fit=600%2C600&ssl=1&resize=525%2C300 1.5x"},"classes":[]},{"id":27699,"url":"https:\/\/docmarket-dz.com\/index.php\/product\/bande-platre-3mx20cm\/","url_meta":{"origin":22854,"position":2},"title":"Bande Platre 3Mx20cm","author":"fatmazohra.nasri","date":"24\/10\/2023","format":false,"excerpt":"Pour le traitement des fractures et autres blessures n\u00e9cessitant l'immobilisation.","rel":"","context":"Article similaire","block_context":{"text":"Article similaire","link":""},"img":{"alt_text":"","src":"https:\/\/i0.wp.com\/docmarket-dz.com\/wp-content\/uploads\/2023\/10\/IMG_3547.png?fit=598%2C601&ssl=1&resize=350%2C200","width":350,"height":200,"srcset":"https:\/\/i0.wp.com\/docmarket-dz.com\/wp-content\/uploads\/2023\/10\/IMG_3547.png?fit=598%2C601&ssl=1&resize=350%2C200 1x, https:\/\/i0.wp.com\/docmarket-dz.com\/wp-content\/uploads\/2023\/10\/IMG_3547.png?fit=598%2C601&ssl=1&resize=525%2C300 1.5x"},"classes":[]},{"id":27568,"url":"https:\/\/docmarket-dz.com\/index.php\/product\/bande-de-resine-fix-cast-n4-10cmx360\/","url_meta":{"origin":22854,"position":3},"title":"BANDE DE RESINE FIX CAST N4- 10cmx360","author":"Somia Belmadani","date":"17\/10\/2023","format":false,"excerpt":"Description: Est un produit en fibre de verre impr\u00e9gn\u00e9 de r\u00e9sine. Il durcit lorsqu\u2019il humidifi\u00e9 et s\u00e9ch\u00e9 au contact de l\u2019air ( une sorte de pl\u00e2tre). Il est utilis\u00e9 pour fixer et soutenir une partie du corps fractur\u00e9 et autre maladie orthop\u00e9dique. \u00a0","rel":"","context":"Article similaire","block_context":{"text":"Article similaire","link":""},"img":{"alt_text":"","src":"https:\/\/i0.wp.com\/docmarket-dz.com\/wp-content\/uploads\/2023\/10\/ImDWage1-e1697547695952.jpg?fit=600%2C599&ssl=1&resize=350%2C200","width":350,"height":200,"srcset":"https:\/\/i0.wp.com\/docmarket-dz.com\/wp-content\/uploads\/2023\/10\/ImDWage1-e1697547695952.jpg?fit=600%2C599&ssl=1&resize=350%2C200 1x, https:\/\/i0.wp.com\/docmarket-dz.com\/wp-content\/uploads\/2023\/10\/ImDWage1-e1697547695952.jpg?fit=600%2C599&ssl=1&resize=525%2C300 1.5x"},"classes":[]},{"id":27566,"url":"https:\/\/docmarket-dz.com\/index.php\/product\/bande-de-resine-fix-cast-n3-7-5cmx360\/","url_meta":{"origin":22854,"position":4},"title":"BANDE DE RESINE FIX CAST N3- 7.5cmx360","author":"Somia Belmadani","date":"17\/10\/2023","format":false,"excerpt":"Description: Est un produit en fibre de verre impr\u00e9gn\u00e9 de r\u00e9sine. Il durcit lorsqu\u2019il humidifi\u00e9 et s\u00e9ch\u00e9 au contact de l\u2019air ( une sorte de pl\u00e2tre). Il est utilis\u00e9 pour fixer et soutenir une partie du corps fractur\u00e9 et autre maladie orthop\u00e9dique. \u00a0","rel":"","context":"Article similaire","block_context":{"text":"Article similaire","link":""},"img":{"alt_text":"","src":"https:\/\/i0.wp.com\/docmarket-dz.com\/wp-content\/uploads\/2023\/10\/FIXCAST-N%C2%B03Semiomed-PhotoRoom-e1697546804186.jpg?fit=600%2C600&ssl=1&resize=350%2C200","width":350,"height":200,"srcset":"https:\/\/i0.wp.com\/docmarket-dz.com\/wp-content\/uploads\/2023\/10\/FIXCAST-N%C2%B03Semiomed-PhotoRoom-e1697546804186.jpg?fit=600%2C600&ssl=1&resize=350%2C200 1x, https:\/\/i0.wp.com\/docmarket-dz.com\/wp-content\/uploads\/2023\/10\/FIXCAST-N%C2%B03Semiomed-PhotoRoom-e1697546804186.jpg?fit=600%2C600&ssl=1&resize=525%2C300 1.5x"},"classes":[]},{"id":27562,"url":"https:\/\/docmarket-dz.com\/index.php\/product\/bande-de-resine-fix-cast-n2-5cmx360\/","url_meta":{"origin":22854,"position":5},"title":"BANDE DE RESINE FIX CAST N2- 5cmx360","author":"Somia Belmadani","date":"17\/10\/2023","format":false,"excerpt":"Description: Est un produit en fibre de verre impr\u00e9gn\u00e9 de r\u00e9sine. Il durcit lorsqu\u2019il humidifi\u00e9 et s\u00e9ch\u00e9 au contact de l\u2019air ( une sorte de pl\u00e2tre). Il est utilis\u00e9 pour fixer et soutenir une partie du corps fractur\u00e9 et autre maladie orthop\u00e9dique. \u00a0","rel":"","context":"Article similaire","block_context":{"text":"Article similaire","link":""},"img":{"alt_text":"","src":"https:\/\/i0.wp.com\/docmarket-dz.com\/wp-content\/uploads\/2023\/10\/fixcast-resine-2-PhotoRoom-1-e1697546610540.jpg?fit=600%2C600&ssl=1&resize=350%2C200","width":350,"height":200,"srcset":"https:\/\/i0.wp.com\/docmarket-dz.com\/wp-content\/uploads\/2023\/10\/fixcast-resine-2-PhotoRoom-1-e1697546610540.jpg?fit=600%2C600&ssl=1&resize=350%2C200 1x, https:\/\/i0.wp.com\/docmarket-dz.com\/wp-content\/uploads\/2023\/10\/fixcast-resine-2-PhotoRoom-1-e1697546610540.jpg?fit=600%2C600&ssl=1&resize=525%2C300 1.5x"},"classes":[]}],"jetpack_sharing_enabled":true,"tiered_pricing_type":"fixed","tiered_pricing_fixed_rules":[],"tiered_pricing_product_settings":{"layout":"default","base_unit_name":{"singular":null,"plural":null},"default_variation":null},"tiered_pricing_minimum_quantity":null,"tiered_pricing_roles_data":[],"tiered_pricing_percentage_rules":[],"_links":{"self":[{"href":"https:\/\/docmarket-dz.com\/index.php\/wp-json\/wp\/v2\/product\/22854","targetHints":{"allow":["GET"]}}],"collection":[{"href":"https:\/\/docmarket-dz.com\/index.php\/wp-json\/wp\/v2\/product"}],"about":[{"href":"https:\/\/docmarket-dz.com\/index.php\/wp-json\/wp\/v2\/types\/product"}],"replies":[{"embeddable":true,"href":"https:\/\/docmarket-dz.com\/index.php\/wp-json\/wp\/v2\/comments?post=22854"}],"wp:featuredmedia":[{"embeddable":true,"href":"https:\/\/docmarket-dz.com\/index.php\/wp-json\/wp\/v2\/media\/22855"}],"wp:attachment":[{"href":"https:\/\/docmarket-dz.com\/index.php\/wp-json\/wp\/v2\/media?parent=22854"}],"wp:term":[{"taxonomy":"product_brand","embeddable":true,"href":"https:\/\/docmarket-dz.com\/index.php\/wp-json\/wp\/v2\/product_brand?post=22854"},{"taxonomy":"product_cat","embeddable":true,"href":"https:\/\/docmarket-dz.com\/index.php\/wp-json\/wp\/v2\/product_cat?post=22854"},{"taxonomy":"product_tag","embeddable":true,"href":"https:\/\/docmarket-dz.com\/index.php\/wp-json\/wp\/v2\/product_tag?post=22854"}],"curies":[{"name":"wp","href":"https:\/\/api.w.org\/{rel}","templated":true}]}}