{"id":24000,"date":"2019-03-24T21:00:17","date_gmt":"2019-03-24T20:00:17","guid":{"rendered":"https:\/\/docmarket-dz.com\/?post_type=product&#038;p=78"},"modified":"2025-05-12T15:58:27","modified_gmt":"2025-05-12T14:58:27","slug":"3-layer-disposable-protective-face-masks-2","status":"publish","type":"product","link":"https:\/\/docmarket-dz.com\/index.php\/product\/3-layer-disposable-protective-face-masks-2\/","title":{"rendered":"Masques de protection jetables \u00e0 3 couches &#8211; Boite de 100 unites"},"content":{"rendered":"","protected":false},"excerpt":{"rendered":"","protected":false},"featured_media":16842,"comment_status":"open","ping_status":"closed","template":"","meta":{"content-type":"","om_disable_all_campaigns":false,"_uf_show_specific_survey":0,"_uf_disable_surveys":false,"jetpack_publicize_message":"","jetpack_publicize_feature_enabled":true,"jetpack_social_post_already_shared":false,"jetpack_social_options":{"image_generator_settings":{"template":"highway","default_image_id":0,"font":"","enabled":false},"version":2}},"product_brand":[],"product_cat":[560,487],"product_tag":[80,86,88,89],"class_list":{"0":"post-24000","1":"product","2":"type-product","3":"status-publish","4":"has-post-thumbnail","6":"product_cat-hygiene","7":"product_cat-medical","8":"product_tag-theme-sky","9":"product_tag-upstore","10":"product_tag-woocommerce","11":"product_tag-wordpress","13":"first","14":"onbackorder","15":"featured","16":"taxable","17":"shipping-taxable","18":"purchasable","19":"product-type-simple"},"supplier_id":24814,"supplier_sku":"","barcode":null,"atum_controlled":true,"out_stock_date":"2025-05-05 17:27:54","out_stock_threshold":null,"inheritable":false,"inbound_stock":0,"stock_on_hold":0,"sold_today":0,"sales_last_days":0,"reserved_stock":0,"customer_returns":0,"warehouse_damage":0,"lost_in_post":0,"other_logs":0,"out_stock_days":339,"lost_sales":0,"has_location":true,"update_date":"2026-04-10T00:05:15","atum_locations":[{"id":961,"name":"D3","slug":"d3"}],"atum_stock_status":"onbackorder","restock_status":false,"low_stock_amount":"","sales_update_date":"2026-04-10T00:05:15","calc_backorders":0,"aioseo_notices":[],"jetpack_publicize_connections":[],"jetpack-related-posts":[{"id":30519,"url":"https:\/\/docmarket-dz.com\/index.php\/product\/bavette-masques-de-protection-jetables-a-3-couches-boite-de-100-unites-giap\/","url_meta":{"origin":24000,"position":0},"title":"Bavette &#8211; Masques de protection jetables \u00e0 3 couches &#8211; Boite de 100 unit\u00e9s GIAP","author":"Amel","date":"27\/11\/2025","format":false,"excerpt":"Le masque chirurgical ou bavette est un masque \u00e0 usage unique con\u00e7u pour limiter la propagation des germes en retenant les gouttelettes respiratoires. Il est principalement utilis\u00e9 par les professionnels de la sant\u00e9 lors d'interventions chirurgicales et par les personnes contagieuses pour prot\u00e9ger leur entourage","rel":"","context":"Article similaire","block_context":{"text":"Article similaire","link":""},"img":{"alt_text":"","src":"https:\/\/i0.wp.com\/docmarket-dz.com\/wp-content\/uploads\/2020\/08\/face-masks.jpg?fit=465%2C351&ssl=1&resize=350%2C200","width":350,"height":200},"classes":[]},{"id":29836,"url":"https:\/\/docmarket-dz.com\/index.php\/product\/masques-de-protection-jetables-a-3-couches-boite-de50unites\/","url_meta":{"origin":24000,"position":1},"title":"Bavette &#8211; Masques de protection jetables \u00e0 3 couches &#8211; Boite de 50 unit\u00e9s","author":"Amel","date":"14\/01\/2025","format":false,"excerpt":"Le masque chirurgical ou bavette est un masque \u00e0 usage unique con\u00e7u pour limiter la propagation des germes en retenant les gouttelettes respiratoires. Il est principalement utilis\u00e9 par les professionnels de la sant\u00e9 lors d'interventions chirurgicales et par les personnes contagieuses pour prot\u00e9ger leur entourage","rel":"","context":"Article similaire","block_context":{"text":"Article similaire","link":""},"img":{"alt_text":"","src":"https:\/\/i0.wp.com\/docmarket-dz.com\/wp-content\/uploads\/2020\/08\/face-masks.jpg?fit=465%2C351&ssl=1&resize=350%2C200","width":350,"height":200},"classes":[]},{"id":29088,"url":"https:\/\/docmarket-dz.com\/index.php\/product\/aiguille-individuelle-g25-boite-de-100-unites\/","url_meta":{"origin":24000,"position":2},"title":"Aiguille individuelle G25 &#8211; boite de 100 unit\u00e9s","author":"Sofiane Arbouche","date":"20\/06\/2024","format":false,"excerpt":"","rel":"","context":"Article similaire","block_context":{"text":"Article similaire","link":""},"img":{"alt_text":"","src":"https:\/\/i0.wp.com\/docmarket-dz.com\/wp-content\/uploads\/2024\/06\/Sans-titre-2.png?fit=215%2C234&ssl=1&resize=350%2C200","width":350,"height":200},"classes":[]},{"id":29179,"url":"https:\/\/docmarket-dz.com\/index.php\/product\/gant-nitril-box-de-100-unite-exam-gloves\/","url_meta":{"origin":24000,"position":3},"title":"Gant NITRIL- Box de 100 unit\u00e9-EXAM GLOVES","author":"Sofiane Arbouche","date":"10\/07\/2024","format":false,"excerpt":"Gants d\u2019examen en Nitrile (boite de 100 unit\u00e9s) : Non st\u00e9rile Ambidextre Usage unique","rel":"","context":"Article similaire","block_context":{"text":"Article similaire","link":""},"img":{"alt_text":"","src":"https:\/\/i0.wp.com\/docmarket-dz.com\/wp-content\/uploads\/2024\/07\/Sans-titre-1.png?fit=210%2C240&ssl=1&resize=350%2C200","width":350,"height":200},"classes":[]},{"id":29077,"url":"https:\/\/docmarket-dz.com\/index.php\/product\/gant-nitril-box-de-100-unite-medcare\/","url_meta":{"origin":24000,"position":4},"title":"Gant NITRIL- Box de 100 unit\u00e9-MEDCARE","author":"Sofiane Arbouche","date":"19\/06\/2024","format":false,"excerpt":"Gants d\u2019examen en Nitrile (boite de 100 unit\u00e9s) : Non st\u00e9rile Ambidextre Usage unique","rel":"","context":"Article similaire","block_context":{"text":"Article similaire","link":""},"img":{"alt_text":"","src":"https:\/\/i0.wp.com\/docmarket-dz.com\/wp-content\/uploads\/2024\/06\/Sans-titre-1.png?fit=225%2C225&ssl=1&resize=350%2C200","width":350,"height":200},"classes":[]},{"id":27635,"url":"https:\/\/docmarket-dz.com\/index.php\/product\/gant-nitril-box-de-100-unite-maxwell\/","url_meta":{"origin":24000,"position":5},"title":"Gant NITRIL  &#8211; Box de 100 unit\u00e9-MAXWELL","author":"Somia Belmadani","date":"26\/10\/2023","format":false,"excerpt":"Gants d\u2019examen en latex (boite de 100 unit\u00e9s) : Non st\u00e9rile Ambidextre Usage unique L\u00e9g\u00e8rement poudr\u00e9e","rel":"","context":"Article similaire","block_context":{"text":"Article similaire","link":""},"img":{"alt_text":"","src":"https:\/\/i0.wp.com\/docmarket-dz.com\/wp-content\/uploads\/2023\/10\/fewr-1-e1697710044629.jpg?fit=600%2C501&ssl=1&resize=350%2C200","width":350,"height":200,"srcset":"https:\/\/i0.wp.com\/docmarket-dz.com\/wp-content\/uploads\/2023\/10\/fewr-1-e1697710044629.jpg?fit=600%2C501&ssl=1&resize=350%2C200 1x, https:\/\/i0.wp.com\/docmarket-dz.com\/wp-content\/uploads\/2023\/10\/fewr-1-e1697710044629.jpg?fit=600%2C501&ssl=1&resize=525%2C300 1.5x"},"classes":[]}],"jetpack_sharing_enabled":true,"tiered_pricing_type":"fixed","tiered_pricing_fixed_rules":[],"tiered_pricing_product_settings":{"layout":"default","base_unit_name":{"singular":null,"plural":null},"default_variation":null},"tiered_pricing_minimum_quantity":null,"tiered_pricing_roles_data":[],"tiered_pricing_percentage_rules":[],"_links":{"self":[{"href":"https:\/\/docmarket-dz.com\/index.php\/wp-json\/wp\/v2\/product\/24000","targetHints":{"allow":["GET"]}}],"collection":[{"href":"https:\/\/docmarket-dz.com\/index.php\/wp-json\/wp\/v2\/product"}],"about":[{"href":"https:\/\/docmarket-dz.com\/index.php\/wp-json\/wp\/v2\/types\/product"}],"replies":[{"embeddable":true,"href":"https:\/\/docmarket-dz.com\/index.php\/wp-json\/wp\/v2\/comments?post=24000"}],"wp:featuredmedia":[{"embeddable":true,"href":"https:\/\/docmarket-dz.com\/index.php\/wp-json\/wp\/v2\/media\/16842"}],"wp:attachment":[{"href":"https:\/\/docmarket-dz.com\/index.php\/wp-json\/wp\/v2\/media?parent=24000"}],"wp:term":[{"taxonomy":"product_brand","embeddable":true,"href":"https:\/\/docmarket-dz.com\/index.php\/wp-json\/wp\/v2\/product_brand?post=24000"},{"taxonomy":"product_cat","embeddable":true,"href":"https:\/\/docmarket-dz.com\/index.php\/wp-json\/wp\/v2\/product_cat?post=24000"},{"taxonomy":"product_tag","embeddable":true,"href":"https:\/\/docmarket-dz.com\/index.php\/wp-json\/wp\/v2\/product_tag?post=24000"}],"curies":[{"name":"wp","href":"https:\/\/api.w.org\/{rel}","templated":true}]}}