{"id":24202,"date":"2022-12-19T15:14:25","date_gmt":"2022-12-19T14:14:25","guid":{"rendered":"https:\/\/docmarket-dz.com\/?post_type=product&#038;p=24202"},"modified":"2023-08-09T14:19:34","modified_gmt":"2023-08-09T13:19:34","slug":"tampon-sec-2","status":"publish","type":"product","link":"https:\/\/docmarket-dz.com\/index.php\/product\/tampon-sec-2\/","title":{"rendered":"Boite Tampon sec"},"content":{"rendered":"<p>Lingette non tiss\u00e9e<br \/>\n8cm x 6cm<br \/>\nEmballage duplex<br \/>\nBoite de 150<\/p>\n<p>Le tampon sec est utilis\u00e9 pour les op\u00e9rations de poste ponction afin de stopper l\u2019\u00e9coulement sanguin<\/p>\n","protected":false},"excerpt":{"rendered":"<ul class=\"ul-style check\">\n<li>Lingette non tiss\u00e9e<\/li>\n<li>8cm x 6cm<\/li>\n<li>Emballage duplex<\/li>\n<li>Boite de 150<\/li>\n<\/ul>\n","protected":false},"featured_media":24208,"comment_status":"open","ping_status":"closed","template":"","meta":{"content-type":"","om_disable_all_campaigns":false,"_uf_show_specific_survey":0,"_uf_disable_surveys":false,"jetpack_publicize_message":"","jetpack_publicize_feature_enabled":true,"jetpack_social_post_already_shared":false,"jetpack_social_options":{"image_generator_settings":{"template":"highway","default_image_id":0,"font":"","enabled":false},"version":2}},"product_brand":[],"product_cat":[487],"product_tag":[],"class_list":{"0":"post-24202","1":"product","2":"type-product","3":"status-publish","4":"has-post-thumbnail","6":"product_cat-medical","7":"ts_product_brand-sofiamed","9":"first","10":"onbackorder","11":"sale","12":"taxable","13":"shipping-taxable","14":"purchasable","15":"product-type-simple"},"supplier_id":null,"supplier_sku":"","barcode":null,"atum_controlled":true,"out_stock_date":null,"out_stock_threshold":null,"inheritable":false,"inbound_stock":0,"stock_on_hold":0,"sold_today":0,"sales_last_days":0,"reserved_stock":0,"customer_returns":0,"warehouse_damage":0,"lost_in_post":0,"other_logs":0,"out_stock_days":0,"lost_sales":0,"has_location":false,"update_date":"2026-04-10T00:05:13","atum_locations":[],"atum_stock_status":"onbackorder","restock_status":false,"low_stock_amount":"","sales_update_date":"2026-04-10T00:05:13","calc_backorders":null,"aioseo_notices":[],"jetpack_publicize_connections":[],"jetpack-related-posts":[{"id":24216,"url":"https:\/\/docmarket-dz.com\/index.php\/product\/compresse-individuelle-non-tisse\/","url_meta":{"origin":24202,"position":0},"title":"COMPRESSE INDIVIDUELLE NON TISSE","author":"falek.h","date":"19\/12\/2022","format":false,"excerpt":"Lingette non tiss\u00e9e 20cm x 10cm Emballage duplex","rel":"","context":"Article similaire","block_context":{"text":"Article similaire","link":""},"img":{"alt_text":"","src":"https:\/\/i0.wp.com\/docmarket-dz.com\/wp-content\/uploads\/2022\/12\/PhotoRoom-20221217_203902-PhotoRoom1-e1671462531969.jpg?fit=599%2C688&ssl=1&resize=350%2C200","width":350,"height":200,"srcset":"https:\/\/i0.wp.com\/docmarket-dz.com\/wp-content\/uploads\/2022\/12\/PhotoRoom-20221217_203902-PhotoRoom1-e1671462531969.jpg?fit=599%2C688&ssl=1&resize=350%2C200 1x, https:\/\/i0.wp.com\/docmarket-dz.com\/wp-content\/uploads\/2022\/12\/PhotoRoom-20221217_203902-PhotoRoom1-e1671462531969.jpg?fit=599%2C688&ssl=1&resize=525%2C300 1.5x"},"classes":[]},{"id":29339,"url":"https:\/\/docmarket-dz.com\/index.php\/product\/compresses-non-steriles-10-x-10-boite-de-100-pcs-marque-giap\/","url_meta":{"origin":24202,"position":1},"title":"COMPRESSES NON STERILES 10 X 10 Boite  de 100 pcs  Marque GIAP","author":"TIKELALINE Amel","date":"19\/09\/2024","format":false,"excerpt":"","rel":"","context":"Article similaire","block_context":{"text":"Article similaire","link":""},"img":{"alt_text":"","src":"","width":0,"height":0},"classes":[]},{"id":30561,"url":"https:\/\/docmarket-dz.com\/index.php\/product\/urgo-strapping-bande-elastique-adhesive-25m-x-6cm\/","url_meta":{"origin":24202,"position":2},"title":"Urgo strapping bande \u00e9lastique adh\u00e9sive 2,5m \u00d7 6cm","author":"Amel","date":"09\/12\/2025","format":false,"excerpt":"","rel":"","context":"Article similaire","block_context":{"text":"Article similaire","link":""},"img":{"alt_text":"","src":"","width":0,"height":0},"classes":[]},{"id":24605,"url":"https:\/\/docmarket-dz.com\/index.php\/product\/tampons-dentaire-coton-salivaire\/","url_meta":{"origin":24202,"position":3},"title":"Tampons Dentaire &#8211; coton salivaire non st\u00e9rile","author":"falek.h","date":"07\/01\/2023","format":false,"excerpt":"","rel":"","context":"Article similaire","block_context":{"text":"Article similaire","link":""},"img":{"alt_text":"","src":"https:\/\/i0.wp.com\/docmarket-dz.com\/wp-content\/uploads\/2023\/01\/IMG_2777-PhotoRoom.png-PhotoRoom.png?fit=608%2C602&ssl=1&resize=350%2C200","width":350,"height":200,"srcset":"https:\/\/i0.wp.com\/docmarket-dz.com\/wp-content\/uploads\/2023\/01\/IMG_2777-PhotoRoom.png-PhotoRoom.png?fit=608%2C602&ssl=1&resize=350%2C200 1x, https:\/\/i0.wp.com\/docmarket-dz.com\/wp-content\/uploads\/2023\/01\/IMG_2777-PhotoRoom.png-PhotoRoom.png?fit=608%2C602&ssl=1&resize=525%2C300 1.5x"},"classes":[]},{"id":28932,"url":"https:\/\/docmarket-dz.com\/index.php\/product\/lingette-desinfectantes-bechtofix\/","url_meta":{"origin":24202,"position":4},"title":"LINGETTE DESINFECTANTES BECHTOFIX","author":"Sofiane Arbouche","date":"06\/05\/2024","format":false,"excerpt":"","rel":"","context":"Article similaire","block_context":{"text":"Article similaire","link":""},"img":{"alt_text":"","src":"https:\/\/i0.wp.com\/docmarket-dz.com\/wp-content\/uploads\/2024\/05\/3.png?fit=300%2C357&ssl=1&resize=350%2C200","width":350,"height":200},"classes":[]},{"id":28935,"url":"https:\/\/docmarket-dz.com\/index.php\/product\/lingette-desinfectantes-xl-wipes-sans-alcool\/","url_meta":{"origin":24202,"position":5},"title":"LINGETTE DESINFECTANTES BECHT XL WIPES &#8211; SANS ALCOOL","author":"Sofiane Arbouche","date":"06\/05\/2024","format":false,"excerpt":"","rel":"","context":"Article similaire","block_context":{"text":"Article similaire","link":""},"img":{"alt_text":"","src":"https:\/\/i0.wp.com\/docmarket-dz.com\/wp-content\/uploads\/2024\/05\/30.jpg?fit=1136%2C1200&ssl=1&resize=350%2C200","width":350,"height":200,"srcset":"https:\/\/i0.wp.com\/docmarket-dz.com\/wp-content\/uploads\/2024\/05\/30.jpg?fit=1136%2C1200&ssl=1&resize=350%2C200 1x, https:\/\/i0.wp.com\/docmarket-dz.com\/wp-content\/uploads\/2024\/05\/30.jpg?fit=1136%2C1200&ssl=1&resize=525%2C300 1.5x, https:\/\/i0.wp.com\/docmarket-dz.com\/wp-content\/uploads\/2024\/05\/30.jpg?fit=1136%2C1200&ssl=1&resize=700%2C400 2x, https:\/\/i0.wp.com\/docmarket-dz.com\/wp-content\/uploads\/2024\/05\/30.jpg?fit=1136%2C1200&ssl=1&resize=1050%2C600 3x"},"classes":[]}],"jetpack_sharing_enabled":true,"tiered_pricing_type":"fixed","tiered_pricing_fixed_rules":[],"tiered_pricing_product_settings":{"layout":"default","base_unit_name":{"singular":null,"plural":null},"default_variation":null},"tiered_pricing_minimum_quantity":null,"tiered_pricing_roles_data":[],"tiered_pricing_percentage_rules":[],"_links":{"self":[{"href":"https:\/\/docmarket-dz.com\/index.php\/wp-json\/wp\/v2\/product\/24202","targetHints":{"allow":["GET"]}}],"collection":[{"href":"https:\/\/docmarket-dz.com\/index.php\/wp-json\/wp\/v2\/product"}],"about":[{"href":"https:\/\/docmarket-dz.com\/index.php\/wp-json\/wp\/v2\/types\/product"}],"replies":[{"embeddable":true,"href":"https:\/\/docmarket-dz.com\/index.php\/wp-json\/wp\/v2\/comments?post=24202"}],"wp:featuredmedia":[{"embeddable":true,"href":"https:\/\/docmarket-dz.com\/index.php\/wp-json\/wp\/v2\/media\/24208"}],"wp:attachment":[{"href":"https:\/\/docmarket-dz.com\/index.php\/wp-json\/wp\/v2\/media?parent=24202"}],"wp:term":[{"taxonomy":"product_brand","embeddable":true,"href":"https:\/\/docmarket-dz.com\/index.php\/wp-json\/wp\/v2\/product_brand?post=24202"},{"taxonomy":"product_cat","embeddable":true,"href":"https:\/\/docmarket-dz.com\/index.php\/wp-json\/wp\/v2\/product_cat?post=24202"},{"taxonomy":"product_tag","embeddable":true,"href":"https:\/\/docmarket-dz.com\/index.php\/wp-json\/wp\/v2\/product_tag?post=24202"}],"curies":[{"name":"wp","href":"https:\/\/api.w.org\/{rel}","templated":true}]}}