{"id":24216,"date":"2022-12-19T16:09:01","date_gmt":"2022-12-19T15:09:01","guid":{"rendered":"https:\/\/docmarket-dz.com\/?post_type=product&#038;p=24216"},"modified":"2023-08-09T14:19:33","modified_gmt":"2023-08-09T13:19:33","slug":"compresse-individuelle-non-tisse","status":"publish","type":"product","link":"https:\/\/docmarket-dz.com\/index.php\/product\/compresse-individuelle-non-tisse\/","title":{"rendered":"COMPRESSE INDIVIDUELLE NON TISSE"},"content":{"rendered":"<ul>\n<li>Lingette non tiss\u00e9e<\/li>\n<li>20cm x 10cm<\/li>\n<li>Emballage duplex<\/li>\n<\/ul>\n<p>Compresse non tiss\u00e9e non st\u00e9rile \u00e0 utiliser pour couvrir les blessures ou les nettoyer avec une solution d\u00e9sinfectante<\/p>\n","protected":false},"excerpt":{"rendered":"<ul class=\"ul-style check\">\n<li>Lingette non tiss\u00e9e<\/li>\n<li>20cm x 10cm<\/li>\n<li>Emballage duplex<\/li>\n<\/ul>\n","protected":false},"featured_media":24217,"comment_status":"open","ping_status":"closed","template":"","meta":{"content-type":"","om_disable_all_campaigns":false,"_uf_show_specific_survey":0,"_uf_disable_surveys":false,"jetpack_publicize_message":"","jetpack_publicize_feature_enabled":true,"jetpack_social_post_already_shared":false,"jetpack_social_options":{"image_generator_settings":{"template":"highway","default_image_id":0,"font":"","enabled":false},"version":2}},"product_brand":[],"product_cat":[487],"product_tag":[],"class_list":{"0":"post-24216","1":"product","2":"type-product","3":"status-publish","4":"has-post-thumbnail","6":"product_cat-medical","7":"ts_product_brand-sofiamed","9":"first","10":"onbackorder","11":"taxable","12":"shipping-taxable","13":"product-type-simple"},"supplier_id":null,"supplier_sku":"","barcode":null,"atum_controlled":true,"out_stock_date":null,"out_stock_threshold":null,"inheritable":false,"inbound_stock":0,"stock_on_hold":0,"sold_today":0,"sales_last_days":0,"reserved_stock":0,"customer_returns":0,"warehouse_damage":0,"lost_in_post":0,"other_logs":0,"out_stock_days":0,"lost_sales":0,"has_location":false,"update_date":"2026-04-10T00:05:13","atum_locations":[],"atum_stock_status":"onbackorder","restock_status":false,"low_stock_amount":"","sales_update_date":"2026-04-10T00:05:13","calc_backorders":null,"aioseo_notices":[],"jetpack_publicize_connections":[],"jetpack-related-posts":[{"id":24202,"url":"https:\/\/docmarket-dz.com\/index.php\/product\/tampon-sec-2\/","url_meta":{"origin":24216,"position":0},"title":"Boite Tampon sec","author":"falek.h","date":"19\/12\/2022","format":false,"excerpt":"Lingette non tiss\u00e9e 8cm x 6cm Emballage duplex Boite de 150","rel":"","context":"Article similaire","block_context":{"text":"Article similaire","link":""},"img":{"alt_text":"","src":"https:\/\/i0.wp.com\/docmarket-dz.com\/wp-content\/uploads\/2022\/12\/tampon-sec-PhotoRoom2-e1671461162211.jpg?fit=600%2C502&ssl=1&resize=350%2C200","width":350,"height":200,"srcset":"https:\/\/i0.wp.com\/docmarket-dz.com\/wp-content\/uploads\/2022\/12\/tampon-sec-PhotoRoom2-e1671461162211.jpg?fit=600%2C502&ssl=1&resize=350%2C200 1x, https:\/\/i0.wp.com\/docmarket-dz.com\/wp-content\/uploads\/2022\/12\/tampon-sec-PhotoRoom2-e1671461162211.jpg?fit=600%2C502&ssl=1&resize=525%2C300 1.5x"},"classes":[]},{"id":29339,"url":"https:\/\/docmarket-dz.com\/index.php\/product\/compresses-non-steriles-10-x-10-boite-de-100-pcs-marque-giap\/","url_meta":{"origin":24216,"position":1},"title":"COMPRESSES NON STERILES 10 X 10 Boite  de 100 pcs  Marque GIAP","author":"TIKELALINE Amel","date":"19\/09\/2024","format":false,"excerpt":"","rel":"","context":"Article similaire","block_context":{"text":"Article similaire","link":""},"img":{"alt_text":"","src":"","width":0,"height":0},"classes":[]},{"id":28436,"url":"https:\/\/docmarket-dz.com\/index.php\/product\/trocart-biopsie-g08-10cm\/","url_meta":{"origin":24216,"position":2},"title":"Trocart (biopsie) G08\/ 10cm","author":"Sofiane Arbouche","date":"01\/02\/2024","format":false,"excerpt":"","rel":"","context":"Article similaire","block_context":{"text":"Article similaire","link":""},"img":{"alt_text":"","src":"https:\/\/i0.wp.com\/docmarket-dz.com\/wp-content\/uploads\/2024\/02\/IMG_2910.png?fit=604%2C599&ssl=1&resize=350%2C200","width":350,"height":200,"srcset":"https:\/\/i0.wp.com\/docmarket-dz.com\/wp-content\/uploads\/2024\/02\/IMG_2910.png?fit=604%2C599&ssl=1&resize=350%2C200 1x, https:\/\/i0.wp.com\/docmarket-dz.com\/wp-content\/uploads\/2024\/02\/IMG_2910.png?fit=604%2C599&ssl=1&resize=525%2C300 1.5x"},"classes":[]},{"id":28932,"url":"https:\/\/docmarket-dz.com\/index.php\/product\/lingette-desinfectantes-bechtofix\/","url_meta":{"origin":24216,"position":3},"title":"LINGETTE DESINFECTANTES BECHTOFIX","author":"Sofiane Arbouche","date":"06\/05\/2024","format":false,"excerpt":"","rel":"","context":"Article similaire","block_context":{"text":"Article similaire","link":""},"img":{"alt_text":"","src":"https:\/\/i0.wp.com\/docmarket-dz.com\/wp-content\/uploads\/2024\/05\/3.png?fit=300%2C357&ssl=1&resize=350%2C200","width":350,"height":200},"classes":[]},{"id":28935,"url":"https:\/\/docmarket-dz.com\/index.php\/product\/lingette-desinfectantes-xl-wipes-sans-alcool\/","url_meta":{"origin":24216,"position":4},"title":"LINGETTE DESINFECTANTES BECHT XL WIPES &#8211; SANS ALCOOL","author":"Sofiane Arbouche","date":"06\/05\/2024","format":false,"excerpt":"","rel":"","context":"Article similaire","block_context":{"text":"Article similaire","link":""},"img":{"alt_text":"","src":"https:\/\/i0.wp.com\/docmarket-dz.com\/wp-content\/uploads\/2024\/05\/30.jpg?fit=1136%2C1200&ssl=1&resize=350%2C200","width":350,"height":200,"srcset":"https:\/\/i0.wp.com\/docmarket-dz.com\/wp-content\/uploads\/2024\/05\/30.jpg?fit=1136%2C1200&ssl=1&resize=350%2C200 1x, https:\/\/i0.wp.com\/docmarket-dz.com\/wp-content\/uploads\/2024\/05\/30.jpg?fit=1136%2C1200&ssl=1&resize=525%2C300 1.5x, https:\/\/i0.wp.com\/docmarket-dz.com\/wp-content\/uploads\/2024\/05\/30.jpg?fit=1136%2C1200&ssl=1&resize=700%2C400 2x, https:\/\/i0.wp.com\/docmarket-dz.com\/wp-content\/uploads\/2024\/05\/30.jpg?fit=1136%2C1200&ssl=1&resize=1050%2C600 3x"},"classes":[]},{"id":24366,"url":"https:\/\/docmarket-dz.com\/index.php\/product\/sparadrap-multi-extensible-10mx15-cm-non-tisse-hypo-alergenique\/","url_meta":{"origin":24216,"position":5},"title":"SPARADRAP MULTI-EXTENSIBLE 10MX15 CM NON TISSE HYPO-ALERGENIQUE","author":"falek.h","date":"23\/12\/2022","format":false,"excerpt":"Le sparadrap en non tiss\u00e9 extensible est utilis\u00e9 pour la\u00a0protection des plaies et des pansements sur des surfaces importantes. En effet, ce sparadrap m\u00e9dical est indiqu\u00e9 pour la fixation de pansements et de dispositifs m\u00e9dicaux (canules, aiguilles, drains, cath\u00e9ters...). Sparadrap Fixneir en non-tiss\u00e9 Bande adh\u00e9sive gradu\u00e9e tous les 10cm Pour\u2026","rel":"","context":"Article similaire","block_context":{"text":"Article similaire","link":""},"img":{"alt_text":"","src":"https:\/\/i0.wp.com\/docmarket-dz.com\/wp-content\/uploads\/2022\/12\/SPARADRAP-MULTI-EXTENSIBLE-10-MX-15-CM-NON-TISSE-HYPOALLERGENIQUE-e1680774926598.jpg?fit=525%2C600&ssl=1&resize=350%2C200","width":350,"height":200,"srcset":"https:\/\/i0.wp.com\/docmarket-dz.com\/wp-content\/uploads\/2022\/12\/SPARADRAP-MULTI-EXTENSIBLE-10-MX-15-CM-NON-TISSE-HYPOALLERGENIQUE-e1680774926598.jpg?fit=525%2C600&ssl=1&resize=350%2C200 1x, https:\/\/i0.wp.com\/docmarket-dz.com\/wp-content\/uploads\/2022\/12\/SPARADRAP-MULTI-EXTENSIBLE-10-MX-15-CM-NON-TISSE-HYPOALLERGENIQUE-e1680774926598.jpg?fit=525%2C600&ssl=1&resize=525%2C300 1.5x"},"classes":[]}],"jetpack_sharing_enabled":true,"tiered_pricing_type":"fixed","tiered_pricing_fixed_rules":[],"tiered_pricing_product_settings":{"layout":"default","base_unit_name":{"singular":null,"plural":null},"default_variation":null},"tiered_pricing_minimum_quantity":null,"tiered_pricing_roles_data":[],"tiered_pricing_percentage_rules":[],"_links":{"self":[{"href":"https:\/\/docmarket-dz.com\/index.php\/wp-json\/wp\/v2\/product\/24216","targetHints":{"allow":["GET"]}}],"collection":[{"href":"https:\/\/docmarket-dz.com\/index.php\/wp-json\/wp\/v2\/product"}],"about":[{"href":"https:\/\/docmarket-dz.com\/index.php\/wp-json\/wp\/v2\/types\/product"}],"replies":[{"embeddable":true,"href":"https:\/\/docmarket-dz.com\/index.php\/wp-json\/wp\/v2\/comments?post=24216"}],"wp:featuredmedia":[{"embeddable":true,"href":"https:\/\/docmarket-dz.com\/index.php\/wp-json\/wp\/v2\/media\/24217"}],"wp:attachment":[{"href":"https:\/\/docmarket-dz.com\/index.php\/wp-json\/wp\/v2\/media?parent=24216"}],"wp:term":[{"taxonomy":"product_brand","embeddable":true,"href":"https:\/\/docmarket-dz.com\/index.php\/wp-json\/wp\/v2\/product_brand?post=24216"},{"taxonomy":"product_cat","embeddable":true,"href":"https:\/\/docmarket-dz.com\/index.php\/wp-json\/wp\/v2\/product_cat?post=24216"},{"taxonomy":"product_tag","embeddable":true,"href":"https:\/\/docmarket-dz.com\/index.php\/wp-json\/wp\/v2\/product_tag?post=24216"}],"curies":[{"name":"wp","href":"https:\/\/api.w.org\/{rel}","templated":true}]}}