{"id":24371,"date":"2022-12-23T09:08:29","date_gmt":"2022-12-23T08:08:29","guid":{"rendered":"https:\/\/docmarket-dz.com\/?post_type=product&#038;p=24371"},"modified":"2023-08-09T14:19:02","modified_gmt":"2023-08-09T13:19:02","slug":"ciseaux-mousse-droits-15-cm","status":"publish","type":"product","link":"https:\/\/docmarket-dz.com\/index.php\/product\/ciseaux-mousse-droits-15-cm\/","title":{"rendered":"CISEAUX MOUSSE DROITS 15 CM"},"content":{"rendered":"","protected":false},"excerpt":{"rendered":"","protected":false},"featured_media":24465,"comment_status":"closed","ping_status":"closed","template":"","meta":{"content-type":"","om_disable_all_campaigns":false,"_uf_show_specific_survey":0,"_uf_disable_surveys":false,"jetpack_publicize_message":"","jetpack_publicize_feature_enabled":true,"jetpack_social_post_already_shared":false,"jetpack_social_options":{"image_generator_settings":{"template":"highway","default_image_id":0,"font":"","enabled":false},"version":2}},"product_brand":[],"product_cat":[487],"product_tag":[],"class_list":{"0":"post-24371","1":"product","2":"type-product","3":"status-publish","4":"has-post-thumbnail","6":"product_cat-medical","8":"first","9":"onbackorder","10":"taxable","11":"shipping-taxable","12":"purchasable","13":"product-type-simple"},"supplier_id":null,"supplier_sku":"","barcode":null,"atum_controlled":true,"out_stock_date":null,"out_stock_threshold":null,"inheritable":false,"inbound_stock":0,"stock_on_hold":0,"sold_today":0,"sales_last_days":0,"reserved_stock":0,"customer_returns":0,"warehouse_damage":0,"lost_in_post":0,"other_logs":0,"out_stock_days":0,"lost_sales":0,"has_location":false,"update_date":"2026-04-10T00:05:15","atum_locations":[],"atum_stock_status":"onbackorder","restock_status":false,"low_stock_amount":"","sales_update_date":"2026-04-10T00:05:15","calc_backorders":null,"aioseo_notices":[],"jetpack_publicize_connections":[],"jetpack-related-posts":[{"id":24370,"url":"https:\/\/docmarket-dz.com\/index.php\/product\/ciseaux-mousse-droits-13-cm\/","url_meta":{"origin":24371,"position":0},"title":"CISEAUX MOUSSE DROITS 13 CM","author":"falek.h","date":"23\/12\/2022","format":false,"excerpt":"","rel":"","context":"Article similaire","block_context":{"text":"Article similaire","link":""},"img":{"alt_text":"","src":"https:\/\/i0.wp.com\/docmarket-dz.com\/wp-content\/uploads\/2022\/12\/CISEAUX-MOUSSE-DROITS-13-CM.png?fit=300%2C240&ssl=1&resize=350%2C200","width":350,"height":200},"classes":[]},{"id":28897,"url":"https:\/\/docmarket-dz.com\/index.php\/product\/ciseaux-mayo-droits23-cm\/","url_meta":{"origin":24371,"position":1},"title":"Ciseaux Mayo droits 05 CM Holtex","author":"fatmazohra.nasri","date":"29\/04\/2024","format":false,"excerpt":"","rel":"","context":"Article similaire","block_context":{"text":"Article similaire","link":""},"img":{"alt_text":"","src":"https:\/\/i0.wp.com\/docmarket-dz.com\/wp-content\/uploads\/2024\/04\/ciseaux_mayo_1.jpg?fit=800%2C800&ssl=1&resize=350%2C200","width":350,"height":200,"srcset":"https:\/\/i0.wp.com\/docmarket-dz.com\/wp-content\/uploads\/2024\/04\/ciseaux_mayo_1.jpg?fit=800%2C800&ssl=1&resize=350%2C200 1x, https:\/\/i0.wp.com\/docmarket-dz.com\/wp-content\/uploads\/2024\/04\/ciseaux_mayo_1.jpg?fit=800%2C800&ssl=1&resize=525%2C300 1.5x, https:\/\/i0.wp.com\/docmarket-dz.com\/wp-content\/uploads\/2024\/04\/ciseaux_mayo_1.jpg?fit=800%2C800&ssl=1&resize=700%2C400 2x"},"classes":[]},{"id":28496,"url":"https:\/\/docmarket-dz.com\/index.php\/product\/ciseaux-iridectomie-droit-115-cm\/","url_meta":{"origin":24371,"position":2},"title":"Ciseaux iridectomie droit 11.5 cm","author":"fatmazohra.nasri","date":"07\/02\/2024","format":false,"excerpt":"Les\u00a0ciseaux iridectomie droits 11.5 cm\u00a0sont des instruments m\u00e9dicaux et chirurgicaux de service g\u00e9n\u00e9ral pour les petits soins. Pr\u00e9cis gr\u00e2ce \u00e0 ses lames fines \u00e0 bouts pointues, il est compos\u00e9 d'inox d'excellente qualit\u00e9. Pr\u00e9caution d'emploi : - Tenir les instruments propres et d\u00e9sinfecter apr\u00e8s chaque utilisation. - A manipuler par des\u2026","rel":"","context":"Article similaire","block_context":{"text":"Article similaire","link":""},"img":{"alt_text":"","src":"https:\/\/i0.wp.com\/docmarket-dz.com\/wp-content\/uploads\/2024\/02\/CISEAUX-IRIDECTOMIE-DROITS-115-CM.jpg?fit=602%2C602&ssl=1&resize=350%2C200","width":350,"height":200,"srcset":"https:\/\/i0.wp.com\/docmarket-dz.com\/wp-content\/uploads\/2024\/02\/CISEAUX-IRIDECTOMIE-DROITS-115-CM.jpg?fit=602%2C602&ssl=1&resize=350%2C200 1x, https:\/\/i0.wp.com\/docmarket-dz.com\/wp-content\/uploads\/2024\/02\/CISEAUX-IRIDECTOMIE-DROITS-115-CM.jpg?fit=602%2C602&ssl=1&resize=525%2C300 1.5x"},"classes":[]},{"id":28498,"url":"https:\/\/docmarket-dz.com\/index.php\/product\/ciseaux-iridectomie-courbe12cm\/","url_meta":{"origin":24371,"position":3},"title":"Ciseaux iridectomie Courbe11.5 cm","author":"fatmazohra.nasri","date":"07\/02\/2024","format":false,"excerpt":"Ciseaux \u00e0 iridectomie usage unique avec embouts droits ou courbes adapt\u00e9s \u00e0 tous les environnements d'intervention clinique et petite chirurgie. Mat\u00e9riaux: Acier inoxydable \/ chirurgical St\u00e9rilis\u00e9: Oui","rel":"","context":"Article similaire","block_context":{"text":"Article similaire","link":""},"img":{"alt_text":"","src":"https:\/\/i0.wp.com\/docmarket-dz.com\/wp-content\/uploads\/2024\/02\/ciseaux-a-iridectomie-courbe-12cm.jpg?fit=602%2C599&ssl=1&resize=350%2C200","width":350,"height":200,"srcset":"https:\/\/i0.wp.com\/docmarket-dz.com\/wp-content\/uploads\/2024\/02\/ciseaux-a-iridectomie-courbe-12cm.jpg?fit=602%2C599&ssl=1&resize=350%2C200 1x, https:\/\/i0.wp.com\/docmarket-dz.com\/wp-content\/uploads\/2024\/02\/ciseaux-a-iridectomie-courbe-12cm.jpg?fit=602%2C599&ssl=1&resize=525%2C300 1.5x"},"classes":[]},{"id":28799,"url":"https:\/\/docmarket-dz.com\/index.php\/product\/boite-daccouchement-simple-complete10-articles\/","url_meta":{"origin":24371,"position":4},"title":"Boite d&#8217;accouchement Simple Compl\u00e8te(10 Articles)","author":"fatmazohra.nasri","date":"04\/04\/2024","format":false,"excerpt":"La\u00a0bo\u00eete pour accouchement simple\u00a0de la marque Holtex contient des instruments\u00a0\u00e0 destination des professionnels de sant\u00e9\u00a0et en particulier des sages-femmes, con\u00e7us pour permettre de\u00a0pratiquer un accouchement sans complication. Tous ces instruments sont fabriqu\u00e9s en\u00a0acier inoxydable\u00a0et b\u00e9n\u00e9ficient d\u2019une\u00a0excellente r\u00e9sistance. Robuste, ce mat\u00e9riel r\u00e9pond aux exigences des normes en vigueur et\u00a0supporte les nettoyages\u2026","rel":"","context":"Article similaire","block_context":{"text":"Article similaire","link":""},"img":{"alt_text":"","src":"https:\/\/i0.wp.com\/docmarket-dz.com\/wp-content\/uploads\/2024\/04\/boite-accouchement-Photoroom.png-Photoroom.jpg?fit=609%2C606&ssl=1&resize=350%2C200","width":350,"height":200,"srcset":"https:\/\/i0.wp.com\/docmarket-dz.com\/wp-content\/uploads\/2024\/04\/boite-accouchement-Photoroom.png-Photoroom.jpg?fit=609%2C606&ssl=1&resize=350%2C200 1x, https:\/\/i0.wp.com\/docmarket-dz.com\/wp-content\/uploads\/2024\/04\/boite-accouchement-Photoroom.png-Photoroom.jpg?fit=609%2C606&ssl=1&resize=525%2C300 1.5x"},"classes":[]},{"id":28127,"url":"https:\/\/docmarket-dz.com\/index.php\/product\/pince-k-pince-kelly-s-g-droite-14-cm\/","url_meta":{"origin":24371,"position":5},"title":"Pince K ( PINCE KELLY &#8211; S\/G &#8211; DROITE  14 CM","author":"fatmazohra.nasri","date":"16\/12\/2023","format":false,"excerpt":"La\u00a0pince Kelly\u00a0est une pince m\u00e9dicale de pr\u00e9cision en acier inoxydable. Droite et sans griffes, elle fait 14 cm. Autoclavable. Sp\u00e9cialit\u00e9 Chirurgie","rel":"","context":"Article similaire","block_context":{"text":"Article similaire","link":""},"img":{"alt_text":"","src":"","width":0,"height":0},"classes":[]}],"jetpack_sharing_enabled":true,"tiered_pricing_type":"fixed","tiered_pricing_fixed_rules":[],"tiered_pricing_product_settings":{"layout":"default","base_unit_name":{"singular":null,"plural":null},"default_variation":null},"tiered_pricing_minimum_quantity":null,"tiered_pricing_roles_data":[],"tiered_pricing_percentage_rules":[],"_links":{"self":[{"href":"https:\/\/docmarket-dz.com\/index.php\/wp-json\/wp\/v2\/product\/24371","targetHints":{"allow":["GET"]}}],"collection":[{"href":"https:\/\/docmarket-dz.com\/index.php\/wp-json\/wp\/v2\/product"}],"about":[{"href":"https:\/\/docmarket-dz.com\/index.php\/wp-json\/wp\/v2\/types\/product"}],"replies":[{"embeddable":true,"href":"https:\/\/docmarket-dz.com\/index.php\/wp-json\/wp\/v2\/comments?post=24371"}],"wp:featuredmedia":[{"embeddable":true,"href":"https:\/\/docmarket-dz.com\/index.php\/wp-json\/wp\/v2\/media\/24465"}],"wp:attachment":[{"href":"https:\/\/docmarket-dz.com\/index.php\/wp-json\/wp\/v2\/media?parent=24371"}],"wp:term":[{"taxonomy":"product_brand","embeddable":true,"href":"https:\/\/docmarket-dz.com\/index.php\/wp-json\/wp\/v2\/product_brand?post=24371"},{"taxonomy":"product_cat","embeddable":true,"href":"https:\/\/docmarket-dz.com\/index.php\/wp-json\/wp\/v2\/product_cat?post=24371"},{"taxonomy":"product_tag","embeddable":true,"href":"https:\/\/docmarket-dz.com\/index.php\/wp-json\/wp\/v2\/product_tag?post=24371"}],"curies":[{"name":"wp","href":"https:\/\/api.w.org\/{rel}","templated":true}]}}