{"id":24379,"date":"2022-12-23T09:08:30","date_gmt":"2022-12-23T08:08:30","guid":{"rendered":"https:\/\/docmarket-dz.com\/?post_type=product&#038;p=24379"},"modified":"2026-03-21T01:43:18","modified_gmt":"2026-03-21T00:43:18","slug":"negatoscope-standard-01-plage","status":"publish","type":"product","link":"https:\/\/docmarket-dz.com\/index.php\/product\/negatoscope-standard-01-plage\/","title":{"rendered":"NEGATOSCOPE STANDARD &#8211; LOCAL"},"content":{"rendered":"<p>Eclairage \u00e0 neon, Fabriqu\u00e9 en aluminium et plexi, lumineux. cache en aluminum, Eclairage \u00e0 neon, Pein- ture \u00ab \u00e9poxy \u00bb.<\/p>\n<p>Dimensions :<\/p>\n<ul>\n<li>Largeur : 100 mm,<\/li>\n<li>Longueur : 680 mm,<\/li>\n<li>Hauteur : 440 mm.<\/li>\n<\/ul>\n","protected":false},"excerpt":{"rendered":"<p>Eclairage \u00e0 neon, Fabriqu\u00e9 en aluminium et plexi, lumineux. cache en aluminum, Eclairage \u00e0 neon, Pein- ture \u00ab \u00e9poxy \u00bb. Dimensions : Largeur : 100 mm, Longueur : 680 mm, Hauteur : 440 mm.<\/p>\n","protected":false},"featured_media":24448,"comment_status":"closed","ping_status":"closed","template":"","meta":{"content-type":"","om_disable_all_campaigns":false,"_uf_show_specific_survey":0,"_uf_disable_surveys":false,"jetpack_publicize_message":"","jetpack_publicize_feature_enabled":true,"jetpack_social_post_already_shared":false,"jetpack_social_options":{"image_generator_settings":{"template":"highway","default_image_id":0,"font":"","enabled":false},"version":2}},"product_brand":[],"product_cat":[487],"product_tag":[],"class_list":{"0":"post-24379","1":"product","2":"type-product","3":"status-publish","4":"has-post-thumbnail","6":"product_cat-medical","8":"first","9":"onbackorder","10":"featured","11":"taxable","12":"shipping-taxable","13":"purchasable","14":"product-type-variable","15":"has-default-attributes"},"supplier_id":null,"supplier_sku":"","barcode":null,"atum_controlled":true,"out_stock_date":null,"out_stock_threshold":null,"inheritable":true,"inbound_stock":0,"stock_on_hold":1,"sold_today":0,"sales_last_days":0,"reserved_stock":0,"customer_returns":0,"warehouse_damage":0,"lost_in_post":0,"other_logs":0,"out_stock_days":0,"lost_sales":0,"has_location":false,"update_date":"2026-04-10T00:05:15","atum_locations":[],"atum_stock_status":"onbackorder","restock_status":false,"low_stock_amount":"","sales_update_date":"2026-04-10T00:05:15","calc_backorders":-1,"aioseo_notices":[],"jetpack_publicize_connections":[],"jetpack-related-posts":[{"id":24451,"url":"https:\/\/docmarket-dz.com\/index.php\/product\/negatoscope-en-inox-local\/","url_meta":{"origin":24379,"position":0},"title":"NEGATOSCOPE EN ALUMINIUM &#8211; LOCAL","author":"falek.h","date":"25\/12\/2022","format":false,"excerpt":"Eclairage \u00e0 neon, Fabriqu\u00e9 en aluminium et plexi, lumineux. cache en aluminum, Eclairage \u00e0 neon, Pein- ture \u00ab \u00e9poxy \u00bb. Dimensions : Largeur : 100 mm, Longueur : 680 mm, Hauteur : 440 mm.","rel":"","context":"Article similaire","block_context":{"text":"Article similaire","link":""},"img":{"alt_text":"","src":"https:\/\/i0.wp.com\/docmarket-dz.com\/wp-content\/uploads\/2022\/12\/snapedit_1671981468692.jpg?fit=1200%2C1200&ssl=1&resize=350%2C200","width":350,"height":200,"srcset":"https:\/\/i0.wp.com\/docmarket-dz.com\/wp-content\/uploads\/2022\/12\/snapedit_1671981468692.jpg?fit=1200%2C1200&ssl=1&resize=350%2C200 1x, https:\/\/i0.wp.com\/docmarket-dz.com\/wp-content\/uploads\/2022\/12\/snapedit_1671981468692.jpg?fit=1200%2C1200&ssl=1&resize=525%2C300 1.5x, https:\/\/i0.wp.com\/docmarket-dz.com\/wp-content\/uploads\/2022\/12\/snapedit_1671981468692.jpg?fit=1200%2C1200&ssl=1&resize=700%2C400 2x, https:\/\/i0.wp.com\/docmarket-dz.com\/wp-content\/uploads\/2022\/12\/snapedit_1671981468692.jpg?fit=1200%2C1200&ssl=1&resize=1050%2C600 3x"},"classes":[]},{"id":28807,"url":"https:\/\/docmarket-dz.com\/index.php\/product\/lampe-a-ultra-violet-a-un-neon\/","url_meta":{"origin":24379,"position":1},"title":"Lampe \u00e0 ultra-violet \u00e0 un n\u00e9on","author":"fatmazohra.nasri","date":"04\/04\/2024","format":false,"excerpt":"Fabriqu\u00e9e en inox avec une seule porte horizontale. Un tube \u00e9met des rayons ultra-violets germicides et transforme l\u2019oxyg\u00e8ne en ozone, l\u2019effet du rayonnement U.V. est bact\u00e9ricide, vermicide et g\u00e9nocide. Puissance : 30 W Dur\u00e9e de st\u00e9rilisation : 1000 heures. Dimensions : Largeur : 200 mm, Longueur : 1200 mm, Profondeur\u2026","rel":"","context":"Article similaire","block_context":{"text":"Article similaire","link":""},"img":{"alt_text":"","src":"","width":0,"height":0},"classes":[]},{"id":28895,"url":"https:\/\/docmarket-dz.com\/index.php\/product\/speculum-vaginal-de-cusco-pliant-32-mm-long-90-mm\/","url_meta":{"origin":24379,"position":2},"title":"Speculum vaginal de cusco pliant 32 mm long 90 mm","author":"fatmazohra.nasri","date":"29\/04\/2024","format":false,"excerpt":"","rel":"","context":"Article similaire","block_context":{"text":"Article similaire","link":""},"img":{"alt_text":"","src":"https:\/\/i0.wp.com\/docmarket-dz.com\/wp-content\/uploads\/2024\/04\/speculum-vaginal-cusco-pliant-inox.jpg?fit=600%2C600&ssl=1&resize=350%2C200","width":350,"height":200,"srcset":"https:\/\/i0.wp.com\/docmarket-dz.com\/wp-content\/uploads\/2024\/04\/speculum-vaginal-cusco-pliant-inox.jpg?fit=600%2C600&ssl=1&resize=350%2C200 1x, https:\/\/i0.wp.com\/docmarket-dz.com\/wp-content\/uploads\/2024\/04\/speculum-vaginal-cusco-pliant-inox.jpg?fit=600%2C600&ssl=1&resize=525%2C300 1.5x"},"classes":[]},{"id":24380,"url":"https:\/\/docmarket-dz.com\/index.php\/product\/negatoscope-led-02-plages-extra-plat\/","url_meta":{"origin":24379,"position":3},"title":"NEGATOSCOPE LED EXTRA PLAT &#8211;  IMPORTATION","author":"falek.h","date":"23\/12\/2022","format":false,"excerpt":"N\u00e9gatoscope extra-plat (1, 2, 3 ou 4 plages). Fabriqu\u00e9 en alliage d'aluminium haute r\u00e9sistance, la structure de l'\u00e9cran ainsi que le corps du n\u00e9gatoscope extra-plat en font un mat\u00e9riel qui r\u00e9sistera \u00e0 l'usure provoqu\u00e9e par une utilisation intensive sur une longue dur\u00e9e. Afin de parfaire la solidit\u00e9 de sa structure,\u2026","rel":"","context":"Article similaire","block_context":{"text":"Article similaire","link":""},"img":{"alt_text":"","src":"https:\/\/i0.wp.com\/docmarket-dz.com\/wp-content\/uploads\/2022\/12\/negato-led.jpg?fit=500%2C500&ssl=1&resize=350%2C200","width":350,"height":200},"classes":[]},{"id":24369,"url":"https:\/\/docmarket-dz.com\/index.php\/product\/boite-inox-180x80x40-mm\/","url_meta":{"origin":24379,"position":4},"title":"BOITE INOX 180X80X40 MM","author":"falek.h","date":"23\/12\/2022","format":false,"excerpt":"","rel":"","context":"Article similaire","block_context":{"text":"Article similaire","link":""},"img":{"alt_text":"","src":"https:\/\/i0.wp.com\/docmarket-dz.com\/wp-content\/uploads\/2022\/12\/boite-inox.jpg?fit=500%2C500&ssl=1&resize=350%2C200","width":350,"height":200},"classes":[]},{"id":26171,"url":"https:\/\/docmarket-dz.com\/index.php\/product\/haricot-en-inox-25012045-mm\/","url_meta":{"origin":24379,"position":5},"title":"HARICOT EN INOX 250*120*45 MM","author":"falek.h","date":"12\/03\/2023","format":false,"excerpt":"","rel":"","context":"Article similaire","block_context":{"text":"Article similaire","link":""},"img":{"alt_text":"","src":"https:\/\/i0.wp.com\/docmarket-dz.com\/wp-content\/uploads\/2023\/03\/HARICOT-EN-INOX-250x120x45-MM-e1680787864940.jpg?fit=790%2C600&ssl=1&resize=350%2C200","width":350,"height":200,"srcset":"https:\/\/i0.wp.com\/docmarket-dz.com\/wp-content\/uploads\/2023\/03\/HARICOT-EN-INOX-250x120x45-MM-e1680787864940.jpg?fit=790%2C600&ssl=1&resize=350%2C200 1x, https:\/\/i0.wp.com\/docmarket-dz.com\/wp-content\/uploads\/2023\/03\/HARICOT-EN-INOX-250x120x45-MM-e1680787864940.jpg?fit=790%2C600&ssl=1&resize=525%2C300 1.5x, https:\/\/i0.wp.com\/docmarket-dz.com\/wp-content\/uploads\/2023\/03\/HARICOT-EN-INOX-250x120x45-MM-e1680787864940.jpg?fit=790%2C600&ssl=1&resize=700%2C400 2x"},"classes":[]}],"jetpack_sharing_enabled":true,"tiered_pricing_type":"fixed","tiered_pricing_fixed_rules":[],"tiered_pricing_product_settings":{"layout":"default","base_unit_name":{"singular":null,"plural":null},"default_variation":null},"tiered_pricing_minimum_quantity":null,"tiered_pricing_roles_data":[],"tiered_pricing_percentage_rules":[],"_links":{"self":[{"href":"https:\/\/docmarket-dz.com\/index.php\/wp-json\/wp\/v2\/product\/24379","targetHints":{"allow":["GET"]}}],"collection":[{"href":"https:\/\/docmarket-dz.com\/index.php\/wp-json\/wp\/v2\/product"}],"about":[{"href":"https:\/\/docmarket-dz.com\/index.php\/wp-json\/wp\/v2\/types\/product"}],"replies":[{"embeddable":true,"href":"https:\/\/docmarket-dz.com\/index.php\/wp-json\/wp\/v2\/comments?post=24379"}],"wp:featuredmedia":[{"embeddable":true,"href":"https:\/\/docmarket-dz.com\/index.php\/wp-json\/wp\/v2\/media\/24448"}],"wp:attachment":[{"href":"https:\/\/docmarket-dz.com\/index.php\/wp-json\/wp\/v2\/media?parent=24379"}],"wp:term":[{"taxonomy":"product_brand","embeddable":true,"href":"https:\/\/docmarket-dz.com\/index.php\/wp-json\/wp\/v2\/product_brand?post=24379"},{"taxonomy":"product_cat","embeddable":true,"href":"https:\/\/docmarket-dz.com\/index.php\/wp-json\/wp\/v2\/product_cat?post=24379"},{"taxonomy":"product_tag","embeddable":true,"href":"https:\/\/docmarket-dz.com\/index.php\/wp-json\/wp\/v2\/product_tag?post=24379"}],"curies":[{"name":"wp","href":"https:\/\/api.w.org\/{rel}","templated":true}]}}