{"id":24380,"date":"2022-12-23T09:08:31","date_gmt":"2022-12-23T08:08:31","guid":{"rendered":"https:\/\/docmarket-dz.com\/?post_type=product&#038;p=24380"},"modified":"2023-08-09T14:46:33","modified_gmt":"2023-08-09T13:46:33","slug":"negatoscope-led-02-plages-extra-plat","status":"publish","type":"product","link":"https:\/\/docmarket-dz.com\/index.php\/product\/negatoscope-led-02-plages-extra-plat\/","title":{"rendered":"NEGATOSCOPE LED EXTRA PLAT &#8211;  IMPORTATION"},"content":{"rendered":"<p>N\u00e9gatoscope extra-plat (1, 2, 3 ou 4 plages).<br \/>\nFabriqu\u00e9 en alliage d&#8217;aluminium haute r\u00e9sistance, la structure de l&#8217;\u00e9cran ainsi que le corps du n\u00e9gatoscope extra-plat en font un mat\u00e9riel qui r\u00e9sistera \u00e0 l&#8217;usure provoqu\u00e9e par une utilisation intensive sur une longue dur\u00e9e.<br \/>\nAfin de parfaire la solidit\u00e9 de sa structure, une plaque en acier recouverte d&#8217;ABS est fix\u00e9e sur les angles.<br \/>\nDans un objectif d&#8217;am\u00e9lioration, tant au niveau de l&#8217;esth\u00e9tisme qu&#8217;au niveau pratique, le n\u00e9gatoscope a \u00e9t\u00e9 affin\u00e9 afin de le rendre le plus discret et le plus fonctionnel possible.<br \/>\nIl dispose d&#8217;un \u00e9cran en polym\u00e8re m\u00e9thacrylique.<br \/>\nL&#8217;int\u00e9rieur et l&#8217;ext\u00e9rieur de l&#8217;appareil sont recouverts d&#8217;une poudre projet\u00e9e antistatique.<br \/>\nCes n\u00e9gatoscopes offrent un syst\u00e8me de fixation pour les radios permettant une pose et une d\u00e9pose simple, et sans cons\u00e9quence pour les radios.<\/p>\n<p><img data-recalc-dims=\"1\" loading=\"lazy\" decoding=\"async\" class=\"alignnone wp-image-24436\" src=\"https:\/\/i0.wp.com\/docmarket-dz.com\/wp-content\/uploads\/2022\/12\/negatoscope.png?resize=860%2C358&#038;ssl=1\" alt=\"\" width=\"860\" height=\"358\" srcset=\"https:\/\/i0.wp.com\/docmarket-dz.com\/wp-content\/uploads\/2022\/12\/negatoscope.png?resize=300%2C125&amp;ssl=1 300w, https:\/\/i0.wp.com\/docmarket-dz.com\/wp-content\/uploads\/2022\/12\/negatoscope.png?resize=768%2C319&amp;ssl=1 768w, https:\/\/i0.wp.com\/docmarket-dz.com\/wp-content\/uploads\/2022\/12\/negatoscope.png?resize=600%2C249&amp;ssl=1 600w, https:\/\/i0.wp.com\/docmarket-dz.com\/wp-content\/uploads\/2022\/12\/negatoscope.png?resize=310%2C129&amp;ssl=1 310w, https:\/\/i0.wp.com\/docmarket-dz.com\/wp-content\/uploads\/2022\/12\/negatoscope.png?w=888&amp;ssl=1 888w\" sizes=\"auto, (max-width: 860px) 100vw, 860px\" \/><\/p>\n<p>\u2022 T\u00f4le d&#8217;acier verni<br \/>\n\u2022 Corps divis\u00e9 en plages utilisables s\u00e9par\u00e9ment<br \/>\n\u2022 Diffuseur monochrome blanc<br \/>\n\u2022 Illumination homog\u00e8ne \u00e0 lumi\u00e8re fluorescente<br \/>\n\u2022 (50W 01 plage \/ 80W 02 plages \/ 130W 03 plages)<br \/>\n\u2022 Interrupteurs bipolaires \u00e9tanches<br \/>\n\u2022 Fusibles de s\u00e9curit\u00e9<br \/>\n\u2022 Cordon ind\u00e9pendant de l&#8217;appareil<br \/>\n\u2022 220 Volts &#8211; 50 Hz. Prise fran\u00e7aise<br \/>\n\u2022 Syst\u00e8me Facile Pour Changement des Lampe<\/p>\n<p><strong> Dimensions :<\/strong><br \/>\nN\u00e9gatoscope 01 Plage : 440\u00d7556 mm Epaisseur : 100 mm<br \/>\nN\u00e9gatoscope 02 Plages : 920\u00d7556 mm Epaisseur : 100 mm<br \/>\nN\u00e9gatoscope 03 Plages : 1225\u00d7556 mm Epaisseur : 100 mm<br \/>\nN\u00e9gatoscope 04 Plages : 1504\u00d7556 mm Epaisseur : 100 mm<\/p>\n<p><strong>Taille \u00e9cran :<\/strong><br \/>\nN\u00e9gatoscope 01 Plage : 360\u00d7435 mm<br \/>\nN\u00e9gatoscope 02 Plages : 808\u00d7435 mm<br \/>\nN\u00e9gatoscope 03 Plages : 1108\u00d7435 mm<br \/>\nN\u00e9gatoscope 04 Plages : 1424\u00d7435 mm<\/p>\n","protected":false},"excerpt":{"rendered":"<p>N\u00e9gatoscope extra-plat (1, 2, 3 ou 4 plages). Fabriqu\u00e9 en alliage d&#8217;aluminium haute r\u00e9sistance, la structure de l&#8217;\u00e9cran ainsi que le corps du n\u00e9gatoscope extra-plat en font un mat\u00e9riel qui r\u00e9sistera \u00e0 l&#8217;usure provoqu\u00e9e par une utilisation intensive sur une longue dur\u00e9e. Afin de parfaire la solidit\u00e9 de sa structure, une plaque en acier recouverte [&hellip;]<\/p>\n","protected":false},"featured_media":24442,"comment_status":"closed","ping_status":"closed","template":"","meta":{"content-type":"","om_disable_all_campaigns":false,"_uf_show_specific_survey":0,"_uf_disable_surveys":false,"jetpack_publicize_message":"","jetpack_publicize_feature_enabled":true,"jetpack_social_post_already_shared":false,"jetpack_social_options":{"image_generator_settings":{"template":"highway","default_image_id":0,"font":"","enabled":false},"version":2}},"product_brand":[],"product_cat":[487],"product_tag":[],"class_list":{"0":"post-24380","1":"product","2":"type-product","3":"status-publish","4":"has-post-thumbnail","6":"product_cat-medical","8":"first","9":"onbackorder","10":"featured","11":"taxable","12":"shipping-taxable","13":"purchasable","14":"product-type-variable","15":"has-default-attributes"},"supplier_id":null,"supplier_sku":"","barcode":null,"atum_controlled":true,"out_stock_date":"2023-08-09 13:46:33","out_stock_threshold":null,"inheritable":true,"inbound_stock":0,"stock_on_hold":0,"sold_today":0,"sales_last_days":0,"reserved_stock":0,"customer_returns":0,"warehouse_damage":0,"lost_in_post":0,"other_logs":0,"out_stock_days":974,"lost_sales":0,"has_location":false,"update_date":"2026-04-10T00:05:13","atum_locations":[],"atum_stock_status":"onbackorder","restock_status":false,"low_stock_amount":"","sales_update_date":"2026-04-10T00:05:13","calc_backorders":0,"aioseo_notices":[],"jetpack_publicize_connections":[],"jetpack-related-posts":[{"id":25876,"url":"https:\/\/docmarket-dz.com\/index.php\/product\/negatoscope-slim-42049026\/","url_meta":{"origin":24380,"position":0},"title":"Negatoscope slim 420*490*26","author":"falek.h","date":"12\/03\/2023","format":false,"excerpt":"","rel":"","context":"Article similaire","block_context":{"text":"Article similaire","link":""},"img":{"alt_text":"","src":"","width":0,"height":0},"classes":[]},{"id":27907,"url":"https:\/\/docmarket-dz.com\/index.php\/product\/negatoscope-standard-01-plage-starcare\/","url_meta":{"origin":24380,"position":1},"title":"NEGATOSCOPE STANDARD 01 PLAGE STARCARE","author":"fatmazohra.nasri","date":"26\/11\/2023","format":false,"excerpt":"","rel":"","context":"Article similaire","block_context":{"text":"Article similaire","link":""},"img":{"alt_text":"","src":"https:\/\/i0.wp.com\/docmarket-dz.com\/wp-content\/uploads\/2023\/11\/negatoscope-starcare-4-plages.jpg?fit=602%2C592&ssl=1&resize=350%2C200","width":350,"height":200,"srcset":"https:\/\/i0.wp.com\/docmarket-dz.com\/wp-content\/uploads\/2023\/11\/negatoscope-starcare-4-plages.jpg?fit=602%2C592&ssl=1&resize=350%2C200 1x, https:\/\/i0.wp.com\/docmarket-dz.com\/wp-content\/uploads\/2023\/11\/negatoscope-starcare-4-plages.jpg?fit=602%2C592&ssl=1&resize=525%2C300 1.5x"},"classes":[]},{"id":24451,"url":"https:\/\/docmarket-dz.com\/index.php\/product\/negatoscope-en-inox-local\/","url_meta":{"origin":24380,"position":2},"title":"NEGATOSCOPE EN ALUMINIUM &#8211; LOCAL","author":"falek.h","date":"25\/12\/2022","format":false,"excerpt":"Eclairage \u00e0 neon, Fabriqu\u00e9 en aluminium et plexi, lumineux. cache en aluminum, Eclairage \u00e0 neon, Pein- ture \u00ab \u00e9poxy \u00bb. Dimensions : Largeur : 100 mm, Longueur : 680 mm, Hauteur : 440 mm.","rel":"","context":"Article similaire","block_context":{"text":"Article similaire","link":""},"img":{"alt_text":"","src":"https:\/\/i0.wp.com\/docmarket-dz.com\/wp-content\/uploads\/2022\/12\/snapedit_1671981468692.jpg?fit=1200%2C1200&ssl=1&resize=350%2C200","width":350,"height":200,"srcset":"https:\/\/i0.wp.com\/docmarket-dz.com\/wp-content\/uploads\/2022\/12\/snapedit_1671981468692.jpg?fit=1200%2C1200&ssl=1&resize=350%2C200 1x, https:\/\/i0.wp.com\/docmarket-dz.com\/wp-content\/uploads\/2022\/12\/snapedit_1671981468692.jpg?fit=1200%2C1200&ssl=1&resize=525%2C300 1.5x, https:\/\/i0.wp.com\/docmarket-dz.com\/wp-content\/uploads\/2022\/12\/snapedit_1671981468692.jpg?fit=1200%2C1200&ssl=1&resize=700%2C400 2x, https:\/\/i0.wp.com\/docmarket-dz.com\/wp-content\/uploads\/2022\/12\/snapedit_1671981468692.jpg?fit=1200%2C1200&ssl=1&resize=1050%2C600 3x"},"classes":[]},{"id":24379,"url":"https:\/\/docmarket-dz.com\/index.php\/product\/negatoscope-standard-01-plage\/","url_meta":{"origin":24380,"position":3},"title":"NEGATOSCOPE STANDARD &#8211; LOCAL","author":"falek.h","date":"23\/12\/2022","format":false,"excerpt":"Eclairage \u00e0 neon, Fabriqu\u00e9 en aluminium et plexi, lumineux. cache en aluminum, Eclairage \u00e0 neon, Pein- ture \u00ab \u00e9poxy \u00bb. Dimensions : Largeur : 100 mm, Longueur : 680 mm, Hauteur : 440 mm.","rel":"","context":"Article similaire","block_context":{"text":"Article similaire","link":""},"img":{"alt_text":"","src":"https:\/\/i0.wp.com\/docmarket-dz.com\/wp-content\/uploads\/2022\/12\/snapedit_1671981516463.jpg?fit=1200%2C1200&ssl=1&resize=350%2C200","width":350,"height":200,"srcset":"https:\/\/i0.wp.com\/docmarket-dz.com\/wp-content\/uploads\/2022\/12\/snapedit_1671981516463.jpg?fit=1200%2C1200&ssl=1&resize=350%2C200 1x, https:\/\/i0.wp.com\/docmarket-dz.com\/wp-content\/uploads\/2022\/12\/snapedit_1671981516463.jpg?fit=1200%2C1200&ssl=1&resize=525%2C300 1.5x, https:\/\/i0.wp.com\/docmarket-dz.com\/wp-content\/uploads\/2022\/12\/snapedit_1671981516463.jpg?fit=1200%2C1200&ssl=1&resize=700%2C400 2x, https:\/\/i0.wp.com\/docmarket-dz.com\/wp-content\/uploads\/2022\/12\/snapedit_1671981516463.jpg?fit=1200%2C1200&ssl=1&resize=1050%2C600 3x"},"classes":[]},{"id":30214,"url":"https:\/\/docmarket-dz.com\/index.php\/product\/negatoscope-grand-model-local\/","url_meta":{"origin":24380,"position":4},"title":"NEGATOSCOPE GRAND MODEL- LOCAL-","author":"Amel","date":"02\/07\/2025","format":false,"excerpt":"Description du produit : - Coffre en t\u00f4le de10\/10eme ; - Deux r\u00e9glettes duo 2 x 20 W - Plage plexi blanc cristal - Interrupteur poussoir - Fil \u00e9lectrique 1500 - Traitement de fer - Peinture antirouille \u2013 \u00e9poxy. \u00a0 Sp\u00e9cifications techniques : Dimensions 130 x 44 cm","rel":"","context":"Article similaire","block_context":{"text":"Article similaire","link":""},"img":{"alt_text":"","src":"https:\/\/i0.wp.com\/docmarket-dz.com\/wp-content\/uploads\/2022\/12\/snapedit_1671981516463.jpg?fit=1200%2C1200&ssl=1&resize=350%2C200","width":350,"height":200,"srcset":"https:\/\/i0.wp.com\/docmarket-dz.com\/wp-content\/uploads\/2022\/12\/snapedit_1671981516463.jpg?fit=1200%2C1200&ssl=1&resize=350%2C200 1x, https:\/\/i0.wp.com\/docmarket-dz.com\/wp-content\/uploads\/2022\/12\/snapedit_1671981516463.jpg?fit=1200%2C1200&ssl=1&resize=525%2C300 1.5x, https:\/\/i0.wp.com\/docmarket-dz.com\/wp-content\/uploads\/2022\/12\/snapedit_1671981516463.jpg?fit=1200%2C1200&ssl=1&resize=700%2C400 2x, https:\/\/i0.wp.com\/docmarket-dz.com\/wp-content\/uploads\/2022\/12\/snapedit_1671981516463.jpg?fit=1200%2C1200&ssl=1&resize=1050%2C600 3x"},"classes":[]},{"id":28667,"url":"https:\/\/docmarket-dz.com\/index.php\/product\/tensiometre-automatique-swing-med\/","url_meta":{"origin":24380,"position":5},"title":"Tensiometre Automatique Swing Med","author":"TIKELALINE Amel","date":"20\/03\/2024","format":false,"excerpt":"Ecran LCD Extra Large Brassard souple de 22 \u00e0 42 cm. Indicateur du seuil d'hypertension. Indicateur d'arythmie IHB. Micro USB Moyenne des 3 derni\u00e8res mesures. Indicateur batterie faible. Fonctionne avec 4 piles AAA","rel":"","context":"Article similaire","block_context":{"text":"Article similaire","link":""},"img":{"alt_text":"","src":"https:\/\/i0.wp.com\/docmarket-dz.com\/wp-content\/uploads\/2024\/03\/D4wv0ehOwEe45Hov17PE8W6xuUFNjcUnNx29oLlF.jpg?fit=603%2C596&ssl=1&resize=350%2C200","width":350,"height":200,"srcset":"https:\/\/i0.wp.com\/docmarket-dz.com\/wp-content\/uploads\/2024\/03\/D4wv0ehOwEe45Hov17PE8W6xuUFNjcUnNx29oLlF.jpg?fit=603%2C596&ssl=1&resize=350%2C200 1x, https:\/\/i0.wp.com\/docmarket-dz.com\/wp-content\/uploads\/2024\/03\/D4wv0ehOwEe45Hov17PE8W6xuUFNjcUnNx29oLlF.jpg?fit=603%2C596&ssl=1&resize=525%2C300 1.5x"},"classes":[]}],"jetpack_sharing_enabled":true,"tiered_pricing_type":"fixed","tiered_pricing_fixed_rules":[],"tiered_pricing_product_settings":{"layout":"default","base_unit_name":{"singular":null,"plural":null},"default_variation":null},"tiered_pricing_minimum_quantity":null,"tiered_pricing_roles_data":[],"tiered_pricing_percentage_rules":[],"_links":{"self":[{"href":"https:\/\/docmarket-dz.com\/index.php\/wp-json\/wp\/v2\/product\/24380","targetHints":{"allow":["GET"]}}],"collection":[{"href":"https:\/\/docmarket-dz.com\/index.php\/wp-json\/wp\/v2\/product"}],"about":[{"href":"https:\/\/docmarket-dz.com\/index.php\/wp-json\/wp\/v2\/types\/product"}],"replies":[{"embeddable":true,"href":"https:\/\/docmarket-dz.com\/index.php\/wp-json\/wp\/v2\/comments?post=24380"}],"wp:featuredmedia":[{"embeddable":true,"href":"https:\/\/docmarket-dz.com\/index.php\/wp-json\/wp\/v2\/media\/24442"}],"wp:attachment":[{"href":"https:\/\/docmarket-dz.com\/index.php\/wp-json\/wp\/v2\/media?parent=24380"}],"wp:term":[{"taxonomy":"product_brand","embeddable":true,"href":"https:\/\/docmarket-dz.com\/index.php\/wp-json\/wp\/v2\/product_brand?post=24380"},{"taxonomy":"product_cat","embeddable":true,"href":"https:\/\/docmarket-dz.com\/index.php\/wp-json\/wp\/v2\/product_cat?post=24380"},{"taxonomy":"product_tag","embeddable":true,"href":"https:\/\/docmarket-dz.com\/index.php\/wp-json\/wp\/v2\/product_tag?post=24380"}],"curies":[{"name":"wp","href":"https:\/\/api.w.org\/{rel}","templated":true}]}}