{"id":24384,"date":"2022-12-23T09:08:31","date_gmt":"2022-12-23T08:08:31","guid":{"rendered":"https:\/\/docmarket-dz.com\/?post_type=product&#038;p=24384"},"modified":"2023-11-28T13:22:33","modified_gmt":"2023-11-28T12:22:33","slug":"lampe-diagnostic-dexamen-lumiere-led","status":"publish","type":"product","link":"https:\/\/docmarket-dz.com\/index.php\/product\/lampe-diagnostic-dexamen-lumiere-led\/","title":{"rendered":"LAMPE DIAGNOSTIC D&#8217;EXAMEN LUMIERE LED"},"content":{"rendered":"","protected":false},"excerpt":{"rendered":"","protected":false},"featured_media":24752,"comment_status":"closed","ping_status":"closed","template":"","meta":{"content-type":"","om_disable_all_campaigns":false,"_uf_show_specific_survey":0,"_uf_disable_surveys":false,"jetpack_publicize_message":"","jetpack_publicize_feature_enabled":true,"jetpack_social_post_already_shared":false,"jetpack_social_options":{"image_generator_settings":{"template":"highway","default_image_id":0,"font":"","enabled":false},"version":2}},"product_brand":[],"product_cat":[487],"product_tag":[],"class_list":{"0":"post-24384","1":"product","2":"type-product","3":"status-publish","4":"has-post-thumbnail","6":"product_cat-medical","8":"first","9":"onbackorder","10":"taxable","11":"shipping-taxable","12":"purchasable","13":"product-type-simple"},"supplier_id":null,"supplier_sku":"","barcode":null,"atum_controlled":true,"out_stock_date":"2023-08-09 13:46:33","out_stock_threshold":null,"inheritable":false,"inbound_stock":0,"stock_on_hold":0,"sold_today":0,"sales_last_days":0,"reserved_stock":0,"customer_returns":0,"warehouse_damage":0,"lost_in_post":0,"other_logs":0,"out_stock_days":974,"lost_sales":0,"has_location":false,"update_date":"2026-04-10T00:05:13","atum_locations":[],"atum_stock_status":"onbackorder","restock_status":false,"low_stock_amount":"","sales_update_date":"2026-04-10T00:05:13","calc_backorders":0,"aioseo_notices":[],"jetpack_publicize_connections":[],"jetpack-related-posts":[{"id":28151,"url":"https:\/\/docmarket-dz.com\/index.php\/product\/lampe-stylo-dexamen\/","url_meta":{"origin":24384,"position":0},"title":"Lampe stylo d\u2019examen","author":"fatmazohra.nasri","date":"18\/12\/2023","format":false,"excerpt":"","rel":"","context":"Article similaire","block_context":{"text":"Article similaire","link":""},"img":{"alt_text":"","src":"","width":0,"height":0},"classes":[]},{"id":24562,"url":"https:\/\/docmarket-dz.com\/index.php\/product\/otoscope-a-lumiere-led-couleur-noir\/","url_meta":{"origin":24384,"position":1},"title":"Otoscope a lumiere LED couleur Noir","author":"falek.h","date":"06\/01\/2023","format":false,"excerpt":"","rel":"","context":"Article similaire","block_context":{"text":"Article similaire","link":""},"img":{"alt_text":"","src":"https:\/\/i0.wp.com\/docmarket-dz.com\/wp-content\/uploads\/2023\/01\/otoscope-a-lumiere.jpg?fit=600%2C600&ssl=1&resize=350%2C200","width":350,"height":200,"srcset":"https:\/\/i0.wp.com\/docmarket-dz.com\/wp-content\/uploads\/2023\/01\/otoscope-a-lumiere.jpg?fit=600%2C600&ssl=1&resize=350%2C200 1x, https:\/\/i0.wp.com\/docmarket-dz.com\/wp-content\/uploads\/2023\/01\/otoscope-a-lumiere.jpg?fit=600%2C600&ssl=1&resize=525%2C300 1.5x"},"classes":[]},{"id":27702,"url":"https:\/\/docmarket-dz.com\/index.php\/product\/bandelette-urinaire\/","url_meta":{"origin":24384,"position":2},"title":"Bandelette Urinaire","author":"fatmazohra.nasri","date":"24\/10\/2023","format":false,"excerpt":"De nombreux tests urinaires sont disponibles sous forme de bandelettes r\u00e9actives \u00e0 tremper dans l\u2019urine fra\u00eechement recueillie. Ces bandelettes permettent de pratiquer un examen rapide qui pourra orienter le\u00a0diagnostic\u00a0ou la demande de certains examens compl\u00e9mentaires plus pouss\u00e9s.","rel":"","context":"Article similaire","block_context":{"text":"Article similaire","link":""},"img":{"alt_text":"","src":"https:\/\/i0.wp.com\/docmarket-dz.com\/wp-content\/uploads\/2023\/10\/IMG_1585-PhotoRoom.png-PhotoRoom.png?fit=598%2C606&ssl=1&resize=350%2C200","width":350,"height":200,"srcset":"https:\/\/i0.wp.com\/docmarket-dz.com\/wp-content\/uploads\/2023\/10\/IMG_1585-PhotoRoom.png-PhotoRoom.png?fit=598%2C606&ssl=1&resize=350%2C200 1x, https:\/\/i0.wp.com\/docmarket-dz.com\/wp-content\/uploads\/2023\/10\/IMG_1585-PhotoRoom.png-PhotoRoom.png?fit=598%2C606&ssl=1&resize=525%2C300 1.5x"},"classes":[]},{"id":27902,"url":"https:\/\/docmarket-dz.com\/index.php\/product\/otoscope-smartled-5500-pediatrique-marque-spengler\/","url_meta":{"origin":24384,"position":3},"title":"OTOSCOPE SMARTLED 5500 PEDIATRIQUE MARQUE SPENGLER","author":"fatmazohra.nasri","date":"26\/11\/2023","format":false,"excerpt":"Le Smartled 5500 de Spengler est un\u00a0otoscope\u00a0portable de tr\u00e8s haute pr\u00e9cision qui apporte une lumi\u00e8re d\u2019exception gr\u00e2ce \u00e0 sa double technologie LED et fibre optique, avec une\u00a0colorim\u00e9trie de 4000 K et un IRC (indice de rendu des couleurs) de 95 sur 100. Con\u00e7u avec les praticiens, Spengler propose ainsi un\u2026","rel":"","context":"Article similaire","block_context":{"text":"Article similaire","link":""},"img":{"alt_text":"","src":"https:\/\/i0.wp.com\/docmarket-dz.com\/wp-content\/uploads\/2023\/11\/51e89187d41bcd5001de729f688664d5.png?fit=604%2C632&ssl=1&resize=350%2C200","width":350,"height":200,"srcset":"https:\/\/i0.wp.com\/docmarket-dz.com\/wp-content\/uploads\/2023\/11\/51e89187d41bcd5001de729f688664d5.png?fit=604%2C632&ssl=1&resize=350%2C200 1x, https:\/\/i0.wp.com\/docmarket-dz.com\/wp-content\/uploads\/2023\/11\/51e89187d41bcd5001de729f688664d5.png?fit=604%2C632&ssl=1&resize=525%2C300 1.5x"},"classes":[]},{"id":24380,"url":"https:\/\/docmarket-dz.com\/index.php\/product\/negatoscope-led-02-plages-extra-plat\/","url_meta":{"origin":24384,"position":4},"title":"NEGATOSCOPE LED EXTRA PLAT &#8211;  IMPORTATION","author":"falek.h","date":"23\/12\/2022","format":false,"excerpt":"N\u00e9gatoscope extra-plat (1, 2, 3 ou 4 plages). Fabriqu\u00e9 en alliage d'aluminium haute r\u00e9sistance, la structure de l'\u00e9cran ainsi que le corps du n\u00e9gatoscope extra-plat en font un mat\u00e9riel qui r\u00e9sistera \u00e0 l'usure provoqu\u00e9e par une utilisation intensive sur une longue dur\u00e9e. Afin de parfaire la solidit\u00e9 de sa structure,\u2026","rel":"","context":"Article similaire","block_context":{"text":"Article similaire","link":""},"img":{"alt_text":"","src":"https:\/\/i0.wp.com\/docmarket-dz.com\/wp-content\/uploads\/2022\/12\/negato-led.jpg?fit=500%2C500&ssl=1&resize=350%2C200","width":350,"height":200},"classes":[]},{"id":25425,"url":"https:\/\/docmarket-dz.com\/index.php\/product\/lampe-20w-sur-roulettes\/","url_meta":{"origin":24384,"position":5},"title":"LAMPE 20W  SUR ROULETTES","author":"falek.h","date":"12\/03\/2023","format":false,"excerpt":"","rel":"","context":"Article similaire","block_context":{"text":"Article similaire","link":""},"img":{"alt_text":"","src":"","width":0,"height":0},"classes":[]}],"jetpack_sharing_enabled":true,"tiered_pricing_type":"fixed","tiered_pricing_fixed_rules":[],"tiered_pricing_product_settings":{"layout":"default","base_unit_name":{"singular":null,"plural":null},"default_variation":null},"tiered_pricing_minimum_quantity":null,"tiered_pricing_roles_data":[],"tiered_pricing_percentage_rules":[],"_links":{"self":[{"href":"https:\/\/docmarket-dz.com\/index.php\/wp-json\/wp\/v2\/product\/24384","targetHints":{"allow":["GET"]}}],"collection":[{"href":"https:\/\/docmarket-dz.com\/index.php\/wp-json\/wp\/v2\/product"}],"about":[{"href":"https:\/\/docmarket-dz.com\/index.php\/wp-json\/wp\/v2\/types\/product"}],"replies":[{"embeddable":true,"href":"https:\/\/docmarket-dz.com\/index.php\/wp-json\/wp\/v2\/comments?post=24384"}],"wp:featuredmedia":[{"embeddable":true,"href":"https:\/\/docmarket-dz.com\/index.php\/wp-json\/wp\/v2\/media\/24752"}],"wp:attachment":[{"href":"https:\/\/docmarket-dz.com\/index.php\/wp-json\/wp\/v2\/media?parent=24384"}],"wp:term":[{"taxonomy":"product_brand","embeddable":true,"href":"https:\/\/docmarket-dz.com\/index.php\/wp-json\/wp\/v2\/product_brand?post=24384"},{"taxonomy":"product_cat","embeddable":true,"href":"https:\/\/docmarket-dz.com\/index.php\/wp-json\/wp\/v2\/product_cat?post=24384"},{"taxonomy":"product_tag","embeddable":true,"href":"https:\/\/docmarket-dz.com\/index.php\/wp-json\/wp\/v2\/product_tag?post=24384"}],"curies":[{"name":"wp","href":"https:\/\/api.w.org\/{rel}","templated":true}]}}