{"id":24510,"date":"2022-12-27T05:10:06","date_gmt":"2022-12-27T04:10:06","guid":{"rendered":"https:\/\/docmarket-dz.com\/?post_type=product&#038;p=24510"},"modified":"2024-10-31T16:32:21","modified_gmt":"2024-10-31T15:32:21","slug":"pincette-pour-ecg-adulte-jeux-de-4-pcs","status":"publish","type":"product","link":"https:\/\/docmarket-dz.com\/index.php\/product\/pincette-pour-ecg-adulte-jeux-de-4-pcs\/","title":{"rendered":"Pincette pour ECG Adulte (jeux de 4 PCS)"},"content":{"rendered":"","protected":false},"excerpt":{"rendered":"","protected":false},"featured_media":24511,"comment_status":"open","ping_status":"closed","template":"","meta":{"content-type":"","om_disable_all_campaigns":false,"_uf_show_specific_survey":0,"_uf_disable_surveys":false,"jetpack_publicize_message":"","jetpack_publicize_feature_enabled":true,"jetpack_social_post_already_shared":false,"jetpack_social_options":{"image_generator_settings":{"template":"highway","default_image_id":0,"font":"","enabled":false},"version":2}},"product_brand":[],"product_cat":[487],"product_tag":[],"class_list":{"0":"post-24510","1":"product","2":"type-product","3":"status-publish","4":"has-post-thumbnail","6":"product_cat-medical","8":"first","9":"instock","10":"sale","11":"featured","12":"taxable","13":"shipping-taxable","14":"purchasable","15":"product-type-simple"},"supplier_id":null,"supplier_sku":"","barcode":null,"atum_controlled":true,"out_stock_date":null,"out_stock_threshold":null,"inheritable":false,"inbound_stock":0,"stock_on_hold":0,"sold_today":0,"sales_last_days":0,"reserved_stock":0,"customer_returns":0,"warehouse_damage":0,"lost_in_post":0,"other_logs":0,"out_stock_days":0,"lost_sales":0,"has_location":true,"update_date":"2026-04-10T00:05:06","atum_locations":[{"id":942,"name":"C5","slug":"c5"}],"atum_stock_status":"instock","restock_status":false,"low_stock_amount":"","sales_update_date":"2026-04-10T00:05:06","calc_backorders":0,"aioseo_notices":[],"jetpack_publicize_connections":[],"jetpack-related-posts":[{"id":25238,"url":"https:\/\/docmarket-dz.com\/index.php\/product\/electrodes-ecg-adulte\/","url_meta":{"origin":24510,"position":0},"title":"ELECTRODES Patchs pour ECG ADULTE  &#8211; &#8221; Sac de 50 unit\u00e9s &#8220;","author":"falek.h","date":"26\/02\/2023","format":false,"excerpt":"","rel":"","context":"Article similaire","block_context":{"text":"Article similaire","link":""},"img":{"alt_text":"","src":"https:\/\/i0.wp.com\/docmarket-dz.com\/wp-content\/uploads\/2023\/02\/62.032.07.jpg?fit=587%2C553&ssl=1&resize=350%2C200","width":350,"height":200,"srcset":"https:\/\/i0.wp.com\/docmarket-dz.com\/wp-content\/uploads\/2023\/02\/62.032.07.jpg?fit=587%2C553&ssl=1&resize=350%2C200 1x, https:\/\/i0.wp.com\/docmarket-dz.com\/wp-content\/uploads\/2023\/02\/62.032.07.jpg?fit=587%2C553&ssl=1&resize=525%2C300 1.5x"},"classes":[]},{"id":27926,"url":"https:\/\/docmarket-dz.com\/index.php\/product\/defibrillateur-manuel-et-aed-360j-avec-scope-ecg-synchro-avec-pacemaker-biphasique-palettes-adultes-et-pediatrique-module-spo2-gratuit-marque-starcare\/","url_meta":{"origin":24510,"position":1},"title":"DEFIBRILLATEUR MANUEL ET AED 360J AVEC SCOPE\/ECG\/SYNCHRO AVEC PACEMAKER- BIPHASIQUE- PALETTES ADULTES ET PEDIATRIQUE &#8220;MODULE SPO2 GRATUIT&#8221; MARQUE STARCARE","author":"fatmazohra.nasri","date":"27\/11\/2023","format":false,"excerpt":"","rel":"","context":"Article similaire","block_context":{"text":"Article similaire","link":""},"img":{"alt_text":"","src":"","width":0,"height":0},"classes":[]},{"id":25878,"url":"https:\/\/docmarket-dz.com\/index.php\/product\/appareil-ecg-12-pistes-ecg-200l-avec-interpretation-sur-chariot\/","url_meta":{"origin":24510,"position":2},"title":"Appareil ECG 12 pistes ECG 200L Avec Interpretation Sur Chariot","author":"falek.h","date":"12\/03\/2023","format":false,"excerpt":"","rel":"","context":"Article similaire","block_context":{"text":"Article similaire","link":""},"img":{"alt_text":"","src":"","width":0,"height":0},"classes":[]},{"id":25879,"url":"https:\/\/docmarket-dz.com\/index.php\/product\/appareil-ecg-3-6-pistes-ecg-100l-avec-interpretation\/","url_meta":{"origin":24510,"position":3},"title":"Appareil ECG 3\/6 pistes ECG 100L avec Interpretation","author":"falek.h","date":"12\/03\/2023","format":false,"excerpt":"","rel":"","context":"Article similaire","block_context":{"text":"Article similaire","link":""},"img":{"alt_text":"","src":"","width":0,"height":0},"classes":[]},{"id":25880,"url":"https:\/\/docmarket-dz.com\/index.php\/product\/appareil-ecg-3-6-pistes-ecg-100l-sans-interpretation\/","url_meta":{"origin":24510,"position":4},"title":"Appareil ECG 3 Ecran couleur Tactile et batterie int\u00e9gr\u00e9e avec interpr\u00e9tations -Modele E30","author":"falek.h","date":"12\/03\/2023","format":false,"excerpt":"FT E30 ECG 3 Pistes","rel":"","context":"Article similaire","block_context":{"text":"Article similaire","link":""},"img":{"alt_text":"","src":"","width":0,"height":0},"classes":[]},{"id":25362,"url":"https:\/\/docmarket-dz.com\/index.php\/product\/cable-ecg-pour-moniteur-ge-datex-ohmeda\/","url_meta":{"origin":24510,"position":5},"title":"CABLE ECG POUR MONITEUR  GE Datex Ohmeda","author":"falek.h","date":"12\/03\/2023","format":false,"excerpt":"CABLE ECG POUR MONITEUR GE Datex Ohmeda","rel":"","context":"Article similaire","block_context":{"text":"Article similaire","link":""},"img":{"alt_text":"","src":"https:\/\/i0.wp.com\/docmarket-dz.com\/wp-content\/uploads\/2023\/03\/CABLE-ECG-POUR-MONITEUR-GE-Datex-Ohmeda-e1680779096982.jpg?fit=600%2C600&ssl=1&resize=350%2C200","width":350,"height":200,"srcset":"https:\/\/i0.wp.com\/docmarket-dz.com\/wp-content\/uploads\/2023\/03\/CABLE-ECG-POUR-MONITEUR-GE-Datex-Ohmeda-e1680779096982.jpg?fit=600%2C600&ssl=1&resize=350%2C200 1x, https:\/\/i0.wp.com\/docmarket-dz.com\/wp-content\/uploads\/2023\/03\/CABLE-ECG-POUR-MONITEUR-GE-Datex-Ohmeda-e1680779096982.jpg?fit=600%2C600&ssl=1&resize=525%2C300 1.5x"},"classes":[]}],"jetpack_sharing_enabled":true,"tiered_pricing_type":"fixed","tiered_pricing_fixed_rules":[],"tiered_pricing_product_settings":{"layout":"default","base_unit_name":{"singular":null,"plural":null},"default_variation":null},"tiered_pricing_minimum_quantity":null,"tiered_pricing_roles_data":[],"tiered_pricing_percentage_rules":[],"_links":{"self":[{"href":"https:\/\/docmarket-dz.com\/index.php\/wp-json\/wp\/v2\/product\/24510","targetHints":{"allow":["GET"]}}],"collection":[{"href":"https:\/\/docmarket-dz.com\/index.php\/wp-json\/wp\/v2\/product"}],"about":[{"href":"https:\/\/docmarket-dz.com\/index.php\/wp-json\/wp\/v2\/types\/product"}],"replies":[{"embeddable":true,"href":"https:\/\/docmarket-dz.com\/index.php\/wp-json\/wp\/v2\/comments?post=24510"}],"wp:featuredmedia":[{"embeddable":true,"href":"https:\/\/docmarket-dz.com\/index.php\/wp-json\/wp\/v2\/media\/24511"}],"wp:attachment":[{"href":"https:\/\/docmarket-dz.com\/index.php\/wp-json\/wp\/v2\/media?parent=24510"}],"wp:term":[{"taxonomy":"product_brand","embeddable":true,"href":"https:\/\/docmarket-dz.com\/index.php\/wp-json\/wp\/v2\/product_brand?post=24510"},{"taxonomy":"product_cat","embeddable":true,"href":"https:\/\/docmarket-dz.com\/index.php\/wp-json\/wp\/v2\/product_cat?post=24510"},{"taxonomy":"product_tag","embeddable":true,"href":"https:\/\/docmarket-dz.com\/index.php\/wp-json\/wp\/v2\/product_tag?post=24510"}],"curies":[{"name":"wp","href":"https:\/\/api.w.org\/{rel}","templated":true}]}}