{"id":24565,"date":"2023-01-06T12:14:02","date_gmt":"2023-01-06T11:14:02","guid":{"rendered":"https:\/\/docmarket-dz.com\/?post_type=product&#038;p=24565"},"modified":"2026-03-01T13:56:04","modified_gmt":"2026-03-01T12:56:04","slug":"stetoscope-couleurs-double-pavillons-noir","status":"publish","type":"product","link":"https:\/\/docmarket-dz.com\/index.php\/product\/stetoscope-couleurs-double-pavillons-noir\/","title":{"rendered":"Stethoscope couleur simple pavillons"},"content":{"rendered":"","protected":false},"excerpt":{"rendered":"","protected":false},"featured_media":24750,"comment_status":"open","ping_status":"closed","template":"","meta":{"content-type":"","om_disable_all_campaigns":false,"_uf_show_specific_survey":0,"_uf_disable_surveys":false,"jetpack_publicize_message":"","jetpack_publicize_feature_enabled":true,"jetpack_social_post_already_shared":false,"jetpack_social_options":{"image_generator_settings":{"template":"highway","default_image_id":0,"font":"","enabled":false},"version":2}},"product_brand":[],"product_cat":[487],"product_tag":[],"class_list":{"0":"post-24565","1":"product","2":"type-product","3":"status-publish","4":"has-post-thumbnail","6":"product_cat-medical","8":"first","9":"instock","10":"featured","11":"taxable","12":"shipping-taxable","13":"purchasable","14":"product-type-variable","15":"has-default-attributes"},"supplier_id":null,"supplier_sku":"","barcode":null,"atum_controlled":true,"out_stock_date":null,"out_stock_threshold":null,"inheritable":true,"inbound_stock":0,"stock_on_hold":0,"sold_today":0,"sales_last_days":0,"reserved_stock":0,"customer_returns":0,"warehouse_damage":0,"lost_in_post":0,"other_logs":0,"out_stock_days":0,"lost_sales":0,"has_location":true,"update_date":"2026-04-20T00:09:32","atum_locations":[{"id":940,"name":"C3","slug":"c3"}],"atum_stock_status":"instock","restock_status":false,"low_stock_amount":"","sales_update_date":"2026-04-20T00:09:32","calc_backorders":null,"aioseo_notices":[],"jetpack_publicize_connections":[],"jetpack-related-posts":[{"id":30719,"url":"https:\/\/docmarket-dz.com\/index.php\/product\/stethoscope-couleur-a-double-pavillons\/","url_meta":{"origin":24565,"position":0},"title":"Stethoscope couleur a double pavillons","author":"Sofiane Arbouche","date":"23\/02\/2026","format":false,"excerpt":"","rel":"","context":"Article similaire","block_context":{"text":"Article similaire","link":""},"img":{"alt_text":"","src":"https:\/\/i0.wp.com\/docmarket-dz.com\/wp-content\/uploads\/2023\/01\/doube-pavillon-color-1-e1673280103161.jpg?fit=600%2C600&ssl=1&resize=350%2C200","width":350,"height":200,"srcset":"https:\/\/i0.wp.com\/docmarket-dz.com\/wp-content\/uploads\/2023\/01\/doube-pavillon-color-1-e1673280103161.jpg?fit=600%2C600&ssl=1&resize=350%2C200 1x, https:\/\/i0.wp.com\/docmarket-dz.com\/wp-content\/uploads\/2023\/01\/doube-pavillon-color-1-e1673280103161.jpg?fit=600%2C600&ssl=1&resize=525%2C300 1.5x"},"classes":[]},{"id":24575,"url":"https:\/\/docmarket-dz.com\/index.php\/product\/stethoscope-obstetrical-de-pinard-en-alluminium\/","url_meta":{"origin":24565,"position":1},"title":"Stethoscope obstetrical de pinard en alluminium","author":"falek.h","date":"06\/01\/2023","format":false,"excerpt":"","rel":"","context":"Article similaire","block_context":{"text":"Article similaire","link":""},"img":{"alt_text":"","src":"https:\/\/i0.wp.com\/docmarket-dz.com\/wp-content\/uploads\/2023\/01\/Stetoscopio_Pinard_AS_2-e1673279171724.jpg?fit=600%2C400&ssl=1&resize=350%2C200","width":350,"height":200,"srcset":"https:\/\/i0.wp.com\/docmarket-dz.com\/wp-content\/uploads\/2023\/01\/Stetoscopio_Pinard_AS_2-e1673279171724.jpg?fit=600%2C400&ssl=1&resize=350%2C200 1x, https:\/\/i0.wp.com\/docmarket-dz.com\/wp-content\/uploads\/2023\/01\/Stetoscopio_Pinard_AS_2-e1673279171724.jpg?fit=600%2C400&ssl=1&resize=525%2C300 1.5x"},"classes":[]},{"id":24576,"url":"https:\/\/docmarket-dz.com\/index.php\/product\/stethoscope-rappaport-oclock-montre-integee\/","url_meta":{"origin":24565,"position":2},"title":"Stethoscope rappaport o&#8217;clock (montre int\u00e9g\u00e9e)","author":"falek.h","date":"06\/01\/2023","format":false,"excerpt":"","rel":"","context":"Article similaire","block_context":{"text":"Article similaire","link":""},"img":{"alt_text":"","src":"https:\/\/i0.wp.com\/docmarket-dz.com\/wp-content\/uploads\/2023\/01\/Stethoscope-Rappaport2.jpg?fit=800%2C800&ssl=1&resize=350%2C200","width":350,"height":200,"srcset":"https:\/\/i0.wp.com\/docmarket-dz.com\/wp-content\/uploads\/2023\/01\/Stethoscope-Rappaport2.jpg?fit=800%2C800&ssl=1&resize=350%2C200 1x, https:\/\/i0.wp.com\/docmarket-dz.com\/wp-content\/uploads\/2023\/01\/Stethoscope-Rappaport2.jpg?fit=800%2C800&ssl=1&resize=525%2C300 1.5x, https:\/\/i0.wp.com\/docmarket-dz.com\/wp-content\/uploads\/2023\/01\/Stethoscope-Rappaport2.jpg?fit=800%2C800&ssl=1&resize=700%2C400 2x"},"classes":[]},{"id":26650,"url":"https:\/\/docmarket-dz.com\/index.php\/product\/desinfectant-surface-surfanium-5l\/","url_meta":{"origin":24565,"position":3},"title":"SURFANIOS Premium 5L","author":"falek.h","date":"17\/03\/2023","format":false,"excerpt":"D\u00e9tergent D\u00e9sinfectant sols et surfaces \u00a0 \u00a0 \u00a0 \u00a0 \u00a0 \u00a0 \u00a0\u00a0 Produit combinant les actions d\u00e9tergente et d\u00e9sinfectante Efficace sur les bact\u00e9ries et moisissures isol\u00e9es de l'environnement hospitalier Produit formul\u00e9 sans ald\u00e9hyde Optimisation \u00e9cotoxycologiques \u00a0 \u00a0 \u00a0 \u00a0 \u00a0 \u00a0Indications : Nettoyage et d\u00e9sinfection des sols, murs, mat\u00e9riel m\u00e9dical\u2026","rel":"","context":"Article similaire","block_context":{"text":"Article similaire","link":""},"img":{"alt_text":"","src":"https:\/\/i0.wp.com\/docmarket-dz.com\/wp-content\/uploads\/2023\/03\/DESINFECTANT-SURFACE-SURFANIUM-5L-e1680614797239.webp?fit=477%2C600&ssl=1&resize=350%2C200","width":350,"height":200},"classes":[]},{"id":25444,"url":"https:\/\/docmarket-dz.com\/index.php\/product\/potence-a-serum-couleur\/","url_meta":{"origin":24565,"position":4},"title":"POTENCE A SERUM COULEUR","author":"falek.h","date":"12\/03\/2023","format":false,"excerpt":"","rel":"","context":"Article similaire","block_context":{"text":"Article similaire","link":""},"img":{"alt_text":"","src":"","width":0,"height":0},"classes":[]},{"id":27904,"url":"https:\/\/docmarket-dz.com\/index.php\/product\/ouvre-bouches-en-couleur\/","url_meta":{"origin":24565,"position":5},"title":"Ouvre bouches en couleur","author":"fatmazohra.nasri","date":"26\/11\/2023","format":false,"excerpt":"","rel":"","context":"Article similaire","block_context":{"text":"Article similaire","link":""},"img":{"alt_text":"","src":"","width":0,"height":0},"classes":[]}],"jetpack_sharing_enabled":true,"tiered_pricing_type":"fixed","tiered_pricing_fixed_rules":[],"tiered_pricing_product_settings":{"layout":"default","base_unit_name":{"singular":null,"plural":null},"default_variation":null},"tiered_pricing_minimum_quantity":null,"tiered_pricing_roles_data":[],"tiered_pricing_percentage_rules":[],"_links":{"self":[{"href":"https:\/\/docmarket-dz.com\/index.php\/wp-json\/wp\/v2\/product\/24565","targetHints":{"allow":["GET"]}}],"collection":[{"href":"https:\/\/docmarket-dz.com\/index.php\/wp-json\/wp\/v2\/product"}],"about":[{"href":"https:\/\/docmarket-dz.com\/index.php\/wp-json\/wp\/v2\/types\/product"}],"replies":[{"embeddable":true,"href":"https:\/\/docmarket-dz.com\/index.php\/wp-json\/wp\/v2\/comments?post=24565"}],"wp:featuredmedia":[{"embeddable":true,"href":"https:\/\/docmarket-dz.com\/index.php\/wp-json\/wp\/v2\/media\/24750"}],"wp:attachment":[{"href":"https:\/\/docmarket-dz.com\/index.php\/wp-json\/wp\/v2\/media?parent=24565"}],"wp:term":[{"taxonomy":"product_brand","embeddable":true,"href":"https:\/\/docmarket-dz.com\/index.php\/wp-json\/wp\/v2\/product_brand?post=24565"},{"taxonomy":"product_cat","embeddable":true,"href":"https:\/\/docmarket-dz.com\/index.php\/wp-json\/wp\/v2\/product_cat?post=24565"},{"taxonomy":"product_tag","embeddable":true,"href":"https:\/\/docmarket-dz.com\/index.php\/wp-json\/wp\/v2\/product_tag?post=24565"}],"curies":[{"name":"wp","href":"https:\/\/api.w.org\/{rel}","templated":true}]}}