{"id":24591,"date":"2023-01-07T13:18:36","date_gmt":"2023-01-07T12:18:36","guid":{"rendered":"https:\/\/docmarket-dz.com\/?post_type=product&#038;p=24591"},"modified":"2025-05-13T14:10:51","modified_gmt":"2025-05-13T13:10:51","slug":"coton","status":"publish","type":"product","link":"https:\/\/docmarket-dz.com\/index.php\/product\/coton\/","title":{"rendered":"Coton en Boule 300 G"},"content":{"rendered":"","protected":false},"excerpt":{"rendered":"","protected":false},"featured_media":30099,"comment_status":"open","ping_status":"closed","template":"","meta":{"content-type":"","om_disable_all_campaigns":false,"_uf_show_specific_survey":0,"_uf_disable_surveys":false,"jetpack_publicize_message":"","jetpack_publicize_feature_enabled":true,"jetpack_social_post_already_shared":false,"jetpack_social_options":{"image_generator_settings":{"template":"highway","default_image_id":0,"font":"","enabled":false},"version":2}},"product_brand":[],"product_cat":[487],"product_tag":[],"class_list":{"0":"post-24591","1":"product","2":"type-product","3":"status-publish","4":"has-post-thumbnail","6":"product_cat-medical","8":"first","9":"instock","10":"featured","11":"taxable","12":"shipping-taxable","13":"purchasable","14":"product-type-simple"},"supplier_id":null,"supplier_sku":"","barcode":null,"atum_controlled":true,"out_stock_date":null,"out_stock_threshold":null,"inheritable":false,"inbound_stock":0,"stock_on_hold":0,"sold_today":0,"sales_last_days":0,"reserved_stock":0,"customer_returns":0,"warehouse_damage":0,"lost_in_post":0,"other_logs":0,"out_stock_days":0,"lost_sales":0,"has_location":true,"update_date":"2026-04-16T00:08:09","atum_locations":[{"id":943,"name":"C6","slug":"c6"}],"atum_stock_status":"instock","restock_status":false,"low_stock_amount":"","sales_update_date":"2026-04-16T00:08:09","calc_backorders":0,"aioseo_notices":[],"jetpack_publicize_connections":[],"jetpack-related-posts":[{"id":29291,"url":"https:\/\/docmarket-dz.com\/index.php\/product\/coton-carde-500-g-felix\/","url_meta":{"origin":24591,"position":0},"title":"Coton Carde 500 G","author":"TIKELALINE Amel","date":"03\/09\/2024","format":false,"excerpt":"","rel":"","context":"Article similaire","block_context":{"text":"Article similaire","link":""},"img":{"alt_text":"","src":"https:\/\/i0.wp.com\/docmarket-dz.com\/wp-content\/uploads\/2024\/09\/Sans-titre-1.png?fit=225%2C225&ssl=1&resize=350%2C200","width":350,"height":200},"classes":[]},{"id":27883,"url":"https:\/\/docmarket-dz.com\/index.php\/product\/coffret-coloration-m-g-g-2-flacon-de-100\/","url_meta":{"origin":24591,"position":1},"title":"Coffret Coloration M.G.G 2 Flacon de 100","author":"fatmazohra.nasri","date":"26\/11\/2023","format":false,"excerpt":"A conserver \u00e0 temp\u00e9rature ambiante\u00a0\u00e0 l\u2019abri de la lumi\u00e8re.","rel":"","context":"Article similaire","block_context":{"text":"Article similaire","link":""},"img":{"alt_text":"","src":"https:\/\/i0.wp.com\/docmarket-dz.com\/wp-content\/uploads\/2023\/11\/MGG-scaled-removebg-preview.png?fit=604%2C599&ssl=1&resize=350%2C200","width":350,"height":200,"srcset":"https:\/\/i0.wp.com\/docmarket-dz.com\/wp-content\/uploads\/2023\/11\/MGG-scaled-removebg-preview.png?fit=604%2C599&ssl=1&resize=350%2C200 1x, https:\/\/i0.wp.com\/docmarket-dz.com\/wp-content\/uploads\/2023\/11\/MGG-scaled-removebg-preview.png?fit=604%2C599&ssl=1&resize=525%2C300 1.5x"},"classes":[]},{"id":26152,"url":"https:\/\/docmarket-dz.com\/index.php\/product\/aiguille-spinale-g-25\/","url_meta":{"origin":24591,"position":2},"title":"AIGUILLE SPINALE G 25","author":"falek.h","date":"12\/03\/2023","format":false,"excerpt":"","rel":"","context":"Article similaire","block_context":{"text":"Article similaire","link":""},"img":{"alt_text":"","src":"https:\/\/i0.wp.com\/docmarket-dz.com\/wp-content\/uploads\/2023\/03\/AIGUILLE-SPINALE-G-25.jpg?fit=400%2C400&ssl=1&resize=350%2C200","width":350,"height":200},"classes":[]},{"id":26586,"url":"https:\/\/docmarket-dz.com\/index.php\/product\/composite-composan-ceram-promedica\/","url_meta":{"origin":24591,"position":3},"title":"COMPOSITE COMPOSAN CERAM PROMEDICA","author":"falek.h","date":"01\/01\/1970","format":false,"excerpt":"LES INDICATIONS\u00a0 Obturations des classes I \u00e0 V Reconstruction des parties ant\u00e9rieures traumatis\u00e9es Corrections de couleur et de forme pour une apparence esth\u00e9tique am\u00e9lior\u00e9e Verrouillage, attelle des parties ant\u00e9rieures l\u00e2ches Scellement prolong\u00e9 des fissures pour molaires et pr\u00e9molaires R\u00e9paration de facettes Accumulations de base Particuli\u00e8rement adapt\u00e9 aux inlays composites AVANTAGES\u2026","rel":"","context":"Article similaire","block_context":{"text":"Article similaire","link":""},"img":{"alt_text":"","src":"https:\/\/i0.wp.com\/docmarket-dz.com\/wp-content\/uploads\/1970\/01\/1861-D002762.jpg?fit=500%2C500&ssl=1&resize=350%2C200","width":350,"height":200},"classes":[]},{"id":30272,"url":"https:\/\/docmarket-dz.com\/index.php\/product\/aiguilles-spinal-avec-introducteur-g-27\/","url_meta":{"origin":24591,"position":4},"title":"Aiguilles spinal avec Introducteur G 26","author":"Amel","date":"24\/07\/2025","format":false,"excerpt":"","rel":"","context":"Article similaire","block_context":{"text":"Article similaire","link":""},"img":{"alt_text":"","src":"","width":0,"height":0},"classes":[]},{"id":24372,"url":"https:\/\/docmarket-dz.com\/index.php\/product\/pince-halstead-droite-s-g-13-cm\/","url_meta":{"origin":24591,"position":5},"title":"PINCE HALSTEAD DROITE S\/G 13 CM","author":"falek.h","date":"23\/12\/2022","format":false,"excerpt":"","rel":"","context":"Article similaire","block_context":{"text":"Article similaire","link":""},"img":{"alt_text":"","src":"https:\/\/i0.wp.com\/docmarket-dz.com\/wp-content\/uploads\/2022\/12\/PINCE-HALSTEAD-DROITE-13-CM.jpg?fit=800%2C800&ssl=1&resize=350%2C200","width":350,"height":200,"srcset":"https:\/\/i0.wp.com\/docmarket-dz.com\/wp-content\/uploads\/2022\/12\/PINCE-HALSTEAD-DROITE-13-CM.jpg?fit=800%2C800&ssl=1&resize=350%2C200 1x, https:\/\/i0.wp.com\/docmarket-dz.com\/wp-content\/uploads\/2022\/12\/PINCE-HALSTEAD-DROITE-13-CM.jpg?fit=800%2C800&ssl=1&resize=525%2C300 1.5x, https:\/\/i0.wp.com\/docmarket-dz.com\/wp-content\/uploads\/2022\/12\/PINCE-HALSTEAD-DROITE-13-CM.jpg?fit=800%2C800&ssl=1&resize=700%2C400 2x"},"classes":[]}],"jetpack_sharing_enabled":true,"tiered_pricing_type":"fixed","tiered_pricing_fixed_rules":[],"tiered_pricing_product_settings":{"layout":"default","base_unit_name":{"singular":null,"plural":null},"default_variation":null},"tiered_pricing_minimum_quantity":null,"tiered_pricing_roles_data":[],"tiered_pricing_percentage_rules":[],"_links":{"self":[{"href":"https:\/\/docmarket-dz.com\/index.php\/wp-json\/wp\/v2\/product\/24591","targetHints":{"allow":["GET"]}}],"collection":[{"href":"https:\/\/docmarket-dz.com\/index.php\/wp-json\/wp\/v2\/product"}],"about":[{"href":"https:\/\/docmarket-dz.com\/index.php\/wp-json\/wp\/v2\/types\/product"}],"replies":[{"embeddable":true,"href":"https:\/\/docmarket-dz.com\/index.php\/wp-json\/wp\/v2\/comments?post=24591"}],"wp:featuredmedia":[{"embeddable":true,"href":"https:\/\/docmarket-dz.com\/index.php\/wp-json\/wp\/v2\/media\/30099"}],"wp:attachment":[{"href":"https:\/\/docmarket-dz.com\/index.php\/wp-json\/wp\/v2\/media?parent=24591"}],"wp:term":[{"taxonomy":"product_brand","embeddable":true,"href":"https:\/\/docmarket-dz.com\/index.php\/wp-json\/wp\/v2\/product_brand?post=24591"},{"taxonomy":"product_cat","embeddable":true,"href":"https:\/\/docmarket-dz.com\/index.php\/wp-json\/wp\/v2\/product_cat?post=24591"},{"taxonomy":"product_tag","embeddable":true,"href":"https:\/\/docmarket-dz.com\/index.php\/wp-json\/wp\/v2\/product_tag?post=24591"}],"curies":[{"name":"wp","href":"https:\/\/api.w.org\/{rel}","templated":true}]}}