{"id":24609,"date":"2023-01-07T13:27:35","date_gmt":"2023-01-07T12:27:35","guid":{"rendered":"https:\/\/docmarket-dz.com\/?post_type=product&#038;p=24609"},"modified":"2026-02-25T10:36:33","modified_gmt":"2026-02-25T09:36:33","slug":"bande-hydrophile-060-x-100-tarlatane","status":"publish","type":"product","link":"https:\/\/docmarket-dz.com\/index.php\/product\/bande-hydrophile-060-x-100-tarlatane\/","title":{"rendered":"Bande hydrophile (gaze) 0.60 X 100 (Tarlatane)"},"content":{"rendered":"","protected":false},"excerpt":{"rendered":"","protected":false},"featured_media":24682,"comment_status":"open","ping_status":"closed","template":"","meta":{"content-type":"","om_disable_all_campaigns":false,"_uf_show_specific_survey":0,"_uf_disable_surveys":false,"jetpack_publicize_message":"","jetpack_publicize_feature_enabled":true,"jetpack_social_post_already_shared":false,"jetpack_social_options":{"image_generator_settings":{"template":"highway","default_image_id":0,"font":"","enabled":false},"version":2}},"product_brand":[],"product_cat":[487],"product_tag":[],"class_list":{"0":"post-24609","1":"product","2":"type-product","3":"status-publish","4":"has-post-thumbnail","6":"product_cat-medical","8":"first","9":"instock","10":"taxable","11":"shipping-taxable","12":"purchasable","13":"product-type-simple"},"supplier_id":null,"supplier_sku":"","barcode":null,"atum_controlled":true,"out_stock_date":null,"out_stock_threshold":null,"inheritable":false,"inbound_stock":0,"stock_on_hold":20,"sold_today":0,"sales_last_days":0,"reserved_stock":0,"customer_returns":0,"warehouse_damage":0,"lost_in_post":0,"other_logs":0,"out_stock_days":0,"lost_sales":0,"has_location":true,"update_date":"2026-04-16T00:08:10","atum_locations":[{"id":943,"name":"C6","slug":"c6"}],"atum_stock_status":"instock","restock_status":false,"low_stock_amount":3,"sales_update_date":"2026-04-16T00:08:10","calc_backorders":0,"aioseo_notices":[],"jetpack_publicize_connections":[],"jetpack-related-posts":[{"id":24610,"url":"https:\/\/docmarket-dz.com\/index.php\/product\/bandes-a-gaze\/","url_meta":{"origin":24609,"position":0},"title":"Bandes a gaze","author":"falek.h","date":"07\/01\/2023","format":false,"excerpt":"","rel":"","context":"Article similaire","block_context":{"text":"Article similaire","link":""},"img":{"alt_text":"","src":"https:\/\/i0.wp.com\/docmarket-dz.com\/wp-content\/uploads\/2023\/01\/bandes-a-gaze-socothyd.jpg?fit=800%2C600&ssl=1&resize=350%2C200","width":350,"height":200,"srcset":"https:\/\/i0.wp.com\/docmarket-dz.com\/wp-content\/uploads\/2023\/01\/bandes-a-gaze-socothyd.jpg?fit=800%2C600&ssl=1&resize=350%2C200 1x, https:\/\/i0.wp.com\/docmarket-dz.com\/wp-content\/uploads\/2023\/01\/bandes-a-gaze-socothyd.jpg?fit=800%2C600&ssl=1&resize=525%2C300 1.5x, https:\/\/i0.wp.com\/docmarket-dz.com\/wp-content\/uploads\/2023\/01\/bandes-a-gaze-socothyd.jpg?fit=800%2C600&ssl=1&resize=700%2C400 2x"},"classes":[]},{"id":27721,"url":"https:\/\/docmarket-dz.com\/index.php\/product\/coton-hydrophile-500g-cotiflex\/","url_meta":{"origin":24609,"position":1},"title":"COTON HYDROPHILE 500G","author":"fatmazohra.nasri","date":"24\/10\/2023","format":false,"excerpt":"","rel":"","context":"Article similaire","block_context":{"text":"Article similaire","link":""},"img":{"alt_text":"","src":"https:\/\/i0.wp.com\/docmarket-dz.com\/wp-content\/uploads\/2023\/10\/coton-PhotoRoom.png-PhotoRoom.jpg?fit=603%2C604&ssl=1&resize=350%2C200","width":350,"height":200,"srcset":"https:\/\/i0.wp.com\/docmarket-dz.com\/wp-content\/uploads\/2023\/10\/coton-PhotoRoom.png-PhotoRoom.jpg?fit=603%2C604&ssl=1&resize=350%2C200 1x, https:\/\/i0.wp.com\/docmarket-dz.com\/wp-content\/uploads\/2023\/10\/coton-PhotoRoom.png-PhotoRoom.jpg?fit=603%2C604&ssl=1&resize=525%2C300 1.5x"},"classes":[]},{"id":30561,"url":"https:\/\/docmarket-dz.com\/index.php\/product\/urgo-strapping-bande-elastique-adhesive-25m-x-6cm\/","url_meta":{"origin":24609,"position":2},"title":"Urgo strapping bande \u00e9lastique adh\u00e9sive 2,5m \u00d7 6cm","author":"Amel","date":"09\/12\/2025","format":false,"excerpt":"","rel":"","context":"Article similaire","block_context":{"text":"Article similaire","link":""},"img":{"alt_text":"","src":"","width":0,"height":0},"classes":[]},{"id":29339,"url":"https:\/\/docmarket-dz.com\/index.php\/product\/compresses-non-steriles-10-x-10-boite-de-100-pcs-marque-giap\/","url_meta":{"origin":24609,"position":3},"title":"COMPRESSES NON STERILES 10 X 10 Boite  de 100 pcs  Marque GIAP","author":"TIKELALINE Amel","date":"19\/09\/2024","format":false,"excerpt":"","rel":"","context":"Article similaire","block_context":{"text":"Article similaire","link":""},"img":{"alt_text":"","src":"","width":0,"height":0},"classes":[]},{"id":28622,"url":"https:\/\/docmarket-dz.com\/index.php\/product\/bande-ph-soins-optiplaste-strapping-2-515-cm\/","url_meta":{"origin":24609,"position":4},"title":"BANDE ELASTIQUE ADHESIVE PH SOINS OPTIPLASTE STRAPPING 15 CM x 2.5 M","author":"s.arbouche","date":"13\/03\/2024","format":false,"excerpt":"","rel":"","context":"Article similaire","block_context":{"text":"Article similaire","link":""},"img":{"alt_text":"","src":"https:\/\/i0.wp.com\/docmarket-dz.com\/wp-content\/uploads\/2024\/03\/IMG_20240318_122514-removebg-preview-1.png?fit=577%2C433&ssl=1&resize=350%2C200","width":350,"height":200,"srcset":"https:\/\/i0.wp.com\/docmarket-dz.com\/wp-content\/uploads\/2024\/03\/IMG_20240318_122514-removebg-preview-1.png?fit=577%2C433&ssl=1&resize=350%2C200 1x, https:\/\/i0.wp.com\/docmarket-dz.com\/wp-content\/uploads\/2024\/03\/IMG_20240318_122514-removebg-preview-1.png?fit=577%2C433&ssl=1&resize=525%2C300 1.5x"},"classes":[]},{"id":29341,"url":"https:\/\/docmarket-dz.com\/index.php\/product\/tabouret-importation-a-gaz-avec-dossier\/","url_meta":{"origin":24609,"position":5},"title":"TABOURET IMPORTATION A GAZ AVEC DOSSIER","author":"TIKELALINE Amel","date":"19\/09\/2024","format":false,"excerpt":"","rel":"","context":"Article similaire","block_context":{"text":"Article similaire","link":""},"img":{"alt_text":"","src":"","width":0,"height":0},"classes":[]}],"jetpack_sharing_enabled":true,"tiered_pricing_type":"fixed","tiered_pricing_fixed_rules":[],"tiered_pricing_product_settings":{"layout":"default","base_unit_name":{"singular":null,"plural":null},"default_variation":null},"tiered_pricing_minimum_quantity":null,"tiered_pricing_roles_data":[],"tiered_pricing_percentage_rules":[],"_links":{"self":[{"href":"https:\/\/docmarket-dz.com\/index.php\/wp-json\/wp\/v2\/product\/24609","targetHints":{"allow":["GET"]}}],"collection":[{"href":"https:\/\/docmarket-dz.com\/index.php\/wp-json\/wp\/v2\/product"}],"about":[{"href":"https:\/\/docmarket-dz.com\/index.php\/wp-json\/wp\/v2\/types\/product"}],"replies":[{"embeddable":true,"href":"https:\/\/docmarket-dz.com\/index.php\/wp-json\/wp\/v2\/comments?post=24609"}],"wp:featuredmedia":[{"embeddable":true,"href":"https:\/\/docmarket-dz.com\/index.php\/wp-json\/wp\/v2\/media\/24682"}],"wp:attachment":[{"href":"https:\/\/docmarket-dz.com\/index.php\/wp-json\/wp\/v2\/media?parent=24609"}],"wp:term":[{"taxonomy":"product_brand","embeddable":true,"href":"https:\/\/docmarket-dz.com\/index.php\/wp-json\/wp\/v2\/product_brand?post=24609"},{"taxonomy":"product_cat","embeddable":true,"href":"https:\/\/docmarket-dz.com\/index.php\/wp-json\/wp\/v2\/product_cat?post=24609"},{"taxonomy":"product_tag","embeddable":true,"href":"https:\/\/docmarket-dz.com\/index.php\/wp-json\/wp\/v2\/product_tag?post=24609"}],"curies":[{"name":"wp","href":"https:\/\/api.w.org\/{rel}","templated":true}]}}