{"id":24610,"date":"2023-01-07T13:36:14","date_gmt":"2023-01-07T12:36:14","guid":{"rendered":"https:\/\/docmarket-dz.com\/?post_type=product&#038;p=24610"},"modified":"2026-01-07T16:46:18","modified_gmt":"2026-01-07T15:46:18","slug":"bandes-a-gaze","status":"publish","type":"product","link":"https:\/\/docmarket-dz.com\/index.php\/product\/bandes-a-gaze\/","title":{"rendered":"Bandes a gaze"},"content":{"rendered":"","protected":false},"excerpt":{"rendered":"","protected":false},"featured_media":24611,"comment_status":"open","ping_status":"closed","template":"","meta":{"content-type":"","om_disable_all_campaigns":false,"_uf_show_specific_survey":0,"_uf_disable_surveys":false,"jetpack_publicize_message":"","jetpack_publicize_feature_enabled":true,"jetpack_social_post_already_shared":false,"jetpack_social_options":{"image_generator_settings":{"template":"highway","default_image_id":0,"font":"","enabled":false},"version":2}},"product_brand":[],"product_cat":[487],"product_tag":[],"class_list":{"0":"post-24610","1":"product","2":"type-product","3":"status-publish","4":"has-post-thumbnail","6":"product_cat-medical","8":"first","9":"instock","10":"featured","11":"taxable","12":"shipping-taxable","13":"purchasable","14":"product-type-variable","15":"has-default-attributes"},"supplier_id":null,"supplier_sku":"","barcode":null,"atum_controlled":true,"out_stock_date":null,"out_stock_threshold":null,"inheritable":true,"inbound_stock":0,"stock_on_hold":0,"sold_today":0,"sales_last_days":0,"reserved_stock":0,"customer_returns":0,"warehouse_damage":0,"lost_in_post":0,"other_logs":0,"out_stock_days":0,"lost_sales":0,"has_location":true,"update_date":"2026-04-15T00:07:05","atum_locations":[{"id":962,"name":"D4","slug":"d4"}],"atum_stock_status":"instock","restock_status":false,"low_stock_amount":"","sales_update_date":"2026-04-15T00:07:05","calc_backorders":null,"aioseo_notices":[],"jetpack_publicize_connections":[],"jetpack-related-posts":[{"id":24609,"url":"https:\/\/docmarket-dz.com\/index.php\/product\/bande-hydrophile-060-x-100-tarlatane\/","url_meta":{"origin":24610,"position":0},"title":"Bande hydrophile (gaze) 0.60 X 100 (Tarlatane)","author":"falek.h","date":"07\/01\/2023","format":false,"excerpt":"","rel":"","context":"Article similaire","block_context":{"text":"Article similaire","link":""},"img":{"alt_text":"","src":"https:\/\/i0.wp.com\/docmarket-dz.com\/wp-content\/uploads\/2023\/01\/rouleau-gaz-tarlatane-e1673278875514.jpg?fit=600%2C254&ssl=1&resize=350%2C200","width":350,"height":200,"srcset":"https:\/\/i0.wp.com\/docmarket-dz.com\/wp-content\/uploads\/2023\/01\/rouleau-gaz-tarlatane-e1673278875514.jpg?fit=600%2C254&ssl=1&resize=350%2C200 1x, https:\/\/i0.wp.com\/docmarket-dz.com\/wp-content\/uploads\/2023\/01\/rouleau-gaz-tarlatane-e1673278875514.jpg?fit=600%2C254&ssl=1&resize=525%2C300 1.5x"},"classes":[]},{"id":29341,"url":"https:\/\/docmarket-dz.com\/index.php\/product\/tabouret-importation-a-gaz-avec-dossier\/","url_meta":{"origin":24610,"position":1},"title":"TABOURET IMPORTATION A GAZ AVEC DOSSIER","author":"TIKELALINE Amel","date":"19\/09\/2024","format":false,"excerpt":"","rel":"","context":"Article similaire","block_context":{"text":"Article similaire","link":""},"img":{"alt_text":"","src":"","width":0,"height":0},"classes":[]},{"id":29345,"url":"https:\/\/docmarket-dz.com\/index.php\/product\/tabouret-importation-a-gaz-avec-dossier-noir\/","url_meta":{"origin":24610,"position":2},"title":"TABOURET IMPORTATION A GAZ AVEC DOSSIER Noir","author":"TIKELALINE Amel","date":"19\/09\/2024","format":false,"excerpt":"","rel":"","context":"Article similaire","block_context":{"text":"Article similaire","link":""},"img":{"alt_text":"","src":"","width":0,"height":0},"classes":[]},{"id":30126,"url":"https:\/\/docmarket-dz.com\/index.php\/product\/housse-de-camera-sterile-pour-endoscopie\/","url_meta":{"origin":24610,"position":3},"title":"Housse de camera st\u00e9rile pour endoscopie","author":"Sofiane Arbouche","date":"19\/05\/2025","format":false,"excerpt":"Housses de protection pour cam\u00e9ras endoscopiques - St\u00e9rile: Fabriqu\u00e9 en Poly\u00e9thyl\u00e8ne \"imperm\u00e9able\" et st\u00e9rilis\u00e9 au gaz d'oxyde d'\u00e9thyl\u00e8ne, elle contribue a minimiser le risque de contamination bact\u00e9rienne, d'infections. Elles prot\u00e8gent les \u00e9quipements des fluides et sont faciles a manipuler","rel":"","context":"Article similaire","block_context":{"text":"Article similaire","link":""},"img":{"alt_text":"","src":"https:\/\/i0.wp.com\/docmarket-dz.com\/wp-content\/uploads\/2025\/05\/Sans-titre-3.jpg?fit=801%2C1200&ssl=1&resize=350%2C200","width":350,"height":200,"srcset":"https:\/\/i0.wp.com\/docmarket-dz.com\/wp-content\/uploads\/2025\/05\/Sans-titre-3.jpg?fit=801%2C1200&ssl=1&resize=350%2C200 1x, https:\/\/i0.wp.com\/docmarket-dz.com\/wp-content\/uploads\/2025\/05\/Sans-titre-3.jpg?fit=801%2C1200&ssl=1&resize=525%2C300 1.5x, https:\/\/i0.wp.com\/docmarket-dz.com\/wp-content\/uploads\/2025\/05\/Sans-titre-3.jpg?fit=801%2C1200&ssl=1&resize=700%2C400 2x"},"classes":[]},{"id":24979,"url":"https:\/\/docmarket-dz.com\/index.php\/product\/bande-elastique\/","url_meta":{"origin":24610,"position":4},"title":"Bande \u00e9lastique","author":"falek.h","date":"24\/02\/2023","format":false,"excerpt":"","rel":"","context":"Article similaire","block_context":{"text":"Article similaire","link":""},"img":{"alt_text":"","src":"https:\/\/i0.wp.com\/docmarket-dz.com\/wp-content\/uploads\/2023\/02\/Bande-elastique-1-e1681028600667.jpg?fit=600%2C600&ssl=1&resize=350%2C200","width":350,"height":200,"srcset":"https:\/\/i0.wp.com\/docmarket-dz.com\/wp-content\/uploads\/2023\/02\/Bande-elastique-1-e1681028600667.jpg?fit=600%2C600&ssl=1&resize=350%2C200 1x, https:\/\/i0.wp.com\/docmarket-dz.com\/wp-content\/uploads\/2023\/02\/Bande-elastique-1-e1681028600667.jpg?fit=600%2C600&ssl=1&resize=525%2C300 1.5x"},"classes":[]},{"id":24627,"url":"https:\/\/docmarket-dz.com\/index.php\/product\/bandes-jersey\/","url_meta":{"origin":24610,"position":5},"title":"Bandes Jersey","author":"falek.h","date":"07\/01\/2023","format":false,"excerpt":"","rel":"","context":"Article similaire","block_context":{"text":"Article similaire","link":""},"img":{"alt_text":"","src":"https:\/\/i0.wp.com\/docmarket-dz.com\/wp-content\/uploads\/2023\/01\/BANDE-JERSEY-e1673095875985.jpg?fit=660%2C600&ssl=1&resize=350%2C200","width":350,"height":200,"srcset":"https:\/\/i0.wp.com\/docmarket-dz.com\/wp-content\/uploads\/2023\/01\/BANDE-JERSEY-e1673095875985.jpg?fit=660%2C600&ssl=1&resize=350%2C200 1x, https:\/\/i0.wp.com\/docmarket-dz.com\/wp-content\/uploads\/2023\/01\/BANDE-JERSEY-e1673095875985.jpg?fit=660%2C600&ssl=1&resize=525%2C300 1.5x"},"classes":[]}],"jetpack_sharing_enabled":true,"tiered_pricing_type":"fixed","tiered_pricing_fixed_rules":[],"tiered_pricing_product_settings":{"layout":"default","base_unit_name":{"singular":null,"plural":null},"default_variation":null},"tiered_pricing_minimum_quantity":null,"tiered_pricing_roles_data":[],"tiered_pricing_percentage_rules":[],"_links":{"self":[{"href":"https:\/\/docmarket-dz.com\/index.php\/wp-json\/wp\/v2\/product\/24610","targetHints":{"allow":["GET"]}}],"collection":[{"href":"https:\/\/docmarket-dz.com\/index.php\/wp-json\/wp\/v2\/product"}],"about":[{"href":"https:\/\/docmarket-dz.com\/index.php\/wp-json\/wp\/v2\/types\/product"}],"replies":[{"embeddable":true,"href":"https:\/\/docmarket-dz.com\/index.php\/wp-json\/wp\/v2\/comments?post=24610"}],"wp:featuredmedia":[{"embeddable":true,"href":"https:\/\/docmarket-dz.com\/index.php\/wp-json\/wp\/v2\/media\/24611"}],"wp:attachment":[{"href":"https:\/\/docmarket-dz.com\/index.php\/wp-json\/wp\/v2\/media?parent=24610"}],"wp:term":[{"taxonomy":"product_brand","embeddable":true,"href":"https:\/\/docmarket-dz.com\/index.php\/wp-json\/wp\/v2\/product_brand?post=24610"},{"taxonomy":"product_cat","embeddable":true,"href":"https:\/\/docmarket-dz.com\/index.php\/wp-json\/wp\/v2\/product_cat?post=24610"},{"taxonomy":"product_tag","embeddable":true,"href":"https:\/\/docmarket-dz.com\/index.php\/wp-json\/wp\/v2\/product_tag?post=24610"}],"curies":[{"name":"wp","href":"https:\/\/api.w.org\/{rel}","templated":true}]}}