{"id":24893,"date":"2023-01-29T04:12:30","date_gmt":"2023-01-29T03:12:30","guid":{"rendered":"https:\/\/docmarket-dz.com\/?post_type=product&#038;p=24893"},"modified":"2025-10-12T15:26:55","modified_gmt":"2025-10-12T14:26:55","slug":"kit-hijama-acupuncture","status":"publish","type":"product","link":"https:\/\/docmarket-dz.com\/index.php\/product\/kit-hijama-acupuncture\/","title":{"rendered":"Kit Hijama El Islamia &#8211; petit mod\u00e8le &#8211; 6 pi\u00e8ce"},"content":{"rendered":"","protected":false},"excerpt":{"rendered":"","protected":false},"featured_media":26971,"comment_status":"open","ping_status":"closed","template":"","meta":{"content-type":"","om_disable_all_campaigns":false,"_uf_show_specific_survey":0,"_uf_disable_surveys":false,"jetpack_publicize_message":"","jetpack_publicize_feature_enabled":true,"jetpack_social_post_already_shared":false,"jetpack_social_options":{"image_generator_settings":{"template":"highway","default_image_id":0,"font":"","enabled":false},"version":2}},"product_brand":[],"product_cat":[739],"product_tag":[],"class_list":{"0":"post-24893","1":"product","2":"type-product","3":"status-publish","4":"has-post-thumbnail","6":"product_cat-acupuncture","8":"first","9":"instock","10":"taxable","11":"shipping-taxable","12":"purchasable","13":"product-type-simple"},"supplier_id":null,"supplier_sku":"","barcode":null,"atum_controlled":true,"out_stock_date":null,"out_stock_threshold":null,"inheritable":false,"inbound_stock":0,"stock_on_hold":1,"sold_today":0,"sales_last_days":0,"reserved_stock":0,"customer_returns":0,"warehouse_damage":0,"lost_in_post":0,"other_logs":0,"out_stock_days":0,"lost_sales":0,"has_location":false,"update_date":"2026-04-10T00:05:06","atum_locations":[{"id":960,"name":"D2","slug":"d2"}],"atum_stock_status":"instock","restock_status":false,"low_stock_amount":"","sales_update_date":"2026-04-10T00:05:06","calc_backorders":0,"aioseo_notices":[],"jetpack_publicize_connections":[],"jetpack-related-posts":[{"id":29924,"url":"https:\/\/docmarket-dz.com\/index.php\/product\/kit-hijama-el-islamia-grand-modele-12-piece\/","url_meta":{"origin":24893,"position":0},"title":"Kit Hijama El Islamia &#8211; Grand mod\u00e8le &#8211; 12 pi\u00e8ce","author":"Sofiane Arbouche","date":"27\/02\/2025","format":false,"excerpt":"","rel":"","context":"Article similaire","block_context":{"text":"Article similaire","link":""},"img":{"alt_text":"","src":"https:\/\/i0.wp.com\/docmarket-dz.com\/wp-content\/uploads\/2025\/02\/Sans-titre-1.jpg?fit=1200%2C1200&ssl=1&resize=350%2C200","width":350,"height":200,"srcset":"https:\/\/i0.wp.com\/docmarket-dz.com\/wp-content\/uploads\/2025\/02\/Sans-titre-1.jpg?fit=1200%2C1200&ssl=1&resize=350%2C200 1x, https:\/\/i0.wp.com\/docmarket-dz.com\/wp-content\/uploads\/2025\/02\/Sans-titre-1.jpg?fit=1200%2C1200&ssl=1&resize=525%2C300 1.5x, https:\/\/i0.wp.com\/docmarket-dz.com\/wp-content\/uploads\/2025\/02\/Sans-titre-1.jpg?fit=1200%2C1200&ssl=1&resize=700%2C400 2x, https:\/\/i0.wp.com\/docmarket-dz.com\/wp-content\/uploads\/2025\/02\/Sans-titre-1.jpg?fit=1200%2C1200&ssl=1&resize=1050%2C600 3x"},"classes":[]},{"id":29150,"url":"https:\/\/docmarket-dz.com\/index.php\/product\/ventouse-hidjama-el-islamia\/","url_meta":{"origin":24893,"position":1},"title":"Ventouse HIJAMA grand mod\u00e8le &#8211; El ISLAMIA","author":"TIKELALINE Amel","date":"02\/07\/2024","format":false,"excerpt":"Les sac de ventouse grand mod\u00e8le pour la Hijame contient 6 unit\u00e9s, 6 ventouses.","rel":"","context":"Article similaire","block_context":{"text":"Article similaire","link":""},"img":{"alt_text":"","src":"https:\/\/i0.wp.com\/docmarket-dz.com\/wp-content\/uploads\/2024\/07\/Sans-titre-1.jpg?fit=903%2C1200&ssl=1&resize=350%2C200","width":350,"height":200,"srcset":"https:\/\/i0.wp.com\/docmarket-dz.com\/wp-content\/uploads\/2024\/07\/Sans-titre-1.jpg?fit=903%2C1200&ssl=1&resize=350%2C200 1x, https:\/\/i0.wp.com\/docmarket-dz.com\/wp-content\/uploads\/2024\/07\/Sans-titre-1.jpg?fit=903%2C1200&ssl=1&resize=525%2C300 1.5x, https:\/\/i0.wp.com\/docmarket-dz.com\/wp-content\/uploads\/2024\/07\/Sans-titre-1.jpg?fit=903%2C1200&ssl=1&resize=700%2C400 2x"},"classes":[]},{"id":29922,"url":"https:\/\/docmarket-dz.com\/index.php\/product\/ventouse-hijama-3-taille-el-islamia\/","url_meta":{"origin":24893,"position":2},"title":"Ventouse HIJAMA 3 taille &#8211; El ISLAMIA","author":"Sofiane Arbouche","date":"27\/02\/2025","format":false,"excerpt":"Les sac de ventouse 3 mod\u00e8les pour la Hijame contient 6 unit\u00e9s. 2 petite ventouse + 2 moyenne + 2 grande","rel":"","context":"Article similaire","block_context":{"text":"Article similaire","link":""},"img":{"alt_text":"","src":"https:\/\/i0.wp.com\/docmarket-dz.com\/wp-content\/uploads\/2024\/07\/Sans-titre-1.jpg?fit=903%2C1200&ssl=1&resize=350%2C200","width":350,"height":200,"srcset":"https:\/\/i0.wp.com\/docmarket-dz.com\/wp-content\/uploads\/2024\/07\/Sans-titre-1.jpg?fit=903%2C1200&ssl=1&resize=350%2C200 1x, https:\/\/i0.wp.com\/docmarket-dz.com\/wp-content\/uploads\/2024\/07\/Sans-titre-1.jpg?fit=903%2C1200&ssl=1&resize=525%2C300 1.5x, https:\/\/i0.wp.com\/docmarket-dz.com\/wp-content\/uploads\/2024\/07\/Sans-titre-1.jpg?fit=903%2C1200&ssl=1&resize=700%2C400 2x"},"classes":[]},{"id":29151,"url":"https:\/\/docmarket-dz.com\/index.php\/product\/pansement-sterile-pour-hijama-boite-de-25-sacs-x-10-unites\/","url_meta":{"origin":24893,"position":3},"title":"Pansement St\u00e9rile pour Hijama &#8211; Boite de 25 sacs X 10 unit\u00e9s","author":"Sofiane Arbouche","date":"02\/07\/2024","format":false,"excerpt":"","rel":"","context":"Article similaire","block_context":{"text":"Article similaire","link":""},"img":{"alt_text":"","src":"https:\/\/i0.wp.com\/docmarket-dz.com\/wp-content\/uploads\/2024\/07\/Sans-titre.jpg?fit=903%2C1200&ssl=1&resize=350%2C200","width":350,"height":200,"srcset":"https:\/\/i0.wp.com\/docmarket-dz.com\/wp-content\/uploads\/2024\/07\/Sans-titre.jpg?fit=903%2C1200&ssl=1&resize=350%2C200 1x, https:\/\/i0.wp.com\/docmarket-dz.com\/wp-content\/uploads\/2024\/07\/Sans-titre.jpg?fit=903%2C1200&ssl=1&resize=525%2C300 1.5x, https:\/\/i0.wp.com\/docmarket-dz.com\/wp-content\/uploads\/2024\/07\/Sans-titre.jpg?fit=903%2C1200&ssl=1&resize=700%2C400 2x"},"classes":[]},{"id":27821,"url":"https:\/\/docmarket-dz.com\/index.php\/product\/ventouse-hidjama-22\/","url_meta":{"origin":24893,"position":4},"title":"Ventouse HIJAMA 2*2","author":"fatmazohra.nasri","date":"13\/11\/2023","format":false,"excerpt":"Ce produit est d\u00e9sinfect\u00e9 par des dispositifs de st\u00e9rilisation. Ce produit est fabriqu\u00e9 pour un usage unique seulement.","rel":"","context":"Article similaire","block_context":{"text":"Article similaire","link":""},"img":{"alt_text":"","src":"https:\/\/i0.wp.com\/docmarket-dz.com\/wp-content\/uploads\/2023\/11\/image0.png?fit=599%2C596&ssl=1&resize=350%2C200","width":350,"height":200,"srcset":"https:\/\/i0.wp.com\/docmarket-dz.com\/wp-content\/uploads\/2023\/11\/image0.png?fit=599%2C596&ssl=1&resize=350%2C200 1x, https:\/\/i0.wp.com\/docmarket-dz.com\/wp-content\/uploads\/2023\/11\/image0.png?fit=599%2C596&ssl=1&resize=525%2C300 1.5x"},"classes":[]},{"id":25880,"url":"https:\/\/docmarket-dz.com\/index.php\/product\/appareil-ecg-3-6-pistes-ecg-100l-sans-interpretation\/","url_meta":{"origin":24893,"position":5},"title":"Appareil ECG 3 Ecran couleur Tactile et batterie int\u00e9gr\u00e9e avec interpr\u00e9tations -Modele E30","author":"falek.h","date":"12\/03\/2023","format":false,"excerpt":"FT E30 ECG 3 Pistes","rel":"","context":"Article similaire","block_context":{"text":"Article similaire","link":""},"img":{"alt_text":"","src":"","width":0,"height":0},"classes":[]}],"jetpack_sharing_enabled":true,"tiered_pricing_type":"fixed","tiered_pricing_fixed_rules":{"100":330},"tiered_pricing_product_settings":{"layout":"default","base_unit_name":{"singular":null,"plural":null},"default_variation":null},"tiered_pricing_minimum_quantity":null,"tiered_pricing_roles_data":[],"tiered_pricing_percentage_rules":[],"_links":{"self":[{"href":"https:\/\/docmarket-dz.com\/index.php\/wp-json\/wp\/v2\/product\/24893","targetHints":{"allow":["GET"]}}],"collection":[{"href":"https:\/\/docmarket-dz.com\/index.php\/wp-json\/wp\/v2\/product"}],"about":[{"href":"https:\/\/docmarket-dz.com\/index.php\/wp-json\/wp\/v2\/types\/product"}],"replies":[{"embeddable":true,"href":"https:\/\/docmarket-dz.com\/index.php\/wp-json\/wp\/v2\/comments?post=24893"}],"wp:featuredmedia":[{"embeddable":true,"href":"https:\/\/docmarket-dz.com\/index.php\/wp-json\/wp\/v2\/media\/26971"}],"wp:attachment":[{"href":"https:\/\/docmarket-dz.com\/index.php\/wp-json\/wp\/v2\/media?parent=24893"}],"wp:term":[{"taxonomy":"product_brand","embeddable":true,"href":"https:\/\/docmarket-dz.com\/index.php\/wp-json\/wp\/v2\/product_brand?post=24893"},{"taxonomy":"product_cat","embeddable":true,"href":"https:\/\/docmarket-dz.com\/index.php\/wp-json\/wp\/v2\/product_cat?post=24893"},{"taxonomy":"product_tag","embeddable":true,"href":"https:\/\/docmarket-dz.com\/index.php\/wp-json\/wp\/v2\/product_tag?post=24893"}],"curies":[{"name":"wp","href":"https:\/\/api.w.org\/{rel}","templated":true}]}}