{"id":25194,"date":"2023-02-25T14:15:40","date_gmt":"2023-02-25T13:15:40","guid":{"rendered":"https:\/\/docmarket-dz.com\/?post_type=product&#038;p=25194"},"modified":"2023-08-09T14:15:56","modified_gmt":"2023-08-09T13:15:56","slug":"champ-operatoire","status":"publish","type":"product","link":"https:\/\/docmarket-dz.com\/index.php\/product\/champ-operatoire\/","title":{"rendered":"CHAMP OPERATOIRE"},"content":{"rendered":"","protected":false},"excerpt":{"rendered":"","protected":false},"featured_media":25195,"comment_status":"open","ping_status":"closed","template":"","meta":{"content-type":"","om_disable_all_campaigns":false,"_uf_show_specific_survey":0,"_uf_disable_surveys":false,"jetpack_publicize_message":"","jetpack_publicize_feature_enabled":true,"jetpack_social_post_already_shared":false,"jetpack_social_options":{"image_generator_settings":{"template":"highway","default_image_id":0,"font":"","enabled":false},"version":2}},"product_brand":[],"product_cat":[487],"product_tag":[],"class_list":{"0":"post-25194","1":"product","2":"type-product","3":"status-publish","4":"has-post-thumbnail","6":"product_cat-medical","8":"first","9":"onbackorder","10":"taxable","11":"shipping-taxable","12":"purchasable","13":"product-type-variable","14":"has-default-attributes"},"supplier_id":null,"supplier_sku":"","barcode":null,"atum_controlled":true,"out_stock_date":null,"out_stock_threshold":null,"inheritable":true,"inbound_stock":0,"stock_on_hold":0,"sold_today":0,"sales_last_days":0,"reserved_stock":0,"customer_returns":0,"warehouse_damage":0,"lost_in_post":0,"other_logs":0,"out_stock_days":0,"lost_sales":0,"has_location":false,"update_date":"2026-04-16T00:08:03","atum_locations":[],"atum_stock_status":"onbackorder","restock_status":false,"low_stock_amount":"","sales_update_date":"2026-04-16T00:08:03","calc_backorders":null,"aioseo_notices":[],"jetpack_publicize_connections":[],"jetpack-related-posts":[{"id":29234,"url":"https:\/\/docmarket-dz.com\/index.php\/product\/kit-trousse-de-circoncision\/","url_meta":{"origin":25194,"position":0},"title":"KIT &#8211; Trousse de circoncision","author":"Sofiane Arbouche","date":"05\/08\/2024","format":false,"excerpt":"\u00a0\u00a0\u00a0 \u00a0\u00a0\u00a0\u00a0\u00a0\u00a0\u00a0\u00a0\u00a0\u00a0\u00a0\u00a0\u00a0\u00a0\u00a0\u00a0SET \u00a0DE CIRCONCISION\u00a0: 2 x Paires de gants de chirurgie Champ op\u00e9ratoire lamin\u00e9 45 x50 cm Pince h\u00e9mostatique courb\u00e9 Bistouri lame 11 Pince kocher 5 x compresse 5 x 7.5","rel":"","context":"Article similaire","block_context":{"text":"Article similaire","link":""},"img":{"alt_text":"","src":"","width":0,"height":0},"classes":[]},{"id":26390,"url":"https:\/\/docmarket-dz.com\/index.php\/product\/trousse-celioscopie-sterile\/","url_meta":{"origin":25194,"position":1},"title":"TROUSSE COELIOSCOPIE STERILE","author":"falek.h","date":"12\/03\/2023","format":false,"excerpt":"Les champs de la trousse de c\u0153lioscopie sont soigneusement con\u00e7us pour garantir la s\u00e9curit\u00e9 et l\u2019efficacit\u00e9 face aux exigences particuli\u00e8res de la chirurgie c\u0153lioscopie, et renforcer l\u2019efficacit\u00e9 au bloc op\u00e9ratoire. Les passes tubulures et bandes adh\u00e9sives permettent d\u2019organiser la zone de travail et de conserver un environnement propre et st\u00e9rile,\u2026","rel":"","context":"Article similaire","block_context":{"text":"Article similaire","link":""},"img":{"alt_text":"","src":"https:\/\/i0.wp.com\/docmarket-dz.com\/wp-content\/uploads\/2023\/03\/Capture-tousse-coeloscopie.png?fit=432%2C267&ssl=1&resize=350%2C200","width":350,"height":200},"classes":[]},{"id":27534,"url":"https:\/\/docmarket-dz.com\/index.php\/product\/betadine-solui-odine-flc-125ml\/","url_meta":{"origin":25194,"position":2},"title":"BETADINE SOLUI-ODINE FLC-125ML","author":"Somia Belmadani","date":"17\/10\/2023","format":false,"excerpt":"Une solution antiseptique \u00e0 base de povidone iod\u00e9e (10%) est employ\u00e9 pour le traitement local d'appoint des affections de la peau et des muqueuses infect\u00e9es ou risquant de s'infecter mais \u00e9galement pour l'antisepsie du champ op\u00e9ratoire. Forme............................Solution pour application locale Dosage..........................10 % Contenance...................125 ml","rel":"","context":"Article similaire","block_context":{"text":"Article similaire","link":""},"img":{"alt_text":"","src":"https:\/\/i0.wp.com\/docmarket-dz.com\/wp-content\/uploads\/2023\/10\/0000172.png?fit=603%2C601&ssl=1&resize=350%2C200","width":350,"height":200,"srcset":"https:\/\/i0.wp.com\/docmarket-dz.com\/wp-content\/uploads\/2023\/10\/0000172.png?fit=603%2C601&ssl=1&resize=350%2C200 1x, https:\/\/i0.wp.com\/docmarket-dz.com\/wp-content\/uploads\/2023\/10\/0000172.png?fit=603%2C601&ssl=1&resize=525%2C300 1.5x"},"classes":[]},{"id":27538,"url":"https:\/\/docmarket-dz.com\/index.php\/product\/betadine-solui-odine-flc-1-l\/","url_meta":{"origin":25194,"position":3},"title":"BETADINE SOLUI-ODINE FLC-1 L","author":"Somia Belmadani","date":"17\/10\/2023","format":false,"excerpt":"Une solution antiseptique \u00e0 base de povidone iod\u00e9e (10%) est employ\u00e9 pour le traitement local d'appoint des affections de la peau et des muqueuses infect\u00e9es ou risquant de s'infecter mais \u00e9galement pour l'antisepsie du champ op\u00e9ratoire. Forme............................Solution pour application locale Dosage..........................10 % Contenance...................1 L","rel":"","context":"Article similaire","block_context":{"text":"Article similaire","link":""},"img":{"alt_text":"","src":"https:\/\/i0.wp.com\/docmarket-dz.com\/wp-content\/uploads\/2023\/10\/SOLUIODINE-500-ML.jpg-PhotoRoom-PhotoRoom.webp?fit=612%2C792&ssl=1&resize=350%2C200","width":350,"height":200,"srcset":"https:\/\/i0.wp.com\/docmarket-dz.com\/wp-content\/uploads\/2023\/10\/SOLUIODINE-500-ML.jpg-PhotoRoom-PhotoRoom.webp?fit=612%2C792&ssl=1&resize=350%2C200 1x, https:\/\/i0.wp.com\/docmarket-dz.com\/wp-content\/uploads\/2023\/10\/SOLUIODINE-500-ML.jpg-PhotoRoom-PhotoRoom.webp?fit=612%2C792&ssl=1&resize=525%2C300 1.5x"},"classes":[]},{"id":27548,"url":"https:\/\/docmarket-dz.com\/index.php\/product\/betadine-solui-odine-flc-250-ml\/","url_meta":{"origin":25194,"position":4},"title":"BETADINE SOLUI-ODINE FLC- 250 ML","author":"Somia Belmadani","date":"17\/10\/2023","format":false,"excerpt":"Une solution antiseptique \u00e0 base de povidone iod\u00e9e (10%) est employ\u00e9 pour le traitement local d'appoint des affections de la peau et des muqueuses infect\u00e9es ou risquant de s'infecter mais \u00e9galement pour l'antisepsie du champ op\u00e9ratoire. Forme............................Solution pour application locale Dosage..........................10 % Contenance................... 250 ML","rel":"","context":"Article similaire","block_context":{"text":"Article similaire","link":""},"img":{"alt_text":"","src":"https:\/\/i0.wp.com\/docmarket-dz.com\/wp-content\/uploads\/2023\/10\/BETADINE-10-SOLUIODINE-PLYVIDONE-IODE-1-LITRE-Copie-PhotoRoom-e1672566570554.webp?fit=600%2C534&ssl=1&resize=350%2C200","width":350,"height":200,"srcset":"https:\/\/i0.wp.com\/docmarket-dz.com\/wp-content\/uploads\/2023\/10\/BETADINE-10-SOLUIODINE-PLYVIDONE-IODE-1-LITRE-Copie-PhotoRoom-e1672566570554.webp?fit=600%2C534&ssl=1&resize=350%2C200 1x, https:\/\/i0.wp.com\/docmarket-dz.com\/wp-content\/uploads\/2023\/10\/BETADINE-10-SOLUIODINE-PLYVIDONE-IODE-1-LITRE-Copie-PhotoRoom-e1672566570554.webp?fit=600%2C534&ssl=1&resize=525%2C300 1.5x"},"classes":[]},{"id":27540,"url":"https:\/\/docmarket-dz.com\/index.php\/product\/betadine-solui-odine-flc-500-ml\/","url_meta":{"origin":25194,"position":5},"title":"BETADINE SOLUI-ODINE FLC- 500 ML","author":"Somia Belmadani","date":"17\/10\/2023","format":false,"excerpt":"Une solution antiseptique \u00e0 base de povidone iod\u00e9e (10%) est employ\u00e9 pour le traitement local d'appoint des affections de la peau et des muqueuses infect\u00e9es ou risquant de s'infecter mais \u00e9galement pour l'antisepsie du champ op\u00e9ratoire. Forme............................Solution pour application locale Dosage..........................10 % Contenance................... 500 ML","rel":"","context":"Article similaire","block_context":{"text":"Article similaire","link":""},"img":{"alt_text":"","src":"https:\/\/i0.wp.com\/docmarket-dz.com\/wp-content\/uploads\/2023\/10\/BETADINE-10-SOLUIODINE-POLYVIDONE-IODE-500-ML-PhotoRoom-e1672566478316.webp?fit=600%2C543&ssl=1&resize=350%2C200","width":350,"height":200,"srcset":"https:\/\/i0.wp.com\/docmarket-dz.com\/wp-content\/uploads\/2023\/10\/BETADINE-10-SOLUIODINE-POLYVIDONE-IODE-500-ML-PhotoRoom-e1672566478316.webp?fit=600%2C543&ssl=1&resize=350%2C200 1x, https:\/\/i0.wp.com\/docmarket-dz.com\/wp-content\/uploads\/2023\/10\/BETADINE-10-SOLUIODINE-POLYVIDONE-IODE-500-ML-PhotoRoom-e1672566478316.webp?fit=600%2C543&ssl=1&resize=525%2C300 1.5x"},"classes":[]}],"jetpack_sharing_enabled":true,"tiered_pricing_type":"fixed","tiered_pricing_fixed_rules":[],"tiered_pricing_product_settings":{"layout":"default","base_unit_name":{"singular":null,"plural":null},"default_variation":null},"tiered_pricing_minimum_quantity":null,"tiered_pricing_roles_data":[],"tiered_pricing_percentage_rules":[],"_links":{"self":[{"href":"https:\/\/docmarket-dz.com\/index.php\/wp-json\/wp\/v2\/product\/25194","targetHints":{"allow":["GET"]}}],"collection":[{"href":"https:\/\/docmarket-dz.com\/index.php\/wp-json\/wp\/v2\/product"}],"about":[{"href":"https:\/\/docmarket-dz.com\/index.php\/wp-json\/wp\/v2\/types\/product"}],"replies":[{"embeddable":true,"href":"https:\/\/docmarket-dz.com\/index.php\/wp-json\/wp\/v2\/comments?post=25194"}],"wp:featuredmedia":[{"embeddable":true,"href":"https:\/\/docmarket-dz.com\/index.php\/wp-json\/wp\/v2\/media\/25195"}],"wp:attachment":[{"href":"https:\/\/docmarket-dz.com\/index.php\/wp-json\/wp\/v2\/media?parent=25194"}],"wp:term":[{"taxonomy":"product_brand","embeddable":true,"href":"https:\/\/docmarket-dz.com\/index.php\/wp-json\/wp\/v2\/product_brand?post=25194"},{"taxonomy":"product_cat","embeddable":true,"href":"https:\/\/docmarket-dz.com\/index.php\/wp-json\/wp\/v2\/product_cat?post=25194"},{"taxonomy":"product_tag","embeddable":true,"href":"https:\/\/docmarket-dz.com\/index.php\/wp-json\/wp\/v2\/product_tag?post=25194"}],"curies":[{"name":"wp","href":"https:\/\/api.w.org\/{rel}","templated":true}]}}