{"id":25203,"date":"2023-02-25T14:33:22","date_gmt":"2023-02-25T13:33:22","guid":{"rendered":"https:\/\/docmarket-dz.com\/?post_type=product&#038;p=25203"},"modified":"2026-02-10T09:45:08","modified_gmt":"2026-02-10T08:45:08","slug":"charlotte-en-non-tisse","status":"publish","type":"product","link":"https:\/\/docmarket-dz.com\/index.php\/product\/charlotte-en-non-tisse\/","title":{"rendered":"CHARLOTTE NON TISSE"},"content":{"rendered":"","protected":false},"excerpt":{"rendered":"","protected":false},"featured_media":25204,"comment_status":"open","ping_status":"closed","template":"","meta":{"content-type":"","om_disable_all_campaigns":false,"_uf_show_specific_survey":0,"_uf_disable_surveys":false,"jetpack_publicize_message":"","jetpack_publicize_feature_enabled":true,"jetpack_social_post_already_shared":false,"jetpack_social_options":{"image_generator_settings":{"template":"highway","default_image_id":0,"font":"","enabled":false},"version":2}},"product_brand":[],"product_cat":[560],"product_tag":[],"class_list":{"0":"post-25203","1":"product","2":"type-product","3":"status-publish","4":"has-post-thumbnail","6":"product_cat-hygiene","8":"first","9":"onbackorder","10":"taxable","11":"shipping-taxable","12":"purchasable","13":"product-type-variable"},"supplier_id":null,"supplier_sku":"","barcode":null,"atum_controlled":true,"out_stock_date":null,"out_stock_threshold":null,"inheritable":true,"inbound_stock":0,"stock_on_hold":0,"sold_today":0,"sales_last_days":0,"reserved_stock":0,"customer_returns":0,"warehouse_damage":0,"lost_in_post":0,"other_logs":0,"out_stock_days":0,"lost_sales":0,"has_location":true,"update_date":"2026-05-06T00:18:19","atum_locations":[{"id":960,"name":"D2","slug":"d2"}],"atum_stock_status":"onbackorder","restock_status":false,"low_stock_amount":"","sales_update_date":"2026-05-06T00:18:19","calc_backorders":null,"aioseo_notices":[],"jetpack_publicize_connections":[],"jetpack-related-posts":[{"id":30764,"url":"https:\/\/docmarket-dz.com\/index.php\/product\/charlotte-non-tisse-blanche-boite-de-300-hygimed\/","url_meta":{"origin":25203,"position":0},"title":"CHARLOTTE NON TISSE BLANCHE BOITE DE 300 (HYGIMED)","author":"Amel","date":"25\/03\/2026","format":false,"excerpt":"","rel":"","context":"Article similaire","block_context":{"text":"Article similaire","link":""},"img":{"alt_text":"","src":"https:\/\/i0.wp.com\/docmarket-dz.com\/wp-content\/uploads\/2023\/02\/charlotte-non-tisse.png?fit=800%2C800&ssl=1&resize=350%2C200","width":350,"height":200,"srcset":"https:\/\/i0.wp.com\/docmarket-dz.com\/wp-content\/uploads\/2023\/02\/charlotte-non-tisse.png?fit=800%2C800&ssl=1&resize=350%2C200 1x, https:\/\/i0.wp.com\/docmarket-dz.com\/wp-content\/uploads\/2023\/02\/charlotte-non-tisse.png?fit=800%2C800&ssl=1&resize=525%2C300 1.5x, https:\/\/i0.wp.com\/docmarket-dz.com\/wp-content\/uploads\/2023\/02\/charlotte-non-tisse.png?fit=800%2C800&ssl=1&resize=700%2C400 2x"},"classes":[]},{"id":25250,"url":"https:\/\/docmarket-dz.com\/index.php\/product\/couvre-table-sterile-en-non-tisse-160-x-190cm\/","url_meta":{"origin":25203,"position":1},"title":"Couvre table st\u00e9rile en non tiss\u00e9 (160 x 190cm)","author":"falek.h","date":"28\/02\/2023","format":false,"excerpt":"","rel":"","context":"Article similaire","block_context":{"text":"Article similaire","link":""},"img":{"alt_text":"","src":"","width":0,"height":0},"classes":[]},{"id":24216,"url":"https:\/\/docmarket-dz.com\/index.php\/product\/compresse-individuelle-non-tisse\/","url_meta":{"origin":25203,"position":2},"title":"COMPRESSE INDIVIDUELLE NON TISSE","author":"falek.h","date":"19\/12\/2022","format":false,"excerpt":"Lingette non tiss\u00e9e 20cm x 10cm Emballage duplex","rel":"","context":"Article similaire","block_context":{"text":"Article similaire","link":""},"img":{"alt_text":"","src":"https:\/\/i0.wp.com\/docmarket-dz.com\/wp-content\/uploads\/2022\/12\/PhotoRoom-20221217_203902-PhotoRoom1-e1671462531969.jpg?fit=599%2C688&ssl=1&resize=350%2C200","width":350,"height":200,"srcset":"https:\/\/i0.wp.com\/docmarket-dz.com\/wp-content\/uploads\/2022\/12\/PhotoRoom-20221217_203902-PhotoRoom1-e1671462531969.jpg?fit=599%2C688&ssl=1&resize=350%2C200 1x, https:\/\/i0.wp.com\/docmarket-dz.com\/wp-content\/uploads\/2022\/12\/PhotoRoom-20221217_203902-PhotoRoom1-e1671462531969.jpg?fit=599%2C688&ssl=1&resize=525%2C300 1.5x"},"classes":[]},{"id":25251,"url":"https:\/\/docmarket-dz.com\/index.php\/product\/draps-jetables-en-non-tisse-160cm-x-240-cm\/","url_meta":{"origin":25203,"position":3},"title":"Draps jetables en non tiss\u00e9 (160cm x 210 cm)","author":"falek.h","date":"28\/02\/2023","format":false,"excerpt":"","rel":"","context":"Article similaire","block_context":{"text":"Article similaire","link":""},"img":{"alt_text":"","src":"https:\/\/i0.wp.com\/docmarket-dz.com\/wp-content\/uploads\/2023\/02\/DRA.jpg?fit=800%2C336&ssl=1&resize=350%2C200","width":350,"height":200,"srcset":"https:\/\/i0.wp.com\/docmarket-dz.com\/wp-content\/uploads\/2023\/02\/DRA.jpg?fit=800%2C336&ssl=1&resize=350%2C200 1x, https:\/\/i0.wp.com\/docmarket-dz.com\/wp-content\/uploads\/2023\/02\/DRA.jpg?fit=800%2C336&ssl=1&resize=525%2C300 1.5x, https:\/\/i0.wp.com\/docmarket-dz.com\/wp-content\/uploads\/2023\/02\/DRA.jpg?fit=800%2C336&ssl=1&resize=700%2C400 2x"},"classes":[]},{"id":29167,"url":"https:\/\/docmarket-dz.com\/index.php\/product\/parure-de-drap-3-piece-non-tisse-blanc-adulte\/","url_meta":{"origin":25203,"position":4},"title":"Parure De Drap 3 Pi\u00e8ce Non tiss\u00e9   Blanc Adulte","author":"TIKELALINE Amel","date":"03\/07\/2024","format":false,"excerpt":"","rel":"","context":"Article similaire","block_context":{"text":"Article similaire","link":""},"img":{"alt_text":"","src":"https:\/\/i0.wp.com\/docmarket-dz.com\/wp-content\/uploads\/2023\/02\/DRA.jpg?fit=800%2C336&ssl=1&resize=350%2C200","width":350,"height":200,"srcset":"https:\/\/i0.wp.com\/docmarket-dz.com\/wp-content\/uploads\/2023\/02\/DRA.jpg?fit=800%2C336&ssl=1&resize=350%2C200 1x, https:\/\/i0.wp.com\/docmarket-dz.com\/wp-content\/uploads\/2023\/02\/DRA.jpg?fit=800%2C336&ssl=1&resize=525%2C300 1.5x, https:\/\/i0.wp.com\/docmarket-dz.com\/wp-content\/uploads\/2023\/02\/DRA.jpg?fit=800%2C336&ssl=1&resize=700%2C400 2x"},"classes":[]},{"id":24366,"url":"https:\/\/docmarket-dz.com\/index.php\/product\/sparadrap-multi-extensible-10mx15-cm-non-tisse-hypo-alergenique\/","url_meta":{"origin":25203,"position":5},"title":"SPARADRAP MULTI-EXTENSIBLE 10MX15 CM NON TISSE HYPO-ALERGENIQUE","author":"falek.h","date":"23\/12\/2022","format":false,"excerpt":"Le sparadrap en non tiss\u00e9 extensible est utilis\u00e9 pour la\u00a0protection des plaies et des pansements sur des surfaces importantes. En effet, ce sparadrap m\u00e9dical est indiqu\u00e9 pour la fixation de pansements et de dispositifs m\u00e9dicaux (canules, aiguilles, drains, cath\u00e9ters...). Sparadrap Fixneir en non-tiss\u00e9 Bande adh\u00e9sive gradu\u00e9e tous les 10cm Pour\u2026","rel":"","context":"Article similaire","block_context":{"text":"Article similaire","link":""},"img":{"alt_text":"","src":"https:\/\/i0.wp.com\/docmarket-dz.com\/wp-content\/uploads\/2022\/12\/SPARADRAP-MULTI-EXTENSIBLE-10-MX-15-CM-NON-TISSE-HYPOALLERGENIQUE-e1680774926598.jpg?fit=525%2C600&ssl=1&resize=350%2C200","width":350,"height":200,"srcset":"https:\/\/i0.wp.com\/docmarket-dz.com\/wp-content\/uploads\/2022\/12\/SPARADRAP-MULTI-EXTENSIBLE-10-MX-15-CM-NON-TISSE-HYPOALLERGENIQUE-e1680774926598.jpg?fit=525%2C600&ssl=1&resize=350%2C200 1x, https:\/\/i0.wp.com\/docmarket-dz.com\/wp-content\/uploads\/2022\/12\/SPARADRAP-MULTI-EXTENSIBLE-10-MX-15-CM-NON-TISSE-HYPOALLERGENIQUE-e1680774926598.jpg?fit=525%2C600&ssl=1&resize=525%2C300 1.5x"},"classes":[]}],"jetpack_sharing_enabled":true,"tiered_pricing_type":"fixed","tiered_pricing_fixed_rules":[],"tiered_pricing_product_settings":{"layout":"default","base_unit_name":{"singular":null,"plural":null},"default_variation":null},"tiered_pricing_minimum_quantity":null,"tiered_pricing_roles_data":[],"tiered_pricing_percentage_rules":[],"_links":{"self":[{"href":"https:\/\/docmarket-dz.com\/index.php\/wp-json\/wp\/v2\/product\/25203","targetHints":{"allow":["GET"]}}],"collection":[{"href":"https:\/\/docmarket-dz.com\/index.php\/wp-json\/wp\/v2\/product"}],"about":[{"href":"https:\/\/docmarket-dz.com\/index.php\/wp-json\/wp\/v2\/types\/product"}],"replies":[{"embeddable":true,"href":"https:\/\/docmarket-dz.com\/index.php\/wp-json\/wp\/v2\/comments?post=25203"}],"wp:featuredmedia":[{"embeddable":true,"href":"https:\/\/docmarket-dz.com\/index.php\/wp-json\/wp\/v2\/media\/25204"}],"wp:attachment":[{"href":"https:\/\/docmarket-dz.com\/index.php\/wp-json\/wp\/v2\/media?parent=25203"}],"wp:term":[{"taxonomy":"product_brand","embeddable":true,"href":"https:\/\/docmarket-dz.com\/index.php\/wp-json\/wp\/v2\/product_brand?post=25203"},{"taxonomy":"product_cat","embeddable":true,"href":"https:\/\/docmarket-dz.com\/index.php\/wp-json\/wp\/v2\/product_cat?post=25203"},{"taxonomy":"product_tag","embeddable":true,"href":"https:\/\/docmarket-dz.com\/index.php\/wp-json\/wp\/v2\/product_tag?post=25203"}],"curies":[{"name":"wp","href":"https:\/\/api.w.org\/{rel}","templated":true}]}}