{"id":25221,"date":"2023-02-26T04:38:26","date_gmt":"2023-02-26T03:38:26","guid":{"rendered":"https:\/\/docmarket-dz.com\/?post_type=product&#038;p=25221"},"modified":"2025-11-27T17:42:12","modified_gmt":"2025-11-27T16:42:12","slug":"calot-chirurgical","status":"publish","type":"product","link":"https:\/\/docmarket-dz.com\/index.php\/product\/calot-chirurgical\/","title":{"rendered":"CALOT CHIRURGICALE &#8211; Boite de 100"},"content":{"rendered":"","protected":false},"excerpt":{"rendered":"","protected":false},"featured_media":0,"comment_status":"open","ping_status":"closed","template":"","meta":{"content-type":"","om_disable_all_campaigns":false,"_uf_show_specific_survey":0,"_uf_disable_surveys":false,"jetpack_publicize_message":"","jetpack_publicize_feature_enabled":true,"jetpack_social_post_already_shared":false,"jetpack_social_options":{"image_generator_settings":{"template":"highway","default_image_id":0,"font":"","enabled":false},"version":2}},"product_brand":[],"product_cat":[560,487],"product_tag":[],"class_list":{"0":"post-25221","1":"product","2":"type-product","3":"status-publish","5":"product_cat-hygiene","6":"product_cat-medical","8":"first","9":"onbackorder","10":"taxable","11":"shipping-taxable","12":"purchasable","13":"product-type-simple"},"supplier_id":24810,"supplier_sku":"","barcode":null,"atum_controlled":true,"out_stock_date":null,"out_stock_threshold":null,"inheritable":false,"inbound_stock":0,"stock_on_hold":0,"sold_today":0,"sales_last_days":0,"reserved_stock":0,"customer_returns":0,"warehouse_damage":0,"lost_in_post":0,"other_logs":0,"out_stock_days":0,"lost_sales":0,"has_location":false,"update_date":"2026-04-10T00:05:07","atum_locations":[],"atum_stock_status":"onbackorder","restock_status":false,"low_stock_amount":"","sales_update_date":"2026-04-10T00:05:07","calc_backorders":null,"aioseo_notices":[],"jetpack_publicize_connections":[],"jetpack-related-posts":[{"id":30519,"url":"https:\/\/docmarket-dz.com\/index.php\/product\/bavette-masques-de-protection-jetables-a-3-couches-boite-de-100-unites-giap\/","url_meta":{"origin":25221,"position":0},"title":"Bavette &#8211; Masques de protection jetables \u00e0 3 couches &#8211; Boite de 100 unit\u00e9s GIAP","author":"Amel","date":"27\/11\/2025","format":false,"excerpt":"Le masque chirurgical ou bavette est un masque \u00e0 usage unique con\u00e7u pour limiter la propagation des germes en retenant les gouttelettes respiratoires. Il est principalement utilis\u00e9 par les professionnels de la sant\u00e9 lors d'interventions chirurgicales et par les personnes contagieuses pour prot\u00e9ger leur entourage","rel":"","context":"Article similaire","block_context":{"text":"Article similaire","link":""},"img":{"alt_text":"","src":"https:\/\/i0.wp.com\/docmarket-dz.com\/wp-content\/uploads\/2020\/08\/face-masks.jpg?fit=465%2C351&ssl=1&resize=350%2C200","width":350,"height":200},"classes":[]},{"id":29014,"url":"https:\/\/docmarket-dz.com\/index.php\/product\/curapor-pansement-chirurgical-sterile-10-x-15-cm-boite-de-25\/","url_meta":{"origin":25221,"position":1},"title":"Curapor\u00ae Pansement chirurgical st\u00e9rile 10 X 15 CM Boite de 25","author":"Sofiane Arbouche","date":"02\/06\/2024","format":false,"excerpt":"","rel":"","context":"Article similaire","block_context":{"text":"Article similaire","link":""},"img":{"alt_text":"","src":"https:\/\/i0.wp.com\/docmarket-dz.com\/wp-content\/uploads\/2024\/06\/Pancement.png?fit=478%2C357&ssl=1&resize=350%2C200","width":350,"height":200},"classes":[]},{"id":27516,"url":"https:\/\/docmarket-dz.com\/index.php\/product\/alcool-chirurgical-70-100-ml-en-spray\/","url_meta":{"origin":25221,"position":2},"title":"ALCOOL CHIRURGICAL  70\u00b0- 100 ml  en Spray","author":"Somia Belmadani","date":"16\/10\/2023","format":false,"excerpt":"","rel":"","context":"Article similaire","block_context":{"text":"Article similaire","link":""},"img":{"alt_text":"","src":"https:\/\/i0.wp.com\/docmarket-dz.com\/wp-content\/uploads\/2023\/10\/ALCOOL-60-ML-SPRAY.jpg-PhotoRoom.webp?fit=612%2C792&ssl=1&resize=350%2C200","width":350,"height":200,"srcset":"https:\/\/i0.wp.com\/docmarket-dz.com\/wp-content\/uploads\/2023\/10\/ALCOOL-60-ML-SPRAY.jpg-PhotoRoom.webp?fit=612%2C792&ssl=1&resize=350%2C200 1x, https:\/\/i0.wp.com\/docmarket-dz.com\/wp-content\/uploads\/2023\/10\/ALCOOL-60-ML-SPRAY.jpg-PhotoRoom.webp?fit=612%2C792&ssl=1&resize=525%2C300 1.5x"},"classes":[]},{"id":29836,"url":"https:\/\/docmarket-dz.com\/index.php\/product\/masques-de-protection-jetables-a-3-couches-boite-de50unites\/","url_meta":{"origin":25221,"position":3},"title":"Bavette &#8211; Masques de protection jetables \u00e0 3 couches &#8211; Boite de 50 unit\u00e9s","author":"Amel","date":"14\/01\/2025","format":false,"excerpt":"Le masque chirurgical ou bavette est un masque \u00e0 usage unique con\u00e7u pour limiter la propagation des germes en retenant les gouttelettes respiratoires. Il est principalement utilis\u00e9 par les professionnels de la sant\u00e9 lors d'interventions chirurgicales et par les personnes contagieuses pour prot\u00e9ger leur entourage","rel":"","context":"Article similaire","block_context":{"text":"Article similaire","link":""},"img":{"alt_text":"","src":"https:\/\/i0.wp.com\/docmarket-dz.com\/wp-content\/uploads\/2020\/08\/face-masks.jpg?fit=465%2C351&ssl=1&resize=350%2C200","width":350,"height":200},"classes":[]},{"id":27625,"url":"https:\/\/docmarket-dz.com\/index.php\/product\/gant-chirurgical-sterile-box-de-100-unite\/","url_meta":{"origin":25221,"position":4},"title":"GANTS CHIRURGICAUX STERILES H 7.5 en LATEX &#8211; Marque GANT H","author":"Somia Belmadani","date":"19\/10\/2023","format":false,"excerpt":"","rel":"","context":"Article similaire","block_context":{"text":"Article similaire","link":""},"img":{"alt_text":"","src":"https:\/\/i0.wp.com\/docmarket-dz.com\/wp-content\/uploads\/2023\/10\/IMG_1778.jpg?fit=602%2C599&ssl=1&resize=350%2C200","width":350,"height":200,"srcset":"https:\/\/i0.wp.com\/docmarket-dz.com\/wp-content\/uploads\/2023\/10\/IMG_1778.jpg?fit=602%2C599&ssl=1&resize=350%2C200 1x, https:\/\/i0.wp.com\/docmarket-dz.com\/wp-content\/uploads\/2023\/10\/IMG_1778.jpg?fit=602%2C599&ssl=1&resize=525%2C300 1.5x"},"classes":[]},{"id":25263,"url":"https:\/\/docmarket-dz.com\/index.php\/product\/lame-bistouri-boite-de-100\/","url_meta":{"origin":25221,"position":5},"title":"LAME BISTOURI BOITE DE 100","author":"falek.h","date":"01\/03\/2023","format":false,"excerpt":"","rel":"","context":"Article similaire","block_context":{"text":"Article similaire","link":""},"img":{"alt_text":"","src":"https:\/\/i0.wp.com\/docmarket-dz.com\/wp-content\/uploads\/2023\/03\/LAME-BISTOURI-e1677643035425.jpeg?fit=600%2C544&ssl=1&resize=350%2C200","width":350,"height":200,"srcset":"https:\/\/i0.wp.com\/docmarket-dz.com\/wp-content\/uploads\/2023\/03\/LAME-BISTOURI-e1677643035425.jpeg?fit=600%2C544&ssl=1&resize=350%2C200 1x, https:\/\/i0.wp.com\/docmarket-dz.com\/wp-content\/uploads\/2023\/03\/LAME-BISTOURI-e1677643035425.jpeg?fit=600%2C544&ssl=1&resize=525%2C300 1.5x"},"classes":[]}],"jetpack_sharing_enabled":true,"tiered_pricing_type":"fixed","tiered_pricing_fixed_rules":[],"tiered_pricing_product_settings":{"layout":"default","base_unit_name":{"singular":null,"plural":null},"default_variation":null},"tiered_pricing_minimum_quantity":null,"tiered_pricing_roles_data":[],"tiered_pricing_percentage_rules":[],"_links":{"self":[{"href":"https:\/\/docmarket-dz.com\/index.php\/wp-json\/wp\/v2\/product\/25221","targetHints":{"allow":["GET"]}}],"collection":[{"href":"https:\/\/docmarket-dz.com\/index.php\/wp-json\/wp\/v2\/product"}],"about":[{"href":"https:\/\/docmarket-dz.com\/index.php\/wp-json\/wp\/v2\/types\/product"}],"replies":[{"embeddable":true,"href":"https:\/\/docmarket-dz.com\/index.php\/wp-json\/wp\/v2\/comments?post=25221"}],"wp:attachment":[{"href":"https:\/\/docmarket-dz.com\/index.php\/wp-json\/wp\/v2\/media?parent=25221"}],"wp:term":[{"taxonomy":"product_brand","embeddable":true,"href":"https:\/\/docmarket-dz.com\/index.php\/wp-json\/wp\/v2\/product_brand?post=25221"},{"taxonomy":"product_cat","embeddable":true,"href":"https:\/\/docmarket-dz.com\/index.php\/wp-json\/wp\/v2\/product_cat?post=25221"},{"taxonomy":"product_tag","embeddable":true,"href":"https:\/\/docmarket-dz.com\/index.php\/wp-json\/wp\/v2\/product_tag?post=25221"}],"curies":[{"name":"wp","href":"https:\/\/api.w.org\/{rel}","templated":true}]}}