{"id":25238,"date":"2023-02-26T05:09:43","date_gmt":"2023-02-26T04:09:43","guid":{"rendered":"https:\/\/docmarket-dz.com\/?post_type=product&#038;p=25238"},"modified":"2025-10-28T13:46:31","modified_gmt":"2025-10-28T12:46:31","slug":"electrodes-ecg-adulte","status":"publish","type":"product","link":"https:\/\/docmarket-dz.com\/index.php\/product\/electrodes-ecg-adulte\/","title":{"rendered":"ELECTRODES Patchs pour ECG ADULTE  &#8211; &#8221; Sac de 50 unit\u00e9s &#8220;"},"content":{"rendered":"","protected":false},"excerpt":{"rendered":"","protected":false},"featured_media":27898,"comment_status":"open","ping_status":"closed","template":"","meta":{"content-type":"","om_disable_all_campaigns":false,"_uf_show_specific_survey":0,"_uf_disable_surveys":false,"jetpack_publicize_message":"","jetpack_publicize_feature_enabled":true,"jetpack_social_post_already_shared":false,"jetpack_social_options":{"image_generator_settings":{"template":"highway","default_image_id":0,"font":"","enabled":false},"version":2}},"product_brand":[],"product_cat":[906,487],"product_tag":[],"class_list":{"0":"post-25238","1":"product","2":"type-product","3":"status-publish","4":"has-post-thumbnail","6":"product_cat-cardiologei","7":"product_cat-medical","9":"first","10":"outofstock","11":"taxable","12":"shipping-taxable","13":"purchasable","14":"product-type-simple"},"supplier_id":24810,"supplier_sku":"","barcode":null,"atum_controlled":true,"out_stock_date":"2025-10-28 13:46:31","out_stock_threshold":null,"inheritable":false,"inbound_stock":0,"stock_on_hold":0,"sold_today":0,"sales_last_days":0,"reserved_stock":0,"customer_returns":0,"warehouse_damage":0,"lost_in_post":0,"other_logs":0,"out_stock_days":163,"lost_sales":0,"has_location":true,"update_date":"2026-04-10T00:05:08","atum_locations":[{"id":959,"name":"D1","slug":"d1"}],"atum_stock_status":"outofstock","restock_status":false,"low_stock_amount":2,"sales_update_date":"2026-04-10T00:05:08","calc_backorders":null,"aioseo_notices":[],"jetpack_publicize_connections":[],"jetpack-related-posts":[{"id":27871,"url":"https:\/\/docmarket-dz.com\/index.php\/product\/ventouse-pour-ecg-jeu-de-6\/","url_meta":{"origin":25238,"position":0},"title":"Ventouse pour ECG &#8211; Sac de 6 unit\u00e9s","author":"fatmazohra.nasri","date":"25\/11\/2023","format":false,"excerpt":"Ces \u00e9lectrodes (poires) pr\u00e9cordiales sont con\u00e7ues pour l'enregistrement d'\u00e9lectrocardiogrammes de routine. Leur ventouse en m\u00e9tal adh\u00e8re \u00e0 la peau du patient gr\u00e2ce \u00e0 la d\u00e9pression obtenue en pressant la poire. Elles sont adapt\u00e9es \u00e0 des cables dot\u00e9s de diff\u00e9rents types de connexion : fiche banane, pression, pince. R\u00e9utilisables, elles sont\u2026","rel":"","context":"Article similaire","block_context":{"text":"Article similaire","link":""},"img":{"alt_text":"","src":"https:\/\/i0.wp.com\/docmarket-dz.com\/wp-content\/uploads\/2023\/11\/IMG_1995-PhotoRoom.png-PhotoRoom.png?fit=606%2C608&ssl=1&resize=350%2C200","width":350,"height":200,"srcset":"https:\/\/i0.wp.com\/docmarket-dz.com\/wp-content\/uploads\/2023\/11\/IMG_1995-PhotoRoom.png-PhotoRoom.png?fit=606%2C608&ssl=1&resize=350%2C200 1x, https:\/\/i0.wp.com\/docmarket-dz.com\/wp-content\/uploads\/2023\/11\/IMG_1995-PhotoRoom.png-PhotoRoom.png?fit=606%2C608&ssl=1&resize=525%2C300 1.5x"},"classes":[]},{"id":27861,"url":"https:\/\/docmarket-dz.com\/index.php\/product\/papier-ecg-80-x-90mm-x-250-plis\/","url_meta":{"origin":25238,"position":1},"title":"Papier ECG 80 X 90mm X 250 Plis (colis de 50 unit\u00e9s)","author":"Sofiane Arbouche","date":"21\/11\/2023","format":false,"excerpt":"","rel":"","context":"Article similaire","block_context":{"text":"Article similaire","link":""},"img":{"alt_text":"","src":"https:\/\/i0.wp.com\/docmarket-dz.com\/wp-content\/uploads\/2023\/11\/Papier-ECG-80x-20-M.jpg?fit=600%2C600&ssl=1&resize=350%2C200","width":350,"height":200,"srcset":"https:\/\/i0.wp.com\/docmarket-dz.com\/wp-content\/uploads\/2023\/11\/Papier-ECG-80x-20-M.jpg?fit=600%2C600&ssl=1&resize=350%2C200 1x, https:\/\/i0.wp.com\/docmarket-dz.com\/wp-content\/uploads\/2023\/11\/Papier-ECG-80x-20-M.jpg?fit=600%2C600&ssl=1&resize=525%2C300 1.5x"},"classes":[]},{"id":24510,"url":"https:\/\/docmarket-dz.com\/index.php\/product\/pincette-pour-ecg-adulte-jeux-de-4-pcs\/","url_meta":{"origin":25238,"position":2},"title":"Pincette pour ECG Adulte (jeux de 4 PCS)","author":"falek.h","date":"27\/12\/2022","format":false,"excerpt":"","rel":"","context":"Article similaire","block_context":{"text":"Article similaire","link":""},"img":{"alt_text":"","src":"https:\/\/i0.wp.com\/docmarket-dz.com\/wp-content\/uploads\/2022\/12\/2122180004.jpg?fit=329%2C235&ssl=1&resize=350%2C200","width":350,"height":200},"classes":[]},{"id":26235,"url":"https:\/\/docmarket-dz.com\/index.php\/product\/poche-a-urine-adulte-valve-t-2\/","url_meta":{"origin":25238,"position":3},"title":"POCHE A URINE 2 Litre- Collecteur d&#8217;urine ADULTE 2000 ml &#8211; sac de 10 unit\u00e9","author":"falek.h","date":"12\/03\/2023","format":false,"excerpt":"","rel":"","context":"Article similaire","block_context":{"text":"Article similaire","link":""},"img":{"alt_text":"","src":"https:\/\/i0.wp.com\/docmarket-dz.com\/wp-content\/uploads\/2023\/03\/COLVAXSTB-e1696501191529.jpg?fit=600%2C519&ssl=1&resize=350%2C200","width":350,"height":200,"srcset":"https:\/\/i0.wp.com\/docmarket-dz.com\/wp-content\/uploads\/2023\/03\/COLVAXSTB-e1696501191529.jpg?fit=600%2C519&ssl=1&resize=350%2C200 1x, https:\/\/i0.wp.com\/docmarket-dz.com\/wp-content\/uploads\/2023\/03\/COLVAXSTB-e1696501191529.jpg?fit=600%2C519&ssl=1&resize=525%2C300 1.5x"},"classes":[]},{"id":27926,"url":"https:\/\/docmarket-dz.com\/index.php\/product\/defibrillateur-manuel-et-aed-360j-avec-scope-ecg-synchro-avec-pacemaker-biphasique-palettes-adultes-et-pediatrique-module-spo2-gratuit-marque-starcare\/","url_meta":{"origin":25238,"position":4},"title":"DEFIBRILLATEUR MANUEL ET AED 360J AVEC SCOPE\/ECG\/SYNCHRO AVEC PACEMAKER- BIPHASIQUE- PALETTES ADULTES ET PEDIATRIQUE &#8220;MODULE SPO2 GRATUIT&#8221; MARQUE STARCARE","author":"fatmazohra.nasri","date":"27\/11\/2023","format":false,"excerpt":"","rel":"","context":"Article similaire","block_context":{"text":"Article similaire","link":""},"img":{"alt_text":"","src":"","width":0,"height":0},"classes":[]},{"id":29151,"url":"https:\/\/docmarket-dz.com\/index.php\/product\/pansement-sterile-pour-hijama-boite-de-25-sacs-x-10-unites\/","url_meta":{"origin":25238,"position":5},"title":"Pansement St\u00e9rile pour Hijama &#8211; Boite de 25 sacs X 10 unit\u00e9s","author":"Sofiane Arbouche","date":"02\/07\/2024","format":false,"excerpt":"","rel":"","context":"Article similaire","block_context":{"text":"Article similaire","link":""},"img":{"alt_text":"","src":"https:\/\/i0.wp.com\/docmarket-dz.com\/wp-content\/uploads\/2024\/07\/Sans-titre.jpg?fit=903%2C1200&ssl=1&resize=350%2C200","width":350,"height":200,"srcset":"https:\/\/i0.wp.com\/docmarket-dz.com\/wp-content\/uploads\/2024\/07\/Sans-titre.jpg?fit=903%2C1200&ssl=1&resize=350%2C200 1x, https:\/\/i0.wp.com\/docmarket-dz.com\/wp-content\/uploads\/2024\/07\/Sans-titre.jpg?fit=903%2C1200&ssl=1&resize=525%2C300 1.5x, https:\/\/i0.wp.com\/docmarket-dz.com\/wp-content\/uploads\/2024\/07\/Sans-titre.jpg?fit=903%2C1200&ssl=1&resize=700%2C400 2x"},"classes":[]}],"jetpack_sharing_enabled":true,"tiered_pricing_type":"fixed","tiered_pricing_fixed_rules":{"30":700},"tiered_pricing_product_settings":{"layout":"default","base_unit_name":{"singular":null,"plural":null},"default_variation":null},"tiered_pricing_minimum_quantity":null,"tiered_pricing_roles_data":[],"tiered_pricing_percentage_rules":[],"_links":{"self":[{"href":"https:\/\/docmarket-dz.com\/index.php\/wp-json\/wp\/v2\/product\/25238","targetHints":{"allow":["GET"]}}],"collection":[{"href":"https:\/\/docmarket-dz.com\/index.php\/wp-json\/wp\/v2\/product"}],"about":[{"href":"https:\/\/docmarket-dz.com\/index.php\/wp-json\/wp\/v2\/types\/product"}],"replies":[{"embeddable":true,"href":"https:\/\/docmarket-dz.com\/index.php\/wp-json\/wp\/v2\/comments?post=25238"}],"wp:featuredmedia":[{"embeddable":true,"href":"https:\/\/docmarket-dz.com\/index.php\/wp-json\/wp\/v2\/media\/27898"}],"wp:attachment":[{"href":"https:\/\/docmarket-dz.com\/index.php\/wp-json\/wp\/v2\/media?parent=25238"}],"wp:term":[{"taxonomy":"product_brand","embeddable":true,"href":"https:\/\/docmarket-dz.com\/index.php\/wp-json\/wp\/v2\/product_brand?post=25238"},{"taxonomy":"product_cat","embeddable":true,"href":"https:\/\/docmarket-dz.com\/index.php\/wp-json\/wp\/v2\/product_cat?post=25238"},{"taxonomy":"product_tag","embeddable":true,"href":"https:\/\/docmarket-dz.com\/index.php\/wp-json\/wp\/v2\/product_tag?post=25238"}],"curies":[{"name":"wp","href":"https:\/\/api.w.org\/{rel}","templated":true}]}}