{"id":25243,"date":"2023-02-26T05:24:09","date_gmt":"2023-02-26T04:24:09","guid":{"rendered":"https:\/\/docmarket-dz.com\/?post_type=product&#038;p=25243"},"modified":"2025-11-09T10:51:36","modified_gmt":"2025-11-09T09:51:36","slug":"gaine-de-sterilisation","status":"publish","type":"product","link":"https:\/\/docmarket-dz.com\/index.php\/product\/gaine-de-sterilisation\/","title":{"rendered":"GAINE DE STERILISATION"},"content":{"rendered":"","protected":false},"excerpt":{"rendered":"","protected":false},"featured_media":25244,"comment_status":"open","ping_status":"closed","template":"","meta":{"content-type":"","om_disable_all_campaigns":false,"_uf_show_specific_survey":0,"_uf_disable_surveys":false,"jetpack_publicize_message":"","jetpack_publicize_feature_enabled":true,"jetpack_social_post_already_shared":false,"jetpack_social_options":{"image_generator_settings":{"template":"highway","default_image_id":0,"font":"","enabled":false},"version":2}},"product_brand":[],"product_cat":[487],"product_tag":[],"class_list":{"0":"post-25243","1":"product","2":"type-product","3":"status-publish","4":"has-post-thumbnail","6":"product_cat-medical","8":"first","9":"onbackorder","10":"taxable","11":"shipping-taxable","12":"purchasable","13":"product-type-variable","14":"has-default-attributes"},"supplier_id":null,"supplier_sku":"","barcode":null,"atum_controlled":true,"out_stock_date":null,"out_stock_threshold":null,"inheritable":true,"inbound_stock":0,"stock_on_hold":0,"sold_today":0,"sales_last_days":0,"reserved_stock":0,"customer_returns":0,"warehouse_damage":0,"lost_in_post":0,"other_logs":0,"out_stock_days":0,"lost_sales":0,"has_location":false,"update_date":"2026-05-01T00:15:21","atum_locations":[],"atum_stock_status":"onbackorder","restock_status":false,"low_stock_amount":"","sales_update_date":"2026-05-01T00:15:21","calc_backorders":null,"aioseo_notices":[],"jetpack_publicize_connections":[],"jetpack-related-posts":[{"id":26247,"url":"https:\/\/docmarket-dz.com\/index.php\/product\/pulverisateur-de-sterilisation-16l-2\/","url_meta":{"origin":25243,"position":0},"title":"PULVERISATEUR DE STERILISATION 16L","author":"falek.h","date":"12\/03\/2023","format":false,"excerpt":"","rel":"","context":"Article similaire","block_context":{"text":"Article similaire","link":""},"img":{"alt_text":"","src":"","width":0,"height":0},"classes":[]},{"id":26248,"url":"https:\/\/docmarket-dz.com\/index.php\/product\/pulverisateur-de-sterilisation-8l-2\/","url_meta":{"origin":25243,"position":1},"title":"PULVERISATEUR DE STERILISATION 8L","author":"falek.h","date":"12\/03\/2023","format":false,"excerpt":"","rel":"","context":"Article similaire","block_context":{"text":"Article similaire","link":""},"img":{"alt_text":"","src":"","width":0,"height":0},"classes":[]},{"id":26524,"url":"https:\/\/docmarket-dz.com\/index.php\/product\/casette-de-sterilisation-metalique-ar\/","url_meta":{"origin":25243,"position":2},"title":"CASETTE DE STERILISATION METALIQUE AR","author":"falek.h","date":"01\/01\/1970","format":false,"excerpt":"","rel":"","context":"Article similaire","block_context":{"text":"Article similaire","link":""},"img":{"alt_text":"","src":"","width":0,"height":0},"classes":[]},{"id":28496,"url":"https:\/\/docmarket-dz.com\/index.php\/product\/ciseaux-iridectomie-droit-115-cm\/","url_meta":{"origin":25243,"position":3},"title":"Ciseaux iridectomie droit 11.5 cm","author":"fatmazohra.nasri","date":"07\/02\/2024","format":false,"excerpt":"Les\u00a0ciseaux iridectomie droits 11.5 cm\u00a0sont des instruments m\u00e9dicaux et chirurgicaux de service g\u00e9n\u00e9ral pour les petits soins. Pr\u00e9cis gr\u00e2ce \u00e0 ses lames fines \u00e0 bouts pointues, il est compos\u00e9 d'inox d'excellente qualit\u00e9. Pr\u00e9caution d'emploi : - Tenir les instruments propres et d\u00e9sinfecter apr\u00e8s chaque utilisation. - A manipuler par des\u2026","rel":"","context":"Article similaire","block_context":{"text":"Article similaire","link":""},"img":{"alt_text":"","src":"https:\/\/i0.wp.com\/docmarket-dz.com\/wp-content\/uploads\/2024\/02\/CISEAUX-IRIDECTOMIE-DROITS-115-CM.jpg?fit=602%2C602&ssl=1&resize=350%2C200","width":350,"height":200,"srcset":"https:\/\/i0.wp.com\/docmarket-dz.com\/wp-content\/uploads\/2024\/02\/CISEAUX-IRIDECTOMIE-DROITS-115-CM.jpg?fit=602%2C602&ssl=1&resize=350%2C200 1x, https:\/\/i0.wp.com\/docmarket-dz.com\/wp-content\/uploads\/2024\/02\/CISEAUX-IRIDECTOMIE-DROITS-115-CM.jpg?fit=602%2C602&ssl=1&resize=525%2C300 1.5x"},"classes":[]},{"id":29938,"url":"https:\/\/docmarket-dz.com\/index.php\/product\/tambour-inox-200mm-x-200mm\/","url_meta":{"origin":25243,"position":4},"title":"TAMBOUR INOX 200mm X 200mm","author":"Sofiane Arbouche","date":"04\/03\/2025","format":false,"excerpt":"TAMBOUR INOX\u00a0 d'une dimension de 200mm * 200mm","rel":"","context":"Article similaire","block_context":{"text":"Article similaire","link":""},"img":{"alt_text":"","src":"https:\/\/i0.wp.com\/docmarket-dz.com\/wp-content\/uploads\/2022\/12\/TAMBOUR-INOX-290MM-X-145MM.jpg?fit=416%2C426&ssl=1&resize=350%2C200","width":350,"height":200},"classes":[]},{"id":27999,"url":"https:\/\/docmarket-dz.com\/index.php\/product\/autoclave-de-paillasse-45-l-classe-b-avec-imprimante-integree\/","url_meta":{"origin":25243,"position":5},"title":"Autoclave de paillasse 45 L classe B avec imprimante int\u00e9gr\u00e9e","author":"fatmazohra.nasri","date":"04\/12\/2023","format":false,"excerpt":"3 Afficheurs Num\u00e9riques Chambre int\u00e9rieure en inox : \u00d8 315 x 575 mm 04 pr\u00e9programmes de st\u00e9rilisation 02 Programme test : B&D, Vide Porte avec verrouillage automatique s\u00e9curis\u00e9 Protection contre la surchauffe, la suppression, protection de g\u00e9n\u00e9rateur de vapeur G\u00e9n\u00e9rateur de vapeur int\u00e9gr\u00e9 Temp\u00e9rature de st\u00e9rilisation : 121\u00b0C - 134\u00b0C","rel":"","context":"Article similaire","block_context":{"text":"Article similaire","link":""},"img":{"alt_text":"","src":"https:\/\/i0.wp.com\/docmarket-dz.com\/wp-content\/uploads\/2023\/12\/380_1_prod.png?fit=599%2C601&ssl=1&resize=350%2C200","width":350,"height":200,"srcset":"https:\/\/i0.wp.com\/docmarket-dz.com\/wp-content\/uploads\/2023\/12\/380_1_prod.png?fit=599%2C601&ssl=1&resize=350%2C200 1x, https:\/\/i0.wp.com\/docmarket-dz.com\/wp-content\/uploads\/2023\/12\/380_1_prod.png?fit=599%2C601&ssl=1&resize=525%2C300 1.5x"},"classes":[]}],"jetpack_sharing_enabled":true,"tiered_pricing_type":"fixed","tiered_pricing_fixed_rules":[],"tiered_pricing_product_settings":{"layout":"default","base_unit_name":{"singular":null,"plural":null},"default_variation":null},"tiered_pricing_minimum_quantity":null,"tiered_pricing_roles_data":[],"tiered_pricing_percentage_rules":[],"_links":{"self":[{"href":"https:\/\/docmarket-dz.com\/index.php\/wp-json\/wp\/v2\/product\/25243","targetHints":{"allow":["GET"]}}],"collection":[{"href":"https:\/\/docmarket-dz.com\/index.php\/wp-json\/wp\/v2\/product"}],"about":[{"href":"https:\/\/docmarket-dz.com\/index.php\/wp-json\/wp\/v2\/types\/product"}],"replies":[{"embeddable":true,"href":"https:\/\/docmarket-dz.com\/index.php\/wp-json\/wp\/v2\/comments?post=25243"}],"wp:featuredmedia":[{"embeddable":true,"href":"https:\/\/docmarket-dz.com\/index.php\/wp-json\/wp\/v2\/media\/25244"}],"wp:attachment":[{"href":"https:\/\/docmarket-dz.com\/index.php\/wp-json\/wp\/v2\/media?parent=25243"}],"wp:term":[{"taxonomy":"product_brand","embeddable":true,"href":"https:\/\/docmarket-dz.com\/index.php\/wp-json\/wp\/v2\/product_brand?post=25243"},{"taxonomy":"product_cat","embeddable":true,"href":"https:\/\/docmarket-dz.com\/index.php\/wp-json\/wp\/v2\/product_cat?post=25243"},{"taxonomy":"product_tag","embeddable":true,"href":"https:\/\/docmarket-dz.com\/index.php\/wp-json\/wp\/v2\/product_tag?post=25243"}],"curies":[{"name":"wp","href":"https:\/\/api.w.org\/{rel}","templated":true}]}}