{"id":25250,"date":"2023-02-28T05:04:39","date_gmt":"2023-02-28T04:04:39","guid":{"rendered":"https:\/\/docmarket-dz.com\/?post_type=product&#038;p=25250"},"modified":"2023-08-09T14:11:48","modified_gmt":"2023-08-09T13:11:48","slug":"couvre-table-sterile-en-non-tisse-160-x-190cm","status":"publish","type":"product","link":"https:\/\/docmarket-dz.com\/index.php\/product\/couvre-table-sterile-en-non-tisse-160-x-190cm\/","title":{"rendered":"Couvre table st\u00e9rile en non tiss\u00e9 (160 x 190cm)"},"content":{"rendered":"","protected":false},"excerpt":{"rendered":"","protected":false},"featured_media":0,"comment_status":"open","ping_status":"closed","template":"","meta":{"content-type":"","om_disable_all_campaigns":false,"_uf_show_specific_survey":0,"_uf_disable_surveys":false,"jetpack_publicize_message":"","jetpack_publicize_feature_enabled":true,"jetpack_social_post_already_shared":false,"jetpack_social_options":{"image_generator_settings":{"template":"highway","default_image_id":0,"font":"","enabled":false},"version":2}},"product_brand":[],"product_cat":[560],"product_tag":[],"class_list":{"0":"post-25250","1":"product","2":"type-product","3":"status-publish","5":"product_cat-hygiene","7":"first","8":"onbackorder","9":"taxable","10":"shipping-taxable","11":"purchasable","12":"product-type-simple"},"supplier_id":24814,"supplier_sku":"","barcode":null,"atum_controlled":true,"out_stock_date":null,"out_stock_threshold":null,"inheritable":false,"inbound_stock":0,"stock_on_hold":0,"sold_today":0,"sales_last_days":0,"reserved_stock":0,"customer_returns":0,"warehouse_damage":0,"lost_in_post":0,"other_logs":0,"out_stock_days":0,"lost_sales":0,"has_location":false,"update_date":"2026-04-16T00:07:55","atum_locations":[],"atum_stock_status":"onbackorder","restock_status":false,"low_stock_amount":"","sales_update_date":"2026-04-16T00:07:55","calc_backorders":null,"aioseo_notices":[],"jetpack_publicize_connections":[],"jetpack-related-posts":[{"id":24216,"url":"https:\/\/docmarket-dz.com\/index.php\/product\/compresse-individuelle-non-tisse\/","url_meta":{"origin":25250,"position":0},"title":"COMPRESSE INDIVIDUELLE NON TISSE","author":"falek.h","date":"19\/12\/2022","format":false,"excerpt":"Lingette non tiss\u00e9e 20cm x 10cm Emballage duplex","rel":"","context":"Article similaire","block_context":{"text":"Article similaire","link":""},"img":{"alt_text":"","src":"https:\/\/i0.wp.com\/docmarket-dz.com\/wp-content\/uploads\/2022\/12\/PhotoRoom-20221217_203902-PhotoRoom1-e1671462531969.jpg?fit=599%2C688&ssl=1&resize=350%2C200","width":350,"height":200,"srcset":"https:\/\/i0.wp.com\/docmarket-dz.com\/wp-content\/uploads\/2022\/12\/PhotoRoom-20221217_203902-PhotoRoom1-e1671462531969.jpg?fit=599%2C688&ssl=1&resize=350%2C200 1x, https:\/\/i0.wp.com\/docmarket-dz.com\/wp-content\/uploads\/2022\/12\/PhotoRoom-20221217_203902-PhotoRoom1-e1671462531969.jpg?fit=599%2C688&ssl=1&resize=525%2C300 1.5x"},"classes":[]},{"id":26409,"url":"https:\/\/docmarket-dz.com\/index.php\/product\/trousse-ophtalmique-sterile-couvre-table-140-cm-x-190-cm-champ-ophtalmique-100cm-x-120-cm-avec-02-poches-de-recueil\/","url_meta":{"origin":25250,"position":1},"title":"Trousse Ophtalmique sterile : Couvre table (140 cm x 190 cm) Champ ophtalmique (100cm x 120 cm) Avec 02 poches de recueil","author":"falek.h","date":"12\/03\/2023","format":false,"excerpt":"La trousse st\u00e9rile d'ophtalmologie \u00e0 usage unique\u00a0 est compos\u00e9e d'un grand champ avec fen\u00eatre adh\u00e9sive, film \u00e0 inciser, 2 poches de recueil et de barrettes conformables.","rel":"","context":"Article similaire","block_context":{"text":"Article similaire","link":""},"img":{"alt_text":"","src":"https:\/\/i0.wp.com\/docmarket-dz.com\/wp-content\/uploads\/2023\/03\/trousse-d-ophtalmologie-sterile.jpg?fit=800%2C600&ssl=1&resize=350%2C200","width":350,"height":200,"srcset":"https:\/\/i0.wp.com\/docmarket-dz.com\/wp-content\/uploads\/2023\/03\/trousse-d-ophtalmologie-sterile.jpg?fit=800%2C600&ssl=1&resize=350%2C200 1x, https:\/\/i0.wp.com\/docmarket-dz.com\/wp-content\/uploads\/2023\/03\/trousse-d-ophtalmologie-sterile.jpg?fit=800%2C600&ssl=1&resize=525%2C300 1.5x, https:\/\/i0.wp.com\/docmarket-dz.com\/wp-content\/uploads\/2023\/03\/trousse-d-ophtalmologie-sterile.jpg?fit=800%2C600&ssl=1&resize=700%2C400 2x"},"classes":[]},{"id":25251,"url":"https:\/\/docmarket-dz.com\/index.php\/product\/draps-jetables-en-non-tisse-160cm-x-240-cm\/","url_meta":{"origin":25250,"position":2},"title":"Draps jetables en non tiss\u00e9 (160cm x 210 cm)","author":"falek.h","date":"28\/02\/2023","format":false,"excerpt":"","rel":"","context":"Article similaire","block_context":{"text":"Article similaire","link":""},"img":{"alt_text":"","src":"https:\/\/i0.wp.com\/docmarket-dz.com\/wp-content\/uploads\/2023\/02\/DRA.jpg?fit=800%2C336&ssl=1&resize=350%2C200","width":350,"height":200,"srcset":"https:\/\/i0.wp.com\/docmarket-dz.com\/wp-content\/uploads\/2023\/02\/DRA.jpg?fit=800%2C336&ssl=1&resize=350%2C200 1x, https:\/\/i0.wp.com\/docmarket-dz.com\/wp-content\/uploads\/2023\/02\/DRA.jpg?fit=800%2C336&ssl=1&resize=525%2C300 1.5x, https:\/\/i0.wp.com\/docmarket-dz.com\/wp-content\/uploads\/2023\/02\/DRA.jpg?fit=800%2C336&ssl=1&resize=700%2C400 2x"},"classes":[]},{"id":25413,"url":"https:\/\/docmarket-dz.com\/index.php\/product\/couvre-chaussure\/","url_meta":{"origin":25250,"position":3},"title":"Surchaussure &#8211; Couvre Chaussure en non tiss\u00e9 bleu &#8211; boite de 100 paires","author":"falek.h","date":"12\/03\/2023","format":false,"excerpt":"","rel":"","context":"Article similaire","block_context":{"text":"Article similaire","link":""},"img":{"alt_text":"","src":"https:\/\/i0.wp.com\/docmarket-dz.com\/wp-content\/uploads\/2023\/03\/Couvre-Chaussure-e1681033848417.jpg?fit=600%2C600&ssl=1&resize=350%2C200","width":350,"height":200,"srcset":"https:\/\/i0.wp.com\/docmarket-dz.com\/wp-content\/uploads\/2023\/03\/Couvre-Chaussure-e1681033848417.jpg?fit=600%2C600&ssl=1&resize=350%2C200 1x, https:\/\/i0.wp.com\/docmarket-dz.com\/wp-content\/uploads\/2023\/03\/Couvre-Chaussure-e1681033848417.jpg?fit=600%2C600&ssl=1&resize=525%2C300 1.5x"},"classes":[]},{"id":24366,"url":"https:\/\/docmarket-dz.com\/index.php\/product\/sparadrap-multi-extensible-10mx15-cm-non-tisse-hypo-alergenique\/","url_meta":{"origin":25250,"position":4},"title":"SPARADRAP MULTI-EXTENSIBLE 10MX15 CM NON TISSE HYPO-ALERGENIQUE","author":"falek.h","date":"23\/12\/2022","format":false,"excerpt":"Le sparadrap en non tiss\u00e9 extensible est utilis\u00e9 pour la\u00a0protection des plaies et des pansements sur des surfaces importantes. En effet, ce sparadrap m\u00e9dical est indiqu\u00e9 pour la fixation de pansements et de dispositifs m\u00e9dicaux (canules, aiguilles, drains, cath\u00e9ters...). Sparadrap Fixneir en non-tiss\u00e9 Bande adh\u00e9sive gradu\u00e9e tous les 10cm Pour\u2026","rel":"","context":"Article similaire","block_context":{"text":"Article similaire","link":""},"img":{"alt_text":"","src":"https:\/\/i0.wp.com\/docmarket-dz.com\/wp-content\/uploads\/2022\/12\/SPARADRAP-MULTI-EXTENSIBLE-10-MX-15-CM-NON-TISSE-HYPOALLERGENIQUE-e1680774926598.jpg?fit=525%2C600&ssl=1&resize=350%2C200","width":350,"height":200,"srcset":"https:\/\/i0.wp.com\/docmarket-dz.com\/wp-content\/uploads\/2022\/12\/SPARADRAP-MULTI-EXTENSIBLE-10-MX-15-CM-NON-TISSE-HYPOALLERGENIQUE-e1680774926598.jpg?fit=525%2C600&ssl=1&resize=350%2C200 1x, https:\/\/i0.wp.com\/docmarket-dz.com\/wp-content\/uploads\/2022\/12\/SPARADRAP-MULTI-EXTENSIBLE-10-MX-15-CM-NON-TISSE-HYPOALLERGENIQUE-e1680774926598.jpg?fit=525%2C600&ssl=1&resize=525%2C300 1.5x"},"classes":[]},{"id":30179,"url":"https:\/\/docmarket-dz.com\/index.php\/product\/drap-de-consultation-bleu-non-tisse-80-cm-x-80-metre\/","url_meta":{"origin":25250,"position":5},"title":"Drap de consultation bleu non tisse  80 CM x 80 metre","author":"Sofiane Arbouche","date":"21\/06\/2025","format":false,"excerpt":"Caract\u00e9ristiques principales : Dimensions : 80 cm de largeur sur 80 m\u00e8tres de longueur, adapt\u00e9 aux tables d'examen standard. Mat\u00e9riau : non tiss\u00e9, offrant une bonne r\u00e9sistance et un confort pour le patient. Couleur : bleu, souvent utilis\u00e9e dans les environnements m\u00e9dicaux pour son aspect professionnel et apaisant. Utilisation :\u2026","rel":"","context":"Article similaire","block_context":{"text":"Article similaire","link":""},"img":{"alt_text":"","src":"","width":0,"height":0},"classes":[]}],"jetpack_sharing_enabled":true,"tiered_pricing_type":"fixed","tiered_pricing_fixed_rules":[],"tiered_pricing_product_settings":{"layout":"default","base_unit_name":{"singular":null,"plural":null},"default_variation":null},"tiered_pricing_minimum_quantity":null,"tiered_pricing_roles_data":[],"tiered_pricing_percentage_rules":[],"_links":{"self":[{"href":"https:\/\/docmarket-dz.com\/index.php\/wp-json\/wp\/v2\/product\/25250","targetHints":{"allow":["GET"]}}],"collection":[{"href":"https:\/\/docmarket-dz.com\/index.php\/wp-json\/wp\/v2\/product"}],"about":[{"href":"https:\/\/docmarket-dz.com\/index.php\/wp-json\/wp\/v2\/types\/product"}],"replies":[{"embeddable":true,"href":"https:\/\/docmarket-dz.com\/index.php\/wp-json\/wp\/v2\/comments?post=25250"}],"wp:attachment":[{"href":"https:\/\/docmarket-dz.com\/index.php\/wp-json\/wp\/v2\/media?parent=25250"}],"wp:term":[{"taxonomy":"product_brand","embeddable":true,"href":"https:\/\/docmarket-dz.com\/index.php\/wp-json\/wp\/v2\/product_brand?post=25250"},{"taxonomy":"product_cat","embeddable":true,"href":"https:\/\/docmarket-dz.com\/index.php\/wp-json\/wp\/v2\/product_cat?post=25250"},{"taxonomy":"product_tag","embeddable":true,"href":"https:\/\/docmarket-dz.com\/index.php\/wp-json\/wp\/v2\/product_tag?post=25250"}],"curies":[{"name":"wp","href":"https:\/\/api.w.org\/{rel}","templated":true}]}}