{"id":25251,"date":"2023-02-28T05:06:03","date_gmt":"2023-02-28T04:06:03","guid":{"rendered":"https:\/\/docmarket-dz.com\/?post_type=product&#038;p=25251"},"modified":"2025-05-13T15:26:28","modified_gmt":"2025-05-13T14:26:28","slug":"draps-jetables-en-non-tisse-160cm-x-240-cm","status":"publish","type":"product","link":"https:\/\/docmarket-dz.com\/index.php\/product\/draps-jetables-en-non-tisse-160cm-x-240-cm\/","title":{"rendered":"Draps jetables en non tiss\u00e9 (160cm x 210 cm)"},"content":{"rendered":"","protected":false},"excerpt":{"rendered":"","protected":false},"featured_media":28684,"comment_status":"open","ping_status":"closed","template":"","meta":{"content-type":"","om_disable_all_campaigns":false,"_uf_show_specific_survey":0,"_uf_disable_surveys":false,"jetpack_publicize_message":"","jetpack_publicize_feature_enabled":true,"jetpack_social_post_already_shared":false,"jetpack_social_options":{"image_generator_settings":{"template":"highway","default_image_id":0,"font":"","enabled":false},"version":2}},"product_brand":[],"product_cat":[560],"product_tag":[],"class_list":{"0":"post-25251","1":"product","2":"type-product","3":"status-publish","4":"has-post-thumbnail","6":"product_cat-hygiene","8":"first","9":"instock","10":"taxable","11":"shipping-taxable","12":"purchasable","13":"product-type-simple"},"supplier_id":24814,"supplier_sku":"","barcode":null,"atum_controlled":true,"out_stock_date":null,"out_stock_threshold":null,"inheritable":false,"inbound_stock":0,"stock_on_hold":0,"sold_today":0,"sales_last_days":0,"reserved_stock":0,"customer_returns":0,"warehouse_damage":0,"lost_in_post":0,"other_logs":0,"out_stock_days":0,"lost_sales":0,"has_location":true,"update_date":"2026-04-10T00:05:07","atum_locations":[{"id":943,"name":"C6","slug":"c6"}],"atum_stock_status":"instock","restock_status":false,"low_stock_amount":6,"sales_update_date":"2026-04-10T00:05:07","calc_backorders":0,"aioseo_notices":[],"jetpack_publicize_connections":[],"jetpack-related-posts":[{"id":30179,"url":"https:\/\/docmarket-dz.com\/index.php\/product\/drap-de-consultation-bleu-non-tisse-80-cm-x-80-metre\/","url_meta":{"origin":25251,"position":0},"title":"Drap de consultation bleu non tisse  80 CM x 80 metre","author":"Sofiane Arbouche","date":"21\/06\/2025","format":false,"excerpt":"Caract\u00e9ristiques principales : Dimensions : 80 cm de largeur sur 80 m\u00e8tres de longueur, adapt\u00e9 aux tables d'examen standard. Mat\u00e9riau : non tiss\u00e9, offrant une bonne r\u00e9sistance et un confort pour le patient. Couleur : bleu, souvent utilis\u00e9e dans les environnements m\u00e9dicaux pour son aspect professionnel et apaisant. Utilisation :\u2026","rel":"","context":"Article similaire","block_context":{"text":"Article similaire","link":""},"img":{"alt_text":"","src":"","width":0,"height":0},"classes":[]},{"id":30036,"url":"https:\/\/docmarket-dz.com\/index.php\/product\/drap-de-consultation-bleu-non-tisse-80-cm-x-40-metre\/","url_meta":{"origin":25251,"position":1},"title":"Drap de consultation bleu non tisse  80 CM x 40 metre","author":"Sofiane Arbouche","date":"18\/04\/2025","format":false,"excerpt":"Caract\u00e9ristiques principales : Dimensions : 80 cm de largeur sur 40 m\u00e8tres de longueur, adapt\u00e9 aux tables d'examen standard. Mat\u00e9riau : non tiss\u00e9, offrant une bonne r\u00e9sistance et un confort pour le patient. Couleur : bleu, souvent utilis\u00e9e dans les environnements m\u00e9dicaux pour son aspect professionnel et apaisant. Utilisation :\u2026","rel":"","context":"Article similaire","block_context":{"text":"Article similaire","link":""},"img":{"alt_text":"","src":"","width":0,"height":0},"classes":[]},{"id":30424,"url":"https:\/\/docmarket-dz.com\/index.php\/product\/drap-de-consultation-blanc-non-tisse-64-cm-x-27-metre\/","url_meta":{"origin":25251,"position":2},"title":"Drap de consultation blanc  non tisse  64 CM x 27 m\u00e8tre","author":"Amel","date":"28\/10\/2025","format":false,"excerpt":"","rel":"","context":"Article similaire","block_context":{"text":"Article similaire","link":""},"img":{"alt_text":"","src":"","width":0,"height":0},"classes":[]},{"id":29493,"url":"https:\/\/docmarket-dz.com\/index.php\/product\/drap-de-consultation-bleu-non-tisse-27-cm-64-cm\/","url_meta":{"origin":25251,"position":3},"title":"Drap de consultation bleu non tisse  65 CM x 40 M","author":"Sofiane Arbouche","date":"06\/10\/2024","format":false,"excerpt":"","rel":"","context":"Article similaire","block_context":{"text":"Article similaire","link":""},"img":{"alt_text":"","src":"","width":0,"height":0},"classes":[]},{"id":29167,"url":"https:\/\/docmarket-dz.com\/index.php\/product\/parure-de-drap-3-piece-non-tisse-blanc-adulte\/","url_meta":{"origin":25251,"position":4},"title":"Parure De Drap 3 Pi\u00e8ce Non tiss\u00e9   Blanc Adulte","author":"TIKELALINE Amel","date":"03\/07\/2024","format":false,"excerpt":"","rel":"","context":"Article similaire","block_context":{"text":"Article similaire","link":""},"img":{"alt_text":"","src":"https:\/\/i0.wp.com\/docmarket-dz.com\/wp-content\/uploads\/2023\/02\/DRA.jpg?fit=800%2C336&ssl=1&resize=350%2C200","width":350,"height":200,"srcset":"https:\/\/i0.wp.com\/docmarket-dz.com\/wp-content\/uploads\/2023\/02\/DRA.jpg?fit=800%2C336&ssl=1&resize=350%2C200 1x, https:\/\/i0.wp.com\/docmarket-dz.com\/wp-content\/uploads\/2023\/02\/DRA.jpg?fit=800%2C336&ssl=1&resize=525%2C300 1.5x, https:\/\/i0.wp.com\/docmarket-dz.com\/wp-content\/uploads\/2023\/02\/DRA.jpg?fit=800%2C336&ssl=1&resize=700%2C400 2x"},"classes":[]},{"id":25250,"url":"https:\/\/docmarket-dz.com\/index.php\/product\/couvre-table-sterile-en-non-tisse-160-x-190cm\/","url_meta":{"origin":25251,"position":5},"title":"Couvre table st\u00e9rile en non tiss\u00e9 (160 x 190cm)","author":"falek.h","date":"28\/02\/2023","format":false,"excerpt":"","rel":"","context":"Article similaire","block_context":{"text":"Article similaire","link":""},"img":{"alt_text":"","src":"","width":0,"height":0},"classes":[]}],"jetpack_sharing_enabled":true,"tiered_pricing_type":"fixed","tiered_pricing_fixed_rules":[],"tiered_pricing_product_settings":{"layout":"default","base_unit_name":{"singular":null,"plural":null},"default_variation":null},"tiered_pricing_minimum_quantity":null,"tiered_pricing_roles_data":[],"tiered_pricing_percentage_rules":[],"_links":{"self":[{"href":"https:\/\/docmarket-dz.com\/index.php\/wp-json\/wp\/v2\/product\/25251","targetHints":{"allow":["GET"]}}],"collection":[{"href":"https:\/\/docmarket-dz.com\/index.php\/wp-json\/wp\/v2\/product"}],"about":[{"href":"https:\/\/docmarket-dz.com\/index.php\/wp-json\/wp\/v2\/types\/product"}],"replies":[{"embeddable":true,"href":"https:\/\/docmarket-dz.com\/index.php\/wp-json\/wp\/v2\/comments?post=25251"}],"wp:featuredmedia":[{"embeddable":true,"href":"https:\/\/docmarket-dz.com\/index.php\/wp-json\/wp\/v2\/media\/28684"}],"wp:attachment":[{"href":"https:\/\/docmarket-dz.com\/index.php\/wp-json\/wp\/v2\/media?parent=25251"}],"wp:term":[{"taxonomy":"product_brand","embeddable":true,"href":"https:\/\/docmarket-dz.com\/index.php\/wp-json\/wp\/v2\/product_brand?post=25251"},{"taxonomy":"product_cat","embeddable":true,"href":"https:\/\/docmarket-dz.com\/index.php\/wp-json\/wp\/v2\/product_cat?post=25251"},{"taxonomy":"product_tag","embeddable":true,"href":"https:\/\/docmarket-dz.com\/index.php\/wp-json\/wp\/v2\/product_tag?post=25251"}],"curies":[{"name":"wp","href":"https:\/\/api.w.org\/{rel}","templated":true}]}}