{"id":25255,"date":"2023-02-28T05:33:56","date_gmt":"2023-02-28T04:33:56","guid":{"rendered":"https:\/\/docmarket-dz.com\/?post_type=product&#038;p=25255"},"modified":"2025-11-17T09:40:11","modified_gmt":"2025-11-17T08:40:11","slug":"gel-hydroalcoolique-anticeptique","status":"publish","type":"product","link":"https:\/\/docmarket-dz.com\/index.php\/product\/gel-hydroalcoolique-anticeptique\/","title":{"rendered":"gel hydroalcoolique &#8211; anticeptique"},"content":{"rendered":"","protected":false},"excerpt":{"rendered":"","protected":false},"featured_media":25262,"comment_status":"open","ping_status":"closed","template":"","meta":{"content-type":"","om_disable_all_campaigns":false,"_uf_show_specific_survey":0,"_uf_disable_surveys":false,"jetpack_publicize_message":"","jetpack_publicize_feature_enabled":true,"jetpack_social_post_already_shared":false,"jetpack_social_options":{"image_generator_settings":{"template":"highway","default_image_id":0,"font":"","enabled":false},"version":2}},"product_brand":[],"product_cat":[560],"product_tag":[],"class_list":{"0":"post-25255","1":"product","2":"type-product","3":"status-publish","4":"has-post-thumbnail","6":"product_cat-hygiene","8":"first","9":"onbackorder","10":"purchasable","11":"product-type-simple"},"supplier_id":null,"supplier_sku":"","barcode":null,"atum_controlled":true,"out_stock_date":"2025-11-17 09:40:11","out_stock_threshold":null,"inheritable":false,"inbound_stock":0,"stock_on_hold":0,"sold_today":0,"sales_last_days":0,"reserved_stock":0,"customer_returns":0,"warehouse_damage":0,"lost_in_post":0,"other_logs":0,"out_stock_days":143,"lost_sales":51071,"has_location":true,"update_date":"2026-04-10T00:05:10","atum_locations":[{"id":959,"name":"D1","slug":"d1"}],"atum_stock_status":"onbackorder","restock_status":false,"low_stock_amount":"","sales_update_date":"2026-04-10T00:05:10","calc_backorders":0,"aioseo_notices":[],"jetpack_publicize_connections":[],"jetpack-related-posts":[{"id":30359,"url":"https:\/\/docmarket-dz.com\/index.php\/product\/gel-hydroalcoolique-bouteille-1litre\/","url_meta":{"origin":25255,"position":0},"title":"Gel hydroalcoolique Bouteille 1litre","author":"Sofiane Arbouche","date":"24\/09\/2025","format":false,"excerpt":"","rel":"","context":"Article similaire","block_context":{"text":"Article similaire","link":""},"img":{"alt_text":"","src":"","width":0,"height":0},"classes":[]},{"id":30430,"url":"https:\/\/docmarket-dz.com\/index.php\/product\/gel-hydroalcoolique-500-ml-2m\/","url_meta":{"origin":25255,"position":1},"title":"Gel hydroalcoolique 500 ML  2M","author":"Amel","date":"30\/10\/2025","format":false,"excerpt":"","rel":"","context":"Article similaire","block_context":{"text":"Article similaire","link":""},"img":{"alt_text":"","src":"","width":0,"height":0},"classes":[]},{"id":28657,"url":"https:\/\/docmarket-dz.com\/index.php\/product\/solution-hydroalcoolique-cristal-1l\/","url_meta":{"origin":25255,"position":2},"title":"Solution Hydroalcoolique Cristal 1L","author":"TIKELALINE Amel","date":"19\/03\/2024","format":false,"excerpt":"Solution alcoolique en bouteille de 1 litre de la marque Cristal. Formul\u00e9e pour un usage externe seulement. Contient un pourcentage appropri\u00e9 d'alcool pour d\u00e9sinfecter efficacement les surfaces. Convient pour une utilisation dans les environnements m\u00e9dicaux, commerciaux et domestiques. Id\u00e9ale pour la d\u00e9sinfection des mains, des surfaces et des instruments m\u00e9dicaux.\u2026","rel":"","context":"Article similaire","block_context":{"text":"Article similaire","link":""},"img":{"alt_text":"","src":"https:\/\/i0.wp.com\/docmarket-dz.com\/wp-content\/uploads\/2024\/03\/IMG_20240324_102231-removebg-preview-2-1.png?fit=599%2C601&ssl=1&resize=350%2C200","width":350,"height":200,"srcset":"https:\/\/i0.wp.com\/docmarket-dz.com\/wp-content\/uploads\/2024\/03\/IMG_20240324_102231-removebg-preview-2-1.png?fit=599%2C601&ssl=1&resize=350%2C200 1x, https:\/\/i0.wp.com\/docmarket-dz.com\/wp-content\/uploads\/2024\/03\/IMG_20240324_102231-removebg-preview-2-1.png?fit=599%2C601&ssl=1&resize=525%2C300 1.5x"},"classes":[]},{"id":26397,"url":"https:\/\/docmarket-dz.com\/index.php\/product\/tube-avec-gel-j\/","url_meta":{"origin":25255,"position":3},"title":"TUBE AVEC GEL (J)","author":"falek.h","date":"12\/03\/2023","format":false,"excerpt":"","rel":"","context":"Article similaire","block_context":{"text":"Article similaire","link":""},"img":{"alt_text":"","src":"","width":0,"height":0},"classes":[]},{"id":27541,"url":"https:\/\/docmarket-dz.com\/index.php\/product\/gel-echo-5-kg\/","url_meta":{"origin":25255,"position":4},"title":"GEL ECHO 5 KG","author":"fatmazohra.nasri","date":"03\/12\/2023","format":false,"excerpt":"","rel":"","context":"Article similaire","block_context":{"text":"Article similaire","link":""},"img":{"alt_text":"","src":"https:\/\/i0.wp.com\/docmarket-dz.com\/wp-content\/uploads\/2023\/10\/IMG_1661-1-PhotoRoom.png-PhotoRoom.jpg?fit=598%2C601&ssl=1&resize=350%2C200","width":350,"height":200,"srcset":"https:\/\/i0.wp.com\/docmarket-dz.com\/wp-content\/uploads\/2023\/10\/IMG_1661-1-PhotoRoom.png-PhotoRoom.jpg?fit=598%2C601&ssl=1&resize=350%2C200 1x, https:\/\/i0.wp.com\/docmarket-dz.com\/wp-content\/uploads\/2023\/10\/IMG_1661-1-PhotoRoom.png-PhotoRoom.jpg?fit=598%2C601&ssl=1&resize=525%2C300 1.5x"},"classes":[]},{"id":24355,"url":"https:\/\/docmarket-dz.com\/index.php\/product\/gel-echo-250-ml-local\/","url_meta":{"origin":25255,"position":5},"title":"Gel Echo 250 ml","author":"falek.h","date":"23\/12\/2022","format":false,"excerpt":"","rel":"","context":"Article similaire","block_context":{"text":"Article similaire","link":""},"img":{"alt_text":"","src":"https:\/\/i0.wp.com\/docmarket-dz.com\/wp-content\/uploads\/2022\/12\/9e8eaecc1cd65860d73df802170296a0-PhotoRoom-e1697443460320.jpg?fit=600%2C600&ssl=1&resize=350%2C200","width":350,"height":200,"srcset":"https:\/\/i0.wp.com\/docmarket-dz.com\/wp-content\/uploads\/2022\/12\/9e8eaecc1cd65860d73df802170296a0-PhotoRoom-e1697443460320.jpg?fit=600%2C600&ssl=1&resize=350%2C200 1x, https:\/\/i0.wp.com\/docmarket-dz.com\/wp-content\/uploads\/2022\/12\/9e8eaecc1cd65860d73df802170296a0-PhotoRoom-e1697443460320.jpg?fit=600%2C600&ssl=1&resize=525%2C300 1.5x"},"classes":[]}],"jetpack_sharing_enabled":true,"tiered_pricing_type":"fixed","tiered_pricing_fixed_rules":[],"tiered_pricing_product_settings":{"layout":"default","base_unit_name":{"singular":null,"plural":null},"default_variation":null},"tiered_pricing_minimum_quantity":null,"tiered_pricing_roles_data":[],"tiered_pricing_percentage_rules":[],"_links":{"self":[{"href":"https:\/\/docmarket-dz.com\/index.php\/wp-json\/wp\/v2\/product\/25255","targetHints":{"allow":["GET"]}}],"collection":[{"href":"https:\/\/docmarket-dz.com\/index.php\/wp-json\/wp\/v2\/product"}],"about":[{"href":"https:\/\/docmarket-dz.com\/index.php\/wp-json\/wp\/v2\/types\/product"}],"replies":[{"embeddable":true,"href":"https:\/\/docmarket-dz.com\/index.php\/wp-json\/wp\/v2\/comments?post=25255"}],"wp:featuredmedia":[{"embeddable":true,"href":"https:\/\/docmarket-dz.com\/index.php\/wp-json\/wp\/v2\/media\/25262"}],"wp:attachment":[{"href":"https:\/\/docmarket-dz.com\/index.php\/wp-json\/wp\/v2\/media?parent=25255"}],"wp:term":[{"taxonomy":"product_brand","embeddable":true,"href":"https:\/\/docmarket-dz.com\/index.php\/wp-json\/wp\/v2\/product_brand?post=25255"},{"taxonomy":"product_cat","embeddable":true,"href":"https:\/\/docmarket-dz.com\/index.php\/wp-json\/wp\/v2\/product_cat?post=25255"},{"taxonomy":"product_tag","embeddable":true,"href":"https:\/\/docmarket-dz.com\/index.php\/wp-json\/wp\/v2\/product_tag?post=25255"}],"curies":[{"name":"wp","href":"https:\/\/api.w.org\/{rel}","templated":true}]}}