{"id":25295,"date":"2023-03-03T06:08:15","date_gmt":"2023-03-03T05:08:15","guid":{"rendered":"https:\/\/docmarket-dz.com\/?post_type=product&#038;p=25295"},"modified":"2023-08-09T14:11:17","modified_gmt":"2023-08-09T13:11:17","slug":"paravent-a-3-volets-en-epoxy","status":"publish","type":"product","link":"https:\/\/docmarket-dz.com\/index.php\/product\/paravent-a-3-volets-en-epoxy\/","title":{"rendered":"PARAVENT A 3 VOLETS EN EPOXY"},"content":{"rendered":"","protected":false},"excerpt":{"rendered":"","protected":false},"featured_media":25297,"comment_status":"open","ping_status":"closed","template":"","meta":{"content-type":"","om_disable_all_campaigns":false,"_uf_show_specific_survey":0,"_uf_disable_surveys":false,"jetpack_publicize_message":"","jetpack_publicize_feature_enabled":true,"jetpack_social_post_already_shared":false,"jetpack_social_options":{"image_generator_settings":{"template":"highway","default_image_id":0,"font":"","enabled":false},"version":2}},"product_brand":[],"product_cat":[555,487],"product_tag":[],"class_list":{"0":"post-25295","1":"product","2":"type-product","3":"status-publish","4":"has-post-thumbnail","6":"product_cat-equipement","7":"product_cat-medical","9":"first","10":"onbackorder","11":"taxable","12":"shipping-taxable","13":"purchasable","14":"product-type-simple"},"supplier_id":24810,"supplier_sku":"","barcode":null,"atum_controlled":true,"out_stock_date":null,"out_stock_threshold":null,"inheritable":false,"inbound_stock":0,"stock_on_hold":0,"sold_today":0,"sales_last_days":0,"reserved_stock":0,"customer_returns":0,"warehouse_damage":0,"lost_in_post":0,"other_logs":0,"out_stock_days":0,"lost_sales":0,"has_location":false,"update_date":"2026-04-10T00:05:00","atum_locations":[],"atum_stock_status":"onbackorder","restock_status":false,"low_stock_amount":"","sales_update_date":"2026-04-10T00:05:00","calc_backorders":null,"aioseo_notices":[],"jetpack_publicize_connections":[],"jetpack-related-posts":[{"id":25293,"url":"https:\/\/docmarket-dz.com\/index.php\/product\/paravent-a-2-volets-en-epoxy\/","url_meta":{"origin":25295,"position":0},"title":"PARAVENT A 2 VOLETS EN EPOXY","author":"falek.h","date":"03\/03\/2023","format":false,"excerpt":"","rel":"","context":"Article similaire","block_context":{"text":"Article similaire","link":""},"img":{"alt_text":"","src":"https:\/\/i0.wp.com\/docmarket-dz.com\/wp-content\/uploads\/2023\/03\/PARAVENT-A-2-VOLETS-EN-EPOXY-e1677819810251.jpg?fit=750%2C614&ssl=1&resize=350%2C200","width":350,"height":200,"srcset":"https:\/\/i0.wp.com\/docmarket-dz.com\/wp-content\/uploads\/2023\/03\/PARAVENT-A-2-VOLETS-EN-EPOXY-e1677819810251.jpg?fit=750%2C614&ssl=1&resize=350%2C200 1x, https:\/\/i0.wp.com\/docmarket-dz.com\/wp-content\/uploads\/2023\/03\/PARAVENT-A-2-VOLETS-EN-EPOXY-e1677819810251.jpg?fit=750%2C614&ssl=1&resize=525%2C300 1.5x, https:\/\/i0.wp.com\/docmarket-dz.com\/wp-content\/uploads\/2023\/03\/PARAVENT-A-2-VOLETS-EN-EPOXY-e1677819810251.jpg?fit=750%2C614&ssl=1&resize=700%2C400 2x"},"classes":[]},{"id":29644,"url":"https:\/\/docmarket-dz.com\/index.php\/product\/paravent-2-volet-sur-roues-blanc\/","url_meta":{"origin":25295,"position":1},"title":"PARAVENT 2 VOLET SUR ROUES Blanc","author":"Amel","date":"13\/11\/2024","format":false,"excerpt":"","rel":"","context":"Article similaire","block_context":{"text":"Article similaire","link":""},"img":{"alt_text":"","src":"","width":0,"height":0},"classes":[]},{"id":26335,"url":"https:\/\/docmarket-dz.com\/index.php\/product\/table-de-prelevement-en-epoxy\/","url_meta":{"origin":25295,"position":2},"title":"TABLE DE PRELEVEMENT EN EPOXY","author":"falek.h","date":"12\/03\/2023","format":false,"excerpt":"","rel":"","context":"Article similaire","block_context":{"text":"Article similaire","link":""},"img":{"alt_text":"","src":"","width":0,"height":0},"classes":[]},{"id":24451,"url":"https:\/\/docmarket-dz.com\/index.php\/product\/negatoscope-en-inox-local\/","url_meta":{"origin":25295,"position":3},"title":"NEGATOSCOPE EN ALUMINIUM &#8211; LOCAL","author":"falek.h","date":"25\/12\/2022","format":false,"excerpt":"Eclairage \u00e0 neon, Fabriqu\u00e9 en aluminium et plexi, lumineux. cache en aluminum, Eclairage \u00e0 neon, Pein- ture \u00ab \u00e9poxy \u00bb. Dimensions : Largeur : 100 mm, Longueur : 680 mm, Hauteur : 440 mm.","rel":"","context":"Article similaire","block_context":{"text":"Article similaire","link":""},"img":{"alt_text":"","src":"https:\/\/i0.wp.com\/docmarket-dz.com\/wp-content\/uploads\/2022\/12\/snapedit_1671981468692.jpg?fit=1200%2C1200&ssl=1&resize=350%2C200","width":350,"height":200,"srcset":"https:\/\/i0.wp.com\/docmarket-dz.com\/wp-content\/uploads\/2022\/12\/snapedit_1671981468692.jpg?fit=1200%2C1200&ssl=1&resize=350%2C200 1x, https:\/\/i0.wp.com\/docmarket-dz.com\/wp-content\/uploads\/2022\/12\/snapedit_1671981468692.jpg?fit=1200%2C1200&ssl=1&resize=525%2C300 1.5x, https:\/\/i0.wp.com\/docmarket-dz.com\/wp-content\/uploads\/2022\/12\/snapedit_1671981468692.jpg?fit=1200%2C1200&ssl=1&resize=700%2C400 2x, https:\/\/i0.wp.com\/docmarket-dz.com\/wp-content\/uploads\/2022\/12\/snapedit_1671981468692.jpg?fit=1200%2C1200&ssl=1&resize=1050%2C600 3x"},"classes":[]},{"id":24379,"url":"https:\/\/docmarket-dz.com\/index.php\/product\/negatoscope-standard-01-plage\/","url_meta":{"origin":25295,"position":4},"title":"NEGATOSCOPE STANDARD &#8211; LOCAL","author":"falek.h","date":"23\/12\/2022","format":false,"excerpt":"Eclairage \u00e0 neon, Fabriqu\u00e9 en aluminium et plexi, lumineux. cache en aluminum, Eclairage \u00e0 neon, Pein- ture \u00ab \u00e9poxy \u00bb. Dimensions : Largeur : 100 mm, Longueur : 680 mm, Hauteur : 440 mm.","rel":"","context":"Article similaire","block_context":{"text":"Article similaire","link":""},"img":{"alt_text":"","src":"https:\/\/i0.wp.com\/docmarket-dz.com\/wp-content\/uploads\/2022\/12\/snapedit_1671981516463.jpg?fit=1200%2C1200&ssl=1&resize=350%2C200","width":350,"height":200,"srcset":"https:\/\/i0.wp.com\/docmarket-dz.com\/wp-content\/uploads\/2022\/12\/snapedit_1671981516463.jpg?fit=1200%2C1200&ssl=1&resize=350%2C200 1x, https:\/\/i0.wp.com\/docmarket-dz.com\/wp-content\/uploads\/2022\/12\/snapedit_1671981516463.jpg?fit=1200%2C1200&ssl=1&resize=525%2C300 1.5x, https:\/\/i0.wp.com\/docmarket-dz.com\/wp-content\/uploads\/2022\/12\/snapedit_1671981516463.jpg?fit=1200%2C1200&ssl=1&resize=700%2C400 2x, https:\/\/i0.wp.com\/docmarket-dz.com\/wp-content\/uploads\/2022\/12\/snapedit_1671981516463.jpg?fit=1200%2C1200&ssl=1&resize=1050%2C600 3x"},"classes":[]},{"id":30214,"url":"https:\/\/docmarket-dz.com\/index.php\/product\/negatoscope-grand-model-local\/","url_meta":{"origin":25295,"position":5},"title":"NEGATOSCOPE GRAND MODEL- LOCAL-","author":"Amel","date":"02\/07\/2025","format":false,"excerpt":"Description du produit : - Coffre en t\u00f4le de10\/10eme ; - Deux r\u00e9glettes duo 2 x 20 W - Plage plexi blanc cristal - Interrupteur poussoir - Fil \u00e9lectrique 1500 - Traitement de fer - Peinture antirouille \u2013 \u00e9poxy. \u00a0 Sp\u00e9cifications techniques : Dimensions 130 x 44 cm","rel":"","context":"Article similaire","block_context":{"text":"Article similaire","link":""},"img":{"alt_text":"","src":"https:\/\/i0.wp.com\/docmarket-dz.com\/wp-content\/uploads\/2022\/12\/snapedit_1671981516463.jpg?fit=1200%2C1200&ssl=1&resize=350%2C200","width":350,"height":200,"srcset":"https:\/\/i0.wp.com\/docmarket-dz.com\/wp-content\/uploads\/2022\/12\/snapedit_1671981516463.jpg?fit=1200%2C1200&ssl=1&resize=350%2C200 1x, https:\/\/i0.wp.com\/docmarket-dz.com\/wp-content\/uploads\/2022\/12\/snapedit_1671981516463.jpg?fit=1200%2C1200&ssl=1&resize=525%2C300 1.5x, https:\/\/i0.wp.com\/docmarket-dz.com\/wp-content\/uploads\/2022\/12\/snapedit_1671981516463.jpg?fit=1200%2C1200&ssl=1&resize=700%2C400 2x, https:\/\/i0.wp.com\/docmarket-dz.com\/wp-content\/uploads\/2022\/12\/snapedit_1671981516463.jpg?fit=1200%2C1200&ssl=1&resize=1050%2C600 3x"},"classes":[]}],"jetpack_sharing_enabled":true,"tiered_pricing_type":"fixed","tiered_pricing_fixed_rules":[],"tiered_pricing_product_settings":{"layout":"default","base_unit_name":{"singular":null,"plural":null},"default_variation":null},"tiered_pricing_minimum_quantity":null,"tiered_pricing_roles_data":[],"tiered_pricing_percentage_rules":[],"_links":{"self":[{"href":"https:\/\/docmarket-dz.com\/index.php\/wp-json\/wp\/v2\/product\/25295","targetHints":{"allow":["GET"]}}],"collection":[{"href":"https:\/\/docmarket-dz.com\/index.php\/wp-json\/wp\/v2\/product"}],"about":[{"href":"https:\/\/docmarket-dz.com\/index.php\/wp-json\/wp\/v2\/types\/product"}],"replies":[{"embeddable":true,"href":"https:\/\/docmarket-dz.com\/index.php\/wp-json\/wp\/v2\/comments?post=25295"}],"wp:featuredmedia":[{"embeddable":true,"href":"https:\/\/docmarket-dz.com\/index.php\/wp-json\/wp\/v2\/media\/25297"}],"wp:attachment":[{"href":"https:\/\/docmarket-dz.com\/index.php\/wp-json\/wp\/v2\/media?parent=25295"}],"wp:term":[{"taxonomy":"product_brand","embeddable":true,"href":"https:\/\/docmarket-dz.com\/index.php\/wp-json\/wp\/v2\/product_brand?post=25295"},{"taxonomy":"product_cat","embeddable":true,"href":"https:\/\/docmarket-dz.com\/index.php\/wp-json\/wp\/v2\/product_cat?post=25295"},{"taxonomy":"product_tag","embeddable":true,"href":"https:\/\/docmarket-dz.com\/index.php\/wp-json\/wp\/v2\/product_tag?post=25295"}],"curies":[{"name":"wp","href":"https:\/\/api.w.org\/{rel}","templated":true}]}}