{"id":25333,"date":"2023-03-03T08:08:18","date_gmt":"2023-03-03T07:08:18","guid":{"rendered":"https:\/\/docmarket-dz.com\/?post_type=product&#038;p=25333"},"modified":"2023-08-09T14:11:16","modified_gmt":"2023-08-09T13:11:16","slug":"thermometre-frontal-yobekan","status":"publish","type":"product","link":"https:\/\/docmarket-dz.com\/index.php\/product\/thermometre-frontal-yobekan\/","title":{"rendered":"THERMOMETRE FRONTAL YOBEKAN"},"content":{"rendered":"","protected":false},"excerpt":{"rendered":"","protected":false},"featured_media":25334,"comment_status":"open","ping_status":"closed","template":"","meta":{"content-type":"","om_disable_all_campaigns":false,"_uf_show_specific_survey":0,"_uf_disable_surveys":false,"jetpack_publicize_message":"","jetpack_publicize_feature_enabled":true,"jetpack_social_post_already_shared":false,"jetpack_social_options":{"image_generator_settings":{"template":"highway","default_image_id":0,"font":"","enabled":false},"version":2}},"product_brand":[],"product_cat":[487],"product_tag":[],"class_list":{"0":"post-25333","1":"product","2":"type-product","3":"status-publish","4":"has-post-thumbnail","6":"product_cat-medical","8":"first","9":"onbackorder","10":"taxable","11":"shipping-taxable","12":"purchasable","13":"product-type-simple"},"supplier_id":24810,"supplier_sku":"","barcode":null,"atum_controlled":true,"out_stock_date":null,"out_stock_threshold":null,"inheritable":false,"inbound_stock":0,"stock_on_hold":0,"sold_today":0,"sales_last_days":0,"reserved_stock":0,"customer_returns":0,"warehouse_damage":0,"lost_in_post":0,"other_logs":0,"out_stock_days":0,"lost_sales":0,"has_location":false,"update_date":"2026-04-28T00:13:06","atum_locations":[],"atum_stock_status":"onbackorder","restock_status":false,"low_stock_amount":"","sales_update_date":"2026-04-28T00:13:06","calc_backorders":null,"aioseo_notices":[],"jetpack_publicize_connections":[],"jetpack-related-posts":[{"id":30815,"url":"https:\/\/docmarket-dz.com\/index.php\/product\/thermometre-frontal-aique\/","url_meta":{"origin":25333,"position":0},"title":"THERMOMETRE FRONTAL (AIQUE)","author":"Amel","date":"12\/04\/2026","format":false,"excerpt":"","rel":"","context":"Article similaire","block_context":{"text":"Article similaire","link":""},"img":{"alt_text":"","src":"","width":0,"height":0},"classes":[]},{"id":25336,"url":"https:\/\/docmarket-dz.com\/index.php\/product\/thermometre-infra-rouge-auriculaire-frontal-swing-med\/","url_meta":{"origin":25333,"position":1},"title":"THERMOMETRE INFRA ROUGE AURICULAIRE \/ FRONTAL SWING MED","author":"falek.h","date":"03\/03\/2023","format":false,"excerpt":"Deux fonctions ensemble: temp\u00e9rature de la t\u00eate et temp\u00e9rature de l'oreille; Lecture rapide en 1 seconde 9 s\u00e9ries de mesures Rappel sonore Mesure Sanns Contact (Non touchant) Convient aux adultes et aux nourrissons Arr\u00eat automatique: 30 secondes sans op\u00e9ration. \u00c9cran r\u00e9tro-\u00e9clair\u00e9 avec 3 couleurs: vert, orange, rouge","rel":"","context":"Article similaire","block_context":{"text":"Article similaire","link":""},"img":{"alt_text":"","src":"https:\/\/i0.wp.com\/docmarket-dz.com\/wp-content\/uploads\/2023\/03\/THERMOMETRE-INFRA-ROUGE-AURICULAIRE-FRONTAL-SWING-MED-PhotoRoom.png-PhotoRoom.png?fit=526%2C509&ssl=1&resize=350%2C200","width":350,"height":200,"srcset":"https:\/\/i0.wp.com\/docmarket-dz.com\/wp-content\/uploads\/2023\/03\/THERMOMETRE-INFRA-ROUGE-AURICULAIRE-FRONTAL-SWING-MED-PhotoRoom.png-PhotoRoom.png?fit=526%2C509&ssl=1&resize=350%2C200 1x, https:\/\/i0.wp.com\/docmarket-dz.com\/wp-content\/uploads\/2023\/03\/THERMOMETRE-INFRA-ROUGE-AURICULAIRE-FRONTAL-SWING-MED-PhotoRoom.png-PhotoRoom.png?fit=526%2C509&ssl=1&resize=525%2C300 1.5x"},"classes":[]},{"id":29907,"url":"https:\/\/docmarket-dz.com\/index.php\/product\/thermometre-enfant-a-sonde-flexible-babycare\/","url_meta":{"origin":25333,"position":2},"title":"THERMOMETRE ENFANT A SONDE FLEXIBLE BABYCARE","author":"Sofiane Arbouche","date":"20\/02\/2025","format":false,"excerpt":"THERMOMETRE EXPRESS pour les mesures quasi instantan\u00e9es Pointes flexibles Affichage extra grand ne contient pas de mercure pr\u00e9cision +\/- 0.1 C\u00b0","rel":"","context":"Article similaire","block_context":{"text":"Article similaire","link":""},"img":{"alt_text":"","src":"https:\/\/i0.wp.com\/docmarket-dz.com\/wp-content\/uploads\/2025\/02\/Sans-titre.png?fit=225%2C225&ssl=1&resize=350%2C200","width":350,"height":200},"classes":[]},{"id":25331,"url":"https:\/\/docmarket-dz.com\/index.php\/product\/thermometre-enfant-a-sonde-flexible-swingmed\/","url_meta":{"origin":25333,"position":3},"title":"THERMOMETRE ENFANT A SONDE FLEXIBLE SWINGMED","author":"falek.h","date":"03\/03\/2023","format":false,"excerpt":"","rel":"","context":"Article similaire","block_context":{"text":"Article similaire","link":""},"img":{"alt_text":"","src":"https:\/\/i0.wp.com\/docmarket-dz.com\/wp-content\/uploads\/2023\/03\/THERMOMETRE-ENFANT-A-SONDE-FLEXIBLE-SWINGMED.jpg?fit=600%2C600&ssl=1&resize=350%2C200","width":350,"height":200,"srcset":"https:\/\/i0.wp.com\/docmarket-dz.com\/wp-content\/uploads\/2023\/03\/THERMOMETRE-ENFANT-A-SONDE-FLEXIBLE-SWINGMED.jpg?fit=600%2C600&ssl=1&resize=350%2C200 1x, https:\/\/i0.wp.com\/docmarket-dz.com\/wp-content\/uploads\/2023\/03\/THERMOMETRE-ENFANT-A-SONDE-FLEXIBLE-SWINGMED.jpg?fit=600%2C600&ssl=1&resize=525%2C300 1.5x"},"classes":[]},{"id":25329,"url":"https:\/\/docmarket-dz.com\/index.php\/product\/thermometre-adulte-a-sonde-flexible-swingmed\/","url_meta":{"origin":25333,"position":4},"title":"Thermometre numerique a pointe flexible  model DMT 4318","author":"falek.h","date":"03\/03\/2023","format":false,"excerpt":"","rel":"","context":"Article similaire","block_context":{"text":"Article similaire","link":""},"img":{"alt_text":"","src":"","width":0,"height":0},"classes":[]}],"jetpack_sharing_enabled":true,"tiered_pricing_type":"fixed","tiered_pricing_fixed_rules":[],"tiered_pricing_product_settings":{"layout":"default","base_unit_name":{"singular":null,"plural":null},"default_variation":null},"tiered_pricing_minimum_quantity":null,"tiered_pricing_roles_data":[],"tiered_pricing_percentage_rules":[],"_links":{"self":[{"href":"https:\/\/docmarket-dz.com\/index.php\/wp-json\/wp\/v2\/product\/25333","targetHints":{"allow":["GET"]}}],"collection":[{"href":"https:\/\/docmarket-dz.com\/index.php\/wp-json\/wp\/v2\/product"}],"about":[{"href":"https:\/\/docmarket-dz.com\/index.php\/wp-json\/wp\/v2\/types\/product"}],"replies":[{"embeddable":true,"href":"https:\/\/docmarket-dz.com\/index.php\/wp-json\/wp\/v2\/comments?post=25333"}],"wp:featuredmedia":[{"embeddable":true,"href":"https:\/\/docmarket-dz.com\/index.php\/wp-json\/wp\/v2\/media\/25334"}],"wp:attachment":[{"href":"https:\/\/docmarket-dz.com\/index.php\/wp-json\/wp\/v2\/media?parent=25333"}],"wp:term":[{"taxonomy":"product_brand","embeddable":true,"href":"https:\/\/docmarket-dz.com\/index.php\/wp-json\/wp\/v2\/product_brand?post=25333"},{"taxonomy":"product_cat","embeddable":true,"href":"https:\/\/docmarket-dz.com\/index.php\/wp-json\/wp\/v2\/product_cat?post=25333"},{"taxonomy":"product_tag","embeddable":true,"href":"https:\/\/docmarket-dz.com\/index.php\/wp-json\/wp\/v2\/product_tag?post=25333"}],"curies":[{"name":"wp","href":"https:\/\/api.w.org\/{rel}","templated":true}]}}