{"id":25336,"date":"2023-03-03T08:13:38","date_gmt":"2023-03-03T07:13:38","guid":{"rendered":"https:\/\/docmarket-dz.com\/?post_type=product&#038;p=25336"},"modified":"2026-02-09T10:51:19","modified_gmt":"2026-02-09T09:51:19","slug":"thermometre-infra-rouge-auriculaire-frontal-swing-med","status":"publish","type":"product","link":"https:\/\/docmarket-dz.com\/index.php\/product\/thermometre-infra-rouge-auriculaire-frontal-swing-med\/","title":{"rendered":"THERMOMETRE INFRA ROUGE AURICULAIRE \/ FRONTAL SWING MED"},"content":{"rendered":"<p>Deux fonctions ensemble:<br \/>\ntemp\u00e9rature de la t\u00eate et temp\u00e9rature de l&#8217;oreille;<br \/>\nLecture rapide en 1 seconde<br \/>\n9 s\u00e9ries de mesures<br \/>\nRappel sonore<br \/>\nMesure Sanns Contact (Non touchant)<br \/>\nConvient aux adultes et aux nourrissons<br \/>\nArr\u00eat automatique: 30 secondes sans op\u00e9ration.<br \/>\n\u00c9cran r\u00e9tro-\u00e9clair\u00e9 avec 3 couleurs: vert, orange, rouge<\/p>\n","protected":false},"excerpt":{"rendered":"<p>Deux fonctions ensemble: temp\u00e9rature de la t\u00eate et temp\u00e9rature de l&#8217;oreille; Lecture rapide en 1 seconde 9 s\u00e9ries de mesures Rappel sonore Mesure Sanns Contact (Non touchant) Convient aux adultes et aux nourrissons Arr\u00eat automatique: 30 secondes sans op\u00e9ration. \u00c9cran r\u00e9tro-\u00e9clair\u00e9 avec 3 couleurs: vert, orange, rouge<\/p>\n","protected":false},"featured_media":25337,"comment_status":"open","ping_status":"closed","template":"","meta":{"content-type":"","om_disable_all_campaigns":false,"_uf_show_specific_survey":0,"_uf_disable_surveys":false,"jetpack_publicize_message":"","jetpack_publicize_feature_enabled":true,"jetpack_social_post_already_shared":false,"jetpack_social_options":{"image_generator_settings":{"template":"highway","default_image_id":0,"font":"","enabled":false},"version":2}},"product_brand":[],"product_cat":[487],"product_tag":[],"class_list":{"0":"post-25336","1":"product","2":"type-product","3":"status-publish","4":"has-post-thumbnail","6":"product_cat-medical","7":"ts_product_brand-swingmed","9":"first","10":"onbackorder","11":"taxable","12":"shipping-taxable","13":"purchasable","14":"product-type-simple"},"supplier_id":24810,"supplier_sku":"","barcode":null,"atum_controlled":true,"out_stock_date":"2026-02-09 10:51:19","out_stock_threshold":null,"inheritable":false,"inbound_stock":0,"stock_on_hold":0,"sold_today":0,"sales_last_days":0,"reserved_stock":0,"customer_returns":0,"warehouse_damage":0,"lost_in_post":0,"other_logs":0,"out_stock_days":65,"lost_sales":0,"has_location":true,"update_date":"2026-04-16T00:08:08","atum_locations":[{"id":939,"name":"C2","slug":"c2"}],"atum_stock_status":"onbackorder","restock_status":false,"low_stock_amount":"","sales_update_date":"2026-04-16T00:08:08","calc_backorders":0,"aioseo_notices":[],"jetpack_publicize_connections":[],"jetpack-related-posts":[{"id":27869,"url":"https:\/\/docmarket-dz.com\/index.php\/product\/terling-pesr-personne-body-fat-analyser-tbf-0107\/","url_meta":{"origin":25336,"position":0},"title":"Balance &#8211; imp\u00e9dancem\u00e9tre &#8211; PESE PERSONNE -TBF 0107 -TERLING SWITZERLAND","author":"fatmazohra.nasri","date":"25\/11\/2023","format":false,"excerpt":"Design \u00e9l\u00e9gant 8 m\u00e9moires utilisateur Technologie SENSE ON \u00c9cran LCD num\u00e9rique Unit\u00e9 de mesure:\u00a0 Kilogramme, Pierre, Livre Plage de mesure:\u00a0 5 kg \u00e0 180 kg Environnement de stockage:\u00a0 Temp\u00e9rature : -20 \u00b0C \u00e0 60 \u00b0C, Humidit\u00e9 relative : \u2264 90% HR Source d'alimentation:\u00a0 4,5V (Trois piles de taille AAA) M\u00e9thode\u2026","rel":"","context":"Article similaire","block_context":{"text":"Article similaire","link":""},"img":{"alt_text":"","src":"","width":0,"height":0},"classes":[]},{"id":27747,"url":"https:\/\/docmarket-dz.com\/index.php\/product\/catheter-court-g20-rouge-kd-fix\/","url_meta":{"origin":25336,"position":1},"title":"Cath\u00e9ter court G20 Rouge KD FIX","author":"fatmazohra.nasri","date":"28\/10\/2023","format":false,"excerpt":"","rel":"","context":"Article similaire","block_context":{"text":"Article similaire","link":""},"img":{"alt_text":"","src":"https:\/\/i0.wp.com\/docmarket-dz.com\/wp-content\/uploads\/2023\/10\/IMG_1633-PhotoRoom.png-PhotoRoom.png?fit=588%2C602&ssl=1&resize=350%2C200","width":350,"height":200,"srcset":"https:\/\/i0.wp.com\/docmarket-dz.com\/wp-content\/uploads\/2023\/10\/IMG_1633-PhotoRoom.png-PhotoRoom.png?fit=588%2C602&ssl=1&resize=350%2C200 1x, https:\/\/i0.wp.com\/docmarket-dz.com\/wp-content\/uploads\/2023\/10\/IMG_1633-PhotoRoom.png-PhotoRoom.png?fit=588%2C602&ssl=1&resize=525%2C300 1.5x"},"classes":[]},{"id":28004,"url":"https:\/\/docmarket-dz.com\/index.php\/product\/autoclave-horizontal-120l-classe-b-avec-imprimante-integree-n-d-le-prix-change-selon-larrivage\/","url_meta":{"origin":25336,"position":2},"title":"Autoclave Horizontal 120L Classe B avec imprimante int\u00e9gr\u00e9e (N.D) \/(Le prix change selon l&#8217;arrivage)","author":"fatmazohra.nasri","date":"04\/11\/2023","format":false,"excerpt":"Ecran tactile avec interface HMI Chambre int\u00e9rieure circulaire horizontale : \u00d8 420 x 880 mm Structure de porte \u00e0 serrure \u00e9lectrique Protection de s\u00e9curit\u00e9 multiple (contre la surchauffe et la suppression) Programme de st\u00e9rilisation : Tissu, instrument, Liquide, BD Test, Test de Vide) Cycle de st\u00e9rilisation d\u00e9finit sur mesure Temp\u00e9rature\u2026","rel":"","context":"Article similaire","block_context":{"text":"Article similaire","link":""},"img":{"alt_text":"","src":"https:\/\/i0.wp.com\/docmarket-dz.com\/wp-content\/uploads\/2023\/12\/76504-17866691.jpg?fit=597%2C597&ssl=1&resize=350%2C200","width":350,"height":200,"srcset":"https:\/\/i0.wp.com\/docmarket-dz.com\/wp-content\/uploads\/2023\/12\/76504-17866691.jpg?fit=597%2C597&ssl=1&resize=350%2C200 1x, https:\/\/i0.wp.com\/docmarket-dz.com\/wp-content\/uploads\/2023\/12\/76504-17866691.jpg?fit=597%2C597&ssl=1&resize=525%2C300 1.5x"},"classes":[]},{"id":27923,"url":"https:\/\/docmarket-dz.com\/index.php\/product\/control-mesure-podoscope-avec-lumiere-polarisee-firn-france\/","url_meta":{"origin":25336,"position":3},"title":"Control &amp; Mesure-PODOSCOPE AVEC LUMIERE POLARISEE-FIRN-France","author":"fatmazohra.nasri","date":"27\/11\/2023","format":false,"excerpt":"","rel":"","context":"Article similaire","block_context":{"text":"Article similaire","link":""},"img":{"alt_text":"","src":"","width":0,"height":0},"classes":[]},{"id":27883,"url":"https:\/\/docmarket-dz.com\/index.php\/product\/coffret-coloration-m-g-g-2-flacon-de-100\/","url_meta":{"origin":25336,"position":4},"title":"Coffret Coloration M.G.G 2 Flacon de 100","author":"fatmazohra.nasri","date":"26\/11\/2023","format":false,"excerpt":"A conserver \u00e0 temp\u00e9rature ambiante\u00a0\u00e0 l\u2019abri de la lumi\u00e8re.","rel":"","context":"Article similaire","block_context":{"text":"Article similaire","link":""},"img":{"alt_text":"","src":"https:\/\/i0.wp.com\/docmarket-dz.com\/wp-content\/uploads\/2023\/11\/MGG-scaled-removebg-preview.png?fit=604%2C599&ssl=1&resize=350%2C200","width":350,"height":200,"srcset":"https:\/\/i0.wp.com\/docmarket-dz.com\/wp-content\/uploads\/2023\/11\/MGG-scaled-removebg-preview.png?fit=604%2C599&ssl=1&resize=350%2C200 1x, https:\/\/i0.wp.com\/docmarket-dz.com\/wp-content\/uploads\/2023\/11\/MGG-scaled-removebg-preview.png?fit=604%2C599&ssl=1&resize=525%2C300 1.5x"},"classes":[]},{"id":26400,"url":"https:\/\/docmarket-dz.com\/index.php\/product\/tube-sterile-mouverougeverre-k3-zdta-72mg-vol4ml\/","url_meta":{"origin":25336,"position":5},"title":"TUBE STERILE MOUVE rouge verre K3 ZDTA 7.2 MG VOL4ML","author":"falek.h","date":"12\/03\/2023","format":false,"excerpt":"","rel":"","context":"Article similaire","block_context":{"text":"Article similaire","link":""},"img":{"alt_text":"","src":"","width":0,"height":0},"classes":[]}],"jetpack_sharing_enabled":true,"tiered_pricing_type":"fixed","tiered_pricing_fixed_rules":[],"tiered_pricing_product_settings":{"layout":"default","base_unit_name":{"singular":null,"plural":null},"default_variation":null},"tiered_pricing_minimum_quantity":null,"tiered_pricing_roles_data":[],"tiered_pricing_percentage_rules":[],"_links":{"self":[{"href":"https:\/\/docmarket-dz.com\/index.php\/wp-json\/wp\/v2\/product\/25336","targetHints":{"allow":["GET"]}}],"collection":[{"href":"https:\/\/docmarket-dz.com\/index.php\/wp-json\/wp\/v2\/product"}],"about":[{"href":"https:\/\/docmarket-dz.com\/index.php\/wp-json\/wp\/v2\/types\/product"}],"replies":[{"embeddable":true,"href":"https:\/\/docmarket-dz.com\/index.php\/wp-json\/wp\/v2\/comments?post=25336"}],"wp:featuredmedia":[{"embeddable":true,"href":"https:\/\/docmarket-dz.com\/index.php\/wp-json\/wp\/v2\/media\/25337"}],"wp:attachment":[{"href":"https:\/\/docmarket-dz.com\/index.php\/wp-json\/wp\/v2\/media?parent=25336"}],"wp:term":[{"taxonomy":"product_brand","embeddable":true,"href":"https:\/\/docmarket-dz.com\/index.php\/wp-json\/wp\/v2\/product_brand?post=25336"},{"taxonomy":"product_cat","embeddable":true,"href":"https:\/\/docmarket-dz.com\/index.php\/wp-json\/wp\/v2\/product_cat?post=25336"},{"taxonomy":"product_tag","embeddable":true,"href":"https:\/\/docmarket-dz.com\/index.php\/wp-json\/wp\/v2\/product_tag?post=25336"}],"curies":[{"name":"wp","href":"https:\/\/api.w.org\/{rel}","templated":true}]}}