{"id":25397,"date":"2023-03-12T07:18:06","date_gmt":"2023-03-12T06:18:06","guid":{"rendered":"https:\/\/docmarket-dz.com\/?post_type=product&#038;p=25397"},"modified":"2023-08-09T14:10:45","modified_gmt":"2023-08-09T13:10:45","slug":"aspirateur-chirurgical-herouvac-h400-25l","status":"publish","type":"product","link":"https:\/\/docmarket-dz.com\/index.php\/product\/aspirateur-chirurgical-herouvac-h400-25l\/","title":{"rendered":"ASPIRATEUR CHIRURGICAL HEROUVAC (H400) 2*5L"},"content":{"rendered":"","protected":false},"excerpt":{"rendered":"","protected":false},"featured_media":27196,"comment_status":"open","ping_status":"closed","template":"","meta":{"content-type":"","om_disable_all_campaigns":false,"_uf_show_specific_survey":0,"_uf_disable_surveys":false,"jetpack_publicize_message":"","jetpack_publicize_feature_enabled":true,"jetpack_social_post_already_shared":false,"jetpack_social_options":{"image_generator_settings":{"template":"highway","default_image_id":0,"font":"","enabled":false},"version":2}},"product_brand":[],"product_cat":[487],"product_tag":[],"class_list":{"0":"post-25397","1":"product","2":"type-product","3":"status-publish","4":"has-post-thumbnail","6":"product_cat-medical","8":"first","9":"onbackorder","10":"taxable","11":"shipping-taxable","12":"purchasable","13":"product-type-simple"},"supplier_id":null,"supplier_sku":"","barcode":null,"atum_controlled":true,"out_stock_date":null,"out_stock_threshold":null,"inheritable":false,"inbound_stock":0,"stock_on_hold":0,"sold_today":0,"sales_last_days":0,"reserved_stock":0,"customer_returns":0,"warehouse_damage":0,"lost_in_post":0,"other_logs":0,"out_stock_days":0,"lost_sales":0,"has_location":false,"update_date":"2026-04-16T00:08:06","atum_locations":[],"atum_stock_status":"onbackorder","restock_status":false,"low_stock_amount":"","sales_update_date":"2026-04-16T00:08:06","calc_backorders":null,"aioseo_notices":[],"jetpack_publicize_connections":[],"jetpack-related-posts":[{"id":27323,"url":"https:\/\/docmarket-dz.com\/index.php\/product\/aspirateur-chirurgical-22-5l\/","url_meta":{"origin":25397,"position":0},"title":"Aspirateur chirurgical 2*2.5L","author":"fatmazohra.nasri","date":"04\/09\/2023","format":false,"excerpt":"Aspirateur chirurgical \u00e0 deux bocaux (verre) auto-lavables de 2.5 litres chacun avec un dispositif ind\u00e9pendant de trop plein, facile \u00e0 transporter, muni d\u2019une p\u00e9dale de contr\u00f4le pour utilisation par intermittence.","rel":"","context":"Article similaire","block_context":{"text":"Article similaire","link":""},"img":{"alt_text":"","src":"https:\/\/i0.wp.com\/docmarket-dz.com\/wp-content\/uploads\/2023\/09\/electric-surgical-sunction-pump-7a-23d.jpg?fit=599%2C601&ssl=1&resize=350%2C200","width":350,"height":200,"srcset":"https:\/\/i0.wp.com\/docmarket-dz.com\/wp-content\/uploads\/2023\/09\/electric-surgical-sunction-pump-7a-23d.jpg?fit=599%2C601&ssl=1&resize=350%2C200 1x, https:\/\/i0.wp.com\/docmarket-dz.com\/wp-content\/uploads\/2023\/09\/electric-surgical-sunction-pump-7a-23d.jpg?fit=599%2C601&ssl=1&resize=525%2C300 1.5x"},"classes":[]},{"id":26244,"url":"https:\/\/docmarket-dz.com\/index.php\/product\/predesinfectant-des-instruments-chirurgicaux-5l-2m-2\/","url_meta":{"origin":25397,"position":1},"title":"PREDESINFECTANT DES INSTRUMENTS CHIRURGICAUX 5L 2M","author":"falek.h","date":"12\/03\/2023","format":false,"excerpt":"","rel":"","context":"Article similaire","block_context":{"text":"Article similaire","link":""},"img":{"alt_text":"","src":"","width":0,"height":0},"classes":[]},{"id":26245,"url":"https:\/\/docmarket-dz.com\/index.php\/product\/predesinfectant-des-instruments-chirurgicaux-5l-ranais-2\/","url_meta":{"origin":25397,"position":2},"title":"PREDESINFECTANT DES INSTRUMENTS CHIRURGICAUX 5L RANAIS","author":"falek.h","date":"12\/03\/2023","format":false,"excerpt":"","rel":"","context":"Article similaire","block_context":{"text":"Article similaire","link":""},"img":{"alt_text":"","src":"","width":0,"height":0},"classes":[]},{"id":26414,"url":"https:\/\/docmarket-dz.com\/index.php\/product\/desinfectant-des-instruments-chirurgicaux-5l-2m\/","url_meta":{"origin":25397,"position":3},"title":"DESINFECTANT DES INSTRUMENTS CHIRURGICAUX 5L 2M","author":"falek.h","date":"12\/03\/2023","format":false,"excerpt":"","rel":"","context":"Article similaire","block_context":{"text":"Article similaire","link":""},"img":{"alt_text":"","src":"","width":0,"height":0},"classes":[]},{"id":27487,"url":"https:\/\/docmarket-dz.com\/index.php\/product\/alcool-chirurgical-90-bouteille-5l\/","url_meta":{"origin":25397,"position":4},"title":"ALCOOL CHIRURGICAL  90\u00b0- Bouteille 5L","author":"Somia Belmadani","date":"16\/10\/2023","format":false,"excerpt":"","rel":"","context":"Article similaire","block_context":{"text":"Article similaire","link":""},"img":{"alt_text":"","src":"https:\/\/i0.wp.com\/docmarket-dz.com\/wp-content\/uploads\/2023\/10\/ALCOOL-500-ML-PhotoRoom.jpg?fit=612%2C792&ssl=1&resize=350%2C200","width":350,"height":200,"srcset":"https:\/\/i0.wp.com\/docmarket-dz.com\/wp-content\/uploads\/2023\/10\/ALCOOL-500-ML-PhotoRoom.jpg?fit=612%2C792&ssl=1&resize=350%2C200 1x, https:\/\/i0.wp.com\/docmarket-dz.com\/wp-content\/uploads\/2023\/10\/ALCOOL-500-ML-PhotoRoom.jpg?fit=612%2C792&ssl=1&resize=525%2C300 1.5x"},"classes":[]},{"id":25418,"url":"https:\/\/docmarket-dz.com\/index.php\/product\/filter-pour-aspirateur-chirurgical\/","url_meta":{"origin":25397,"position":5},"title":"Filtre Pour Aspirateur Chirurgical","author":"falek.h","date":"12\/03\/2023","format":false,"excerpt":"","rel":"","context":"Avec 1 commentaire","block_context":{"text":"Avec 1 commentaire","link":"https:\/\/docmarket-dz.com\/index.php\/product\/filter-pour-aspirateur-chirurgical\/#comments"},"img":{"alt_text":"","src":"https:\/\/i0.wp.com\/docmarket-dz.com\/wp-content\/uploads\/2023\/03\/Filter-Pour-Aspirateur-Chirurgical-e1680782675712.jpg?fit=601%2C600&ssl=1&resize=350%2C200","width":350,"height":200,"srcset":"https:\/\/i0.wp.com\/docmarket-dz.com\/wp-content\/uploads\/2023\/03\/Filter-Pour-Aspirateur-Chirurgical-e1680782675712.jpg?fit=601%2C600&ssl=1&resize=350%2C200 1x, https:\/\/i0.wp.com\/docmarket-dz.com\/wp-content\/uploads\/2023\/03\/Filter-Pour-Aspirateur-Chirurgical-e1680782675712.jpg?fit=601%2C600&ssl=1&resize=525%2C300 1.5x"},"classes":[]}],"jetpack_sharing_enabled":true,"tiered_pricing_type":"fixed","tiered_pricing_fixed_rules":[],"tiered_pricing_product_settings":{"layout":"default","base_unit_name":{"singular":null,"plural":null},"default_variation":null},"tiered_pricing_minimum_quantity":null,"tiered_pricing_roles_data":[],"tiered_pricing_percentage_rules":[],"_links":{"self":[{"href":"https:\/\/docmarket-dz.com\/index.php\/wp-json\/wp\/v2\/product\/25397","targetHints":{"allow":["GET"]}}],"collection":[{"href":"https:\/\/docmarket-dz.com\/index.php\/wp-json\/wp\/v2\/product"}],"about":[{"href":"https:\/\/docmarket-dz.com\/index.php\/wp-json\/wp\/v2\/types\/product"}],"replies":[{"embeddable":true,"href":"https:\/\/docmarket-dz.com\/index.php\/wp-json\/wp\/v2\/comments?post=25397"}],"wp:featuredmedia":[{"embeddable":true,"href":"https:\/\/docmarket-dz.com\/index.php\/wp-json\/wp\/v2\/media\/27196"}],"wp:attachment":[{"href":"https:\/\/docmarket-dz.com\/index.php\/wp-json\/wp\/v2\/media?parent=25397"}],"wp:term":[{"taxonomy":"product_brand","embeddable":true,"href":"https:\/\/docmarket-dz.com\/index.php\/wp-json\/wp\/v2\/product_brand?post=25397"},{"taxonomy":"product_cat","embeddable":true,"href":"https:\/\/docmarket-dz.com\/index.php\/wp-json\/wp\/v2\/product_cat?post=25397"},{"taxonomy":"product_tag","embeddable":true,"href":"https:\/\/docmarket-dz.com\/index.php\/wp-json\/wp\/v2\/product_tag?post=25397"}],"curies":[{"name":"wp","href":"https:\/\/api.w.org\/{rel}","templated":true}]}}