{"id":25398,"date":"2023-03-12T07:18:09","date_gmt":"2023-03-12T06:18:09","guid":{"rendered":"https:\/\/docmarket-dz.com\/?post_type=product&#038;p=25398"},"modified":"2023-10-04T09:33:06","modified_gmt":"2023-10-04T08:33:06","slug":"aspirateur-de-mucosite","status":"publish","type":"product","link":"https:\/\/docmarket-dz.com\/index.php\/product\/aspirateur-de-mucosite\/","title":{"rendered":"ASPIRATEUR DE MUCOSITE"},"content":{"rendered":"<p>ASPIRATEUR DE MUCOSITE ELECTRIQUE 220V-12V SANS BATTERIE SC-7E-C<\/p>\n<p>\u2013 Puissance d\u2019entr\u00e9e: 90VA<br \/>\n\u2013 Valeur de pression n\u00e9gative maximale: \u22650,075MPa<br \/>\n\u2013 Taux de pompage: \u226515L \/ min<br \/>\n\u2013 Bruit: \u2264 65dB (A)<br \/>\n\u2013 Volume du r\u00e9servoir: 1000 ml, 1 pi\u00e8ce<br \/>\n\u2013 Batterie incluse : Non<\/p>\n","protected":false},"excerpt":{"rendered":"<p>ASPIRATEUR DE MUCOSITE ELECTRIQUE 220V-12V SANS BATTERIE SC-7E-C \u2013 Puissance d\u2019entr\u00e9e: 90VA \u2013 Valeur de pression n\u00e9gative maximale: \u22650,075MPa \u2013 Taux de pompage: \u226515L \/ min \u2013 Bruit: \u2264 65dB (A) \u2013 Volume du r\u00e9servoir: 1000 ml, 1 pi\u00e8ce \u2013 Batterie incluse : Non<\/p>\n","protected":false},"featured_media":27347,"comment_status":"open","ping_status":"closed","template":"","meta":{"content-type":"","om_disable_all_campaigns":false,"_uf_show_specific_survey":0,"_uf_disable_surveys":false,"jetpack_publicize_message":"","jetpack_publicize_feature_enabled":true,"jetpack_social_post_already_shared":false,"jetpack_social_options":{"image_generator_settings":{"template":"highway","default_image_id":0,"font":"","enabled":false},"version":2}},"product_brand":[],"product_cat":[487],"product_tag":[],"class_list":{"0":"post-25398","1":"product","2":"type-product","3":"status-publish","4":"has-post-thumbnail","6":"product_cat-medical","8":"first","9":"onbackorder","10":"sale","11":"taxable","12":"shipping-taxable","13":"purchasable","14":"product-type-simple"},"supplier_id":24810,"supplier_sku":"","barcode":null,"atum_controlled":true,"out_stock_date":null,"out_stock_threshold":null,"inheritable":false,"inbound_stock":0,"stock_on_hold":0,"sold_today":0,"sales_last_days":0,"reserved_stock":0,"customer_returns":0,"warehouse_damage":0,"lost_in_post":0,"other_logs":0,"out_stock_days":0,"lost_sales":0,"has_location":false,"update_date":"2026-04-18T00:08:09","atum_locations":[],"atum_stock_status":"onbackorder","restock_status":false,"low_stock_amount":"","sales_update_date":"2026-04-18T00:08:09","calc_backorders":null,"aioseo_notices":[],"jetpack_publicize_connections":[],"jetpack-related-posts":[{"id":29680,"url":"https:\/\/docmarket-dz.com\/index.php\/product\/pese-personne-electronique-avec-toise-batterie\/","url_meta":{"origin":25398,"position":0},"title":"P\u00e8se personne \u00e9lectronique avec toise &#8211; batterie","author":"Sofiane Arbouche","date":"18\/11\/2024","format":false,"excerpt":"","rel":"","context":"Article similaire","block_context":{"text":"Article similaire","link":""},"img":{"alt_text":"","src":"","width":0,"height":0},"classes":[]},{"id":25880,"url":"https:\/\/docmarket-dz.com\/index.php\/product\/appareil-ecg-3-6-pistes-ecg-100l-sans-interpretation\/","url_meta":{"origin":25398,"position":1},"title":"Appareil ECG 3 Ecran couleur Tactile et batterie int\u00e9gr\u00e9e avec interpr\u00e9tations -Modele E30","author":"falek.h","date":"12\/03\/2023","format":false,"excerpt":"FT E30 ECG 3 Pistes","rel":"","context":"Article similaire","block_context":{"text":"Article similaire","link":""},"img":{"alt_text":"","src":"","width":0,"height":0},"classes":[]},{"id":28667,"url":"https:\/\/docmarket-dz.com\/index.php\/product\/tensiometre-automatique-swing-med\/","url_meta":{"origin":25398,"position":2},"title":"Tensiometre Automatique Swing Med","author":"TIKELALINE Amel","date":"20\/03\/2024","format":false,"excerpt":"Ecran LCD Extra Large Brassard souple de 22 \u00e0 42 cm. Indicateur du seuil d'hypertension. Indicateur d'arythmie IHB. Micro USB Moyenne des 3 derni\u00e8res mesures. Indicateur batterie faible. Fonctionne avec 4 piles AAA","rel":"","context":"Article similaire","block_context":{"text":"Article similaire","link":""},"img":{"alt_text":"","src":"https:\/\/i0.wp.com\/docmarket-dz.com\/wp-content\/uploads\/2024\/03\/D4wv0ehOwEe45Hov17PE8W6xuUFNjcUnNx29oLlF.jpg?fit=603%2C596&ssl=1&resize=350%2C200","width":350,"height":200,"srcset":"https:\/\/i0.wp.com\/docmarket-dz.com\/wp-content\/uploads\/2024\/03\/D4wv0ehOwEe45Hov17PE8W6xuUFNjcUnNx29oLlF.jpg?fit=603%2C596&ssl=1&resize=350%2C200 1x, https:\/\/i0.wp.com\/docmarket-dz.com\/wp-content\/uploads\/2024\/03\/D4wv0ehOwEe45Hov17PE8W6xuUFNjcUnNx29oLlF.jpg?fit=603%2C596&ssl=1&resize=525%2C300 1.5x"},"classes":[]},{"id":25450,"url":"https:\/\/docmarket-dz.com\/index.php\/product\/spirometre-pneumos-500\/","url_meta":{"origin":25398,"position":3},"title":"Spirometre PNEUMOS 500","author":"falek.h","date":"12\/03\/2023","format":false,"excerpt":"Pneumos 500 Base de donn\u00e9es patients et examens Logiciel de gestion et impression Comparaison automatique des valeurs mesur\u00e9es avec les valeurs th\u00e9oriques Interface graphique, \u00e9cran tactile 1\\4 VGA (320 X 240 pixel), 256 k couleurs Technologie de mesure ultrasonique et sans mouvement m\u00e9canique \u00c9talonnage automatique Batterie interne rechargeable","rel":"","context":"Article similaire","block_context":{"text":"Article similaire","link":""},"img":{"alt_text":"","src":"https:\/\/i0.wp.com\/docmarket-dz.com\/wp-content\/uploads\/2023\/03\/67948-16863013-e1698065050651.jpeg?fit=600%2C600&ssl=1&resize=350%2C200","width":350,"height":200,"srcset":"https:\/\/i0.wp.com\/docmarket-dz.com\/wp-content\/uploads\/2023\/03\/67948-16863013-e1698065050651.jpeg?fit=600%2C600&ssl=1&resize=350%2C200 1x, https:\/\/i0.wp.com\/docmarket-dz.com\/wp-content\/uploads\/2023\/03\/67948-16863013-e1698065050651.jpeg?fit=600%2C600&ssl=1&resize=525%2C300 1.5x"},"classes":[]},{"id":26516,"url":"https:\/\/docmarket-dz.com\/index.php\/product\/canule-d-aspiration-euronda\/","url_meta":{"origin":25398,"position":4},"title":"CANULE D ASPIRATION EURONDA","author":"falek.h","date":"01\/01\/1970","format":false,"excerpt":"","rel":"","context":"Article similaire","block_context":{"text":"Article similaire","link":""},"img":{"alt_text":"","src":"https:\/\/i0.wp.com\/docmarket-dz.com\/wp-content\/uploads\/2023\/03\/CANULE-D-ASPIRATION-EURONDA.jpg?fit=604%2C611&ssl=1&resize=350%2C200","width":350,"height":200,"srcset":"https:\/\/i0.wp.com\/docmarket-dz.com\/wp-content\/uploads\/2023\/03\/CANULE-D-ASPIRATION-EURONDA.jpg?fit=604%2C611&ssl=1&resize=350%2C200 1x, https:\/\/i0.wp.com\/docmarket-dz.com\/wp-content\/uploads\/2023\/03\/CANULE-D-ASPIRATION-EURONDA.jpg?fit=604%2C611&ssl=1&resize=525%2C300 1.5x"},"classes":[]},{"id":25418,"url":"https:\/\/docmarket-dz.com\/index.php\/product\/filter-pour-aspirateur-chirurgical\/","url_meta":{"origin":25398,"position":5},"title":"Filtre Pour Aspirateur Chirurgical","author":"falek.h","date":"12\/03\/2023","format":false,"excerpt":"","rel":"","context":"Avec 1 commentaire","block_context":{"text":"Avec 1 commentaire","link":"https:\/\/docmarket-dz.com\/index.php\/product\/filter-pour-aspirateur-chirurgical\/#comments"},"img":{"alt_text":"","src":"https:\/\/i0.wp.com\/docmarket-dz.com\/wp-content\/uploads\/2023\/03\/Filter-Pour-Aspirateur-Chirurgical-e1680782675712.jpg?fit=601%2C600&ssl=1&resize=350%2C200","width":350,"height":200,"srcset":"https:\/\/i0.wp.com\/docmarket-dz.com\/wp-content\/uploads\/2023\/03\/Filter-Pour-Aspirateur-Chirurgical-e1680782675712.jpg?fit=601%2C600&ssl=1&resize=350%2C200 1x, https:\/\/i0.wp.com\/docmarket-dz.com\/wp-content\/uploads\/2023\/03\/Filter-Pour-Aspirateur-Chirurgical-e1680782675712.jpg?fit=601%2C600&ssl=1&resize=525%2C300 1.5x"},"classes":[]}],"jetpack_sharing_enabled":true,"tiered_pricing_type":"fixed","tiered_pricing_fixed_rules":[],"tiered_pricing_product_settings":{"layout":"default","base_unit_name":{"singular":null,"plural":null},"default_variation":null},"tiered_pricing_minimum_quantity":null,"tiered_pricing_roles_data":[],"tiered_pricing_percentage_rules":[],"_links":{"self":[{"href":"https:\/\/docmarket-dz.com\/index.php\/wp-json\/wp\/v2\/product\/25398","targetHints":{"allow":["GET"]}}],"collection":[{"href":"https:\/\/docmarket-dz.com\/index.php\/wp-json\/wp\/v2\/product"}],"about":[{"href":"https:\/\/docmarket-dz.com\/index.php\/wp-json\/wp\/v2\/types\/product"}],"replies":[{"embeddable":true,"href":"https:\/\/docmarket-dz.com\/index.php\/wp-json\/wp\/v2\/comments?post=25398"}],"wp:featuredmedia":[{"embeddable":true,"href":"https:\/\/docmarket-dz.com\/index.php\/wp-json\/wp\/v2\/media\/27347"}],"wp:attachment":[{"href":"https:\/\/docmarket-dz.com\/index.php\/wp-json\/wp\/v2\/media?parent=25398"}],"wp:term":[{"taxonomy":"product_brand","embeddable":true,"href":"https:\/\/docmarket-dz.com\/index.php\/wp-json\/wp\/v2\/product_brand?post=25398"},{"taxonomy":"product_cat","embeddable":true,"href":"https:\/\/docmarket-dz.com\/index.php\/wp-json\/wp\/v2\/product_cat?post=25398"},{"taxonomy":"product_tag","embeddable":true,"href":"https:\/\/docmarket-dz.com\/index.php\/wp-json\/wp\/v2\/product_tag?post=25398"}],"curies":[{"name":"wp","href":"https:\/\/api.w.org\/{rel}","templated":true}]}}