{"id":25402,"date":"2023-03-12T07:18:10","date_gmt":"2023-03-12T06:18:10","guid":{"rendered":"https:\/\/docmarket-dz.com\/?post_type=product&#038;p=25402"},"modified":"2023-10-04T09:57:54","modified_gmt":"2023-10-04T08:57:54","slug":"bocal-daspiration-2-litres-2000-cc","status":"publish","type":"product","link":"https:\/\/docmarket-dz.com\/index.php\/product\/bocal-daspiration-2-litres-2000-cc\/","title":{"rendered":"BOCAL D&#8217;ASPIRATION 2 LITRES 2000 cc"},"content":{"rendered":"<p>BOCAL D&#8217;ASPIRATION 2 LITRES 2000 cc<\/p>\n","protected":false},"excerpt":{"rendered":"<p>BOCAL D&#8217;ASPIRATION 2 LITRES 2000 cc<\/p>\n","protected":false},"featured_media":27352,"comment_status":"open","ping_status":"closed","template":"","meta":{"content-type":"","om_disable_all_campaigns":false,"_uf_show_specific_survey":0,"_uf_disable_surveys":false,"jetpack_publicize_message":"","jetpack_publicize_feature_enabled":true,"jetpack_social_post_already_shared":false,"jetpack_social_options":{"image_generator_settings":{"template":"highway","default_image_id":0,"font":"","enabled":false},"version":2}},"product_brand":[],"product_cat":[487],"product_tag":[],"class_list":{"0":"post-25402","1":"product","2":"type-product","3":"status-publish","4":"has-post-thumbnail","6":"product_cat-medical","8":"first","9":"onbackorder","10":"taxable","11":"shipping-taxable","12":"product-type-simple"},"supplier_id":null,"supplier_sku":"","barcode":null,"atum_controlled":true,"out_stock_date":null,"out_stock_threshold":null,"inheritable":false,"inbound_stock":0,"stock_on_hold":0,"sold_today":0,"sales_last_days":0,"reserved_stock":0,"customer_returns":0,"warehouse_damage":0,"lost_in_post":0,"other_logs":0,"out_stock_days":0,"lost_sales":0,"has_location":false,"update_date":"2026-04-18T00:08:20","atum_locations":[],"atum_stock_status":"onbackorder","restock_status":false,"low_stock_amount":"","sales_update_date":"2026-04-18T00:08:20","calc_backorders":null,"aioseo_notices":[],"jetpack_publicize_connections":[],"jetpack-related-posts":[{"id":25403,"url":"https:\/\/docmarket-dz.com\/index.php\/product\/bocal-daspiration-4-litres-4000-cc\/","url_meta":{"origin":25402,"position":0},"title":"BOCAL D&#8217;ASPIRATION 4 LITRES 4000 cc","author":"falek.h","date":"12\/03\/2023","format":false,"excerpt":"","rel":"","context":"Article similaire","block_context":{"text":"Article similaire","link":""},"img":{"alt_text":"","src":"","width":0,"height":0},"classes":[]},{"id":27323,"url":"https:\/\/docmarket-dz.com\/index.php\/product\/aspirateur-chirurgical-22-5l\/","url_meta":{"origin":25402,"position":1},"title":"Aspirateur chirurgical 2*2.5L","author":"fatmazohra.nasri","date":"04\/09\/2023","format":false,"excerpt":"Aspirateur chirurgical \u00e0 deux bocaux (verre) auto-lavables de 2.5 litres chacun avec un dispositif ind\u00e9pendant de trop plein, facile \u00e0 transporter, muni d\u2019une p\u00e9dale de contr\u00f4le pour utilisation par intermittence.","rel":"","context":"Article similaire","block_context":{"text":"Article similaire","link":""},"img":{"alt_text":"","src":"https:\/\/i0.wp.com\/docmarket-dz.com\/wp-content\/uploads\/2023\/09\/electric-surgical-sunction-pump-7a-23d.jpg?fit=599%2C601&ssl=1&resize=350%2C200","width":350,"height":200,"srcset":"https:\/\/i0.wp.com\/docmarket-dz.com\/wp-content\/uploads\/2023\/09\/electric-surgical-sunction-pump-7a-23d.jpg?fit=599%2C601&ssl=1&resize=350%2C200 1x, https:\/\/i0.wp.com\/docmarket-dz.com\/wp-content\/uploads\/2023\/09\/electric-surgical-sunction-pump-7a-23d.jpg?fit=599%2C601&ssl=1&resize=525%2C300 1.5x"},"classes":[]},{"id":26651,"url":"https:\/\/docmarket-dz.com\/index.php\/product\/desinfectant-vacucid-2\/","url_meta":{"origin":25402,"position":2},"title":"DESINFECTANT VACUCID 2","author":"falek.h","date":"17\/03\/2023","format":false,"excerpt":"Nettoyage et d\u00e9sinfection des syst\u00e8mes d'aspiration Unident. Solution liquide concentr\u00e9e sans ald\u00e9hydes, ph\u00e9nol ou chlore. Pour traiter tous les syst\u00e8mes d'aspiration, les s\u00e9parateurs d'amalgame et les crachoirs. Large spectre d'action. Disponible en flacon de 1 litre et en bidon de 5 litres.","rel":"","context":"Article similaire","block_context":{"text":"Article similaire","link":""},"img":{"alt_text":"","src":"https:\/\/i0.wp.com\/docmarket-dz.com\/wp-content\/uploads\/2023\/03\/DESINFECTANT-VACUCID-2-e1680614688600.jpg?fit=600%2C600&ssl=1&resize=350%2C200","width":350,"height":200,"srcset":"https:\/\/i0.wp.com\/docmarket-dz.com\/wp-content\/uploads\/2023\/03\/DESINFECTANT-VACUCID-2-e1680614688600.jpg?fit=600%2C600&ssl=1&resize=350%2C200 1x, https:\/\/i0.wp.com\/docmarket-dz.com\/wp-content\/uploads\/2023\/03\/DESINFECTANT-VACUCID-2-e1680614688600.jpg?fit=600%2C600&ssl=1&resize=525%2C300 1.5x"},"classes":[]},{"id":26235,"url":"https:\/\/docmarket-dz.com\/index.php\/product\/poche-a-urine-adulte-valve-t-2\/","url_meta":{"origin":25402,"position":3},"title":"POCHE A URINE 2 Litre- Collecteur d&#8217;urine ADULTE 2000 ml &#8211; sac de 10 unit\u00e9","author":"falek.h","date":"12\/03\/2023","format":false,"excerpt":"","rel":"","context":"Article similaire","block_context":{"text":"Article similaire","link":""},"img":{"alt_text":"","src":"https:\/\/i0.wp.com\/docmarket-dz.com\/wp-content\/uploads\/2023\/03\/COLVAXSTB-e1696501191529.jpg?fit=600%2C519&ssl=1&resize=350%2C200","width":350,"height":200,"srcset":"https:\/\/i0.wp.com\/docmarket-dz.com\/wp-content\/uploads\/2023\/03\/COLVAXSTB-e1696501191529.jpg?fit=600%2C519&ssl=1&resize=350%2C200 1x, https:\/\/i0.wp.com\/docmarket-dz.com\/wp-content\/uploads\/2023\/03\/COLVAXSTB-e1696501191529.jpg?fit=600%2C519&ssl=1&resize=525%2C300 1.5x"},"classes":[]},{"id":25451,"url":"https:\/\/docmarket-dz.com\/index.php\/product\/table-2-plateaux-1200x600-cc\/","url_meta":{"origin":25402,"position":4},"title":"TABLE 2 PLATEAUX 1200X600   CC","author":"falek.h","date":"12\/03\/2023","format":false,"excerpt":"","rel":"","context":"Article similaire","block_context":{"text":"Article similaire","link":""},"img":{"alt_text":"","src":"","width":0,"height":0},"classes":[]},{"id":26752,"url":"https:\/\/docmarket-dz.com\/index.php\/product\/steranios-2-5litre\/","url_meta":{"origin":25402,"position":5},"title":"STERANIOS 2% &#8211; 5 LITRE","author":"falek.h","date":"17\/03\/2023","format":false,"excerpt":"","rel":"","context":"Article similaire","block_context":{"text":"Article similaire","link":""},"img":{"alt_text":"","src":"https:\/\/i0.wp.com\/docmarket-dz.com\/wp-content\/uploads\/2023\/03\/IMG_1884-PhotoRoom.png-PhotoRoom.png?fit=600%2C598&ssl=1&resize=350%2C200","width":350,"height":200,"srcset":"https:\/\/i0.wp.com\/docmarket-dz.com\/wp-content\/uploads\/2023\/03\/IMG_1884-PhotoRoom.png-PhotoRoom.png?fit=600%2C598&ssl=1&resize=350%2C200 1x, https:\/\/i0.wp.com\/docmarket-dz.com\/wp-content\/uploads\/2023\/03\/IMG_1884-PhotoRoom.png-PhotoRoom.png?fit=600%2C598&ssl=1&resize=525%2C300 1.5x"},"classes":[]}],"jetpack_sharing_enabled":true,"tiered_pricing_type":"fixed","tiered_pricing_fixed_rules":[],"tiered_pricing_product_settings":{"layout":"default","base_unit_name":{"singular":null,"plural":null},"default_variation":null},"tiered_pricing_minimum_quantity":null,"tiered_pricing_roles_data":[],"tiered_pricing_percentage_rules":[],"_links":{"self":[{"href":"https:\/\/docmarket-dz.com\/index.php\/wp-json\/wp\/v2\/product\/25402","targetHints":{"allow":["GET"]}}],"collection":[{"href":"https:\/\/docmarket-dz.com\/index.php\/wp-json\/wp\/v2\/product"}],"about":[{"href":"https:\/\/docmarket-dz.com\/index.php\/wp-json\/wp\/v2\/types\/product"}],"replies":[{"embeddable":true,"href":"https:\/\/docmarket-dz.com\/index.php\/wp-json\/wp\/v2\/comments?post=25402"}],"wp:featuredmedia":[{"embeddable":true,"href":"https:\/\/docmarket-dz.com\/index.php\/wp-json\/wp\/v2\/media\/27352"}],"wp:attachment":[{"href":"https:\/\/docmarket-dz.com\/index.php\/wp-json\/wp\/v2\/media?parent=25402"}],"wp:term":[{"taxonomy":"product_brand","embeddable":true,"href":"https:\/\/docmarket-dz.com\/index.php\/wp-json\/wp\/v2\/product_brand?post=25402"},{"taxonomy":"product_cat","embeddable":true,"href":"https:\/\/docmarket-dz.com\/index.php\/wp-json\/wp\/v2\/product_cat?post=25402"},{"taxonomy":"product_tag","embeddable":true,"href":"https:\/\/docmarket-dz.com\/index.php\/wp-json\/wp\/v2\/product_tag?post=25402"}],"curies":[{"name":"wp","href":"https:\/\/api.w.org\/{rel}","templated":true}]}}