{"id":25415,"date":"2023-03-12T07:18:19","date_gmt":"2023-03-12T06:18:19","guid":{"rendered":"https:\/\/docmarket-dz.com\/?post_type=product&#038;p=25415"},"modified":"2023-08-09T14:10:14","modified_gmt":"2023-08-09T13:10:14","slug":"escabeau-a-02-marches-chrome","status":"publish","type":"product","link":"https:\/\/docmarket-dz.com\/index.php\/product\/escabeau-a-02-marches-chrome\/","title":{"rendered":"ESCABEAU A 02 MARCHES CHROME"},"content":{"rendered":"","protected":false},"excerpt":{"rendered":"","protected":false},"featured_media":0,"comment_status":"open","ping_status":"closed","template":"","meta":{"content-type":"","om_disable_all_campaigns":false,"_uf_show_specific_survey":0,"_uf_disable_surveys":false,"jetpack_publicize_message":"","jetpack_publicize_feature_enabled":true,"jetpack_social_post_already_shared":false,"jetpack_social_options":{"image_generator_settings":{"template":"highway","default_image_id":0,"font":"","enabled":false},"version":2}},"product_brand":[],"product_cat":[487],"product_tag":[],"class_list":{"0":"post-25415","1":"product","2":"type-product","3":"status-publish","5":"product_cat-medical","7":"first","8":"onbackorder","9":"taxable","10":"shipping-taxable","11":"purchasable","12":"product-type-simple"},"supplier_id":null,"supplier_sku":"","barcode":null,"atum_controlled":true,"out_stock_date":null,"out_stock_threshold":null,"inheritable":false,"inbound_stock":0,"stock_on_hold":0,"sold_today":0,"sales_last_days":0,"reserved_stock":0,"customer_returns":0,"warehouse_damage":0,"lost_in_post":0,"other_logs":0,"out_stock_days":0,"lost_sales":0,"has_location":false,"update_date":"2026-05-02T00:16:10","atum_locations":[],"atum_stock_status":"onbackorder","restock_status":false,"low_stock_amount":"","sales_update_date":"2026-05-02T00:16:10","calc_backorders":null,"aioseo_notices":[],"jetpack_publicize_connections":[],"jetpack-related-posts":[{"id":26334,"url":"https:\/\/docmarket-dz.com\/index.php\/product\/table-de-consultation-chrome\/","url_meta":{"origin":25415,"position":0},"title":"TABLE DE CONSULTATION CHROME","author":"falek.h","date":"12\/03\/2023","format":false,"excerpt":"","rel":"","context":"Article similaire","block_context":{"text":"Article similaire","link":""},"img":{"alt_text":"","src":"","width":0,"height":0},"classes":[]},{"id":26409,"url":"https:\/\/docmarket-dz.com\/index.php\/product\/trousse-ophtalmique-sterile-couvre-table-140-cm-x-190-cm-champ-ophtalmique-100cm-x-120-cm-avec-02-poches-de-recueil\/","url_meta":{"origin":25415,"position":1},"title":"Trousse Ophtalmique sterile : Couvre table (140 cm x 190 cm) Champ ophtalmique (100cm x 120 cm) Avec 02 poches de recueil","author":"falek.h","date":"12\/03\/2023","format":false,"excerpt":"La trousse st\u00e9rile d'ophtalmologie \u00e0 usage unique\u00a0 est compos\u00e9e d'un grand champ avec fen\u00eatre adh\u00e9sive, film \u00e0 inciser, 2 poches de recueil et de barrettes conformables.","rel":"","context":"Article similaire","block_context":{"text":"Article similaire","link":""},"img":{"alt_text":"","src":"https:\/\/i0.wp.com\/docmarket-dz.com\/wp-content\/uploads\/2023\/03\/trousse-d-ophtalmologie-sterile.jpg?fit=800%2C600&ssl=1&resize=350%2C200","width":350,"height":200,"srcset":"https:\/\/i0.wp.com\/docmarket-dz.com\/wp-content\/uploads\/2023\/03\/trousse-d-ophtalmologie-sterile.jpg?fit=800%2C600&ssl=1&resize=350%2C200 1x, https:\/\/i0.wp.com\/docmarket-dz.com\/wp-content\/uploads\/2023\/03\/trousse-d-ophtalmologie-sterile.jpg?fit=800%2C600&ssl=1&resize=525%2C300 1.5x, https:\/\/i0.wp.com\/docmarket-dz.com\/wp-content\/uploads\/2023\/03\/trousse-d-ophtalmologie-sterile.jpg?fit=800%2C600&ssl=1&resize=700%2C400 2x"},"classes":[]},{"id":28608,"url":"https:\/\/docmarket-dz.com\/index.php\/product\/brassard-02-sorties-taille-m-starcare\/","url_meta":{"origin":25415,"position":2},"title":"BRASSARD 02 SORTIES TAILLE M STARCARE","author":"s.arbouche","date":"11\/03\/2024","format":false,"excerpt":"","rel":"","context":"Article similaire","block_context":{"text":"Article similaire","link":""},"img":{"alt_text":"","src":"https:\/\/i0.wp.com\/docmarket-dz.com\/wp-content\/uploads\/2024\/03\/IMG_20240311_141251-removebg-preview-1.png?fit=577%2C432&ssl=1&resize=350%2C200","width":350,"height":200,"srcset":"https:\/\/i0.wp.com\/docmarket-dz.com\/wp-content\/uploads\/2024\/03\/IMG_20240311_141251-removebg-preview-1.png?fit=577%2C432&ssl=1&resize=350%2C200 1x, https:\/\/i0.wp.com\/docmarket-dz.com\/wp-content\/uploads\/2024\/03\/IMG_20240311_141251-removebg-preview-1.png?fit=577%2C432&ssl=1&resize=525%2C300 1.5x"},"classes":[]},{"id":25341,"url":"https:\/\/docmarket-dz.com\/index.php\/product\/champ-ophtalmique-160-x-180-cm-avec-02-poches-de-recueil\/","url_meta":{"origin":25415,"position":3},"title":"Champ Ophtalmique (160 x 180 cm) avec 02 poches de recueil","author":"falek.h","date":"05\/03\/2023","format":false,"excerpt":"","rel":"","context":"Article similaire","block_context":{"text":"Article similaire","link":""},"img":{"alt_text":"","src":"https:\/\/i0.wp.com\/docmarket-dz.com\/wp-content\/uploads\/2023\/03\/Champ-Ophtalmique-e1677985845855.jpg?fit=750%2C422&ssl=1&resize=350%2C200","width":350,"height":200,"srcset":"https:\/\/i0.wp.com\/docmarket-dz.com\/wp-content\/uploads\/2023\/03\/Champ-Ophtalmique-e1677985845855.jpg?fit=750%2C422&ssl=1&resize=350%2C200 1x, https:\/\/i0.wp.com\/docmarket-dz.com\/wp-content\/uploads\/2023\/03\/Champ-Ophtalmique-e1677985845855.jpg?fit=750%2C422&ssl=1&resize=525%2C300 1.5x, https:\/\/i0.wp.com\/docmarket-dz.com\/wp-content\/uploads\/2023\/03\/Champ-Ophtalmique-e1677985845855.jpg?fit=750%2C422&ssl=1&resize=700%2C400 2x"},"classes":[]},{"id":24380,"url":"https:\/\/docmarket-dz.com\/index.php\/product\/negatoscope-led-02-plages-extra-plat\/","url_meta":{"origin":25415,"position":4},"title":"NEGATOSCOPE LED EXTRA PLAT &#8211;  IMPORTATION","author":"falek.h","date":"23\/12\/2022","format":false,"excerpt":"N\u00e9gatoscope extra-plat (1, 2, 3 ou 4 plages). Fabriqu\u00e9 en alliage d'aluminium haute r\u00e9sistance, la structure de l'\u00e9cran ainsi que le corps du n\u00e9gatoscope extra-plat en font un mat\u00e9riel qui r\u00e9sistera \u00e0 l'usure provoqu\u00e9e par une utilisation intensive sur une longue dur\u00e9e. Afin de parfaire la solidit\u00e9 de sa structure,\u2026","rel":"","context":"Article similaire","block_context":{"text":"Article similaire","link":""},"img":{"alt_text":"","src":"https:\/\/i0.wp.com\/docmarket-dz.com\/wp-content\/uploads\/2022\/12\/negato-led.jpg?fit=500%2C500&ssl=1&resize=350%2C200","width":350,"height":200},"classes":[]},{"id":28200,"url":"https:\/\/docmarket-dz.com\/index.php\/product\/doppler-vasculaire-sonolinne-b-avec-pack-02-sondes-vasculaire-0508-mhz-instructions\/","url_meta":{"origin":25415,"position":5},"title":"Doppler vasculaire sonolinne B AVEC PACK 02 SONDES VASCULAIRE 05&amp;08 Mhz Instructions","author":"fatmazohra.nasri","date":"27\/12\/2023","format":false,"excerpt":"","rel":"","context":"Article similaire","block_context":{"text":"Article similaire","link":""},"img":{"alt_text":"","src":"","width":0,"height":0},"classes":[]}],"jetpack_sharing_enabled":true,"tiered_pricing_type":"fixed","tiered_pricing_fixed_rules":[],"tiered_pricing_product_settings":{"layout":"default","base_unit_name":{"singular":null,"plural":null},"default_variation":null},"tiered_pricing_minimum_quantity":null,"tiered_pricing_roles_data":[],"tiered_pricing_percentage_rules":[],"_links":{"self":[{"href":"https:\/\/docmarket-dz.com\/index.php\/wp-json\/wp\/v2\/product\/25415","targetHints":{"allow":["GET"]}}],"collection":[{"href":"https:\/\/docmarket-dz.com\/index.php\/wp-json\/wp\/v2\/product"}],"about":[{"href":"https:\/\/docmarket-dz.com\/index.php\/wp-json\/wp\/v2\/types\/product"}],"replies":[{"embeddable":true,"href":"https:\/\/docmarket-dz.com\/index.php\/wp-json\/wp\/v2\/comments?post=25415"}],"wp:attachment":[{"href":"https:\/\/docmarket-dz.com\/index.php\/wp-json\/wp\/v2\/media?parent=25415"}],"wp:term":[{"taxonomy":"product_brand","embeddable":true,"href":"https:\/\/docmarket-dz.com\/index.php\/wp-json\/wp\/v2\/product_brand?post=25415"},{"taxonomy":"product_cat","embeddable":true,"href":"https:\/\/docmarket-dz.com\/index.php\/wp-json\/wp\/v2\/product_cat?post=25415"},{"taxonomy":"product_tag","embeddable":true,"href":"https:\/\/docmarket-dz.com\/index.php\/wp-json\/wp\/v2\/product_tag?post=25415"}],"curies":[{"name":"wp","href":"https:\/\/api.w.org\/{rel}","templated":true}]}}