{"id":25416,"date":"2023-03-12T07:18:19","date_gmt":"2023-03-12T06:18:19","guid":{"rendered":"https:\/\/docmarket-dz.com\/?post_type=product&#038;p=25416"},"modified":"2023-08-09T14:10:14","modified_gmt":"2023-08-09T13:10:14","slug":"estrade-600x400x150-ref-749","status":"publish","type":"product","link":"https:\/\/docmarket-dz.com\/index.php\/product\/estrade-600x400x150-ref-749\/","title":{"rendered":"ESTRADE 600x400x150  Ref :749"},"content":{"rendered":"","protected":false},"excerpt":{"rendered":"","protected":false},"featured_media":0,"comment_status":"open","ping_status":"closed","template":"","meta":{"content-type":"","om_disable_all_campaigns":false,"_uf_show_specific_survey":0,"_uf_disable_surveys":false,"jetpack_publicize_message":"","jetpack_publicize_feature_enabled":true,"jetpack_social_post_already_shared":false,"jetpack_social_options":{"image_generator_settings":{"template":"highway","default_image_id":0,"font":"","enabled":false},"version":2}},"product_brand":[],"product_cat":[487],"product_tag":[],"class_list":{"0":"post-25416","1":"product","2":"type-product","3":"status-publish","5":"product_cat-medical","7":"first","8":"onbackorder","9":"taxable","10":"shipping-taxable","11":"product-type-simple"},"supplier_id":null,"supplier_sku":"","barcode":null,"atum_controlled":true,"out_stock_date":null,"out_stock_threshold":null,"inheritable":false,"inbound_stock":0,"stock_on_hold":0,"sold_today":0,"sales_last_days":0,"reserved_stock":0,"customer_returns":0,"warehouse_damage":0,"lost_in_post":0,"other_logs":0,"out_stock_days":0,"lost_sales":0,"has_location":false,"update_date":"2026-04-18T00:08:09","atum_locations":[],"atum_stock_status":"onbackorder","restock_status":false,"low_stock_amount":"","sales_update_date":"2026-04-18T00:08:09","calc_backorders":null,"aioseo_notices":[],"jetpack_publicize_connections":[],"jetpack-related-posts":[{"id":26666,"url":"https:\/\/docmarket-dz.com\/index.php\/product\/e-flex-open-file-ref-88\/","url_meta":{"origin":25416,"position":0},"title":"E FLEX OPEN FILE REF 88","author":"falek.h","date":"01\/01\/1970","format":false,"excerpt":"","rel":"","context":"Article similaire","block_context":{"text":"Article similaire","link":""},"img":{"alt_text":"","src":"","width":0,"height":0},"classes":[]},{"id":29037,"url":"https:\/\/docmarket-dz.com\/index.php\/product\/pince-foerster-striee-courbe-24-cm-marque-holtex-ref-ip43524\/","url_meta":{"origin":25416,"position":1},"title":"Pince Foerster stri\u00e9e courbe ( 24 CM ) Marque Holtex REF: IP43524","author":"Sofiane Arbouche","date":"11\/06\/2024","format":false,"excerpt":"Ce dispositif m\u00e9dical est un produit de sant\u00e9 r\u00e9glement\u00e9 qui porte, au titre de cette r\u00e8glementation, le marquage CE. D\u00e9nomination :\u00a0Pince Foerster courbe Holtex 24cm Destination :\u00a0- Fabricant :\u00a0Holtex","rel":"","context":"Article similaire","block_context":{"text":"Article similaire","link":""},"img":{"alt_text":"","src":"","width":0,"height":0},"classes":[]},{"id":28323,"url":"https:\/\/docmarket-dz.com\/index.php\/product\/cpap-apap\/","url_meta":{"origin":25416,"position":2},"title":"CPAP ref : YH-360","author":"Sofiane Arbouche","date":"14\/01\/2024","format":false,"excerpt":"La ventilation en pression positive continue, ou en anglais CPAP, est un mode de support ventilatoire permettant de traiter certains troubles respiratoires. Elle est notamment tr\u00e8s couramment utilis\u00e9e pour traiter le syndrome de l'apn\u00e9e du sommeil","rel":"","context":"Article similaire","block_context":{"text":"Article similaire","link":""},"img":{"alt_text":"","src":"","width":0,"height":0},"classes":[]},{"id":26586,"url":"https:\/\/docmarket-dz.com\/index.php\/product\/composite-composan-ceram-promedica\/","url_meta":{"origin":25416,"position":3},"title":"COMPOSITE COMPOSAN CERAM PROMEDICA","author":"falek.h","date":"01\/01\/1970","format":false,"excerpt":"LES INDICATIONS\u00a0 Obturations des classes I \u00e0 V Reconstruction des parties ant\u00e9rieures traumatis\u00e9es Corrections de couleur et de forme pour une apparence esth\u00e9tique am\u00e9lior\u00e9e Verrouillage, attelle des parties ant\u00e9rieures l\u00e2ches Scellement prolong\u00e9 des fissures pour molaires et pr\u00e9molaires R\u00e9paration de facettes Accumulations de base Particuli\u00e8rement adapt\u00e9 aux inlays composites AVANTAGES\u2026","rel":"","context":"Article similaire","block_context":{"text":"Article similaire","link":""},"img":{"alt_text":"","src":"https:\/\/i0.wp.com\/docmarket-dz.com\/wp-content\/uploads\/1970\/01\/1861-D002762.jpg?fit=500%2C500&ssl=1&resize=350%2C200","width":350,"height":200},"classes":[]}],"jetpack_sharing_enabled":true,"tiered_pricing_type":"fixed","tiered_pricing_fixed_rules":[],"tiered_pricing_product_settings":{"layout":"default","base_unit_name":{"singular":null,"plural":null},"default_variation":null},"tiered_pricing_minimum_quantity":null,"tiered_pricing_roles_data":[],"tiered_pricing_percentage_rules":[],"_links":{"self":[{"href":"https:\/\/docmarket-dz.com\/index.php\/wp-json\/wp\/v2\/product\/25416","targetHints":{"allow":["GET"]}}],"collection":[{"href":"https:\/\/docmarket-dz.com\/index.php\/wp-json\/wp\/v2\/product"}],"about":[{"href":"https:\/\/docmarket-dz.com\/index.php\/wp-json\/wp\/v2\/types\/product"}],"replies":[{"embeddable":true,"href":"https:\/\/docmarket-dz.com\/index.php\/wp-json\/wp\/v2\/comments?post=25416"}],"wp:attachment":[{"href":"https:\/\/docmarket-dz.com\/index.php\/wp-json\/wp\/v2\/media?parent=25416"}],"wp:term":[{"taxonomy":"product_brand","embeddable":true,"href":"https:\/\/docmarket-dz.com\/index.php\/wp-json\/wp\/v2\/product_brand?post=25416"},{"taxonomy":"product_cat","embeddable":true,"href":"https:\/\/docmarket-dz.com\/index.php\/wp-json\/wp\/v2\/product_cat?post=25416"},{"taxonomy":"product_tag","embeddable":true,"href":"https:\/\/docmarket-dz.com\/index.php\/wp-json\/wp\/v2\/product_tag?post=25416"}],"curies":[{"name":"wp","href":"https:\/\/api.w.org\/{rel}","templated":true}]}}