{"id":25418,"date":"2023-03-12T07:18:20","date_gmt":"2023-03-12T06:18:20","guid":{"rendered":"https:\/\/docmarket-dz.com\/?post_type=product&#038;p=25418"},"modified":"2025-02-16T06:19:44","modified_gmt":"2025-02-16T05:19:44","slug":"filter-pour-aspirateur-chirurgical","status":"publish","type":"product","link":"https:\/\/docmarket-dz.com\/index.php\/product\/filter-pour-aspirateur-chirurgical\/","title":{"rendered":"Filtre Pour Aspirateur Chirurgical"},"content":{"rendered":"","protected":false},"excerpt":{"rendered":"","protected":false},"featured_media":27198,"comment_status":"open","ping_status":"closed","template":"","meta":{"content-type":"","om_disable_all_campaigns":false,"_uf_show_specific_survey":0,"_uf_disable_surveys":false,"jetpack_publicize_message":"","jetpack_publicize_feature_enabled":true,"jetpack_social_post_already_shared":false,"jetpack_social_options":{"image_generator_settings":{"template":"highway","default_image_id":0,"font":"","enabled":false},"version":2}},"product_brand":[],"product_cat":[487],"product_tag":[],"class_list":{"0":"post-25418","1":"product","2":"type-product","3":"status-publish","4":"has-post-thumbnail","6":"product_cat-medical","8":"first","9":"onbackorder","10":"taxable","11":"shipping-taxable","12":"product-type-simple"},"supplier_id":null,"supplier_sku":"","barcode":null,"atum_controlled":true,"out_stock_date":null,"out_stock_threshold":null,"inheritable":false,"inbound_stock":0,"stock_on_hold":0,"sold_today":0,"sales_last_days":0,"reserved_stock":0,"customer_returns":0,"warehouse_damage":0,"lost_in_post":0,"other_logs":0,"out_stock_days":0,"lost_sales":0,"has_location":false,"update_date":"2026-04-16T00:07:54","atum_locations":[],"atum_stock_status":"onbackorder","restock_status":false,"low_stock_amount":"","sales_update_date":"2026-04-16T00:07:54","calc_backorders":null,"aioseo_notices":[],"jetpack_publicize_connections":[],"jetpack-related-posts":[{"id":27323,"url":"https:\/\/docmarket-dz.com\/index.php\/product\/aspirateur-chirurgical-22-5l\/","url_meta":{"origin":25418,"position":0},"title":"Aspirateur chirurgical 2*2.5L","author":"fatmazohra.nasri","date":"04\/09\/2023","format":false,"excerpt":"Aspirateur chirurgical \u00e0 deux bocaux (verre) auto-lavables de 2.5 litres chacun avec un dispositif ind\u00e9pendant de trop plein, facile \u00e0 transporter, muni d\u2019une p\u00e9dale de contr\u00f4le pour utilisation par intermittence.","rel":"","context":"Article similaire","block_context":{"text":"Article similaire","link":""},"img":{"alt_text":"","src":"https:\/\/i0.wp.com\/docmarket-dz.com\/wp-content\/uploads\/2023\/09\/electric-surgical-sunction-pump-7a-23d.jpg?fit=599%2C601&ssl=1&resize=350%2C200","width":350,"height":200,"srcset":"https:\/\/i0.wp.com\/docmarket-dz.com\/wp-content\/uploads\/2023\/09\/electric-surgical-sunction-pump-7a-23d.jpg?fit=599%2C601&ssl=1&resize=350%2C200 1x, https:\/\/i0.wp.com\/docmarket-dz.com\/wp-content\/uploads\/2023\/09\/electric-surgical-sunction-pump-7a-23d.jpg?fit=599%2C601&ssl=1&resize=525%2C300 1.5x"},"classes":[]},{"id":25397,"url":"https:\/\/docmarket-dz.com\/index.php\/product\/aspirateur-chirurgical-herouvac-h400-25l\/","url_meta":{"origin":25418,"position":1},"title":"ASPIRATEUR CHIRURGICAL HEROUVAC (H400) 2*5L","author":"falek.h","date":"12\/03\/2023","format":false,"excerpt":"","rel":"","context":"Article similaire","block_context":{"text":"Article similaire","link":""},"img":{"alt_text":"","src":"https:\/\/i0.wp.com\/docmarket-dz.com\/wp-content\/uploads\/2023\/03\/ASPIRATEUR-CHIRURGICAL-EUROVAC-H-400-2x5L-e1680782104318.jpg?fit=600%2C600&ssl=1&resize=350%2C200","width":350,"height":200,"srcset":"https:\/\/i0.wp.com\/docmarket-dz.com\/wp-content\/uploads\/2023\/03\/ASPIRATEUR-CHIRURGICAL-EUROVAC-H-400-2x5L-e1680782104318.jpg?fit=600%2C600&ssl=1&resize=350%2C200 1x, https:\/\/i0.wp.com\/docmarket-dz.com\/wp-content\/uploads\/2023\/03\/ASPIRATEUR-CHIRURGICAL-EUROVAC-H-400-2x5L-e1680782104318.jpg?fit=600%2C600&ssl=1&resize=525%2C300 1.5x"},"classes":[]},{"id":29776,"url":"https:\/\/docmarket-dz.com\/index.php\/product\/becht-section-concentre-1litre\/","url_meta":{"origin":25418,"position":2},"title":"Becht suction concentr\u00e9 1litre","author":"Sofiane Arbouche","date":"23\/12\/2024","format":false,"excerpt":"Pour la d\u00e9sinfection, le nettoyage et la d\u00e9sodorisation des syst\u00e8mes d\u2019aspiration chirurgicale et dentaire","rel":"","context":"Article similaire","block_context":{"text":"Article similaire","link":""},"img":{"alt_text":"","src":"https:\/\/i0.wp.com\/docmarket-dz.com\/wp-content\/uploads\/2024\/12\/Sans-titre.png?fit=266%2C478&ssl=1&resize=350%2C200","width":350,"height":200},"classes":[]},{"id":25221,"url":"https:\/\/docmarket-dz.com\/index.php\/product\/calot-chirurgical\/","url_meta":{"origin":25418,"position":3},"title":"CALOT CHIRURGICALE &#8211; Boite de 100","author":"falek.h","date":"26\/02\/2023","format":false,"excerpt":"","rel":"","context":"Article similaire","block_context":{"text":"Article similaire","link":""},"img":{"alt_text":"","src":"","width":0,"height":0},"classes":[]},{"id":26513,"url":"https:\/\/docmarket-dz.com\/index.php\/product\/cannule-chirurgical-microvem-100pcs\/","url_meta":{"origin":25418,"position":4},"title":"CANNULE CHIRURGICAL MICROVEM 100PCS","author":"falek.h","date":"01\/01\/1970","format":false,"excerpt":"","rel":"","context":"Article similaire","block_context":{"text":"Article similaire","link":""},"img":{"alt_text":"","src":"","width":0,"height":0},"classes":[]},{"id":26243,"url":"https:\/\/docmarket-dz.com\/index.php\/product\/predesinfectant-des-instruments-chirurgicaux-1l-2\/","url_meta":{"origin":25418,"position":5},"title":"PREDESINFECTANT DES INSTRUMENTS CHIRURGICAUX 1L","author":"falek.h","date":"12\/03\/2023","format":false,"excerpt":"","rel":"","context":"Article similaire","block_context":{"text":"Article similaire","link":""},"img":{"alt_text":"","src":"","width":0,"height":0},"classes":[]}],"jetpack_sharing_enabled":true,"tiered_pricing_type":"fixed","tiered_pricing_fixed_rules":[],"tiered_pricing_product_settings":{"layout":"default","base_unit_name":{"singular":null,"plural":null},"default_variation":null},"tiered_pricing_minimum_quantity":null,"tiered_pricing_roles_data":[],"tiered_pricing_percentage_rules":[],"_links":{"self":[{"href":"https:\/\/docmarket-dz.com\/index.php\/wp-json\/wp\/v2\/product\/25418","targetHints":{"allow":["GET"]}}],"collection":[{"href":"https:\/\/docmarket-dz.com\/index.php\/wp-json\/wp\/v2\/product"}],"about":[{"href":"https:\/\/docmarket-dz.com\/index.php\/wp-json\/wp\/v2\/types\/product"}],"replies":[{"embeddable":true,"href":"https:\/\/docmarket-dz.com\/index.php\/wp-json\/wp\/v2\/comments?post=25418"}],"wp:featuredmedia":[{"embeddable":true,"href":"https:\/\/docmarket-dz.com\/index.php\/wp-json\/wp\/v2\/media\/27198"}],"wp:attachment":[{"href":"https:\/\/docmarket-dz.com\/index.php\/wp-json\/wp\/v2\/media?parent=25418"}],"wp:term":[{"taxonomy":"product_brand","embeddable":true,"href":"https:\/\/docmarket-dz.com\/index.php\/wp-json\/wp\/v2\/product_brand?post=25418"},{"taxonomy":"product_cat","embeddable":true,"href":"https:\/\/docmarket-dz.com\/index.php\/wp-json\/wp\/v2\/product_cat?post=25418"},{"taxonomy":"product_tag","embeddable":true,"href":"https:\/\/docmarket-dz.com\/index.php\/wp-json\/wp\/v2\/product_tag?post=25418"}],"curies":[{"name":"wp","href":"https:\/\/api.w.org\/{rel}","templated":true}]}}