{"id":25445,"date":"2023-03-12T07:18:36","date_gmt":"2023-03-12T06:18:36","guid":{"rendered":"https:\/\/docmarket-dz.com\/?post_type=product&#038;p=25445"},"modified":"2023-08-09T14:09:01","modified_gmt":"2023-08-09T13:09:01","slug":"potence-a-serum-couleur-pediatrique","status":"publish","type":"product","link":"https:\/\/docmarket-dz.com\/index.php\/product\/potence-a-serum-couleur-pediatrique\/","title":{"rendered":"POTENCE A SERUM COULEUR PEDIATRIQUE"},"content":{"rendered":"","protected":false},"excerpt":{"rendered":"","protected":false},"featured_media":0,"comment_status":"open","ping_status":"closed","template":"","meta":{"content-type":"","om_disable_all_campaigns":false,"_uf_show_specific_survey":0,"_uf_disable_surveys":false,"jetpack_publicize_message":"","jetpack_publicize_feature_enabled":true,"jetpack_social_post_already_shared":false,"jetpack_social_options":{"image_generator_settings":{"template":"highway","default_image_id":0,"font":"","enabled":false},"version":2}},"product_brand":[],"product_cat":[487],"product_tag":[],"class_list":{"0":"post-25445","1":"product","2":"type-product","3":"status-publish","5":"product_cat-medical","7":"first","8":"onbackorder","9":"taxable","10":"shipping-taxable","11":"product-type-simple"},"supplier_id":null,"supplier_sku":"","barcode":null,"atum_controlled":true,"out_stock_date":null,"out_stock_threshold":null,"inheritable":false,"inbound_stock":0,"stock_on_hold":0,"sold_today":0,"sales_last_days":0,"reserved_stock":0,"customer_returns":0,"warehouse_damage":0,"lost_in_post":0,"other_logs":0,"out_stock_days":0,"lost_sales":0,"has_location":false,"update_date":"2026-05-01T00:15:09","atum_locations":[],"atum_stock_status":"onbackorder","restock_status":false,"low_stock_amount":"","sales_update_date":"2026-05-01T00:15:09","calc_backorders":null,"aioseo_notices":[],"jetpack_publicize_connections":[],"jetpack-related-posts":[{"id":25444,"url":"https:\/\/docmarket-dz.com\/index.php\/product\/potence-a-serum-couleur\/","url_meta":{"origin":25445,"position":0},"title":"POTENCE A SERUM COULEUR","author":"falek.h","date":"12\/03\/2023","format":false,"excerpt":"","rel":"","context":"Article similaire","block_context":{"text":"Article similaire","link":""},"img":{"alt_text":"","src":"","width":0,"height":0},"classes":[]},{"id":27902,"url":"https:\/\/docmarket-dz.com\/index.php\/product\/otoscope-smartled-5500-pediatrique-marque-spengler\/","url_meta":{"origin":25445,"position":1},"title":"OTOSCOPE SMARTLED 5500 PEDIATRIQUE MARQUE SPENGLER","author":"fatmazohra.nasri","date":"26\/11\/2023","format":false,"excerpt":"Le Smartled 5500 de Spengler est un\u00a0otoscope\u00a0portable de tr\u00e8s haute pr\u00e9cision qui apporte une lumi\u00e8re d\u2019exception gr\u00e2ce \u00e0 sa double technologie LED et fibre optique, avec une\u00a0colorim\u00e9trie de 4000 K et un IRC (indice de rendu des couleurs) de 95 sur 100. Con\u00e7u avec les praticiens, Spengler propose ainsi un\u2026","rel":"","context":"Article similaire","block_context":{"text":"Article similaire","link":""},"img":{"alt_text":"","src":"https:\/\/i0.wp.com\/docmarket-dz.com\/wp-content\/uploads\/2023\/11\/51e89187d41bcd5001de729f688664d5.png?fit=604%2C632&ssl=1&resize=350%2C200","width":350,"height":200,"srcset":"https:\/\/i0.wp.com\/docmarket-dz.com\/wp-content\/uploads\/2023\/11\/51e89187d41bcd5001de729f688664d5.png?fit=604%2C632&ssl=1&resize=350%2C200 1x, https:\/\/i0.wp.com\/docmarket-dz.com\/wp-content\/uploads\/2023\/11\/51e89187d41bcd5001de729f688664d5.png?fit=604%2C632&ssl=1&resize=525%2C300 1.5x"},"classes":[]},{"id":26236,"url":"https:\/\/docmarket-dz.com\/index.php\/product\/poche-a-urine-pediatrique-2\/","url_meta":{"origin":25445,"position":2},"title":"POCHE A URINE PEDIATRIQUE","author":"falek.h","date":"12\/03\/2023","format":false,"excerpt":"","rel":"","context":"Article similaire","block_context":{"text":"Article similaire","link":""},"img":{"alt_text":"","src":"https:\/\/i0.wp.com\/docmarket-dz.com\/wp-content\/uploads\/2023\/03\/HTB1YnQfBQSWBuNjSszdq6zeSpXar-e1696501001440.jpg?fit=600%2C600&ssl=1&resize=350%2C200","width":350,"height":200,"srcset":"https:\/\/i0.wp.com\/docmarket-dz.com\/wp-content\/uploads\/2023\/03\/HTB1YnQfBQSWBuNjSszdq6zeSpXar-e1696501001440.jpg?fit=600%2C600&ssl=1&resize=350%2C200 1x, https:\/\/i0.wp.com\/docmarket-dz.com\/wp-content\/uploads\/2023\/03\/HTB1YnQfBQSWBuNjSszdq6zeSpXar-e1696501001440.jpg?fit=600%2C600&ssl=1&resize=525%2C300 1.5x"},"classes":[]},{"id":27656,"url":"https:\/\/docmarket-dz.com\/index.php\/product\/serum-clucose-30-medical\/","url_meta":{"origin":25445,"position":3},"title":"SERUM CLUCOSE 30% MEDICAL 500 ml","author":"fatmazohra.nasri","date":"22\/10\/2023","format":false,"excerpt":"","rel":"","context":"Article similaire","block_context":{"text":"Article similaire","link":""},"img":{"alt_text":"","src":"https:\/\/i0.wp.com\/docmarket-dz.com\/wp-content\/uploads\/2023\/10\/Flacon-glucose.webp?fit=400%2C500&ssl=1&resize=350%2C200","width":350,"height":200},"classes":[]},{"id":29617,"url":"https:\/\/docmarket-dz.com\/index.php\/product\/serum-de-rehydratation-500-ml-medical\/","url_meta":{"origin":25445,"position":4},"title":"S\u00e9rum de R\u00e9hydratation 500 ML -MEDICAL","author":"Amel","date":"06\/11\/2024","format":false,"excerpt":"","rel":"","context":"Article similaire","block_context":{"text":"Article similaire","link":""},"img":{"alt_text":"","src":"","width":0,"height":0},"classes":[]},{"id":26292,"url":"https:\/\/docmarket-dz.com\/index.php\/product\/sonde-de-foley-pediatrique-ch10-cathwide\/","url_meta":{"origin":25445,"position":5},"title":"SONDE DE FOLEY PEDIATRIQUE CH10 CATHWIDE","author":"falek.h","date":"12\/03\/2023","format":false,"excerpt":"","rel":"","context":"Article similaire","block_context":{"text":"Article similaire","link":""},"img":{"alt_text":"","src":"","width":0,"height":0},"classes":[]}],"jetpack_sharing_enabled":true,"tiered_pricing_type":"fixed","tiered_pricing_fixed_rules":[],"tiered_pricing_product_settings":{"layout":"default","base_unit_name":{"singular":null,"plural":null},"default_variation":null},"tiered_pricing_minimum_quantity":null,"tiered_pricing_roles_data":[],"tiered_pricing_percentage_rules":[],"_links":{"self":[{"href":"https:\/\/docmarket-dz.com\/index.php\/wp-json\/wp\/v2\/product\/25445","targetHints":{"allow":["GET"]}}],"collection":[{"href":"https:\/\/docmarket-dz.com\/index.php\/wp-json\/wp\/v2\/product"}],"about":[{"href":"https:\/\/docmarket-dz.com\/index.php\/wp-json\/wp\/v2\/types\/product"}],"replies":[{"embeddable":true,"href":"https:\/\/docmarket-dz.com\/index.php\/wp-json\/wp\/v2\/comments?post=25445"}],"wp:attachment":[{"href":"https:\/\/docmarket-dz.com\/index.php\/wp-json\/wp\/v2\/media?parent=25445"}],"wp:term":[{"taxonomy":"product_brand","embeddable":true,"href":"https:\/\/docmarket-dz.com\/index.php\/wp-json\/wp\/v2\/product_brand?post=25445"},{"taxonomy":"product_cat","embeddable":true,"href":"https:\/\/docmarket-dz.com\/index.php\/wp-json\/wp\/v2\/product_cat?post=25445"},{"taxonomy":"product_tag","embeddable":true,"href":"https:\/\/docmarket-dz.com\/index.php\/wp-json\/wp\/v2\/product_tag?post=25445"}],"curies":[{"name":"wp","href":"https:\/\/api.w.org\/{rel}","templated":true}]}}