{"id":25447,"date":"2023-03-12T07:18:38","date_gmt":"2023-03-12T06:18:38","guid":{"rendered":"https:\/\/docmarket-dz.com\/?post_type=product&#038;p=25447"},"modified":"2023-08-09T14:09:00","modified_gmt":"2023-08-09T13:09:00","slug":"scialytiqe-mobile-g3-led","status":"publish","type":"product","link":"https:\/\/docmarket-dz.com\/index.php\/product\/scialytiqe-mobile-g3-led\/","title":{"rendered":"Scialytiqe Mobile  G3 LED"},"content":{"rendered":"","protected":false},"excerpt":{"rendered":"","protected":false},"featured_media":0,"comment_status":"open","ping_status":"closed","template":"","meta":{"content-type":"","om_disable_all_campaigns":false,"_uf_show_specific_survey":0,"_uf_disable_surveys":false,"jetpack_publicize_message":"","jetpack_publicize_feature_enabled":true,"jetpack_social_post_already_shared":false,"jetpack_social_options":{"image_generator_settings":{"template":"highway","default_image_id":0,"font":"","enabled":false},"version":2}},"product_brand":[],"product_cat":[487],"product_tag":[],"class_list":{"0":"post-25447","1":"product","2":"type-product","3":"status-publish","5":"product_cat-medical","7":"first","8":"onbackorder","9":"taxable","10":"shipping-taxable","11":"product-type-simple"},"supplier_id":null,"supplier_sku":"","barcode":null,"atum_controlled":true,"out_stock_date":null,"out_stock_threshold":null,"inheritable":false,"inbound_stock":0,"stock_on_hold":0,"sold_today":0,"sales_last_days":0,"reserved_stock":0,"customer_returns":0,"warehouse_damage":0,"lost_in_post":0,"other_logs":0,"out_stock_days":0,"lost_sales":0,"has_location":false,"update_date":"2026-04-16T00:07:56","atum_locations":[],"atum_stock_status":"onbackorder","restock_status":false,"low_stock_amount":"","sales_update_date":"2026-04-16T00:07:56","calc_backorders":null,"aioseo_notices":[],"jetpack_publicize_connections":[],"jetpack-related-posts":[{"id":24384,"url":"https:\/\/docmarket-dz.com\/index.php\/product\/lampe-diagnostic-dexamen-lumiere-led\/","url_meta":{"origin":25447,"position":0},"title":"LAMPE DIAGNOSTIC D&#8217;EXAMEN LUMIERE LED","author":"falek.h","date":"23\/12\/2022","format":false,"excerpt":"","rel":"","context":"Article similaire","block_context":{"text":"Article similaire","link":""},"img":{"alt_text":"","src":"https:\/\/i0.wp.com\/docmarket-dz.com\/wp-content\/uploads\/2022\/12\/lampe-diagnostic-led.jpg?fit=500%2C500&ssl=1&resize=350%2C200","width":350,"height":200},"classes":[]},{"id":24562,"url":"https:\/\/docmarket-dz.com\/index.php\/product\/otoscope-a-lumiere-led-couleur-noir\/","url_meta":{"origin":25447,"position":1},"title":"Otoscope a lumiere LED couleur Noir","author":"falek.h","date":"06\/01\/2023","format":false,"excerpt":"","rel":"","context":"Article similaire","block_context":{"text":"Article similaire","link":""},"img":{"alt_text":"","src":"https:\/\/i0.wp.com\/docmarket-dz.com\/wp-content\/uploads\/2023\/01\/otoscope-a-lumiere.jpg?fit=600%2C600&ssl=1&resize=350%2C200","width":350,"height":200,"srcset":"https:\/\/i0.wp.com\/docmarket-dz.com\/wp-content\/uploads\/2023\/01\/otoscope-a-lumiere.jpg?fit=600%2C600&ssl=1&resize=350%2C200 1x, https:\/\/i0.wp.com\/docmarket-dz.com\/wp-content\/uploads\/2023\/01\/otoscope-a-lumiere.jpg?fit=600%2C600&ssl=1&resize=525%2C300 1.5x"},"classes":[]},{"id":28805,"url":"https:\/\/docmarket-dz.com\/index.php\/product\/laryngoscope-fibre-optique-led-04-lames-1234-mcintosh-adulte-enfant-en-coffret\/","url_meta":{"origin":25447,"position":2},"title":"LARYNGOSCOPE FIBRE OPTIQUE LED 04 LAMES 1-2-3-4 MCINTOSH ADULTE &#8211; ENFANT EN COFFRET","author":"fatmazohra.nasri","date":"04\/04\/2024","format":false,"excerpt":"","rel":"","context":"Article similaire","block_context":{"text":"Article similaire","link":""},"img":{"alt_text":"","src":"","width":0,"height":0},"classes":[]},{"id":25431,"url":"https:\/\/docmarket-dz.com\/index.php\/product\/paillasse-mobile\/","url_meta":{"origin":25447,"position":3},"title":"PAILLASSE MOBILE","author":"falek.h","date":"12\/03\/2023","format":false,"excerpt":"","rel":"","context":"Article similaire","block_context":{"text":"Article similaire","link":""},"img":{"alt_text":"","src":"","width":0,"height":0},"classes":[]},{"id":27312,"url":"https:\/\/docmarket-dz.com\/index.php\/product\/nebuliseur-mobile\/","url_meta":{"origin":25447,"position":4},"title":"Nebuliseur mobile","author":"fatmazohra.nasri","date":"02\/09\/2023","format":false,"excerpt":"","rel":"","context":"Article similaire","block_context":{"text":"Article similaire","link":""},"img":{"alt_text":"","src":"https:\/\/i0.wp.com\/docmarket-dz.com\/wp-content\/uploads\/2023\/09\/Nebuliseur-mobile.jpg?fit=603%2C615&ssl=1&resize=350%2C200","width":350,"height":200,"srcset":"https:\/\/i0.wp.com\/docmarket-dz.com\/wp-content\/uploads\/2023\/09\/Nebuliseur-mobile.jpg?fit=603%2C615&ssl=1&resize=350%2C200 1x, https:\/\/i0.wp.com\/docmarket-dz.com\/wp-content\/uploads\/2023\/09\/Nebuliseur-mobile.jpg?fit=603%2C615&ssl=1&resize=525%2C300 1.5x"},"classes":[]},{"id":24380,"url":"https:\/\/docmarket-dz.com\/index.php\/product\/negatoscope-led-02-plages-extra-plat\/","url_meta":{"origin":25447,"position":5},"title":"NEGATOSCOPE LED EXTRA PLAT &#8211;  IMPORTATION","author":"falek.h","date":"23\/12\/2022","format":false,"excerpt":"N\u00e9gatoscope extra-plat (1, 2, 3 ou 4 plages). Fabriqu\u00e9 en alliage d'aluminium haute r\u00e9sistance, la structure de l'\u00e9cran ainsi que le corps du n\u00e9gatoscope extra-plat en font un mat\u00e9riel qui r\u00e9sistera \u00e0 l'usure provoqu\u00e9e par une utilisation intensive sur une longue dur\u00e9e. Afin de parfaire la solidit\u00e9 de sa structure,\u2026","rel":"","context":"Article similaire","block_context":{"text":"Article similaire","link":""},"img":{"alt_text":"","src":"https:\/\/i0.wp.com\/docmarket-dz.com\/wp-content\/uploads\/2022\/12\/negato-led.jpg?fit=500%2C500&ssl=1&resize=350%2C200","width":350,"height":200},"classes":[]}],"jetpack_sharing_enabled":true,"tiered_pricing_type":"fixed","tiered_pricing_fixed_rules":[],"tiered_pricing_product_settings":{"layout":"default","base_unit_name":{"singular":null,"plural":null},"default_variation":null},"tiered_pricing_minimum_quantity":null,"tiered_pricing_roles_data":[],"tiered_pricing_percentage_rules":[],"_links":{"self":[{"href":"https:\/\/docmarket-dz.com\/index.php\/wp-json\/wp\/v2\/product\/25447","targetHints":{"allow":["GET"]}}],"collection":[{"href":"https:\/\/docmarket-dz.com\/index.php\/wp-json\/wp\/v2\/product"}],"about":[{"href":"https:\/\/docmarket-dz.com\/index.php\/wp-json\/wp\/v2\/types\/product"}],"replies":[{"embeddable":true,"href":"https:\/\/docmarket-dz.com\/index.php\/wp-json\/wp\/v2\/comments?post=25447"}],"wp:attachment":[{"href":"https:\/\/docmarket-dz.com\/index.php\/wp-json\/wp\/v2\/media?parent=25447"}],"wp:term":[{"taxonomy":"product_brand","embeddable":true,"href":"https:\/\/docmarket-dz.com\/index.php\/wp-json\/wp\/v2\/product_brand?post=25447"},{"taxonomy":"product_cat","embeddable":true,"href":"https:\/\/docmarket-dz.com\/index.php\/wp-json\/wp\/v2\/product_cat?post=25447"},{"taxonomy":"product_tag","embeddable":true,"href":"https:\/\/docmarket-dz.com\/index.php\/wp-json\/wp\/v2\/product_tag?post=25447"}],"curies":[{"name":"wp","href":"https:\/\/api.w.org\/{rel}","templated":true}]}}