{"id":25879,"date":"2023-03-12T07:48:08","date_gmt":"2023-03-12T06:48:08","guid":{"rendered":"https:\/\/docmarket-dz.com\/?post_type=product&#038;p=25879"},"modified":"2023-08-09T14:08:33","modified_gmt":"2023-08-09T13:08:33","slug":"appareil-ecg-3-6-pistes-ecg-100l-avec-interpretation","status":"publish","type":"product","link":"https:\/\/docmarket-dz.com\/index.php\/product\/appareil-ecg-3-6-pistes-ecg-100l-avec-interpretation\/","title":{"rendered":"Appareil ECG 3\/6 pistes ECG 100L avec Interpretation"},"content":{"rendered":"","protected":false},"excerpt":{"rendered":"","protected":false},"featured_media":0,"comment_status":"open","ping_status":"closed","template":"","meta":{"content-type":"","om_disable_all_campaigns":false,"_uf_show_specific_survey":0,"_uf_disable_surveys":false,"jetpack_publicize_message":"","jetpack_publicize_feature_enabled":true,"jetpack_social_post_already_shared":false,"jetpack_social_options":{"image_generator_settings":{"template":"highway","default_image_id":0,"font":"","enabled":false},"version":2}},"product_brand":[],"product_cat":[487],"product_tag":[],"class_list":{"0":"post-25879","1":"product","2":"type-product","3":"status-publish","5":"product_cat-medical","7":"first","8":"onbackorder","9":"taxable","10":"shipping-taxable","11":"product-type-simple"},"supplier_id":null,"supplier_sku":"","barcode":null,"atum_controlled":true,"out_stock_date":null,"out_stock_threshold":null,"inheritable":false,"inbound_stock":0,"stock_on_hold":0,"sold_today":0,"sales_last_days":0,"reserved_stock":0,"customer_returns":0,"warehouse_damage":0,"lost_in_post":0,"other_logs":0,"out_stock_days":0,"lost_sales":0,"has_location":false,"update_date":"2026-04-28T00:13:04","atum_locations":[],"atum_stock_status":"onbackorder","restock_status":false,"low_stock_amount":"","sales_update_date":"2026-04-28T00:13:04","calc_backorders":null,"aioseo_notices":[],"jetpack_publicize_connections":[],"jetpack-related-posts":[{"id":25880,"url":"https:\/\/docmarket-dz.com\/index.php\/product\/appareil-ecg-3-6-pistes-ecg-100l-sans-interpretation\/","url_meta":{"origin":25879,"position":0},"title":"Appareil ECG 3 Ecran couleur Tactile et batterie int\u00e9gr\u00e9e avec interpr\u00e9tations -Modele E30","author":"falek.h","date":"12\/03\/2023","format":false,"excerpt":"FT E30 ECG 3 Pistes","rel":"","context":"Article similaire","block_context":{"text":"Article similaire","link":""},"img":{"alt_text":"","src":"","width":0,"height":0},"classes":[]},{"id":25878,"url":"https:\/\/docmarket-dz.com\/index.php\/product\/appareil-ecg-12-pistes-ecg-200l-avec-interpretation-sur-chariot\/","url_meta":{"origin":25879,"position":1},"title":"Appareil ECG 12 pistes ECG 200L Avec Interpretation Sur Chariot","author":"falek.h","date":"12\/03\/2023","format":false,"excerpt":"","rel":"","context":"Article similaire","block_context":{"text":"Article similaire","link":""},"img":{"alt_text":"","src":"","width":0,"height":0},"classes":[]},{"id":27977,"url":"https:\/\/docmarket-dz.com\/index.php\/product\/ecg-12-pistes-avec-interpretation-1200g-contec\/","url_meta":{"origin":25879,"position":2},"title":"ECG 12 PISTES AVEC INTERPRETATION 1200G CONTEC","author":"fatmazohra.nasri","date":"04\/12\/2023","format":false,"excerpt":"ECG 12 PISTES AVEC INTERPRETATION 1200G CONTEC ECG 12 pistes avec mesure et interpr\u00e9tation automatique. Enregistrement des 12 d\u00e9rivations standards. Gestion de la base de donn\u00e9es (nom, \u00e2ge, sexe, taille, poids, etc..) Impression Multi formats (A4). Ecran LCD tactile 160 x 120 m. Enregistrement automatique ou manuel. M\u00e9moire interne de\u2026","rel":"","context":"Article similaire","block_context":{"text":"Article similaire","link":""},"img":{"alt_text":"","src":"https:\/\/i0.wp.com\/docmarket-dz.com\/wp-content\/uploads\/2023\/12\/ecg-12-pistes-avec-interpretation-1200g-contec-2.jpg?fit=608%2C601&ssl=1&resize=350%2C200","width":350,"height":200,"srcset":"https:\/\/i0.wp.com\/docmarket-dz.com\/wp-content\/uploads\/2023\/12\/ecg-12-pistes-avec-interpretation-1200g-contec-2.jpg?fit=608%2C601&ssl=1&resize=350%2C200 1x, https:\/\/i0.wp.com\/docmarket-dz.com\/wp-content\/uploads\/2023\/12\/ecg-12-pistes-avec-interpretation-1200g-contec-2.jpg?fit=608%2C601&ssl=1&resize=525%2C300 1.5x"},"classes":[]},{"id":25372,"url":"https:\/\/docmarket-dz.com\/index.php\/product\/cable-patient-pour-ecg-delda-1-3-60-plus\/","url_meta":{"origin":25879,"position":3},"title":"CABLE PATIENT POUR ECG DELTA 1\/3\/60 PLUS","author":"falek.h","date":"12\/03\/2023","format":false,"excerpt":"CABLE PATIENT POUR ECG DELDA 1\/3\/60 PLUS","rel":"","context":"Article similaire","block_context":{"text":"Article similaire","link":""},"img":{"alt_text":"","src":"https:\/\/i0.wp.com\/docmarket-dz.com\/wp-content\/uploads\/2023\/03\/CABLE-PATIENT-POUR-ECG-DELTA-1-3-60-PLUS-e1680780242337.webp?fit=569%2C600&ssl=1&resize=350%2C200","width":350,"height":200,"srcset":"https:\/\/i0.wp.com\/docmarket-dz.com\/wp-content\/uploads\/2023\/03\/CABLE-PATIENT-POUR-ECG-DELTA-1-3-60-PLUS-e1680780242337.webp?fit=569%2C600&ssl=1&resize=350%2C200 1x, https:\/\/i0.wp.com\/docmarket-dz.com\/wp-content\/uploads\/2023\/03\/CABLE-PATIENT-POUR-ECG-DELTA-1-3-60-PLUS-e1680780242337.webp?fit=569%2C600&ssl=1&resize=525%2C300 1.5x"},"classes":[]},{"id":27871,"url":"https:\/\/docmarket-dz.com\/index.php\/product\/ventouse-pour-ecg-jeu-de-6\/","url_meta":{"origin":25879,"position":4},"title":"Ventouse pour ECG &#8211; Sac de 6 unit\u00e9s","author":"fatmazohra.nasri","date":"25\/11\/2023","format":false,"excerpt":"Ces \u00e9lectrodes (poires) pr\u00e9cordiales sont con\u00e7ues pour l'enregistrement d'\u00e9lectrocardiogrammes de routine. Leur ventouse en m\u00e9tal adh\u00e8re \u00e0 la peau du patient gr\u00e2ce \u00e0 la d\u00e9pression obtenue en pressant la poire. Elles sont adapt\u00e9es \u00e0 des cables dot\u00e9s de diff\u00e9rents types de connexion : fiche banane, pression, pince. R\u00e9utilisables, elles sont\u2026","rel":"","context":"Article similaire","block_context":{"text":"Article similaire","link":""},"img":{"alt_text":"","src":"https:\/\/i0.wp.com\/docmarket-dz.com\/wp-content\/uploads\/2023\/11\/IMG_1995-PhotoRoom.png-PhotoRoom.png?fit=606%2C608&ssl=1&resize=350%2C200","width":350,"height":200,"srcset":"https:\/\/i0.wp.com\/docmarket-dz.com\/wp-content\/uploads\/2023\/11\/IMG_1995-PhotoRoom.png-PhotoRoom.png?fit=606%2C608&ssl=1&resize=350%2C200 1x, https:\/\/i0.wp.com\/docmarket-dz.com\/wp-content\/uploads\/2023\/11\/IMG_1995-PhotoRoom.png-PhotoRoom.png?fit=606%2C608&ssl=1&resize=525%2C300 1.5x"},"classes":[]},{"id":25362,"url":"https:\/\/docmarket-dz.com\/index.php\/product\/cable-ecg-pour-moniteur-ge-datex-ohmeda\/","url_meta":{"origin":25879,"position":5},"title":"CABLE ECG POUR MONITEUR  GE Datex Ohmeda","author":"falek.h","date":"12\/03\/2023","format":false,"excerpt":"CABLE ECG POUR MONITEUR GE Datex Ohmeda","rel":"","context":"Article similaire","block_context":{"text":"Article similaire","link":""},"img":{"alt_text":"","src":"https:\/\/i0.wp.com\/docmarket-dz.com\/wp-content\/uploads\/2023\/03\/CABLE-ECG-POUR-MONITEUR-GE-Datex-Ohmeda-e1680779096982.jpg?fit=600%2C600&ssl=1&resize=350%2C200","width":350,"height":200,"srcset":"https:\/\/i0.wp.com\/docmarket-dz.com\/wp-content\/uploads\/2023\/03\/CABLE-ECG-POUR-MONITEUR-GE-Datex-Ohmeda-e1680779096982.jpg?fit=600%2C600&ssl=1&resize=350%2C200 1x, https:\/\/i0.wp.com\/docmarket-dz.com\/wp-content\/uploads\/2023\/03\/CABLE-ECG-POUR-MONITEUR-GE-Datex-Ohmeda-e1680779096982.jpg?fit=600%2C600&ssl=1&resize=525%2C300 1.5x"},"classes":[]}],"jetpack_sharing_enabled":true,"tiered_pricing_type":"fixed","tiered_pricing_fixed_rules":[],"tiered_pricing_product_settings":{"layout":"default","base_unit_name":{"singular":null,"plural":null},"default_variation":null},"tiered_pricing_minimum_quantity":null,"tiered_pricing_roles_data":[],"tiered_pricing_percentage_rules":[],"_links":{"self":[{"href":"https:\/\/docmarket-dz.com\/index.php\/wp-json\/wp\/v2\/product\/25879","targetHints":{"allow":["GET"]}}],"collection":[{"href":"https:\/\/docmarket-dz.com\/index.php\/wp-json\/wp\/v2\/product"}],"about":[{"href":"https:\/\/docmarket-dz.com\/index.php\/wp-json\/wp\/v2\/types\/product"}],"replies":[{"embeddable":true,"href":"https:\/\/docmarket-dz.com\/index.php\/wp-json\/wp\/v2\/comments?post=25879"}],"wp:attachment":[{"href":"https:\/\/docmarket-dz.com\/index.php\/wp-json\/wp\/v2\/media?parent=25879"}],"wp:term":[{"taxonomy":"product_brand","embeddable":true,"href":"https:\/\/docmarket-dz.com\/index.php\/wp-json\/wp\/v2\/product_brand?post=25879"},{"taxonomy":"product_cat","embeddable":true,"href":"https:\/\/docmarket-dz.com\/index.php\/wp-json\/wp\/v2\/product_cat?post=25879"},{"taxonomy":"product_tag","embeddable":true,"href":"https:\/\/docmarket-dz.com\/index.php\/wp-json\/wp\/v2\/product_tag?post=25879"}],"curies":[{"name":"wp","href":"https:\/\/api.w.org\/{rel}","templated":true}]}}