{"id":25981,"date":"2023-03-12T07:51:25","date_gmt":"2023-03-12T06:51:25","guid":{"rendered":"https:\/\/docmarket-dz.com\/?post_type=product&#038;p=25981"},"modified":"2023-08-09T14:08:32","modified_gmt":"2023-08-09T13:08:32","slug":"electrode-laparoscopique-en-l-reutilisable","status":"publish","type":"product","link":"https:\/\/docmarket-dz.com\/index.php\/product\/electrode-laparoscopique-en-l-reutilisable\/","title":{"rendered":"Electrode Laparoscopique En L Reutilisable"},"content":{"rendered":"","protected":false},"excerpt":{"rendered":"","protected":false},"featured_media":0,"comment_status":"open","ping_status":"closed","template":"","meta":{"content-type":"","om_disable_all_campaigns":false,"_uf_show_specific_survey":0,"_uf_disable_surveys":false,"jetpack_publicize_message":"","jetpack_publicize_feature_enabled":true,"jetpack_social_post_already_shared":false,"jetpack_social_options":{"image_generator_settings":{"template":"highway","default_image_id":0,"font":"","enabled":false},"version":2}},"product_brand":[],"product_cat":[487],"product_tag":[],"class_list":{"0":"post-25981","1":"product","2":"type-product","3":"status-publish","5":"product_cat-medical","7":"first","8":"onbackorder","9":"taxable","10":"shipping-taxable","11":"product-type-simple"},"supplier_id":null,"supplier_sku":"","barcode":null,"atum_controlled":true,"out_stock_date":null,"out_stock_threshold":null,"inheritable":false,"inbound_stock":0,"stock_on_hold":0,"sold_today":0,"sales_last_days":0,"reserved_stock":0,"customer_returns":0,"warehouse_damage":0,"lost_in_post":0,"other_logs":0,"out_stock_days":0,"lost_sales":0,"has_location":false,"update_date":"2026-05-01T00:15:08","atum_locations":[],"atum_stock_status":"onbackorder","restock_status":false,"low_stock_amount":"","sales_update_date":"2026-05-01T00:15:08","calc_backorders":null,"aioseo_notices":[],"jetpack_publicize_connections":[],"jetpack-related-posts":[{"id":25414,"url":"https:\/\/docmarket-dz.com\/index.php\/product\/electrode-de-lames-2-40mm70mm\/","url_meta":{"origin":25981,"position":0},"title":"Electrode De Lames  &#8211; 2.40mm70mm","author":"falek.h","date":"12\/03\/2023","format":false,"excerpt":"","rel":"","context":"Article similaire","block_context":{"text":"Article similaire","link":""},"img":{"alt_text":"","src":"","width":0,"height":0},"classes":[]},{"id":25394,"url":"https:\/\/docmarket-dz.com\/index.php\/product\/gants-electrode-avec-aspiration-et-irrigation\/","url_meta":{"origin":25981,"position":1},"title":"Gants Electrode Avec Aspiration et Irrigation","author":"falek.h","date":"12\/03\/2023","format":false,"excerpt":"","rel":"","context":"Article similaire","block_context":{"text":"Article similaire","link":""},"img":{"alt_text":"","src":"https:\/\/i0.wp.com\/docmarket-dz.com\/wp-content\/uploads\/2023\/03\/Capture.jpg?fit=652%2C579&ssl=1&resize=350%2C200","width":350,"height":200,"srcset":"https:\/\/i0.wp.com\/docmarket-dz.com\/wp-content\/uploads\/2023\/03\/Capture.jpg?fit=652%2C579&ssl=1&resize=350%2C200 1x, https:\/\/i0.wp.com\/docmarket-dz.com\/wp-content\/uploads\/2023\/03\/Capture.jpg?fit=652%2C579&ssl=1&resize=525%2C300 1.5x"},"classes":[]},{"id":25238,"url":"https:\/\/docmarket-dz.com\/index.php\/product\/electrodes-ecg-adulte\/","url_meta":{"origin":25981,"position":2},"title":"ELECTRODES Patchs pour ECG ADULTE  &#8211; &#8221; Sac de 50 unit\u00e9s &#8220;","author":"falek.h","date":"26\/02\/2023","format":false,"excerpt":"","rel":"","context":"Article similaire","block_context":{"text":"Article similaire","link":""},"img":{"alt_text":"","src":"https:\/\/i0.wp.com\/docmarket-dz.com\/wp-content\/uploads\/2023\/02\/62.032.07.jpg?fit=587%2C553&ssl=1&resize=350%2C200","width":350,"height":200,"srcset":"https:\/\/i0.wp.com\/docmarket-dz.com\/wp-content\/uploads\/2023\/02\/62.032.07.jpg?fit=587%2C553&ssl=1&resize=350%2C200 1x, https:\/\/i0.wp.com\/docmarket-dz.com\/wp-content\/uploads\/2023\/02\/62.032.07.jpg?fit=587%2C553&ssl=1&resize=525%2C300 1.5x"},"classes":[]},{"id":27871,"url":"https:\/\/docmarket-dz.com\/index.php\/product\/ventouse-pour-ecg-jeu-de-6\/","url_meta":{"origin":25981,"position":3},"title":"Ventouse pour ECG &#8211; Sac de 6 unit\u00e9s","author":"fatmazohra.nasri","date":"25\/11\/2023","format":false,"excerpt":"Ces \u00e9lectrodes (poires) pr\u00e9cordiales sont con\u00e7ues pour l'enregistrement d'\u00e9lectrocardiogrammes de routine. Leur ventouse en m\u00e9tal adh\u00e8re \u00e0 la peau du patient gr\u00e2ce \u00e0 la d\u00e9pression obtenue en pressant la poire. Elles sont adapt\u00e9es \u00e0 des cables dot\u00e9s de diff\u00e9rents types de connexion : fiche banane, pression, pince. R\u00e9utilisables, elles sont\u2026","rel":"","context":"Article similaire","block_context":{"text":"Article similaire","link":""},"img":{"alt_text":"","src":"https:\/\/i0.wp.com\/docmarket-dz.com\/wp-content\/uploads\/2023\/11\/IMG_1995-PhotoRoom.png-PhotoRoom.png?fit=606%2C608&ssl=1&resize=350%2C200","width":350,"height":200,"srcset":"https:\/\/i0.wp.com\/docmarket-dz.com\/wp-content\/uploads\/2023\/11\/IMG_1995-PhotoRoom.png-PhotoRoom.png?fit=606%2C608&ssl=1&resize=350%2C200 1x, https:\/\/i0.wp.com\/docmarket-dz.com\/wp-content\/uploads\/2023\/11\/IMG_1995-PhotoRoom.png-PhotoRoom.png?fit=606%2C608&ssl=1&resize=525%2C300 1.5x"},"classes":[]},{"id":29308,"url":"https:\/\/docmarket-dz.com\/index.php\/product\/attelles-a-depression\/","url_meta":{"origin":25981,"position":4},"title":"Attelles  \u00e0 d\u00e9pression","author":"Sofiane Arbouche","date":"09\/09\/2024","format":false,"excerpt":"Attelles r\u00e9utilisables \u00e0 d\u00e9pression permet une parfaite immobilisation du membre, dimensionn\u00e9s pour traiter les blessures les plus courantes n\u00e9cessitant attelles \u00e0 d\u00e9pression. La m\u00e9thode est simple, s\u00fbre et efficace des attelles de secours des extr\u00e9mit\u00e9s fractur\u00e9es. L'attelle est tout simplement construite \u00e0 partir de b\u00e2ches en vinyle. Comportant billes de\u2026","rel":"","context":"Article similaire","block_context":{"text":"Article similaire","link":""},"img":{"alt_text":"","src":"https:\/\/i0.wp.com\/docmarket-dz.com\/wp-content\/uploads\/2024\/09\/Sans-titre.png?fit=385%2C264&ssl=1&resize=350%2C200","width":350,"height":200},"classes":[]}],"jetpack_sharing_enabled":true,"tiered_pricing_type":"fixed","tiered_pricing_fixed_rules":[],"tiered_pricing_product_settings":{"layout":"default","base_unit_name":{"singular":null,"plural":null},"default_variation":null},"tiered_pricing_minimum_quantity":null,"tiered_pricing_roles_data":[],"tiered_pricing_percentage_rules":[],"_links":{"self":[{"href":"https:\/\/docmarket-dz.com\/index.php\/wp-json\/wp\/v2\/product\/25981","targetHints":{"allow":["GET"]}}],"collection":[{"href":"https:\/\/docmarket-dz.com\/index.php\/wp-json\/wp\/v2\/product"}],"about":[{"href":"https:\/\/docmarket-dz.com\/index.php\/wp-json\/wp\/v2\/types\/product"}],"replies":[{"embeddable":true,"href":"https:\/\/docmarket-dz.com\/index.php\/wp-json\/wp\/v2\/comments?post=25981"}],"wp:attachment":[{"href":"https:\/\/docmarket-dz.com\/index.php\/wp-json\/wp\/v2\/media?parent=25981"}],"wp:term":[{"taxonomy":"product_brand","embeddable":true,"href":"https:\/\/docmarket-dz.com\/index.php\/wp-json\/wp\/v2\/product_brand?post=25981"},{"taxonomy":"product_cat","embeddable":true,"href":"https:\/\/docmarket-dz.com\/index.php\/wp-json\/wp\/v2\/product_cat?post=25981"},{"taxonomy":"product_tag","embeddable":true,"href":"https:\/\/docmarket-dz.com\/index.php\/wp-json\/wp\/v2\/product_tag?post=25981"}],"curies":[{"name":"wp","href":"https:\/\/api.w.org\/{rel}","templated":true}]}}