{"id":26015,"date":"2023-03-12T07:51:38","date_gmt":"2023-03-12T06:51:38","guid":{"rendered":"https:\/\/docmarket-dz.com\/?post_type=product&#038;p=26015"},"modified":"2023-08-09T14:08:32","modified_gmt":"2023-08-09T13:08:32","slug":"porte-aiguille-5x330-avec-poignee","status":"publish","type":"product","link":"https:\/\/docmarket-dz.com\/index.php\/product\/porte-aiguille-5x330-avec-poignee\/","title":{"rendered":"Porte Aiguille  5&#215;330 Avec Poignee"},"content":{"rendered":"","protected":false},"excerpt":{"rendered":"","protected":false},"featured_media":0,"comment_status":"open","ping_status":"closed","template":"","meta":{"content-type":"","om_disable_all_campaigns":false,"_uf_show_specific_survey":0,"_uf_disable_surveys":false,"jetpack_publicize_message":"","jetpack_publicize_feature_enabled":true,"jetpack_social_post_already_shared":false,"jetpack_social_options":{"image_generator_settings":{"template":"highway","default_image_id":0,"font":"","enabled":false},"version":2}},"product_brand":[],"product_cat":[487],"product_tag":[],"class_list":{"0":"post-26015","1":"product","2":"type-product","3":"status-publish","5":"product_cat-medical","7":"first","8":"onbackorder","9":"taxable","10":"shipping-taxable","11":"product-type-simple"},"supplier_id":null,"supplier_sku":"","barcode":null,"atum_controlled":true,"out_stock_date":null,"out_stock_threshold":null,"inheritable":false,"inbound_stock":0,"stock_on_hold":0,"sold_today":0,"sales_last_days":0,"reserved_stock":0,"customer_returns":0,"warehouse_damage":0,"lost_in_post":0,"other_logs":0,"out_stock_days":0,"lost_sales":0,"has_location":false,"update_date":"2026-04-16T00:07:56","atum_locations":[],"atum_stock_status":"onbackorder","restock_status":false,"low_stock_amount":"","sales_update_date":"2026-04-16T00:07:55","calc_backorders":null,"aioseo_notices":[],"jetpack_publicize_connections":[],"jetpack-related-posts":[{"id":26062,"url":"https:\/\/docmarket-dz.com\/index.php\/product\/ciseaux-courbes-drt-5x330-avec-poignee\/","url_meta":{"origin":26015,"position":0},"title":"Ciseaux Courbes drt  5&#215;330 Avec Poignee","author":"falek.h","date":"12\/03\/2023","format":false,"excerpt":"","rel":"","context":"Article similaire","block_context":{"text":"Article similaire","link":""},"img":{"alt_text":"","src":"","width":0,"height":0},"classes":[]},{"id":26089,"url":"https:\/\/docmarket-dz.com\/index.php\/product\/pince-de-dissection-courbee-5x330-avec-poignee\/","url_meta":{"origin":26015,"position":1},"title":"Pince De Dissection Courbee 5&#215;330 Avec Poignee","author":"falek.h","date":"12\/03\/2023","format":false,"excerpt":"","rel":"","context":"Article similaire","block_context":{"text":"Article similaire","link":""},"img":{"alt_text":"","src":"","width":0,"height":0},"classes":[]},{"id":26151,"url":"https:\/\/docmarket-dz.com\/index.php\/product\/aiguille-spinal-sans-introducteur\/","url_meta":{"origin":26015,"position":2},"title":"AIGUILLE SPINAL SANS INTRODUCTEUR","author":"falek.h","date":"12\/03\/2023","format":false,"excerpt":"Aiguille spinale\u00a0 avec embase transparente et mandrin obturateur. L'embase du mandrin comporte un code couleur normalis\u00e9 correspondant au diam\u00e8tre ext\u00e9rieur de l'aiguille. L'embase de l'aiguille est en plastique transparent pour visualiser le reflux du liquide c\u00e9phalo-rachidien, et est ergonomique pour assurer une prise en main et une manipulation facile. Le\u2026","rel":"","context":"Article similaire","block_context":{"text":"Article similaire","link":""},"img":{"alt_text":"","src":"https:\/\/i0.wp.com\/docmarket-dz.com\/wp-content\/uploads\/2023\/03\/prd_disp_img_00518005a1-scaled-e1696406736651.jpg?fit=860%2C316&ssl=1&resize=350%2C200","width":350,"height":200,"srcset":"https:\/\/i0.wp.com\/docmarket-dz.com\/wp-content\/uploads\/2023\/03\/prd_disp_img_00518005a1-scaled-e1696406736651.jpg?fit=860%2C316&ssl=1&resize=350%2C200 1x, https:\/\/i0.wp.com\/docmarket-dz.com\/wp-content\/uploads\/2023\/03\/prd_disp_img_00518005a1-scaled-e1696406736651.jpg?fit=860%2C316&ssl=1&resize=525%2C300 1.5x, https:\/\/i0.wp.com\/docmarket-dz.com\/wp-content\/uploads\/2023\/03\/prd_disp_img_00518005a1-scaled-e1696406736651.jpg?fit=860%2C316&ssl=1&resize=700%2C400 2x"},"classes":[]},{"id":26153,"url":"https:\/\/docmarket-dz.com\/index.php\/product\/aiguille-sterille\/","url_meta":{"origin":26015,"position":3},"title":"AIGUILLE STERILLE","author":"falek.h","date":"12\/03\/2023","format":false,"excerpt":"","rel":"","context":"Article similaire","block_context":{"text":"Article similaire","link":""},"img":{"alt_text":"","src":"https:\/\/i0.wp.com\/docmarket-dz.com\/wp-content\/uploads\/2023\/03\/AIGUILLE-STERILLE.jpg?fit=700%2C700&ssl=1&resize=350%2C200","width":350,"height":200,"srcset":"https:\/\/i0.wp.com\/docmarket-dz.com\/wp-content\/uploads\/2023\/03\/AIGUILLE-STERILLE.jpg?fit=700%2C700&ssl=1&resize=350%2C200 1x, https:\/\/i0.wp.com\/docmarket-dz.com\/wp-content\/uploads\/2023\/03\/AIGUILLE-STERILLE.jpg?fit=700%2C700&ssl=1&resize=525%2C300 1.5x, https:\/\/i0.wp.com\/docmarket-dz.com\/wp-content\/uploads\/2023\/03\/AIGUILLE-STERILLE.jpg?fit=700%2C700&ssl=1&resize=700%2C400 2x"},"classes":[]},{"id":27576,"url":"https:\/\/docmarket-dz.com\/index.php\/product\/aiguille-ck-ject-0316\/","url_meta":{"origin":26015,"position":4},"title":"AIGUILLE CK-JECT 03*16","author":"fatmazohra.nasri","date":"17\/10\/2023","format":false,"excerpt":"Aiguille dentaire st\u00e9rile Calibre 30 court 0.3x16mm CK-Ject","rel":"","context":"Article similaire","block_context":{"text":"Article similaire","link":""},"img":{"alt_text":"","src":"https:\/\/i0.wp.com\/docmarket-dz.com\/wp-content\/uploads\/2023\/10\/ckject-30g-AIGUILLES.jpg?fit=606%2C586&ssl=1&resize=350%2C200","width":350,"height":200,"srcset":"https:\/\/i0.wp.com\/docmarket-dz.com\/wp-content\/uploads\/2023\/10\/ckject-30g-AIGUILLES.jpg?fit=606%2C586&ssl=1&resize=350%2C200 1x, https:\/\/i0.wp.com\/docmarket-dz.com\/wp-content\/uploads\/2023\/10\/ckject-30g-AIGUILLES.jpg?fit=606%2C586&ssl=1&resize=525%2C300 1.5x"},"classes":[]},{"id":26150,"url":"https:\/\/docmarket-dz.com\/index.php\/product\/aiguille-spinal-avec-introducteur\/","url_meta":{"origin":26015,"position":5},"title":"AIGUILLE SPINAL AVEC INTRODUCTEUR","author":"falek.h","date":"12\/03\/2023","format":false,"excerpt":"","rel":"","context":"Article similaire","block_context":{"text":"Article similaire","link":""},"img":{"alt_text":"","src":"https:\/\/i0.wp.com\/docmarket-dz.com\/wp-content\/uploads\/2023\/03\/AIGUILLE-SPINAL-AVEC-INTRODUCTEUR.jpg?fit=700%2C636&ssl=1&resize=350%2C200","width":350,"height":200,"srcset":"https:\/\/i0.wp.com\/docmarket-dz.com\/wp-content\/uploads\/2023\/03\/AIGUILLE-SPINAL-AVEC-INTRODUCTEUR.jpg?fit=700%2C636&ssl=1&resize=350%2C200 1x, https:\/\/i0.wp.com\/docmarket-dz.com\/wp-content\/uploads\/2023\/03\/AIGUILLE-SPINAL-AVEC-INTRODUCTEUR.jpg?fit=700%2C636&ssl=1&resize=525%2C300 1.5x, https:\/\/i0.wp.com\/docmarket-dz.com\/wp-content\/uploads\/2023\/03\/AIGUILLE-SPINAL-AVEC-INTRODUCTEUR.jpg?fit=700%2C636&ssl=1&resize=700%2C400 2x"},"classes":[]}],"jetpack_sharing_enabled":true,"tiered_pricing_type":"fixed","tiered_pricing_fixed_rules":[],"tiered_pricing_product_settings":{"layout":"default","base_unit_name":{"singular":null,"plural":null},"default_variation":null},"tiered_pricing_minimum_quantity":null,"tiered_pricing_roles_data":[],"tiered_pricing_percentage_rules":[],"_links":{"self":[{"href":"https:\/\/docmarket-dz.com\/index.php\/wp-json\/wp\/v2\/product\/26015","targetHints":{"allow":["GET"]}}],"collection":[{"href":"https:\/\/docmarket-dz.com\/index.php\/wp-json\/wp\/v2\/product"}],"about":[{"href":"https:\/\/docmarket-dz.com\/index.php\/wp-json\/wp\/v2\/types\/product"}],"replies":[{"embeddable":true,"href":"https:\/\/docmarket-dz.com\/index.php\/wp-json\/wp\/v2\/comments?post=26015"}],"wp:attachment":[{"href":"https:\/\/docmarket-dz.com\/index.php\/wp-json\/wp\/v2\/media?parent=26015"}],"wp:term":[{"taxonomy":"product_brand","embeddable":true,"href":"https:\/\/docmarket-dz.com\/index.php\/wp-json\/wp\/v2\/product_brand?post=26015"},{"taxonomy":"product_cat","embeddable":true,"href":"https:\/\/docmarket-dz.com\/index.php\/wp-json\/wp\/v2\/product_cat?post=26015"},{"taxonomy":"product_tag","embeddable":true,"href":"https:\/\/docmarket-dz.com\/index.php\/wp-json\/wp\/v2\/product_tag?post=26015"}],"curies":[{"name":"wp","href":"https:\/\/api.w.org\/{rel}","templated":true}]}}