{"id":26062,"date":"2023-03-12T07:53:22","date_gmt":"2023-03-12T06:53:22","guid":{"rendered":"https:\/\/docmarket-dz.com\/?post_type=product&#038;p=26062"},"modified":"2023-08-09T14:08:06","modified_gmt":"2023-08-09T13:08:06","slug":"ciseaux-courbes-drt-5x330-avec-poignee","status":"publish","type":"product","link":"https:\/\/docmarket-dz.com\/index.php\/product\/ciseaux-courbes-drt-5x330-avec-poignee\/","title":{"rendered":"Ciseaux Courbes drt  5&#215;330 Avec Poignee"},"content":{"rendered":"","protected":false},"excerpt":{"rendered":"","protected":false},"featured_media":0,"comment_status":"open","ping_status":"closed","template":"","meta":{"content-type":"","om_disable_all_campaigns":false,"_uf_show_specific_survey":0,"_uf_disable_surveys":false,"jetpack_publicize_message":"","jetpack_publicize_feature_enabled":true,"jetpack_social_post_already_shared":false,"jetpack_social_options":{"image_generator_settings":{"template":"highway","default_image_id":0,"font":"","enabled":false},"version":2}},"product_brand":[],"product_cat":[487],"product_tag":[],"class_list":{"0":"post-26062","1":"product","2":"type-product","3":"status-publish","5":"product_cat-medical","7":"first","8":"onbackorder","9":"taxable","10":"shipping-taxable","11":"product-type-simple"},"supplier_id":null,"supplier_sku":"","barcode":null,"atum_controlled":true,"out_stock_date":null,"out_stock_threshold":null,"inheritable":false,"inbound_stock":0,"stock_on_hold":0,"sold_today":0,"sales_last_days":0,"reserved_stock":0,"customer_returns":0,"warehouse_damage":0,"lost_in_post":0,"other_logs":0,"out_stock_days":0,"lost_sales":0,"has_location":false,"update_date":"2026-05-02T00:16:10","atum_locations":[],"atum_stock_status":"onbackorder","restock_status":false,"low_stock_amount":"","sales_update_date":"2026-05-02T00:16:10","calc_backorders":null,"aioseo_notices":[],"jetpack_publicize_connections":[],"jetpack-related-posts":[{"id":26015,"url":"https:\/\/docmarket-dz.com\/index.php\/product\/porte-aiguille-5x330-avec-poignee\/","url_meta":{"origin":26062,"position":0},"title":"Porte Aiguille  5&#215;330 Avec Poignee","author":"falek.h","date":"12\/03\/2023","format":false,"excerpt":"","rel":"","context":"Article similaire","block_context":{"text":"Article similaire","link":""},"img":{"alt_text":"","src":"","width":0,"height":0},"classes":[]},{"id":26089,"url":"https:\/\/docmarket-dz.com\/index.php\/product\/pince-de-dissection-courbee-5x330-avec-poignee\/","url_meta":{"origin":26062,"position":1},"title":"Pince De Dissection Courbee 5&#215;330 Avec Poignee","author":"falek.h","date":"12\/03\/2023","format":false,"excerpt":"","rel":"","context":"Article similaire","block_context":{"text":"Article similaire","link":""},"img":{"alt_text":"","src":"","width":0,"height":0},"classes":[]},{"id":28498,"url":"https:\/\/docmarket-dz.com\/index.php\/product\/ciseaux-iridectomie-courbe12cm\/","url_meta":{"origin":26062,"position":2},"title":"Ciseaux iridectomie Courbe11.5 cm","author":"fatmazohra.nasri","date":"07\/02\/2024","format":false,"excerpt":"Ciseaux \u00e0 iridectomie usage unique avec embouts droits ou courbes adapt\u00e9s \u00e0 tous les environnements d'intervention clinique et petite chirurgie. Mat\u00e9riaux: Acier inoxydable \/ chirurgical St\u00e9rilis\u00e9: Oui","rel":"","context":"Article similaire","block_context":{"text":"Article similaire","link":""},"img":{"alt_text":"","src":"https:\/\/i0.wp.com\/docmarket-dz.com\/wp-content\/uploads\/2024\/02\/ciseaux-a-iridectomie-courbe-12cm.jpg?fit=602%2C599&ssl=1&resize=350%2C200","width":350,"height":200,"srcset":"https:\/\/i0.wp.com\/docmarket-dz.com\/wp-content\/uploads\/2024\/02\/ciseaux-a-iridectomie-courbe-12cm.jpg?fit=602%2C599&ssl=1&resize=350%2C200 1x, https:\/\/i0.wp.com\/docmarket-dz.com\/wp-content\/uploads\/2024\/02\/ciseaux-a-iridectomie-courbe-12cm.jpg?fit=602%2C599&ssl=1&resize=525%2C300 1.5x"},"classes":[]},{"id":24371,"url":"https:\/\/docmarket-dz.com\/index.php\/product\/ciseaux-mousse-droits-15-cm\/","url_meta":{"origin":26062,"position":3},"title":"CISEAUX MOUSSE DROITS 15 CM","author":"falek.h","date":"23\/12\/2022","format":false,"excerpt":"","rel":"","context":"Article similaire","block_context":{"text":"Article similaire","link":""},"img":{"alt_text":"","src":"https:\/\/i0.wp.com\/docmarket-dz.com\/wp-content\/uploads\/2022\/12\/CISEAUX-MOUSSE-DROITS-13-CM.png?fit=300%2C240&ssl=1&resize=350%2C200","width":350,"height":200},"classes":[]},{"id":24370,"url":"https:\/\/docmarket-dz.com\/index.php\/product\/ciseaux-mousse-droits-13-cm\/","url_meta":{"origin":26062,"position":4},"title":"CISEAUX MOUSSE DROITS 13 CM","author":"falek.h","date":"23\/12\/2022","format":false,"excerpt":"","rel":"","context":"Article similaire","block_context":{"text":"Article similaire","link":""},"img":{"alt_text":"","src":"https:\/\/i0.wp.com\/docmarket-dz.com\/wp-content\/uploads\/2022\/12\/CISEAUX-MOUSSE-DROITS-13-CM.png?fit=300%2C240&ssl=1&resize=350%2C200","width":350,"height":200},"classes":[]},{"id":28897,"url":"https:\/\/docmarket-dz.com\/index.php\/product\/ciseaux-mayo-droits23-cm\/","url_meta":{"origin":26062,"position":5},"title":"Ciseaux Mayo droits 05 CM Holtex","author":"fatmazohra.nasri","date":"29\/04\/2024","format":false,"excerpt":"","rel":"","context":"Article similaire","block_context":{"text":"Article similaire","link":""},"img":{"alt_text":"","src":"https:\/\/i0.wp.com\/docmarket-dz.com\/wp-content\/uploads\/2024\/04\/ciseaux_mayo_1.jpg?fit=800%2C800&ssl=1&resize=350%2C200","width":350,"height":200,"srcset":"https:\/\/i0.wp.com\/docmarket-dz.com\/wp-content\/uploads\/2024\/04\/ciseaux_mayo_1.jpg?fit=800%2C800&ssl=1&resize=350%2C200 1x, https:\/\/i0.wp.com\/docmarket-dz.com\/wp-content\/uploads\/2024\/04\/ciseaux_mayo_1.jpg?fit=800%2C800&ssl=1&resize=525%2C300 1.5x, https:\/\/i0.wp.com\/docmarket-dz.com\/wp-content\/uploads\/2024\/04\/ciseaux_mayo_1.jpg?fit=800%2C800&ssl=1&resize=700%2C400 2x"},"classes":[]}],"jetpack_sharing_enabled":true,"tiered_pricing_type":"fixed","tiered_pricing_fixed_rules":[],"tiered_pricing_product_settings":{"layout":"default","base_unit_name":{"singular":null,"plural":null},"default_variation":null},"tiered_pricing_minimum_quantity":null,"tiered_pricing_roles_data":[],"tiered_pricing_percentage_rules":[],"_links":{"self":[{"href":"https:\/\/docmarket-dz.com\/index.php\/wp-json\/wp\/v2\/product\/26062","targetHints":{"allow":["GET"]}}],"collection":[{"href":"https:\/\/docmarket-dz.com\/index.php\/wp-json\/wp\/v2\/product"}],"about":[{"href":"https:\/\/docmarket-dz.com\/index.php\/wp-json\/wp\/v2\/types\/product"}],"replies":[{"embeddable":true,"href":"https:\/\/docmarket-dz.com\/index.php\/wp-json\/wp\/v2\/comments?post=26062"}],"wp:attachment":[{"href":"https:\/\/docmarket-dz.com\/index.php\/wp-json\/wp\/v2\/media?parent=26062"}],"wp:term":[{"taxonomy":"product_brand","embeddable":true,"href":"https:\/\/docmarket-dz.com\/index.php\/wp-json\/wp\/v2\/product_brand?post=26062"},{"taxonomy":"product_cat","embeddable":true,"href":"https:\/\/docmarket-dz.com\/index.php\/wp-json\/wp\/v2\/product_cat?post=26062"},{"taxonomy":"product_tag","embeddable":true,"href":"https:\/\/docmarket-dz.com\/index.php\/wp-json\/wp\/v2\/product_tag?post=26062"}],"curies":[{"name":"wp","href":"https:\/\/api.w.org\/{rel}","templated":true}]}}