{"id":26146,"date":"2023-03-12T08:20:57","date_gmt":"2023-03-12T07:20:57","guid":{"rendered":"https:\/\/docmarket-dz.com\/?post_type=product&#038;p=26146"},"modified":"2023-10-04T08:52:37","modified_gmt":"2023-10-04T07:52:37","slug":"aiguille-de-prelevement-avec-plateau-g21","status":"publish","type":"product","link":"https:\/\/docmarket-dz.com\/index.php\/product\/aiguille-de-prelevement-avec-plateau-g21\/","title":{"rendered":"AIGUILLE DE PRELEVEMENT A PLATEAU G21"},"content":{"rendered":"<h4><strong>D\u00e9tails<\/strong><\/h4>\n<ul>\n<li>Aiguille de pr\u00e9l\u00e8vement facile \u00e0 manipuler.<\/li>\n<li>Assure une meilleure p\u00e9n\u00e9tration et le confort du patient :<\/li>\n<li>Tranchant du biseau trait\u00e9 par \u00e9lectrochimie.<\/li>\n<li>Canule lubrifi\u00e9e par \u00e9vaporation gazeuse.<\/li>\n<li>Manchon souple sur l&#8217;aiguille perce-bouchon.<\/li>\n<li>Surfaces de pr\u00e9hension plates et non polies sur les capuchons protecteurs.<\/li>\n<li>T\u00e9moin de non-ouverture.<\/li>\n<\/ul>\n<h4><strong>Caract\u00e9ristiques techniques<\/strong><\/h4>\n<ul>\n<li>Coloris\u00a0: Vert<\/li>\n<li>Conditionnement\u00a0: Par bo\u00eete de 100<\/li>\n<li>Dim\u00a0: L 25 mm<\/li>\n<li>Gauge\u00a0: 21G<\/li>\n<li>St\u00e9rile\u00a0: Oui<\/li>\n<li>Type\u00a0: L 25 mm x 8\/10<\/li>\n<\/ul>\n","protected":false},"excerpt":{"rendered":"<p>D\u00e9tails Aiguille de pr\u00e9l\u00e8vement facile \u00e0 manipuler. Assure une meilleure p\u00e9n\u00e9tration et le confort du patient : Tranchant du biseau trait\u00e9 par \u00e9lectrochimie. Canule lubrifi\u00e9e par \u00e9vaporation gazeuse. Manchon souple sur l&#8217;aiguille perce-bouchon. Surfaces de pr\u00e9hension plates et non polies sur les capuchons protecteurs. T\u00e9moin de non-ouverture. Caract\u00e9ristiques techniques Coloris\u00a0: Vert Conditionnement\u00a0: Par bo\u00eete de [&hellip;]<\/p>\n","protected":false},"featured_media":27341,"comment_status":"open","ping_status":"closed","template":"","meta":{"content-type":"","om_disable_all_campaigns":false,"_uf_show_specific_survey":0,"_uf_disable_surveys":false,"jetpack_publicize_message":"","jetpack_publicize_feature_enabled":true,"jetpack_social_post_already_shared":false,"jetpack_social_options":{"image_generator_settings":{"template":"highway","default_image_id":0,"font":"","enabled":false},"version":2}},"product_brand":[],"product_cat":[487],"product_tag":[],"class_list":{"0":"post-26146","1":"product","2":"type-product","3":"status-publish","4":"has-post-thumbnail","6":"product_cat-medical","8":"first","9":"onbackorder","10":"taxable","11":"shipping-taxable","12":"purchasable","13":"product-type-simple"},"supplier_id":null,"supplier_sku":"","barcode":null,"atum_controlled":true,"out_stock_date":null,"out_stock_threshold":null,"inheritable":false,"inbound_stock":0,"stock_on_hold":0,"sold_today":0,"sales_last_days":0,"reserved_stock":0,"customer_returns":0,"warehouse_damage":0,"lost_in_post":0,"other_logs":0,"out_stock_days":0,"lost_sales":0,"has_location":false,"update_date":"2026-05-01T00:15:06","atum_locations":[],"atum_stock_status":"onbackorder","restock_status":false,"low_stock_amount":"","sales_update_date":"2026-05-01T00:15:06","calc_backorders":null,"aioseo_notices":[],"jetpack_publicize_connections":[],"jetpack-related-posts":[{"id":26145,"url":"https:\/\/docmarket-dz.com\/index.php\/product\/aiguille-de-prelevement-a-plateau-g19\/","url_meta":{"origin":26146,"position":0},"title":"AIGUILLE DE PRELEVEMENT A PLATEAU G19","author":"falek.h","date":"12\/03\/2023","format":false,"excerpt":"","rel":"","context":"Article similaire","block_context":{"text":"Article similaire","link":""},"img":{"alt_text":"","src":"","width":0,"height":0},"classes":[]},{"id":29796,"url":"https:\/\/docmarket-dz.com\/index.php\/product\/aiguille-ponction-lombaire-22-g\/","url_meta":{"origin":26146,"position":1},"title":"Aiguille spinale &#8211; ponction lombaire 22 G","author":"Sofiane Arbouche","date":"25\/12\/2024","format":false,"excerpt":"Aiguille spinale pour l'anesth\u00e9sie spinale, le diagnostic et les ponctions lombaires. Longueur : 88 mm. Diam\u00e8tre : 0,70 mm. Code couleur : Noir.","rel":"","context":"Article similaire","block_context":{"text":"Article similaire","link":""},"img":{"alt_text":"","src":"","width":0,"height":0},"classes":[]},{"id":26152,"url":"https:\/\/docmarket-dz.com\/index.php\/product\/aiguille-spinale-g-25\/","url_meta":{"origin":26146,"position":2},"title":"AIGUILLE SPINALE G 25","author":"falek.h","date":"12\/03\/2023","format":false,"excerpt":"","rel":"","context":"Article similaire","block_context":{"text":"Article similaire","link":""},"img":{"alt_text":"","src":"https:\/\/i0.wp.com\/docmarket-dz.com\/wp-content\/uploads\/2023\/03\/AIGUILLE-SPINALE-G-25.jpg?fit=400%2C400&ssl=1&resize=350%2C200","width":350,"height":200},"classes":[]},{"id":27704,"url":"https:\/\/docmarket-dz.com\/index.php\/product\/seringue-2-5cc-g25-nipro\/","url_meta":{"origin":26146,"position":3},"title":"Seringue 2 mL G25 NIPRO","author":"fatmazohra.nasri","date":"24\/10\/2023","format":false,"excerpt":"Instrument (petite pompe munie d'une aiguille) utilis\u00e9 pour injecter des liquides dans l'organisme ou en pr\u00e9lever","rel":"","context":"Article similaire","block_context":{"text":"Article similaire","link":""},"img":{"alt_text":"","src":"https:\/\/i0.wp.com\/docmarket-dz.com\/wp-content\/uploads\/2023\/10\/IMG_1705.png?fit=603%2C600&ssl=1&resize=350%2C200","width":350,"height":200,"srcset":"https:\/\/i0.wp.com\/docmarket-dz.com\/wp-content\/uploads\/2023\/10\/IMG_1705.png?fit=603%2C600&ssl=1&resize=350%2C200 1x, https:\/\/i0.wp.com\/docmarket-dz.com\/wp-content\/uploads\/2023\/10\/IMG_1705.png?fit=603%2C600&ssl=1&resize=525%2C300 1.5x"},"classes":[]},{"id":26434,"url":"https:\/\/docmarket-dz.com\/index.php\/product\/aiguille-0425-septedont\/","url_meta":{"origin":26146,"position":4},"title":"AIGUILLE 04*25 SEPTEDONT","author":"falek.h","date":"01\/01\/1970","format":false,"excerpt":"","rel":"","context":"Article similaire","block_context":{"text":"Article similaire","link":""},"img":{"alt_text":"","src":"https:\/\/i0.wp.com\/docmarket-dz.com\/wp-content\/uploads\/2023\/03\/AIGUILLE-04-25-SEPTEDONT.jpg?fit=600%2C600&ssl=1&resize=350%2C200","width":350,"height":200,"srcset":"https:\/\/i0.wp.com\/docmarket-dz.com\/wp-content\/uploads\/2023\/03\/AIGUILLE-04-25-SEPTEDONT.jpg?fit=600%2C600&ssl=1&resize=350%2C200 1x, https:\/\/i0.wp.com\/docmarket-dz.com\/wp-content\/uploads\/2023\/03\/AIGUILLE-04-25-SEPTEDONT.jpg?fit=600%2C600&ssl=1&resize=525%2C300 1.5x"},"classes":[]},{"id":30491,"url":"https:\/\/docmarket-dz.com\/index.php\/product\/seringue-2-ml-g22-pronto-g\/","url_meta":{"origin":26146,"position":5},"title":"Seringue 2 ML G22 PRONTO (G)","author":"Amel","date":"20\/11\/2025","format":false,"excerpt":"Instrument (petite pompe munie d'une aiguille) utilis\u00e9 pour injecter des liquides dans l'organisme ou en pr\u00e9lever","rel":"","context":"Article similaire","block_context":{"text":"Article similaire","link":""},"img":{"alt_text":"","src":"https:\/\/i0.wp.com\/docmarket-dz.com\/wp-content\/uploads\/2023\/10\/IMG_1705.png?fit=603%2C600&ssl=1&resize=350%2C200","width":350,"height":200,"srcset":"https:\/\/i0.wp.com\/docmarket-dz.com\/wp-content\/uploads\/2023\/10\/IMG_1705.png?fit=603%2C600&ssl=1&resize=350%2C200 1x, https:\/\/i0.wp.com\/docmarket-dz.com\/wp-content\/uploads\/2023\/10\/IMG_1705.png?fit=603%2C600&ssl=1&resize=525%2C300 1.5x"},"classes":[]}],"jetpack_sharing_enabled":true,"tiered_pricing_type":"fixed","tiered_pricing_fixed_rules":[],"tiered_pricing_product_settings":{"layout":"default","base_unit_name":{"singular":null,"plural":null},"default_variation":null},"tiered_pricing_minimum_quantity":null,"tiered_pricing_roles_data":[],"tiered_pricing_percentage_rules":[],"_links":{"self":[{"href":"https:\/\/docmarket-dz.com\/index.php\/wp-json\/wp\/v2\/product\/26146","targetHints":{"allow":["GET"]}}],"collection":[{"href":"https:\/\/docmarket-dz.com\/index.php\/wp-json\/wp\/v2\/product"}],"about":[{"href":"https:\/\/docmarket-dz.com\/index.php\/wp-json\/wp\/v2\/types\/product"}],"replies":[{"embeddable":true,"href":"https:\/\/docmarket-dz.com\/index.php\/wp-json\/wp\/v2\/comments?post=26146"}],"wp:featuredmedia":[{"embeddable":true,"href":"https:\/\/docmarket-dz.com\/index.php\/wp-json\/wp\/v2\/media\/27341"}],"wp:attachment":[{"href":"https:\/\/docmarket-dz.com\/index.php\/wp-json\/wp\/v2\/media?parent=26146"}],"wp:term":[{"taxonomy":"product_brand","embeddable":true,"href":"https:\/\/docmarket-dz.com\/index.php\/wp-json\/wp\/v2\/product_brand?post=26146"},{"taxonomy":"product_cat","embeddable":true,"href":"https:\/\/docmarket-dz.com\/index.php\/wp-json\/wp\/v2\/product_cat?post=26146"},{"taxonomy":"product_tag","embeddable":true,"href":"https:\/\/docmarket-dz.com\/index.php\/wp-json\/wp\/v2\/product_tag?post=26146"}],"curies":[{"name":"wp","href":"https:\/\/api.w.org\/{rel}","templated":true}]}}