{"id":26164,"date":"2023-03-12T08:21:08","date_gmt":"2023-03-12T07:21:08","guid":{"rendered":"https:\/\/docmarket-dz.com\/?post_type=product&#038;p=26164"},"modified":"2023-08-09T14:07:00","modified_gmt":"2023-08-09T13:07:00","slug":"automate-dhematologie-a-20-parametres-3-histogramme","status":"publish","type":"product","link":"https:\/\/docmarket-dz.com\/index.php\/product\/automate-dhematologie-a-20-parametres-3-histogramme\/","title":{"rendered":"AUTOMATE D&#8217;HEMATOLOGIE A 20 PARAMETRES + 3 HISTOGRAMME"},"content":{"rendered":"","protected":false},"excerpt":{"rendered":"","protected":false},"featured_media":0,"comment_status":"open","ping_status":"closed","template":"","meta":{"content-type":"","om_disable_all_campaigns":false,"_uf_show_specific_survey":0,"_uf_disable_surveys":false,"jetpack_publicize_message":"","jetpack_publicize_feature_enabled":true,"jetpack_social_post_already_shared":false,"jetpack_social_options":{"image_generator_settings":{"template":"highway","default_image_id":0,"font":"","enabled":false},"version":2}},"product_brand":[],"product_cat":[487],"product_tag":[],"class_list":{"0":"post-26164","1":"product","2":"type-product","3":"status-publish","5":"product_cat-medical","7":"first","8":"onbackorder","9":"taxable","10":"shipping-taxable","11":"purchasable","12":"product-type-simple"},"supplier_id":null,"supplier_sku":"","barcode":null,"atum_controlled":true,"out_stock_date":null,"out_stock_threshold":null,"inheritable":false,"inbound_stock":0,"stock_on_hold":0,"sold_today":0,"sales_last_days":0,"reserved_stock":0,"customer_returns":0,"warehouse_damage":0,"lost_in_post":0,"other_logs":0,"out_stock_days":0,"lost_sales":0,"has_location":false,"update_date":"2026-04-16T00:08:02","atum_locations":[],"atum_stock_status":"onbackorder","restock_status":false,"low_stock_amount":"","sales_update_date":"2026-04-16T00:08:02","calc_backorders":null,"aioseo_notices":[],"jetpack_publicize_connections":[],"jetpack-related-posts":[{"id":28667,"url":"https:\/\/docmarket-dz.com\/index.php\/product\/tensiometre-automatique-swing-med\/","url_meta":{"origin":26164,"position":0},"title":"Tensiometre Automatique Swing Med","author":"TIKELALINE Amel","date":"20\/03\/2024","format":false,"excerpt":"Ecran LCD Extra Large Brassard souple de 22 \u00e0 42 cm. Indicateur du seuil d'hypertension. Indicateur d'arythmie IHB. Micro USB Moyenne des 3 derni\u00e8res mesures. Indicateur batterie faible. Fonctionne avec 4 piles AAA","rel":"","context":"Article similaire","block_context":{"text":"Article similaire","link":""},"img":{"alt_text":"","src":"https:\/\/i0.wp.com\/docmarket-dz.com\/wp-content\/uploads\/2024\/03\/D4wv0ehOwEe45Hov17PE8W6xuUFNjcUnNx29oLlF.jpg?fit=603%2C596&ssl=1&resize=350%2C200","width":350,"height":200,"srcset":"https:\/\/i0.wp.com\/docmarket-dz.com\/wp-content\/uploads\/2024\/03\/D4wv0ehOwEe45Hov17PE8W6xuUFNjcUnNx29oLlF.jpg?fit=603%2C596&ssl=1&resize=350%2C200 1x, https:\/\/i0.wp.com\/docmarket-dz.com\/wp-content\/uploads\/2024\/03\/D4wv0ehOwEe45Hov17PE8W6xuUFNjcUnNx29oLlF.jpg?fit=603%2C596&ssl=1&resize=525%2C300 1.5x"},"classes":[]},{"id":27977,"url":"https:\/\/docmarket-dz.com\/index.php\/product\/ecg-12-pistes-avec-interpretation-1200g-contec\/","url_meta":{"origin":26164,"position":1},"title":"ECG 12 PISTES AVEC INTERPRETATION 1200G CONTEC","author":"fatmazohra.nasri","date":"04\/12\/2023","format":false,"excerpt":"ECG 12 PISTES AVEC INTERPRETATION 1200G CONTEC ECG 12 pistes avec mesure et interpr\u00e9tation automatique. Enregistrement des 12 d\u00e9rivations standards. Gestion de la base de donn\u00e9es (nom, \u00e2ge, sexe, taille, poids, etc..) Impression Multi formats (A4). Ecran LCD tactile 160 x 120 m. Enregistrement automatique ou manuel. M\u00e9moire interne de\u2026","rel":"","context":"Article similaire","block_context":{"text":"Article similaire","link":""},"img":{"alt_text":"","src":"https:\/\/i0.wp.com\/docmarket-dz.com\/wp-content\/uploads\/2023\/12\/ecg-12-pistes-avec-interpretation-1200g-contec-2.jpg?fit=608%2C601&ssl=1&resize=350%2C200","width":350,"height":200,"srcset":"https:\/\/i0.wp.com\/docmarket-dz.com\/wp-content\/uploads\/2023\/12\/ecg-12-pistes-avec-interpretation-1200g-contec-2.jpg?fit=608%2C601&ssl=1&resize=350%2C200 1x, https:\/\/i0.wp.com\/docmarket-dz.com\/wp-content\/uploads\/2023\/12\/ecg-12-pistes-avec-interpretation-1200g-contec-2.jpg?fit=608%2C601&ssl=1&resize=525%2C300 1.5x"},"classes":[]},{"id":29563,"url":"https:\/\/docmarket-dz.com\/index.php\/product\/mindray-m-53-cleanser-50-ml\/","url_meta":{"origin":26164,"position":2},"title":"MINDRAY M-53 CLEANSER &#8211; 50 ml","author":"Sofiane Arbouche","date":"21\/10\/2024","format":false,"excerpt":"Nettoyant pour sonde pour r\u00e9actifs pour analyseur d\u2032h\u00e9matologie M-53 M-52 Mindray","rel":"","context":"Article similaire","block_context":{"text":"Article similaire","link":""},"img":{"alt_text":"","src":"","width":0,"height":0},"classes":[]},{"id":30208,"url":"https:\/\/docmarket-dz.com\/index.php\/product\/metre-ruban-perimetrique\/","url_meta":{"origin":26164,"position":3},"title":"M\u00e8tre ruban p\u00e9rim\u00e9trique","author":"Amel","date":"30\/06\/2025","format":false,"excerpt":"Description \u00a0 Utilisation\u00a0: Dispositif utilis\u00e9 pour mesurer des parties du corps humain \u2022 Plage de mesure : de 0 \u00e0 200 cm \u2022 Graduation : 1 mm \u2022 Enroulement automatique Dimensions Lo x la x h(mm) : Bo\u00eetier = 88 x 56 x 20 Ruban = 2000 x 14 x\u2026","rel":"","context":"Article similaire","block_context":{"text":"Article similaire","link":""},"img":{"alt_text":"","src":"https:\/\/i0.wp.com\/docmarket-dz.com\/wp-content\/uploads\/2025\/06\/ruban-mesure-perimetrique.jpg?fit=500%2C500&ssl=1&resize=350%2C200","width":350,"height":200},"classes":[]},{"id":30527,"url":"https:\/\/docmarket-dz.com\/index.php\/product\/tensiometre-automatique-rossmax-modele-z1\/","url_meta":{"origin":26164,"position":4},"title":"Tensiom\u00e8tre Automatique &#8211; ROSSMAX &#8211; Mod\u00e8le Z1","author":"Sofiane Arbouche","date":"02\/12\/2025","format":false,"excerpt":"Ce moniteur de pression art\u00e9rielle a pass\u00e9 les crit\u00e8res de l'European Society of Hypertension en r\u00e9alisant toutes les exigences. En outre, ce moniteur est conforme \u00e0 la norme requise par l\u2019AAMI (AAMI\/ANSI\/ISO 81060-2). \u00a0D\u00e9tection de mouvement La \u00abd\u00e9tection de mouvement\" permet de rappeler \u00e0 l'utilisateur de rester immobile et indique\u2026","rel":"","context":"Article similaire","block_context":{"text":"Article similaire","link":""},"img":{"alt_text":"","src":"https:\/\/i0.wp.com\/docmarket-dz.com\/wp-content\/uploads\/2025\/12\/Sans-titre-1.jpg?fit=1000%2C1000&ssl=1&resize=350%2C200","width":350,"height":200,"srcset":"https:\/\/i0.wp.com\/docmarket-dz.com\/wp-content\/uploads\/2025\/12\/Sans-titre-1.jpg?fit=1000%2C1000&ssl=1&resize=350%2C200 1x, https:\/\/i0.wp.com\/docmarket-dz.com\/wp-content\/uploads\/2025\/12\/Sans-titre-1.jpg?fit=1000%2C1000&ssl=1&resize=525%2C300 1.5x, https:\/\/i0.wp.com\/docmarket-dz.com\/wp-content\/uploads\/2025\/12\/Sans-titre-1.jpg?fit=1000%2C1000&ssl=1&resize=700%2C400 2x"},"classes":[]},{"id":25336,"url":"https:\/\/docmarket-dz.com\/index.php\/product\/thermometre-infra-rouge-auriculaire-frontal-swing-med\/","url_meta":{"origin":26164,"position":5},"title":"THERMOMETRE INFRA ROUGE AURICULAIRE \/ FRONTAL SWING MED","author":"falek.h","date":"03\/03\/2023","format":false,"excerpt":"Deux fonctions ensemble: temp\u00e9rature de la t\u00eate et temp\u00e9rature de l'oreille; Lecture rapide en 1 seconde 9 s\u00e9ries de mesures Rappel sonore Mesure Sanns Contact (Non touchant) Convient aux adultes et aux nourrissons Arr\u00eat automatique: 30 secondes sans op\u00e9ration. \u00c9cran r\u00e9tro-\u00e9clair\u00e9 avec 3 couleurs: vert, orange, rouge","rel":"","context":"Article similaire","block_context":{"text":"Article similaire","link":""},"img":{"alt_text":"","src":"https:\/\/i0.wp.com\/docmarket-dz.com\/wp-content\/uploads\/2023\/03\/THERMOMETRE-INFRA-ROUGE-AURICULAIRE-FRONTAL-SWING-MED-PhotoRoom.png-PhotoRoom.png?fit=526%2C509&ssl=1&resize=350%2C200","width":350,"height":200,"srcset":"https:\/\/i0.wp.com\/docmarket-dz.com\/wp-content\/uploads\/2023\/03\/THERMOMETRE-INFRA-ROUGE-AURICULAIRE-FRONTAL-SWING-MED-PhotoRoom.png-PhotoRoom.png?fit=526%2C509&ssl=1&resize=350%2C200 1x, https:\/\/i0.wp.com\/docmarket-dz.com\/wp-content\/uploads\/2023\/03\/THERMOMETRE-INFRA-ROUGE-AURICULAIRE-FRONTAL-SWING-MED-PhotoRoom.png-PhotoRoom.png?fit=526%2C509&ssl=1&resize=525%2C300 1.5x"},"classes":[]}],"jetpack_sharing_enabled":true,"tiered_pricing_type":"fixed","tiered_pricing_fixed_rules":[],"tiered_pricing_product_settings":{"layout":"default","base_unit_name":{"singular":null,"plural":null},"default_variation":null},"tiered_pricing_minimum_quantity":null,"tiered_pricing_roles_data":[],"tiered_pricing_percentage_rules":[],"_links":{"self":[{"href":"https:\/\/docmarket-dz.com\/index.php\/wp-json\/wp\/v2\/product\/26164","targetHints":{"allow":["GET"]}}],"collection":[{"href":"https:\/\/docmarket-dz.com\/index.php\/wp-json\/wp\/v2\/product"}],"about":[{"href":"https:\/\/docmarket-dz.com\/index.php\/wp-json\/wp\/v2\/types\/product"}],"replies":[{"embeddable":true,"href":"https:\/\/docmarket-dz.com\/index.php\/wp-json\/wp\/v2\/comments?post=26164"}],"wp:attachment":[{"href":"https:\/\/docmarket-dz.com\/index.php\/wp-json\/wp\/v2\/media?parent=26164"}],"wp:term":[{"taxonomy":"product_brand","embeddable":true,"href":"https:\/\/docmarket-dz.com\/index.php\/wp-json\/wp\/v2\/product_brand?post=26164"},{"taxonomy":"product_cat","embeddable":true,"href":"https:\/\/docmarket-dz.com\/index.php\/wp-json\/wp\/v2\/product_cat?post=26164"},{"taxonomy":"product_tag","embeddable":true,"href":"https:\/\/docmarket-dz.com\/index.php\/wp-json\/wp\/v2\/product_tag?post=26164"}],"curies":[{"name":"wp","href":"https:\/\/api.w.org\/{rel}","templated":true}]}}