{"id":26165,"date":"2023-03-12T08:21:08","date_gmt":"2023-03-12T07:21:08","guid":{"rendered":"https:\/\/docmarket-dz.com\/?post_type=product&#038;p=26165"},"modified":"2024-11-18T11:26:18","modified_gmt":"2024-11-18T10:26:18","slug":"divan-gynecologique","status":"publish","type":"product","link":"https:\/\/docmarket-dz.com\/index.php\/product\/divan-gynecologique\/","title":{"rendered":"DIVAN GYNECOLOGIQUE"},"content":{"rendered":"","protected":false},"excerpt":{"rendered":"","protected":false},"featured_media":29675,"comment_status":"open","ping_status":"closed","template":"","meta":{"content-type":"","om_disable_all_campaigns":false,"_uf_show_specific_survey":0,"_uf_disable_surveys":false,"jetpack_publicize_message":"","jetpack_publicize_feature_enabled":true,"jetpack_social_post_already_shared":false,"jetpack_social_options":{"image_generator_settings":{"template":"highway","default_image_id":0,"font":"","enabled":false},"version":2}},"product_brand":[],"product_cat":[487],"product_tag":[],"class_list":{"0":"post-26165","1":"product","2":"type-product","3":"status-publish","4":"has-post-thumbnail","6":"product_cat-medical","8":"first","9":"onbackorder","10":"taxable","11":"shipping-taxable","12":"purchasable","13":"product-type-simple"},"supplier_id":null,"supplier_sku":"","barcode":null,"atum_controlled":true,"out_stock_date":null,"out_stock_threshold":null,"inheritable":false,"inbound_stock":0,"stock_on_hold":0,"sold_today":0,"sales_last_days":0,"reserved_stock":0,"customer_returns":0,"warehouse_damage":0,"lost_in_post":0,"other_logs":0,"out_stock_days":0,"lost_sales":0,"has_location":false,"update_date":"2026-04-16T00:07:53","atum_locations":[],"atum_stock_status":"onbackorder","restock_status":false,"low_stock_amount":"","sales_update_date":"2026-04-16T00:07:53","calc_backorders":null,"aioseo_notices":[],"jetpack_publicize_connections":[],"jetpack-related-posts":[{"id":27817,"url":"https:\/\/docmarket-dz.com\/index.php\/product\/pince-a-biopsie-gynecologique-douay-20-cm\/","url_meta":{"origin":26165,"position":0},"title":"PINCE A BIOPSIE GYNECOLOGIQUE DOUAY 20 CM","author":"fatmazohra.nasri","date":"13\/11\/2023","format":false,"excerpt":"","rel":"","context":"Article similaire","block_context":{"text":"Article similaire","link":""},"img":{"alt_text":"","src":"https:\/\/i0.wp.com\/docmarket-dz.com\/wp-content\/uploads\/2023\/11\/062278abc53e9bd768c5ec9202328954.jpg?fit=500%2C500&ssl=1&resize=350%2C200","width":350,"height":200},"classes":[]},{"id":25454,"url":"https:\/\/docmarket-dz.com\/index.php\/product\/table-gynecologique\/","url_meta":{"origin":26165,"position":1},"title":"TABLE GYNECOLOGIQUE","author":"falek.h","date":"12\/03\/2023","format":false,"excerpt":"","rel":"","context":"Article similaire","block_context":{"text":"Article similaire","link":""},"img":{"alt_text":"","src":"","width":0,"height":0},"classes":[]},{"id":25455,"url":"https:\/\/docmarket-dz.com\/index.php\/product\/table-gynecologique-chromee\/","url_meta":{"origin":26165,"position":2},"title":"TABLE GYNECOLOGIQUE CHROMEE","author":"falek.h","date":"12\/03\/2023","format":false,"excerpt":"","rel":"","context":"Article similaire","block_context":{"text":"Article similaire","link":""},"img":{"alt_text":"","src":"","width":0,"height":0},"classes":[]},{"id":25456,"url":"https:\/\/docmarket-dz.com\/index.php\/product\/table-gynecologique-tube-carree-chromee\/","url_meta":{"origin":26165,"position":3},"title":"TABLE GYNECOLOGIQUE TUBE CARREE CHROMEE","author":"falek.h","date":"12\/03\/2023","format":false,"excerpt":"","rel":"","context":"Article similaire","block_context":{"text":"Article similaire","link":""},"img":{"alt_text":"","src":"","width":0,"height":0},"classes":[]},{"id":28562,"url":"https:\/\/docmarket-dz.com\/index.php\/product\/hysterometre-valleix-avec-curseur25cm\/","url_meta":{"origin":26165,"position":4},"title":"HYSTEROMETRE VALLEIX AVEC CURSEUR 25CM","author":"TIKELALINE Amel","date":"25\/02\/2024","format":false,"excerpt":"Usage :\u00a0outil de mesure de la profondeur de l'ut\u00e9rus Destination :\u00a0chirurgie gyn\u00e9cologique, chirurgie ut\u00e9rine Entretien :\u00a0livr\u00e9 non st\u00e9rile, ce dispositif doit \u00eatre lav\u00e9, d\u00e9sinfect\u00e9 et st\u00e9rilis\u00e9 avant toute utilisation","rel":"","context":"Article similaire","block_context":{"text":"Article similaire","link":""},"img":{"alt_text":"","src":"https:\/\/i0.wp.com\/docmarket-dz.com\/wp-content\/uploads\/2024\/02\/hysterometre-de-valleix-a-curseur-25cm.jpg?fit=800%2C800&ssl=1&resize=350%2C200","width":350,"height":200,"srcset":"https:\/\/i0.wp.com\/docmarket-dz.com\/wp-content\/uploads\/2024\/02\/hysterometre-de-valleix-a-curseur-25cm.jpg?fit=800%2C800&ssl=1&resize=350%2C200 1x, https:\/\/i0.wp.com\/docmarket-dz.com\/wp-content\/uploads\/2024\/02\/hysterometre-de-valleix-a-curseur-25cm.jpg?fit=800%2C800&ssl=1&resize=525%2C300 1.5x, https:\/\/i0.wp.com\/docmarket-dz.com\/wp-content\/uploads\/2024\/02\/hysterometre-de-valleix-a-curseur-25cm.jpg?fit=800%2C800&ssl=1&resize=700%2C400 2x"},"classes":[]},{"id":25236,"url":"https:\/\/docmarket-dz.com\/index.php\/product\/ecouvillon-sterille\/","url_meta":{"origin":26165,"position":5},"title":"ECOUVILLON STERILLE","author":"falek.h","date":"26\/02\/2023","format":false,"excerpt":"","rel":"","context":"Article similaire","block_context":{"text":"Article similaire","link":""},"img":{"alt_text":"","src":"https:\/\/i0.wp.com\/docmarket-dz.com\/wp-content\/uploads\/2023\/02\/ecouvillons-steriles-PhotoRoom.png-PhotoRoom.png?fit=458%2C458&ssl=1&resize=350%2C200","width":350,"height":200},"classes":[]}],"jetpack_sharing_enabled":true,"tiered_pricing_type":"fixed","tiered_pricing_fixed_rules":[],"tiered_pricing_product_settings":{"layout":"default","base_unit_name":{"singular":null,"plural":null},"default_variation":null},"tiered_pricing_minimum_quantity":null,"tiered_pricing_roles_data":[],"tiered_pricing_percentage_rules":[],"_links":{"self":[{"href":"https:\/\/docmarket-dz.com\/index.php\/wp-json\/wp\/v2\/product\/26165","targetHints":{"allow":["GET"]}}],"collection":[{"href":"https:\/\/docmarket-dz.com\/index.php\/wp-json\/wp\/v2\/product"}],"about":[{"href":"https:\/\/docmarket-dz.com\/index.php\/wp-json\/wp\/v2\/types\/product"}],"replies":[{"embeddable":true,"href":"https:\/\/docmarket-dz.com\/index.php\/wp-json\/wp\/v2\/comments?post=26165"}],"wp:featuredmedia":[{"embeddable":true,"href":"https:\/\/docmarket-dz.com\/index.php\/wp-json\/wp\/v2\/media\/29675"}],"wp:attachment":[{"href":"https:\/\/docmarket-dz.com\/index.php\/wp-json\/wp\/v2\/media?parent=26165"}],"wp:term":[{"taxonomy":"product_brand","embeddable":true,"href":"https:\/\/docmarket-dz.com\/index.php\/wp-json\/wp\/v2\/product_brand?post=26165"},{"taxonomy":"product_cat","embeddable":true,"href":"https:\/\/docmarket-dz.com\/index.php\/wp-json\/wp\/v2\/product_cat?post=26165"},{"taxonomy":"product_tag","embeddable":true,"href":"https:\/\/docmarket-dz.com\/index.php\/wp-json\/wp\/v2\/product_tag?post=26165"}],"curies":[{"name":"wp","href":"https:\/\/api.w.org\/{rel}","templated":true}]}}