{"id":26170,"date":"2023-03-12T08:21:10","date_gmt":"2023-03-12T07:21:10","guid":{"rendered":"https:\/\/docmarket-dz.com\/?post_type=product&#038;p=26170"},"modified":"2023-08-09T14:06:59","modified_gmt":"2023-08-09T13:06:59","slug":"etuve-de-sterelisation-dhg-9053a-50l","status":"publish","type":"product","link":"https:\/\/docmarket-dz.com\/index.php\/product\/etuve-de-sterelisation-dhg-9053a-50l\/","title":{"rendered":"ETUVE DE STERELISATION DHG-9053A 50L"},"content":{"rendered":"","protected":false},"excerpt":{"rendered":"","protected":false},"featured_media":0,"comment_status":"open","ping_status":"closed","template":"","meta":{"content-type":"","om_disable_all_campaigns":false,"_uf_show_specific_survey":0,"_uf_disable_surveys":false,"jetpack_publicize_message":"","jetpack_publicize_feature_enabled":true,"jetpack_social_post_already_shared":false,"jetpack_social_options":{"image_generator_settings":{"template":"highway","default_image_id":0,"font":"","enabled":false},"version":2}},"product_brand":[],"product_cat":[487],"product_tag":[],"class_list":{"0":"post-26170","1":"product","2":"type-product","3":"status-publish","5":"product_cat-medical","7":"first","8":"onbackorder","9":"taxable","10":"shipping-taxable","11":"purchasable","12":"product-type-simple"},"supplier_id":null,"supplier_sku":"","barcode":null,"atum_controlled":true,"out_stock_date":null,"out_stock_threshold":null,"inheritable":false,"inbound_stock":0,"stock_on_hold":0,"sold_today":0,"sales_last_days":0,"reserved_stock":0,"customer_returns":0,"warehouse_damage":0,"lost_in_post":0,"other_logs":0,"out_stock_days":0,"lost_sales":0,"has_location":false,"update_date":"2026-04-16T00:07:55","atum_locations":[],"atum_stock_status":"onbackorder","restock_status":false,"low_stock_amount":"","sales_update_date":"2026-04-16T00:07:55","calc_backorders":null,"aioseo_notices":[],"jetpack_publicize_connections":[],"jetpack-related-posts":[{"id":26169,"url":"https:\/\/docmarket-dz.com\/index.php\/product\/etuve-de-sterelisation-dhg-9030a-30l\/","url_meta":{"origin":26170,"position":0},"title":"ETUVE DE STERELISATION DHG-9030A 30L","author":"falek.h","date":"12\/03\/2023","format":false,"excerpt":"","rel":"","context":"Article similaire","block_context":{"text":"Article similaire","link":""},"img":{"alt_text":"","src":"","width":0,"height":0},"classes":[]},{"id":25904,"url":"https:\/\/docmarket-dz.com\/index.php\/product\/etuve-bacteriologique\/","url_meta":{"origin":26170,"position":1},"title":"Etuve Bacteriologique","author":"falek.h","date":"12\/03\/2023","format":false,"excerpt":"","rel":"","context":"Article similaire","block_context":{"text":"Article similaire","link":""},"img":{"alt_text":"","src":"","width":0,"height":0},"classes":[]},{"id":26130,"url":"https:\/\/docmarket-dz.com\/index.php\/product\/accumax-micropipette-fixe-50l\/","url_meta":{"origin":26170,"position":2},"title":"ACCUMAX MICROPIPETTE FIXE 50L","author":"falek.h","date":"12\/03\/2023","format":false,"excerpt":"","rel":"","context":"Article similaire","block_context":{"text":"Article similaire","link":""},"img":{"alt_text":"","src":"https:\/\/i0.wp.com\/docmarket-dz.com\/wp-content\/uploads\/2023\/03\/ACCUMAX-MICROPIPETTE-FIXE-10-1.jpg?fit=600%2C600&ssl=1&resize=350%2C200","width":350,"height":200,"srcset":"https:\/\/i0.wp.com\/docmarket-dz.com\/wp-content\/uploads\/2023\/03\/ACCUMAX-MICROPIPETTE-FIXE-10-1.jpg?fit=600%2C600&ssl=1&resize=350%2C200 1x, https:\/\/i0.wp.com\/docmarket-dz.com\/wp-content\/uploads\/2023\/03\/ACCUMAX-MICROPIPETTE-FIXE-10-1.jpg?fit=600%2C600&ssl=1&resize=525%2C300 1.5x"},"classes":[]},{"id":26162,"url":"https:\/\/docmarket-dz.com\/index.php\/product\/autoclave-50l-dengguan\/","url_meta":{"origin":26170,"position":3},"title":"AUTOCLAVE 50L DENGGUAN","author":"falek.h","date":"12\/03\/2023","format":false,"excerpt":"","rel":"","context":"Article similaire","block_context":{"text":"Article similaire","link":""},"img":{"alt_text":"","src":"","width":0,"height":0},"classes":[]},{"id":28001,"url":"https:\/\/docmarket-dz.com\/index.php\/product\/autoclave-50l-classe-b-avec-imprimante-integree\/","url_meta":{"origin":26170,"position":4},"title":"Autoclave 50L classe B avec imprimante int\u00e9gr\u00e9e  (Le prix change selon l&#8217;arrivage)","author":"fatmazohra.nasri","date":"04\/11\/2023","format":false,"excerpt":"Ecran LCD R\u00e9servoir int\u00e9gr\u00e9e facile \u00e0 nettoyer avec capteur de qualit\u00e9 d\u2019eau Porte avec verrouillage automatique s\u00e9curis\u00e9 04 programmes de st\u00e9rilisation Protection contre la surchauffe, la suppression, protection de g\u00e9n\u00e9rateur de vapeur G\u00e9n\u00e9rateur de vapeur int\u00e9gr\u00e9 Temp\u00e9rature de st\u00e9rilisation : 121\u00b0C - 134\u00b0C Pression : 0.3 Mpa Taille de chambre\u2026","rel":"","context":"Article similaire","block_context":{"text":"Article similaire","link":""},"img":{"alt_text":"","src":"https:\/\/i0.wp.com\/docmarket-dz.com\/wp-content\/uploads\/2023\/12\/NET-AAL-XL-B_Autoclave_table_class_type_result.jpg?fit=603%2C599&ssl=1&resize=350%2C200","width":350,"height":200,"srcset":"https:\/\/i0.wp.com\/docmarket-dz.com\/wp-content\/uploads\/2023\/12\/NET-AAL-XL-B_Autoclave_table_class_type_result.jpg?fit=603%2C599&ssl=1&resize=350%2C200 1x, https:\/\/i0.wp.com\/docmarket-dz.com\/wp-content\/uploads\/2023\/12\/NET-AAL-XL-B_Autoclave_table_class_type_result.jpg?fit=603%2C599&ssl=1&resize=525%2C300 1.5x"},"classes":[]}],"jetpack_sharing_enabled":true,"tiered_pricing_type":"fixed","tiered_pricing_fixed_rules":[],"tiered_pricing_product_settings":{"layout":"default","base_unit_name":{"singular":null,"plural":null},"default_variation":null},"tiered_pricing_minimum_quantity":null,"tiered_pricing_roles_data":[],"tiered_pricing_percentage_rules":[],"_links":{"self":[{"href":"https:\/\/docmarket-dz.com\/index.php\/wp-json\/wp\/v2\/product\/26170","targetHints":{"allow":["GET"]}}],"collection":[{"href":"https:\/\/docmarket-dz.com\/index.php\/wp-json\/wp\/v2\/product"}],"about":[{"href":"https:\/\/docmarket-dz.com\/index.php\/wp-json\/wp\/v2\/types\/product"}],"replies":[{"embeddable":true,"href":"https:\/\/docmarket-dz.com\/index.php\/wp-json\/wp\/v2\/comments?post=26170"}],"wp:attachment":[{"href":"https:\/\/docmarket-dz.com\/index.php\/wp-json\/wp\/v2\/media?parent=26170"}],"wp:term":[{"taxonomy":"product_brand","embeddable":true,"href":"https:\/\/docmarket-dz.com\/index.php\/wp-json\/wp\/v2\/product_brand?post=26170"},{"taxonomy":"product_cat","embeddable":true,"href":"https:\/\/docmarket-dz.com\/index.php\/wp-json\/wp\/v2\/product_cat?post=26170"},{"taxonomy":"product_tag","embeddable":true,"href":"https:\/\/docmarket-dz.com\/index.php\/wp-json\/wp\/v2\/product_tag?post=26170"}],"curies":[{"name":"wp","href":"https:\/\/api.w.org\/{rel}","templated":true}]}}