{"id":26190,"date":"2023-03-12T08:21:21","date_gmt":"2023-03-12T07:21:21","guid":{"rendered":"https:\/\/docmarket-dz.com\/?post_type=product&#038;p=26190"},"modified":"2024-12-10T15:19:24","modified_gmt":"2024-12-10T14:19:24","slug":"matelas-anti-escarre-a-air-omrone","status":"publish","type":"product","link":"https:\/\/docmarket-dz.com\/index.php\/product\/matelas-anti-escarre-a-air-omrone\/","title":{"rendered":"MATELAS ANTI ESCARRE A AIR"},"content":{"rendered":"","protected":false},"excerpt":{"rendered":"","protected":false},"featured_media":0,"comment_status":"open","ping_status":"closed","template":"","meta":{"content-type":"","om_disable_all_campaigns":false,"_uf_show_specific_survey":0,"_uf_disable_surveys":false,"jetpack_publicize_message":"","jetpack_publicize_feature_enabled":true,"jetpack_social_post_already_shared":false,"jetpack_social_options":{"image_generator_settings":{"template":"highway","default_image_id":0,"font":"","enabled":false},"version":2}},"product_brand":[],"product_cat":[487],"product_tag":[],"class_list":{"0":"post-26190","1":"product","2":"type-product","3":"status-publish","5":"product_cat-medical","7":"first","8":"onbackorder","9":"taxable","10":"shipping-taxable","11":"purchasable","12":"product-type-simple"},"supplier_id":null,"supplier_sku":"","barcode":null,"atum_controlled":true,"out_stock_date":null,"out_stock_threshold":null,"inheritable":false,"inbound_stock":0,"stock_on_hold":0,"sold_today":0,"sales_last_days":0,"reserved_stock":0,"customer_returns":0,"warehouse_damage":0,"lost_in_post":0,"other_logs":0,"out_stock_days":0,"lost_sales":0,"has_location":false,"update_date":"2026-04-16T00:07:55","atum_locations":[],"atum_stock_status":"onbackorder","restock_status":false,"low_stock_amount":"","sales_update_date":"2026-04-16T00:07:55","calc_backorders":null,"aioseo_notices":[],"jetpack_publicize_connections":[],"jetpack-related-posts":[{"id":26191,"url":"https:\/\/docmarket-dz.com\/index.php\/product\/matelas-anti-escarre-a-eau-omrone\/","url_meta":{"origin":26190,"position":0},"title":"MATELAS ANTI ESCARRE A EAU OMRONE","author":"falek.h","date":"12\/03\/2023","format":false,"excerpt":"","rel":"","context":"Article similaire","block_context":{"text":"Article similaire","link":""},"img":{"alt_text":"","src":"","width":0,"height":0},"classes":[]},{"id":26192,"url":"https:\/\/docmarket-dz.com\/index.php\/product\/matelas-anti-escarre-a-eau-swingmed\/","url_meta":{"origin":26190,"position":1},"title":"MATELAS ANTI ESCARRE A EAU SWINGMED","author":"falek.h","date":"12\/03\/2023","format":false,"excerpt":"","rel":"","context":"Article similaire","block_context":{"text":"Article similaire","link":""},"img":{"alt_text":"","src":"","width":0,"height":0},"classes":[]},{"id":26249,"url":"https:\/\/docmarket-dz.com\/index.php\/product\/savon-anti-bacterien-05l-ranais\/","url_meta":{"origin":26190,"position":2},"title":"SAVON ANTI BACTERIEN 05L RANAIS","author":"falek.h","date":"12\/03\/2023","format":false,"excerpt":"","rel":"","context":"Article similaire","block_context":{"text":"Article similaire","link":""},"img":{"alt_text":"","src":"","width":0,"height":0},"classes":[]},{"id":26250,"url":"https:\/\/docmarket-dz.com\/index.php\/product\/savon-anti-bacterien-1l-ranais\/","url_meta":{"origin":26190,"position":3},"title":"SAVON ANTI BACTERIEN 1L RANAIS","author":"falek.h","date":"12\/03\/2023","format":false,"excerpt":"","rel":"","context":"Article similaire","block_context":{"text":"Article similaire","link":""},"img":{"alt_text":"","src":"","width":0,"height":0},"classes":[]},{"id":26251,"url":"https:\/\/docmarket-dz.com\/index.php\/product\/savon-anti-bacterien-500ml-ranais\/","url_meta":{"origin":26190,"position":4},"title":"SAVON ANTI BACTERIEN 500ML RANAIS","author":"falek.h","date":"12\/03\/2023","format":false,"excerpt":"","rel":"","context":"Article similaire","block_context":{"text":"Article similaire","link":""},"img":{"alt_text":"","src":"","width":0,"height":0},"classes":[]},{"id":24367,"url":"https:\/\/docmarket-dz.com\/index.php\/product\/sparadrap-perfore-4mx18cm\/","url_meta":{"origin":26190,"position":5},"title":"SPARADRAP PERFORE 4MX18CM","author":"falek.h","date":"23\/12\/2022","format":false,"excerpt":"Sparadrap perfor\u00e9 adh\u00e9sif, \u00e0 l\u2019Oxyde de Zinc \u2022\u00a0 \u00a0Neoplast- sparadrap perfor\u00e9 \u00e0 base d\u2019oxyde de Zinc \u2022\u00a0 \u00a0Bandage occlusif, adh\u00e9sif pour peaux normales \u2022\u00a0 \u00a0Fixation de\u00a0 compresses, drains et tubes \u2022\u00a0 \u00a0Perm\u00e9able \u00e0 l\u2019air \u2022\u00a0 \u00a0Se d\u00e9chire facilement \u2022\u00a0 \u00a0Dimensions : 4 M x 18 cm","rel":"","context":"Article similaire","block_context":{"text":"Article similaire","link":""},"img":{"alt_text":"","src":"https:\/\/i0.wp.com\/docmarket-dz.com\/wp-content\/uploads\/2022\/12\/SPARADRAP-PERFORE-4MX18CM-e1680775254474.jpg?fit=660%2C600&ssl=1&resize=350%2C200","width":350,"height":200,"srcset":"https:\/\/i0.wp.com\/docmarket-dz.com\/wp-content\/uploads\/2022\/12\/SPARADRAP-PERFORE-4MX18CM-e1680775254474.jpg?fit=660%2C600&ssl=1&resize=350%2C200 1x, https:\/\/i0.wp.com\/docmarket-dz.com\/wp-content\/uploads\/2022\/12\/SPARADRAP-PERFORE-4MX18CM-e1680775254474.jpg?fit=660%2C600&ssl=1&resize=525%2C300 1.5x"},"classes":[]}],"jetpack_sharing_enabled":true,"tiered_pricing_type":"fixed","tiered_pricing_fixed_rules":[],"tiered_pricing_product_settings":{"layout":"default","base_unit_name":{"singular":null,"plural":null},"default_variation":null},"tiered_pricing_minimum_quantity":null,"tiered_pricing_roles_data":[],"tiered_pricing_percentage_rules":[],"_links":{"self":[{"href":"https:\/\/docmarket-dz.com\/index.php\/wp-json\/wp\/v2\/product\/26190","targetHints":{"allow":["GET"]}}],"collection":[{"href":"https:\/\/docmarket-dz.com\/index.php\/wp-json\/wp\/v2\/product"}],"about":[{"href":"https:\/\/docmarket-dz.com\/index.php\/wp-json\/wp\/v2\/types\/product"}],"replies":[{"embeddable":true,"href":"https:\/\/docmarket-dz.com\/index.php\/wp-json\/wp\/v2\/comments?post=26190"}],"wp:attachment":[{"href":"https:\/\/docmarket-dz.com\/index.php\/wp-json\/wp\/v2\/media?parent=26190"}],"wp:term":[{"taxonomy":"product_brand","embeddable":true,"href":"https:\/\/docmarket-dz.com\/index.php\/wp-json\/wp\/v2\/product_brand?post=26190"},{"taxonomy":"product_cat","embeddable":true,"href":"https:\/\/docmarket-dz.com\/index.php\/wp-json\/wp\/v2\/product_cat?post=26190"},{"taxonomy":"product_tag","embeddable":true,"href":"https:\/\/docmarket-dz.com\/index.php\/wp-json\/wp\/v2\/product_tag?post=26190"}],"curies":[{"name":"wp","href":"https:\/\/api.w.org\/{rel}","templated":true}]}}