{"id":26225,"date":"2023-03-12T08:30:25","date_gmt":"2023-03-12T07:30:25","guid":{"rendered":"https:\/\/docmarket-dz.com\/?post_type=product&#038;p=26225"},"modified":"2023-08-09T14:05:55","modified_gmt":"2023-08-09T13:05:55","slug":"minuterie-labo-minuterie-numerique-mono-chanel-multi-usage-60s-alarme-sonore-avec-fonction-de-comte","status":"publish","type":"product","link":"https:\/\/docmarket-dz.com\/index.php\/product\/minuterie-labo-minuterie-numerique-mono-chanel-multi-usage-60s-alarme-sonore-avec-fonction-de-comte\/","title":{"rendered":"MINUTERIE LABO (Minuterie numerique mono chanel multi usage 60s alarme sonore avec fonction de comte)"},"content":{"rendered":"","protected":false},"excerpt":{"rendered":"","protected":false},"featured_media":0,"comment_status":"open","ping_status":"closed","template":"","meta":{"content-type":"","om_disable_all_campaigns":false,"_uf_show_specific_survey":0,"_uf_disable_surveys":false,"jetpack_publicize_message":"","jetpack_publicize_feature_enabled":true,"jetpack_social_post_already_shared":false,"jetpack_social_options":{"image_generator_settings":{"template":"highway","default_image_id":0,"font":"","enabled":false},"version":2}},"product_brand":[],"product_cat":[486],"product_tag":[],"class_list":{"0":"post-26225","1":"product","2":"type-product","3":"status-publish","5":"product_cat-laboratoire","7":"first","8":"onbackorder","9":"taxable","10":"shipping-taxable","11":"purchasable","12":"product-type-simple"},"supplier_id":null,"supplier_sku":"","barcode":null,"atum_controlled":true,"out_stock_date":null,"out_stock_threshold":null,"inheritable":false,"inbound_stock":0,"stock_on_hold":0,"sold_today":0,"sales_last_days":0,"reserved_stock":0,"customer_returns":0,"warehouse_damage":0,"lost_in_post":0,"other_logs":0,"out_stock_days":0,"lost_sales":0,"has_location":false,"update_date":"2026-04-10T00:05:01","atum_locations":[],"atum_stock_status":"onbackorder","restock_status":false,"low_stock_amount":"","sales_update_date":"2026-04-10T00:05:01","calc_backorders":null,"aioseo_notices":[],"jetpack_publicize_connections":[],"jetpack-related-posts":[{"id":26512,"url":"https:\/\/docmarket-dz.com\/index.php\/product\/camphor-mono-chlorophenol-pd\/","url_meta":{"origin":26225,"position":0},"title":"CAMPHOR MONO-CHLOROPHENOL PD","author":"falek.h","date":"17\/03\/2023","format":false,"excerpt":"Le Camphor Mono-Chlorophenol, \u00e9galement connu sous le nom de CMCP, est un d\u00e9sinfectant actif pour le traitement des canaux radiculaires infect\u00e9s et des infections p\u00e9riapicales. D\u00e9sinfection apr\u00e8s pulpectomie et pansement pulpaire Traitement de l'inflammation post-traumatique D\u00e9sinfection du canal radiculaire","rel":"","context":"Article similaire","block_context":{"text":"Article similaire","link":""},"img":{"alt_text":"","src":"https:\/\/i0.wp.com\/docmarket-dz.com\/wp-content\/uploads\/2023\/03\/CAMPHOR-MONO-CHLOROPHENOL-PD.jpg?fit=600%2C598&ssl=1&resize=350%2C200","width":350,"height":200,"srcset":"https:\/\/i0.wp.com\/docmarket-dz.com\/wp-content\/uploads\/2023\/03\/CAMPHOR-MONO-CHLOROPHENOL-PD.jpg?fit=600%2C598&ssl=1&resize=350%2C200 1x, https:\/\/i0.wp.com\/docmarket-dz.com\/wp-content\/uploads\/2023\/03\/CAMPHOR-MONO-CHLOROPHENOL-PD.jpg?fit=600%2C598&ssl=1&resize=525%2C300 1.5x"},"classes":[]},{"id":25336,"url":"https:\/\/docmarket-dz.com\/index.php\/product\/thermometre-infra-rouge-auriculaire-frontal-swing-med\/","url_meta":{"origin":26225,"position":1},"title":"THERMOMETRE INFRA ROUGE AURICULAIRE \/ FRONTAL SWING MED","author":"falek.h","date":"03\/03\/2023","format":false,"excerpt":"Deux fonctions ensemble: temp\u00e9rature de la t\u00eate et temp\u00e9rature de l'oreille; Lecture rapide en 1 seconde 9 s\u00e9ries de mesures Rappel sonore Mesure Sanns Contact (Non touchant) Convient aux adultes et aux nourrissons Arr\u00eat automatique: 30 secondes sans op\u00e9ration. \u00c9cran r\u00e9tro-\u00e9clair\u00e9 avec 3 couleurs: vert, orange, rouge","rel":"","context":"Article similaire","block_context":{"text":"Article similaire","link":""},"img":{"alt_text":"","src":"https:\/\/i0.wp.com\/docmarket-dz.com\/wp-content\/uploads\/2023\/03\/THERMOMETRE-INFRA-ROUGE-AURICULAIRE-FRONTAL-SWING-MED-PhotoRoom.png-PhotoRoom.png?fit=526%2C509&ssl=1&resize=350%2C200","width":350,"height":200,"srcset":"https:\/\/i0.wp.com\/docmarket-dz.com\/wp-content\/uploads\/2023\/03\/THERMOMETRE-INFRA-ROUGE-AURICULAIRE-FRONTAL-SWING-MED-PhotoRoom.png-PhotoRoom.png?fit=526%2C509&ssl=1&resize=350%2C200 1x, https:\/\/i0.wp.com\/docmarket-dz.com\/wp-content\/uploads\/2023\/03\/THERMOMETRE-INFRA-ROUGE-AURICULAIRE-FRONTAL-SWING-MED-PhotoRoom.png-PhotoRoom.png?fit=526%2C509&ssl=1&resize=525%2C300 1.5x"},"classes":[]},{"id":29458,"url":"https:\/\/docmarket-dz.com\/index.php\/product\/sparadrap-multi-extensible\/","url_meta":{"origin":26225,"position":2},"title":"Sparadrap Multi-extensible","author":"Sofiane Arbouche","date":"02\/10\/2024","format":false,"excerpt":"","rel":"","context":"Article similaire","block_context":{"text":"Article similaire","link":""},"img":{"alt_text":"","src":"https:\/\/i0.wp.com\/docmarket-dz.com\/wp-content\/uploads\/2024\/10\/Sans-titre-14.png?fit=525%2C525&ssl=1&resize=350%2C200","width":350,"height":200,"srcset":"https:\/\/i0.wp.com\/docmarket-dz.com\/wp-content\/uploads\/2024\/10\/Sans-titre-14.png?fit=525%2C525&ssl=1&resize=350%2C200 1x, https:\/\/i0.wp.com\/docmarket-dz.com\/wp-content\/uploads\/2024\/10\/Sans-titre-14.png?fit=525%2C525&ssl=1&resize=525%2C300 1.5x"},"classes":[]},{"id":27869,"url":"https:\/\/docmarket-dz.com\/index.php\/product\/terling-pesr-personne-body-fat-analyser-tbf-0107\/","url_meta":{"origin":26225,"position":3},"title":"Balance &#8211; imp\u00e9dancem\u00e9tre &#8211; PESE PERSONNE -TBF 0107 -TERLING SWITZERLAND","author":"fatmazohra.nasri","date":"25\/11\/2023","format":false,"excerpt":"Design \u00e9l\u00e9gant 8 m\u00e9moires utilisateur Technologie SENSE ON \u00c9cran LCD num\u00e9rique Unit\u00e9 de mesure:\u00a0 Kilogramme, Pierre, Livre Plage de mesure:\u00a0 5 kg \u00e0 180 kg Environnement de stockage:\u00a0 Temp\u00e9rature : -20 \u00b0C \u00e0 60 \u00b0C, Humidit\u00e9 relative : \u2264 90% HR Source d'alimentation:\u00a0 4,5V (Trois piles de taille AAA) M\u00e9thode\u2026","rel":"","context":"Article similaire","block_context":{"text":"Article similaire","link":""},"img":{"alt_text":"","src":"","width":0,"height":0},"classes":[]},{"id":24497,"url":"https:\/\/docmarket-dz.com\/index.php\/product\/violet-de-gentiane-60-ml\/","url_meta":{"origin":26225,"position":4},"title":"Violet de gentiane 60 ml","author":"falek.h","date":"26\/12\/2022","format":false,"excerpt":"","rel":"","context":"Article similaire","block_context":{"text":"Article similaire","link":""},"img":{"alt_text":"","src":"https:\/\/i0.wp.com\/docmarket-dz.com\/wp-content\/uploads\/2022\/12\/PhotoRoom-20221226_142316-e1672053925818.jpg?fit=600%2C543&ssl=1&resize=350%2C200","width":350,"height":200,"srcset":"https:\/\/i0.wp.com\/docmarket-dz.com\/wp-content\/uploads\/2022\/12\/PhotoRoom-20221226_142316-e1672053925818.jpg?fit=600%2C543&ssl=1&resize=350%2C200 1x, https:\/\/i0.wp.com\/docmarket-dz.com\/wp-content\/uploads\/2022\/12\/PhotoRoom-20221226_142316-e1672053925818.jpg?fit=600%2C543&ssl=1&resize=525%2C300 1.5x"},"classes":[]},{"id":25372,"url":"https:\/\/docmarket-dz.com\/index.php\/product\/cable-patient-pour-ecg-delda-1-3-60-plus\/","url_meta":{"origin":26225,"position":5},"title":"CABLE PATIENT POUR ECG DELTA 1\/3\/60 PLUS","author":"falek.h","date":"12\/03\/2023","format":false,"excerpt":"CABLE PATIENT POUR ECG DELDA 1\/3\/60 PLUS","rel":"","context":"Article similaire","block_context":{"text":"Article similaire","link":""},"img":{"alt_text":"","src":"https:\/\/i0.wp.com\/docmarket-dz.com\/wp-content\/uploads\/2023\/03\/CABLE-PATIENT-POUR-ECG-DELTA-1-3-60-PLUS-e1680780242337.webp?fit=569%2C600&ssl=1&resize=350%2C200","width":350,"height":200,"srcset":"https:\/\/i0.wp.com\/docmarket-dz.com\/wp-content\/uploads\/2023\/03\/CABLE-PATIENT-POUR-ECG-DELTA-1-3-60-PLUS-e1680780242337.webp?fit=569%2C600&ssl=1&resize=350%2C200 1x, https:\/\/i0.wp.com\/docmarket-dz.com\/wp-content\/uploads\/2023\/03\/CABLE-PATIENT-POUR-ECG-DELTA-1-3-60-PLUS-e1680780242337.webp?fit=569%2C600&ssl=1&resize=525%2C300 1.5x"},"classes":[]}],"jetpack_sharing_enabled":true,"tiered_pricing_type":"fixed","tiered_pricing_fixed_rules":[],"tiered_pricing_product_settings":{"layout":"default","base_unit_name":{"singular":null,"plural":null},"default_variation":null},"tiered_pricing_minimum_quantity":null,"tiered_pricing_roles_data":[],"tiered_pricing_percentage_rules":[],"_links":{"self":[{"href":"https:\/\/docmarket-dz.com\/index.php\/wp-json\/wp\/v2\/product\/26225","targetHints":{"allow":["GET"]}}],"collection":[{"href":"https:\/\/docmarket-dz.com\/index.php\/wp-json\/wp\/v2\/product"}],"about":[{"href":"https:\/\/docmarket-dz.com\/index.php\/wp-json\/wp\/v2\/types\/product"}],"replies":[{"embeddable":true,"href":"https:\/\/docmarket-dz.com\/index.php\/wp-json\/wp\/v2\/comments?post=26225"}],"wp:attachment":[{"href":"https:\/\/docmarket-dz.com\/index.php\/wp-json\/wp\/v2\/media?parent=26225"}],"wp:term":[{"taxonomy":"product_brand","embeddable":true,"href":"https:\/\/docmarket-dz.com\/index.php\/wp-json\/wp\/v2\/product_brand?post=26225"},{"taxonomy":"product_cat","embeddable":true,"href":"https:\/\/docmarket-dz.com\/index.php\/wp-json\/wp\/v2\/product_cat?post=26225"},{"taxonomy":"product_tag","embeddable":true,"href":"https:\/\/docmarket-dz.com\/index.php\/wp-json\/wp\/v2\/product_tag?post=26225"}],"curies":[{"name":"wp","href":"https:\/\/api.w.org\/{rel}","templated":true}]}}