{"id":26228,"date":"2023-03-12T08:30:26","date_gmt":"2023-03-12T07:30:26","guid":{"rendered":"https:\/\/docmarket-dz.com\/?post_type=product&#038;p=26228"},"modified":"2023-08-09T14:05:55","modified_gmt":"2023-08-09T13:05:55","slug":"perfuseur-complet-avec-tube-1-50ml-romed-2","status":"publish","type":"product","link":"https:\/\/docmarket-dz.com\/index.php\/product\/perfuseur-complet-avec-tube-1-50ml-romed-2\/","title":{"rendered":"PERFUSEUR COMPLET AVEC TUBE 1.50ML ROMED"},"content":{"rendered":"","protected":false},"excerpt":{"rendered":"","protected":false},"featured_media":0,"comment_status":"open","ping_status":"closed","template":"","meta":{"content-type":"","om_disable_all_campaigns":false,"_uf_show_specific_survey":0,"_uf_disable_surveys":false,"jetpack_publicize_message":"","jetpack_publicize_feature_enabled":true,"jetpack_social_post_already_shared":false,"jetpack_social_options":{"image_generator_settings":{"template":"highway","default_image_id":0,"font":"","enabled":false},"version":2}},"product_brand":[],"product_cat":[487],"product_tag":[],"class_list":{"0":"post-26228","1":"product","2":"type-product","3":"status-publish","5":"product_cat-medical","7":"first","8":"onbackorder","9":"taxable","10":"shipping-taxable","11":"purchasable","12":"product-type-simple"},"supplier_id":null,"supplier_sku":"","barcode":null,"atum_controlled":true,"out_stock_date":null,"out_stock_threshold":null,"inheritable":false,"inbound_stock":0,"stock_on_hold":0,"sold_today":0,"sales_last_days":0,"reserved_stock":0,"customer_returns":0,"warehouse_damage":0,"lost_in_post":0,"other_logs":0,"out_stock_days":0,"lost_sales":0,"has_location":false,"update_date":"2026-04-16T00:07:57","atum_locations":[],"atum_stock_status":"onbackorder","restock_status":false,"low_stock_amount":"","sales_update_date":"2026-04-16T00:07:57","calc_backorders":null,"aioseo_notices":[],"jetpack_publicize_connections":[],"jetpack-related-posts":[{"id":26227,"url":"https:\/\/docmarket-dz.com\/index.php\/product\/perfuseur-complet-avec-tube-1-50ml-cathwide-2\/","url_meta":{"origin":26228,"position":0},"title":"PERFUSEUR COMPLET AVEC TUBE 1.50ML CATHWIDE","author":"falek.h","date":"12\/03\/2023","format":false,"excerpt":"","rel":"","context":"Article similaire","block_context":{"text":"Article similaire","link":""},"img":{"alt_text":"","src":"","width":0,"height":0},"classes":[]},{"id":24577,"url":"https:\/\/docmarket-dz.com\/index.php\/product\/perfuseur-complet\/","url_meta":{"origin":26228,"position":1},"title":"Perfuseur complet","author":"falek.h","date":"06\/01\/2023","format":false,"excerpt":"","rel":"","context":"Article similaire","block_context":{"text":"Article similaire","link":""},"img":{"alt_text":"","src":"https:\/\/i0.wp.com\/docmarket-dz.com\/wp-content\/uploads\/2023\/01\/Perfuseur-complet-PhotoRoom-e1673006015840.jpg?fit=600%2C546&ssl=1&resize=350%2C200","width":350,"height":200,"srcset":"https:\/\/i0.wp.com\/docmarket-dz.com\/wp-content\/uploads\/2023\/01\/Perfuseur-complet-PhotoRoom-e1673006015840.jpg?fit=600%2C546&ssl=1&resize=350%2C200 1x, https:\/\/i0.wp.com\/docmarket-dz.com\/wp-content\/uploads\/2023\/01\/Perfuseur-complet-PhotoRoom-e1673006015840.jpg?fit=600%2C546&ssl=1&resize=525%2C300 1.5x"},"classes":[]},{"id":26226,"url":"https:\/\/docmarket-dz.com\/index.php\/product\/perfuseur-complet-1-5ml-avec-filtre-et-prise-dair-ultramed-2\/","url_meta":{"origin":26228,"position":2},"title":"PERFUSEUR COMPLET 1.5ML AVEC FILTRE ET PRISE D&#8217;AIR ULTRAMED","author":"falek.h","date":"12\/03\/2023","format":false,"excerpt":"","rel":"","context":"Article similaire","block_context":{"text":"Article similaire","link":""},"img":{"alt_text":"","src":"","width":0,"height":0},"classes":[]},{"id":26229,"url":"https:\/\/docmarket-dz.com\/index.php\/product\/perfuseur-imc-2\/","url_meta":{"origin":26228,"position":3},"title":"PERFUSEUR IMC","author":"falek.h","date":"12\/03\/2023","format":false,"excerpt":"","rel":"","context":"Article similaire","block_context":{"text":"Article similaire","link":""},"img":{"alt_text":"","src":"","width":0,"height":0},"classes":[]},{"id":28681,"url":"https:\/\/docmarket-dz.com\/index.php\/product\/tube-prp-10ml\/","url_meta":{"origin":26228,"position":4},"title":"Tube PRP 10ml","author":"s.arbouche","date":"24\/03\/2024","format":false,"excerpt":"Con\u00e7u pour la pr\u00e9paration de plasma riche en plaquettes (PRP). Rev\u00eatement interne optimis\u00e9 pour une collecte efficace du PRP. Si votre centrifugeuse peut accueillir un tube PRP de 125 mm, un tube PRP de 120 mm est \u00e9galement compatible. Cependant, si votre centrifugeuse ne peut accepter qu\u2019un tube PRP de\u2026","rel":"","context":"Article similaire","block_context":{"text":"Article similaire","link":""},"img":{"alt_text":"","src":"https:\/\/i0.wp.com\/docmarket-dz.com\/wp-content\/uploads\/2024\/03\/s-l1600-Photoroom-1.jpg?fit=566%2C900&ssl=1&resize=350%2C200","width":350,"height":200,"srcset":"https:\/\/i0.wp.com\/docmarket-dz.com\/wp-content\/uploads\/2024\/03\/s-l1600-Photoroom-1.jpg?fit=566%2C900&ssl=1&resize=350%2C200 1x, https:\/\/i0.wp.com\/docmarket-dz.com\/wp-content\/uploads\/2024\/03\/s-l1600-Photoroom-1.jpg?fit=566%2C900&ssl=1&resize=525%2C300 1.5x"},"classes":[]},{"id":26397,"url":"https:\/\/docmarket-dz.com\/index.php\/product\/tube-avec-gel-j\/","url_meta":{"origin":26228,"position":5},"title":"TUBE AVEC GEL (J)","author":"falek.h","date":"12\/03\/2023","format":false,"excerpt":"","rel":"","context":"Article similaire","block_context":{"text":"Article similaire","link":""},"img":{"alt_text":"","src":"","width":0,"height":0},"classes":[]}],"jetpack_sharing_enabled":true,"tiered_pricing_type":"fixed","tiered_pricing_fixed_rules":[],"tiered_pricing_product_settings":{"layout":"default","base_unit_name":{"singular":null,"plural":null},"default_variation":null},"tiered_pricing_minimum_quantity":null,"tiered_pricing_roles_data":[],"tiered_pricing_percentage_rules":[],"_links":{"self":[{"href":"https:\/\/docmarket-dz.com\/index.php\/wp-json\/wp\/v2\/product\/26228","targetHints":{"allow":["GET"]}}],"collection":[{"href":"https:\/\/docmarket-dz.com\/index.php\/wp-json\/wp\/v2\/product"}],"about":[{"href":"https:\/\/docmarket-dz.com\/index.php\/wp-json\/wp\/v2\/types\/product"}],"replies":[{"embeddable":true,"href":"https:\/\/docmarket-dz.com\/index.php\/wp-json\/wp\/v2\/comments?post=26228"}],"wp:attachment":[{"href":"https:\/\/docmarket-dz.com\/index.php\/wp-json\/wp\/v2\/media?parent=26228"}],"wp:term":[{"taxonomy":"product_brand","embeddable":true,"href":"https:\/\/docmarket-dz.com\/index.php\/wp-json\/wp\/v2\/product_brand?post=26228"},{"taxonomy":"product_cat","embeddable":true,"href":"https:\/\/docmarket-dz.com\/index.php\/wp-json\/wp\/v2\/product_cat?post=26228"},{"taxonomy":"product_tag","embeddable":true,"href":"https:\/\/docmarket-dz.com\/index.php\/wp-json\/wp\/v2\/product_tag?post=26228"}],"curies":[{"name":"wp","href":"https:\/\/api.w.org\/{rel}","templated":true}]}}