{"id":26248,"date":"2023-03-12T08:30:37","date_gmt":"2023-03-12T07:30:37","guid":{"rendered":"https:\/\/docmarket-dz.com\/?post_type=product&#038;p=26248"},"modified":"2023-08-09T14:05:23","modified_gmt":"2023-08-09T13:05:23","slug":"pulverisateur-de-sterilisation-8l-2","status":"publish","type":"product","link":"https:\/\/docmarket-dz.com\/index.php\/product\/pulverisateur-de-sterilisation-8l-2\/","title":{"rendered":"PULVERISATEUR DE STERILISATION 8L"},"content":{"rendered":"","protected":false},"excerpt":{"rendered":"","protected":false},"featured_media":0,"comment_status":"open","ping_status":"closed","template":"","meta":{"content-type":"","om_disable_all_campaigns":false,"_uf_show_specific_survey":0,"_uf_disable_surveys":false,"jetpack_publicize_message":"","jetpack_publicize_feature_enabled":true,"jetpack_social_post_already_shared":false,"jetpack_social_options":{"image_generator_settings":{"template":"highway","default_image_id":0,"font":"","enabled":false},"version":2}},"product_brand":[],"product_cat":[487],"product_tag":[],"class_list":{"0":"post-26248","1":"product","2":"type-product","3":"status-publish","5":"product_cat-medical","7":"first","8":"onbackorder","9":"taxable","10":"shipping-taxable","11":"purchasable","12":"product-type-simple"},"supplier_id":null,"supplier_sku":"","barcode":null,"atum_controlled":true,"out_stock_date":null,"out_stock_threshold":null,"inheritable":false,"inbound_stock":0,"stock_on_hold":0,"sold_today":0,"sales_last_days":0,"reserved_stock":0,"customer_returns":0,"warehouse_damage":0,"lost_in_post":0,"other_logs":0,"out_stock_days":0,"lost_sales":0,"has_location":false,"update_date":"2026-04-18T00:08:07","atum_locations":[],"atum_stock_status":"onbackorder","restock_status":false,"low_stock_amount":"","sales_update_date":"2026-04-18T00:08:07","calc_backorders":null,"aioseo_notices":[],"jetpack_publicize_connections":[],"jetpack-related-posts":[{"id":26247,"url":"https:\/\/docmarket-dz.com\/index.php\/product\/pulverisateur-de-sterilisation-16l-2\/","url_meta":{"origin":26248,"position":0},"title":"PULVERISATEUR DE STERILISATION 16L","author":"falek.h","date":"12\/03\/2023","format":false,"excerpt":"","rel":"","context":"Article similaire","block_context":{"text":"Article similaire","link":""},"img":{"alt_text":"","src":"","width":0,"height":0},"classes":[]},{"id":25243,"url":"https:\/\/docmarket-dz.com\/index.php\/product\/gaine-de-sterilisation\/","url_meta":{"origin":26248,"position":1},"title":"GAINE DE STERILISATION","author":"falek.h","date":"26\/02\/2023","format":false,"excerpt":"","rel":"","context":"Article similaire","block_context":{"text":"Article similaire","link":""},"img":{"alt_text":"","src":"https:\/\/i0.wp.com\/docmarket-dz.com\/wp-content\/uploads\/2023\/02\/gaine-de-sterilisation-plate-100mm-x-200m-promotal_300_300-153827.jpg?fit=300%2C300&ssl=1&resize=350%2C200","width":350,"height":200},"classes":[]},{"id":26524,"url":"https:\/\/docmarket-dz.com\/index.php\/product\/casette-de-sterilisation-metalique-ar\/","url_meta":{"origin":26248,"position":2},"title":"CASETTE DE STERILISATION METALIQUE AR","author":"falek.h","date":"01\/01\/1970","format":false,"excerpt":"","rel":"","context":"Article similaire","block_context":{"text":"Article similaire","link":""},"img":{"alt_text":"","src":"","width":0,"height":0},"classes":[]},{"id":28496,"url":"https:\/\/docmarket-dz.com\/index.php\/product\/ciseaux-iridectomie-droit-115-cm\/","url_meta":{"origin":26248,"position":3},"title":"Ciseaux iridectomie droit 11.5 cm","author":"fatmazohra.nasri","date":"07\/02\/2024","format":false,"excerpt":"Les\u00a0ciseaux iridectomie droits 11.5 cm\u00a0sont des instruments m\u00e9dicaux et chirurgicaux de service g\u00e9n\u00e9ral pour les petits soins. Pr\u00e9cis gr\u00e2ce \u00e0 ses lames fines \u00e0 bouts pointues, il est compos\u00e9 d'inox d'excellente qualit\u00e9. Pr\u00e9caution d'emploi : - Tenir les instruments propres et d\u00e9sinfecter apr\u00e8s chaque utilisation. - A manipuler par des\u2026","rel":"","context":"Article similaire","block_context":{"text":"Article similaire","link":""},"img":{"alt_text":"","src":"https:\/\/i0.wp.com\/docmarket-dz.com\/wp-content\/uploads\/2024\/02\/CISEAUX-IRIDECTOMIE-DROITS-115-CM.jpg?fit=602%2C602&ssl=1&resize=350%2C200","width":350,"height":200,"srcset":"https:\/\/i0.wp.com\/docmarket-dz.com\/wp-content\/uploads\/2024\/02\/CISEAUX-IRIDECTOMIE-DROITS-115-CM.jpg?fit=602%2C602&ssl=1&resize=350%2C200 1x, https:\/\/i0.wp.com\/docmarket-dz.com\/wp-content\/uploads\/2024\/02\/CISEAUX-IRIDECTOMIE-DROITS-115-CM.jpg?fit=602%2C602&ssl=1&resize=525%2C300 1.5x"},"classes":[]},{"id":29938,"url":"https:\/\/docmarket-dz.com\/index.php\/product\/tambour-inox-200mm-x-200mm\/","url_meta":{"origin":26248,"position":4},"title":"TAMBOUR INOX 200mm X 200mm","author":"Sofiane Arbouche","date":"04\/03\/2025","format":false,"excerpt":"TAMBOUR INOX\u00a0 d'une dimension de 200mm * 200mm","rel":"","context":"Article similaire","block_context":{"text":"Article similaire","link":""},"img":{"alt_text":"","src":"https:\/\/i0.wp.com\/docmarket-dz.com\/wp-content\/uploads\/2022\/12\/TAMBOUR-INOX-290MM-X-145MM.jpg?fit=416%2C426&ssl=1&resize=350%2C200","width":350,"height":200},"classes":[]},{"id":30013,"url":"https:\/\/docmarket-dz.com\/index.php\/product\/aniospray-29-bouteille-1l\/","url_meta":{"origin":26248,"position":5},"title":"ANIOSPRAY 29 &#8211; Bouteille 1L","author":"Sofiane Arbouche","date":"15\/04\/2025","format":false,"excerpt":"\ud83e\uddf4 Aniospray Surf 29 \u2013 D\u00e9sinfectant de surface professionnel sans rin\u00e7age (1L ou 5L) Aniospray Surf 29 est un d\u00e9sinfectant de surface pr\u00eat \u00e0 l\u2019emploi, sp\u00e9cialement con\u00e7u pour la d\u00e9sinfection rapide du mat\u00e9riel m\u00e9dical et des surfaces en milieu m\u00e9dical, param\u00e9dical et laboratoire. Formul\u00e9 sans ald\u00e9hyde, il garantit une action\u2026","rel":"","context":"Article similaire","block_context":{"text":"Article similaire","link":""},"img":{"alt_text":"","src":"","width":0,"height":0},"classes":[]}],"jetpack_sharing_enabled":true,"tiered_pricing_type":"fixed","tiered_pricing_fixed_rules":[],"tiered_pricing_product_settings":{"layout":"default","base_unit_name":{"singular":null,"plural":null},"default_variation":null},"tiered_pricing_minimum_quantity":null,"tiered_pricing_roles_data":[],"tiered_pricing_percentage_rules":[],"_links":{"self":[{"href":"https:\/\/docmarket-dz.com\/index.php\/wp-json\/wp\/v2\/product\/26248","targetHints":{"allow":["GET"]}}],"collection":[{"href":"https:\/\/docmarket-dz.com\/index.php\/wp-json\/wp\/v2\/product"}],"about":[{"href":"https:\/\/docmarket-dz.com\/index.php\/wp-json\/wp\/v2\/types\/product"}],"replies":[{"embeddable":true,"href":"https:\/\/docmarket-dz.com\/index.php\/wp-json\/wp\/v2\/comments?post=26248"}],"wp:attachment":[{"href":"https:\/\/docmarket-dz.com\/index.php\/wp-json\/wp\/v2\/media?parent=26248"}],"wp:term":[{"taxonomy":"product_brand","embeddable":true,"href":"https:\/\/docmarket-dz.com\/index.php\/wp-json\/wp\/v2\/product_brand?post=26248"},{"taxonomy":"product_cat","embeddable":true,"href":"https:\/\/docmarket-dz.com\/index.php\/wp-json\/wp\/v2\/product_cat?post=26248"},{"taxonomy":"product_tag","embeddable":true,"href":"https:\/\/docmarket-dz.com\/index.php\/wp-json\/wp\/v2\/product_tag?post=26248"}],"curies":[{"name":"wp","href":"https:\/\/api.w.org\/{rel}","templated":true}]}}