{"id":26334,"date":"2023-03-12T08:52:29","date_gmt":"2023-03-12T07:52:29","guid":{"rendered":"https:\/\/docmarket-dz.com\/?post_type=product&#038;p=26334"},"modified":"2023-08-09T14:01:56","modified_gmt":"2023-08-09T13:01:56","slug":"table-de-consultation-chrome","status":"publish","type":"product","link":"https:\/\/docmarket-dz.com\/index.php\/product\/table-de-consultation-chrome\/","title":{"rendered":"TABLE DE CONSULTATION CHROME"},"content":{"rendered":"","protected":false},"excerpt":{"rendered":"","protected":false},"featured_media":0,"comment_status":"open","ping_status":"closed","template":"","meta":{"content-type":"","om_disable_all_campaigns":false,"_uf_show_specific_survey":0,"_uf_disable_surveys":false,"jetpack_publicize_message":"","jetpack_publicize_feature_enabled":true,"jetpack_social_post_already_shared":false,"jetpack_social_options":{"image_generator_settings":{"template":"highway","default_image_id":0,"font":"","enabled":false},"version":2}},"product_brand":[],"product_cat":[487],"product_tag":[],"class_list":{"0":"post-26334","1":"product","2":"type-product","3":"status-publish","5":"product_cat-medical","7":"first","8":"onbackorder","9":"taxable","10":"shipping-taxable","11":"purchasable","12":"product-type-simple"},"supplier_id":null,"supplier_sku":"","barcode":null,"atum_controlled":true,"out_stock_date":null,"out_stock_threshold":null,"inheritable":false,"inbound_stock":0,"stock_on_hold":0,"sold_today":0,"sales_last_days":0,"reserved_stock":0,"customer_returns":0,"warehouse_damage":0,"lost_in_post":0,"other_logs":0,"out_stock_days":0,"lost_sales":0,"has_location":false,"update_date":"2026-04-16T00:08:00","atum_locations":[],"atum_stock_status":"onbackorder","restock_status":false,"low_stock_amount":"","sales_update_date":"2026-04-16T00:08:00","calc_backorders":null,"aioseo_notices":[],"jetpack_publicize_connections":[],"jetpack-related-posts":[{"id":25415,"url":"https:\/\/docmarket-dz.com\/index.php\/product\/escabeau-a-02-marches-chrome\/","url_meta":{"origin":26334,"position":0},"title":"ESCABEAU A 02 MARCHES CHROME","author":"falek.h","date":"12\/03\/2023","format":false,"excerpt":"","rel":"","context":"Article similaire","block_context":{"text":"Article similaire","link":""},"img":{"alt_text":"","src":"","width":0,"height":0},"classes":[]},{"id":30179,"url":"https:\/\/docmarket-dz.com\/index.php\/product\/drap-de-consultation-bleu-non-tisse-80-cm-x-80-metre\/","url_meta":{"origin":26334,"position":1},"title":"Drap de consultation bleu non tisse  80 CM x 80 metre","author":"Sofiane Arbouche","date":"21\/06\/2025","format":false,"excerpt":"Caract\u00e9ristiques principales : Dimensions : 80 cm de largeur sur 80 m\u00e8tres de longueur, adapt\u00e9 aux tables d'examen standard. Mat\u00e9riau : non tiss\u00e9, offrant une bonne r\u00e9sistance et un confort pour le patient. Couleur : bleu, souvent utilis\u00e9e dans les environnements m\u00e9dicaux pour son aspect professionnel et apaisant. Utilisation :\u2026","rel":"","context":"Article similaire","block_context":{"text":"Article similaire","link":""},"img":{"alt_text":"","src":"","width":0,"height":0},"classes":[]},{"id":30036,"url":"https:\/\/docmarket-dz.com\/index.php\/product\/drap-de-consultation-bleu-non-tisse-80-cm-x-40-metre\/","url_meta":{"origin":26334,"position":2},"title":"Drap de consultation bleu non tisse  80 CM x 40 metre","author":"Sofiane Arbouche","date":"18\/04\/2025","format":false,"excerpt":"Caract\u00e9ristiques principales : Dimensions : 80 cm de largeur sur 40 m\u00e8tres de longueur, adapt\u00e9 aux tables d'examen standard. Mat\u00e9riau : non tiss\u00e9, offrant une bonne r\u00e9sistance et un confort pour le patient. Couleur : bleu, souvent utilis\u00e9e dans les environnements m\u00e9dicaux pour son aspect professionnel et apaisant. Utilisation :\u2026","rel":"","context":"Article similaire","block_context":{"text":"Article similaire","link":""},"img":{"alt_text":"","src":"","width":0,"height":0},"classes":[]},{"id":27931,"url":"https:\/\/docmarket-dz.com\/index.php\/product\/table-assistant-muet-table-de-mayo-sur-roues\/","url_meta":{"origin":26334,"position":3},"title":"TABLE ASSISTANT MUET -TABLE DE MAYO SUR ROUES","author":"fatmazohra.nasri","date":"27\/11\/2023","format":false,"excerpt":"","rel":"","context":"Article similaire","block_context":{"text":"Article similaire","link":""},"img":{"alt_text":"","src":"","width":0,"height":0},"classes":[]},{"id":30767,"url":"https:\/\/docmarket-dz.com\/index.php\/product\/drap-de-consultation-blanc-tnt-50cm40m-nht\/","url_meta":{"origin":26334,"position":4},"title":"Drap de consultation blanc TNT 50CM*40M (NHT)","author":"Amel","date":"25\/03\/2026","format":false,"excerpt":"","rel":"","context":"Article similaire","block_context":{"text":"Article similaire","link":""},"img":{"alt_text":"","src":"","width":0,"height":0},"classes":[]},{"id":25453,"url":"https:\/\/docmarket-dz.com\/index.php\/product\/table-dexamen\/","url_meta":{"origin":26334,"position":5},"title":"TABLE D&#8217;EXAMEN","author":"falek.h","date":"12\/03\/2023","format":false,"excerpt":"","rel":"","context":"Article similaire","block_context":{"text":"Article similaire","link":""},"img":{"alt_text":"","src":"","width":0,"height":0},"classes":[]}],"jetpack_sharing_enabled":true,"tiered_pricing_type":"fixed","tiered_pricing_fixed_rules":[],"tiered_pricing_product_settings":{"layout":"default","base_unit_name":{"singular":null,"plural":null},"default_variation":null},"tiered_pricing_minimum_quantity":null,"tiered_pricing_roles_data":[],"tiered_pricing_percentage_rules":[],"_links":{"self":[{"href":"https:\/\/docmarket-dz.com\/index.php\/wp-json\/wp\/v2\/product\/26334","targetHints":{"allow":["GET"]}}],"collection":[{"href":"https:\/\/docmarket-dz.com\/index.php\/wp-json\/wp\/v2\/product"}],"about":[{"href":"https:\/\/docmarket-dz.com\/index.php\/wp-json\/wp\/v2\/types\/product"}],"replies":[{"embeddable":true,"href":"https:\/\/docmarket-dz.com\/index.php\/wp-json\/wp\/v2\/comments?post=26334"}],"wp:attachment":[{"href":"https:\/\/docmarket-dz.com\/index.php\/wp-json\/wp\/v2\/media?parent=26334"}],"wp:term":[{"taxonomy":"product_brand","embeddable":true,"href":"https:\/\/docmarket-dz.com\/index.php\/wp-json\/wp\/v2\/product_brand?post=26334"},{"taxonomy":"product_cat","embeddable":true,"href":"https:\/\/docmarket-dz.com\/index.php\/wp-json\/wp\/v2\/product_cat?post=26334"},{"taxonomy":"product_tag","embeddable":true,"href":"https:\/\/docmarket-dz.com\/index.php\/wp-json\/wp\/v2\/product_tag?post=26334"}],"curies":[{"name":"wp","href":"https:\/\/api.w.org\/{rel}","templated":true}]}}