{"id":26404,"date":"2023-03-12T10:10:05","date_gmt":"2023-03-12T09:10:05","guid":{"rendered":"https:\/\/docmarket-dz.com\/?post_type=product&#038;p=26404"},"modified":"2025-04-17T12:10:50","modified_gmt":"2025-04-17T11:10:50","slug":"tube-vacu-sec-improve-r","status":"publish","type":"product","link":"https:\/\/docmarket-dz.com\/index.php\/product\/tube-vacu-sec-improve-r\/","title":{"rendered":"TUBE VACU SEC &#8211; Draina"},"content":{"rendered":"","protected":false},"excerpt":{"rendered":"","protected":false},"featured_media":26867,"comment_status":"open","ping_status":"closed","template":"","meta":{"content-type":"","om_disable_all_campaigns":false,"_uf_show_specific_survey":0,"_uf_disable_surveys":false,"jetpack_publicize_message":"","jetpack_publicize_feature_enabled":true,"jetpack_social_post_already_shared":false,"jetpack_social_options":{"image_generator_settings":{"template":"highway","default_image_id":0,"font":"","enabled":false},"version":2}},"product_brand":[],"product_cat":[486,487],"product_tag":[],"class_list":{"0":"post-26404","1":"product","2":"type-product","3":"status-publish","4":"has-post-thumbnail","6":"product_cat-laboratoire","7":"product_cat-medical","9":"first","10":"instock","11":"taxable","12":"shipping-taxable","13":"purchasable","14":"product-type-simple"},"supplier_id":null,"supplier_sku":"","barcode":null,"atum_controlled":true,"out_stock_date":null,"out_stock_threshold":null,"inheritable":false,"inbound_stock":0,"stock_on_hold":0,"sold_today":0,"sales_last_days":0,"reserved_stock":0,"customer_returns":0,"warehouse_damage":0,"lost_in_post":0,"other_logs":0,"out_stock_days":0,"lost_sales":0,"has_location":true,"update_date":"2026-04-16T00:08:11","atum_locations":[{"id":917,"name":"B2","slug":"b2"}],"atum_stock_status":"instock","restock_status":false,"low_stock_amount":"","sales_update_date":"2026-04-16T00:08:11","calc_backorders":0,"aioseo_notices":[],"jetpack_publicize_connections":[],"jetpack-related-posts":[{"id":26401,"url":"https:\/\/docmarket-dz.com\/index.php\/product\/tube-vacu-citrate-improve-b\/","url_meta":{"origin":26404,"position":0},"title":"TUBE VACU CITRATE (B)","author":"falek.h","date":"12\/03\/2023","format":false,"excerpt":"","rel":"","context":"Article similaire","block_context":{"text":"Article similaire","link":""},"img":{"alt_text":"","src":"","width":0,"height":0},"classes":[]},{"id":26402,"url":"https:\/\/docmarket-dz.com\/index.php\/product\/tube-vacu-edta-k3-improve-m\/","url_meta":{"origin":26404,"position":1},"title":"TUBE VACU EDTA K3  (M)","author":"falek.h","date":"12\/03\/2023","format":false,"excerpt":"","rel":"","context":"Article similaire","block_context":{"text":"Article similaire","link":""},"img":{"alt_text":"","src":"https:\/\/i0.wp.com\/docmarket-dz.com\/wp-content\/uploads\/2023\/03\/TUBE-VACU-EDTA-K3-IMPROVE-M.webp?fit=500%2C500&ssl=1&resize=350%2C200","width":350,"height":200},"classes":[]},{"id":26403,"url":"https:\/\/docmarket-dz.com\/index.php\/product\/tube-vacu-heparine-improve-v\/","url_meta":{"origin":26404,"position":2},"title":"TUBE VACU HEPARINE IMPROVE (V)","author":"falek.h","date":"12\/03\/2023","format":false,"excerpt":"","rel":"","context":"Article similaire","block_context":{"text":"Article similaire","link":""},"img":{"alt_text":"","src":"https:\/\/i0.wp.com\/docmarket-dz.com\/wp-content\/uploads\/2023\/03\/TUBE-VACU-HEPARINE-IMPROVE-V-e1680436983643.jpg?fit=600%2C600&ssl=1&resize=350%2C200","width":350,"height":200,"srcset":"https:\/\/i0.wp.com\/docmarket-dz.com\/wp-content\/uploads\/2023\/03\/TUBE-VACU-HEPARINE-IMPROVE-V-e1680436983643.jpg?fit=600%2C600&ssl=1&resize=350%2C200 1x, https:\/\/i0.wp.com\/docmarket-dz.com\/wp-content\/uploads\/2023\/03\/TUBE-VACU-HEPARINE-IMPROVE-V-e1680436983643.jpg?fit=600%2C600&ssl=1&resize=525%2C300 1.5x"},"classes":[]},{"id":26399,"url":"https:\/\/docmarket-dz.com\/index.php\/product\/tube-simple-heparine\/","url_meta":{"origin":26404,"position":3},"title":"TUBE VACU HEPARINE 4ML 13*75 MM ( VACURATE)(V)","author":"falek.h","date":"12\/03\/2023","format":false,"excerpt":"","rel":"","context":"Article similaire","block_context":{"text":"Article similaire","link":""},"img":{"alt_text":"","src":"","width":0,"height":0},"classes":[]},{"id":28737,"url":"https:\/\/docmarket-dz.com\/index.php\/product\/aerateur-transtympanique-shepard-drain-transtympanique-tube-t\/","url_meta":{"origin":26404,"position":4},"title":"A\u00e9rateur transtympanique \u201d Drain transtympanique \u201c TUBE T","author":"fatmazohra.nasri","date":"31\/03\/2024","format":false,"excerpt":"Les a\u00e9rateurs transtympaniques se placent \u00e0 travers la membrane tympanique et procurent une a\u00e9ration entre l\u2019oreille moyenne et le conduit auditif externe.Ce passage non obstru\u00e9 permet \u00e9galement le drainage des liquides, r\u00e9sultant de l\u2019otite moyenne aig\u00fce ou chronique. Par ailleurs, le placement chirurgical d\u2019un a\u00e9rateur transtympanique permet d\u2019\u00e9quilibrer les pressions\u2026","rel":"","context":"Article similaire","block_context":{"text":"Article similaire","link":""},"img":{"alt_text":"","src":"https:\/\/i0.wp.com\/docmarket-dz.com\/wp-content\/uploads\/2024\/03\/T-Tube.png?fit=647%2C601&ssl=1&resize=350%2C200","width":350,"height":200,"srcset":"https:\/\/i0.wp.com\/docmarket-dz.com\/wp-content\/uploads\/2024\/03\/T-Tube.png?fit=647%2C601&ssl=1&resize=350%2C200 1x, https:\/\/i0.wp.com\/docmarket-dz.com\/wp-content\/uploads\/2024\/03\/T-Tube.png?fit=647%2C601&ssl=1&resize=525%2C300 1.5x"},"classes":[]},{"id":28714,"url":"https:\/\/docmarket-dz.com\/index.php\/product\/aerateur-transtympanique-shepard\/","url_meta":{"origin":26404,"position":5},"title":"A\u00e9rateur transtympanique shepard &#8221; Drain transtympanique &#8220;","author":"fatmazohra.nasri","date":"27\/03\/2024","format":false,"excerpt":"(DESCRIPTION\/INDICATION D'UTILISATION) - Les tubes de ventilation sont indiqu\u00e9s pour la ventilation ou le drainage de l'oreille moyenne. - Un tube de tympanostomie est plac\u00e9 dans une incision (myringotomie) g\u00e9n\u00e9ralement r\u00e9alis\u00e9e dans le quadrant ant\u00e9rieur-sup\u00e9rieur du tympan. - But principal : ventiler l'oreille moyenne, facilitant le drainage des fluides vers\u2026","rel":"","context":"Article similaire","block_context":{"text":"Article similaire","link":""},"img":{"alt_text":"","src":"https:\/\/i0.wp.com\/docmarket-dz.com\/wp-content\/uploads\/2024\/03\/DRAIN.jpg?fit=960%2C720&ssl=1&resize=350%2C200","width":350,"height":200,"srcset":"https:\/\/i0.wp.com\/docmarket-dz.com\/wp-content\/uploads\/2024\/03\/DRAIN.jpg?fit=960%2C720&ssl=1&resize=350%2C200 1x, https:\/\/i0.wp.com\/docmarket-dz.com\/wp-content\/uploads\/2024\/03\/DRAIN.jpg?fit=960%2C720&ssl=1&resize=525%2C300 1.5x, https:\/\/i0.wp.com\/docmarket-dz.com\/wp-content\/uploads\/2024\/03\/DRAIN.jpg?fit=960%2C720&ssl=1&resize=700%2C400 2x"},"classes":[]}],"jetpack_sharing_enabled":true,"tiered_pricing_type":"fixed","tiered_pricing_fixed_rules":[],"tiered_pricing_product_settings":{"layout":"default","base_unit_name":{"singular":null,"plural":null},"default_variation":null},"tiered_pricing_minimum_quantity":null,"tiered_pricing_roles_data":[],"tiered_pricing_percentage_rules":[],"_links":{"self":[{"href":"https:\/\/docmarket-dz.com\/index.php\/wp-json\/wp\/v2\/product\/26404","targetHints":{"allow":["GET"]}}],"collection":[{"href":"https:\/\/docmarket-dz.com\/index.php\/wp-json\/wp\/v2\/product"}],"about":[{"href":"https:\/\/docmarket-dz.com\/index.php\/wp-json\/wp\/v2\/types\/product"}],"replies":[{"embeddable":true,"href":"https:\/\/docmarket-dz.com\/index.php\/wp-json\/wp\/v2\/comments?post=26404"}],"wp:featuredmedia":[{"embeddable":true,"href":"https:\/\/docmarket-dz.com\/index.php\/wp-json\/wp\/v2\/media\/26867"}],"wp:attachment":[{"href":"https:\/\/docmarket-dz.com\/index.php\/wp-json\/wp\/v2\/media?parent=26404"}],"wp:term":[{"taxonomy":"product_brand","embeddable":true,"href":"https:\/\/docmarket-dz.com\/index.php\/wp-json\/wp\/v2\/product_brand?post=26404"},{"taxonomy":"product_cat","embeddable":true,"href":"https:\/\/docmarket-dz.com\/index.php\/wp-json\/wp\/v2\/product_cat?post=26404"},{"taxonomy":"product_tag","embeddable":true,"href":"https:\/\/docmarket-dz.com\/index.php\/wp-json\/wp\/v2\/product_tag?post=26404"}],"curies":[{"name":"wp","href":"https:\/\/api.w.org\/{rel}","templated":true}]}}